{"id":82,"date":"2020-06-03T11:16:31","date_gmt":"2020-06-03T09:16:31","guid":{"rendered":"https:\/\/www2.biodermogenesi.com\/uk\/?page_id=82"},"modified":"2022-11-24T10:09:20","modified_gmt":"2022-11-24T09:09:20","slug":"legal-information","status":"publish","type":"page","link":"https:\/\/www.biodermogenesi.com\/tr\/legal-information\/","title":{"rendered":"Legal Information"},"content":{"rendered":"<p>[et_pb_section fb_built=&#8221;1&#8243; _builder_version=&#8221;4.4.7&#8243; da_is_popup=&#8221;off&#8221; da_exit_intent=&#8221;off&#8221; da_has_close=&#8221;on&#8221; da_alt_close=&#8221;off&#8221; da_dark_close=&#8221;off&#8221; da_not_modal=&#8221;on&#8221; da_is_singular=&#8221;off&#8221; da_with_loader=&#8221;off&#8221; da_has_shadow=&#8221;on&#8221; da_disable_devices=&#8221;off|off|off&#8221;][et_pb_row _builder_version=&#8221;4.4.7&#8243;][et_pb_column type=&#8221;4_4&#8243; _builder_version=&#8221;4.4.7&#8243;][et_pb_text _builder_version=&#8221;4.6.1&#8243; hover_enabled=&#8221;0&#8243; header_2_font=&#8221;|||on|||||&#8221; sticky_enabled=&#8221;0&#8243;]<\/p>\n<h2>BIODERMOGENESI\u00ae &#8211; \u00d6nemli Yasal Bilgiler<\/h2>\n<p>&nbsp;<\/p>\n<p><strong><em>Yasal bildirim, Kullan\u0131m Ko\u015fullar\u0131, Gizlilik Politikas\u0131 ve Sorumluluk Hari\u00e7 Tutma<\/em><\/strong><\/p>\n<p>BU WEB S\u0130TES\u0130N\u0130 Z\u0130YARET ETMEDEN \u00d6NCE A\u015eA\u011eIDAK\u0130 KULLANIM \u015eARTLARINI D\u0130KKATL\u0130CE OKUMANIZ GEREK\u0130R.<\/p>\n<p>Bu yasal uyar\u0131lar ve kullan\u0131m ko\u015fullar\u0131, Expo Italia Srl veya resmi distrib\u00fct\u00f6rleri taraf\u0131ndan y\u00f6netilen ve y\u00f6netilen \u00e7e\u015fitli web siteleri ve Sosyal profiller (bundan b\u00f6yle &#8220;Site&#8221; olarak an\u0131lacakt\u0131r) i\u00e7in ge\u00e7erlidir.<\/p>\n<p>Siteye eri\u015fim ve i\u00e7eri\u011finin kullan\u0131m\u0131, a\u015fa\u011f\u0131da listelenen kullan\u0131m ko\u015fullar\u0131n\u0131 tam olarak kabul etmenize ve bunlara uyman\u0131za ba\u011fl\u0131d\u0131r. Bu Siteye eri\u015ferek ve \/ veya ziyaret ederek, bu \u015fartlardan kaynaklanan, mevcut veya gelecekteki de\u011fi\u015fikliklerle, gizlilik politikam\u0131zla ve \u015fu anda y\u00fcr\u00fcrl\u00fckte olan telif hakk\u0131 politikam\u0131zla ilgili olarak ortaya \u00e7\u0131kan k\u0131s\u0131tlamalar\u0131 okudu\u011funuzu, anlad\u0131\u011f\u0131n\u0131z\u0131 ve kabul etti\u011finizi dolayl\u0131 olarak iddia ediyorsunuz.<\/p>\n<p><strong><em>Site i\u00e7eri\u011finin telif hakk\u0131, haklar\u0131 ve kullan\u0131m\u0131<\/em><\/strong><\/p>\n<p>Web sitemizde metin, grafik ve medya dosyalar\u0131, ticari markalar ve telif hakk\u0131yla korunan m\u00fclkiyet haklar\u0131: bu hak, t\u00fcm \u015fekillerde ve t\u00fcm ge\u00e7mi\u015f, \u015fimdiki ve gelecekteki desteklerde ge\u00e7erlidir ve garanti alt\u0131na al\u0131nm\u0131\u015ft\u0131r. Bu nedenle, Sitede bulunan materyalleri, i\u00e7eri\u011fi de\u011fi\u015ftirilmedi\u011fi, d\u00fczenlenmedi\u011fi ve tehlikeye at\u0131lmad\u0131\u011f\u0131, ticari markalar kald\u0131r\u0131lmad\u0131\u011f\u0131 veya hileli olmad\u0131\u011f\u0131 s\u00fcrece yaln\u0131zca ki\u015fisel bilgi toplamak amac\u0131yla (ticari de\u011fil) g\u00f6r\u00fcnt\u00fclemenize, indirmenize ve \u00e7o\u011faltman\u0131za izin veriyoruz. ifade a\u00e7\u0131k ve okunakl\u0131: &#8220;Telif hakk\u0131 \u00a9 Expo Italia Srl &#8211; Biodermogenesi\u00ae. T\u00fcm haklar\u0131 sakl\u0131d\u0131r.&#8221;<\/p>\n<p><em><strong>Fikri M\u00fclkiyet Haklar\u0131<\/strong><\/em><\/p>\n<p>L\u00fctfen bu Sitede bulunan her \u00fcr\u00fcn ve ticari markan\u0131n, tescilli olsun ya da olmas\u0131n hi\u00e7bir ko\u015fulda kullan\u0131m izni vermemeyi veya lisans vermemeyi a\u00e7\u0131k\u00e7a beyan eden Expo Italia Srl&#8217;nin m\u00fcnhas\u0131r m\u00fclkiyetinde oldu\u011funu unutmay\u0131n. Siteye g\u00f6z atarak, Expo Italia Srl&#8217;ye ait ticari markalar\u0131 asla kullanmayaca\u011f\u0131n\u0131z\u0131 veya her durumda Sitede bulunan ticari markalar\u0131 kullanmayaca\u011f\u0131n\u0131z\u0131 iddia ediyorsunuz.<\/p>\n<p><em><strong>Kullan\u0131c\u0131 davran\u0131\u015f\u0131<\/strong><\/em><\/p>\n<p>Siteye eri\u015fim ve sitenin g\u00f6r\u00fcn\u00fcm\u00fc, \u0130talya&#8217;da ve ziyaret edildi\u011fi \u00dclkelerde ge\u00e7erli olan t\u00fcm d\u00fczenlemelere tabidir. Kullan\u0131c\u0131lar, bu belgede belirtilen kural ve h\u00fck\u00fcmlere uyulmas\u0131 gerekti\u011fini kabul eder. Bunlara uyulmamas\u0131 (bizim taraf\u0131m\u0131zdan tart\u0131\u015fmas\u0131z olarak de\u011ferlendirildi\u011fi \u00fczere), Siteye daha fazla eri\u015fememeye ve medeni ve \/ veya cezai sorumlulu\u011fa yol a\u00e7abilir.<\/p>\n<p>Bununla birlikte, yaln\u0131zca Siteye eri\u015ferek, a\u015fa\u011f\u0131daki eylemleri hem ba\u011f\u0131ms\u0131z olarak hem de sizin ad\u0131n\u0131za hareket eden ki\u015filer arac\u0131l\u0131\u011f\u0131yla ger\u00e7ekle\u015ftirmemeyi kabul edersiniz:<br \/>&#8211; bir veya daha fazla h\u00fckm\u00fc ve \/ veya kanun ve \/ veya mevzuat\u0131 ihlal eden;<br \/>&#8211; Siteyi ticari ama\u00e7larla veya ki\u015fisel ama\u00e7larla kullanmamak;<br \/>&#8211; Sitenin veya sunucular\u0131n\u0131n i\u015flevselli\u011fine m\u00fcdahale veya engelleme;<br \/>&#8211; Sitenin i\u00e7eri\u011fini (k\u0131smen de olsa) if\u015fa etmek, d\u00fczenlemek.<\/p>\n<p><em><strong>Site re\u015fit olmayanlara y\u00f6nelik de\u011fildir<\/strong><\/em><\/p>\n<p>Bu Site k\u00fc\u00e7\u00fckler i\u00e7in tasarlanmam\u0131\u015ft\u0131r ve tasarlanmam\u0131\u015ft\u0131r. 18 ya\u015f\u0131n alt\u0131nda oldu\u011funu bildi\u011fimiz hi\u00e7 kimseden ki\u015fisel olarak tan\u0131mlanabilir bilgiler toplam\u0131yoruz. E\u011fer re\u015fit de\u011filseniz, sizi Sitede ki\u015fisel olarak tan\u0131mlanabilecek bilgileri sa\u011flamamaya davet ediyoruz, ancak ebeveynlerinizden veya e\u011fitmeninizden customercare@biodermogenesi.com adresinden bizimle hemen ileti\u015fime ge\u00e7erek sizinle ilgili bilgileri bizim sayfam\u0131zdan kald\u0131rmam\u0131z\u0131 sa\u011flamalar\u0131n\u0131 rica ediyoruz. Dosyalar.<\/p>\n<p><em><strong>Bu Site tavsiye vermez veya tedavi edici endikasyonlar vermez<\/strong><\/em><\/p>\n<p>Bu Site ve i\u00e7eri\u011fi yaln\u0131zca bilgi ama\u00e7l\u0131 olu\u015fturulmu\u015ftur. Bu Sitede bulunan i\u00e7erikler, bir doktorun yeterlili\u011fini koruyan bir te\u015fhis giri\u015fimi veya t\u0131bbi kons\u00fcltasyon olarak de\u011ferlendirilmez ve de\u011ferlendirilmemelidir.<\/p>\n<p><em><strong>Gizlilik Politikas\u0131<\/strong><\/em><\/p>\n<p>Y\u00fcr\u00fcrl\u00fckteki d\u00fczenlemelerin verdi\u011fi \u015fekliyle Sitemizin kullan\u0131c\u0131lar\u0131n\u0131n gizlilik politikas\u0131na sayg\u0131 duyuyoruz. Gizlilik politikam\u0131z web sitemizde mevcuttur (<a href=\"https:\/\/www.biodermogenesi.com\/tr\/privacy-policy\/\">buraya t\u0131klay\u0131ne<\/a>).<\/p>\n<p><em><strong>\u00dc\u00e7\u00fcnc\u00fc Taraf web sitelerine ba\u011flant\u0131lar<\/strong><\/em><\/p>\n<p>Bu Site, bizim taraf\u0131m\u0131zdan, ba\u011fl\u0131 kurulu\u015flar\u0131m\u0131z veya ba\u011fl\u0131 olmayan \u00fc\u00e7\u00fcnc\u00fc \u015fah\u0131slar taraf\u0131ndan i\u015fletilen web sitelerine veya Sosyal a\u011flara ba\u011flant\u0131lar i\u00e7erebilir. Bu \u00f6neriler, bu sitelerin veya i\u00e7eriklerinin onay\u0131m\u0131z olarak de\u011ferlendirilmez ve de\u011ferlendirilmemelidir.<\/p>\n<p><em><strong>Bize bilgi g\u00f6nderme<\/strong><\/em><\/p>\n<p>Gizlilik politikam\u0131z hakk\u0131nda bilgi almak i\u00e7in l\u00fctfen Gizlilik Politikam\u0131za bak\u0131n. Kullan\u0131c\u0131lar, sa\u011fland\u0131klar\u0131 kapsamlar dahilinde verilerin edinilmesine ve kullan\u0131lmas\u0131na a\u00e7\u0131k\u00e7a r\u0131za g\u00f6stermedik\u00e7e ve kullan\u0131c\u0131 onay\u0131n\u0131 g\u00f6stermedik\u00e7e ki\u015fisel bilgileri almak istemiyoruz.<\/p>\n<p><em><strong>Uluslararas\u0131 kullan\u0131c\u0131lar<\/strong><\/em><\/p>\n<p>Site, sunucular\u0131 AB&#8217;de bulunan \u0130talya merkezli Expo Italia Srl taraf\u0131ndan olu\u015fturulur, denetlenir, y\u00f6netilir ve y\u00f6netilir. Site i\u00e7eri\u011fi, mevcut Topluluk mevzuat\u0131na uygundur. AB D\u0131\u015f\u0131 \u00dclkelerden eri\u015fim sa\u011fl\u0131yorsan\u0131z, yerel yasalara uymakla y\u00fck\u00fcml\u00fcs\u00fcn\u00fcz ve Expo Italia Srl Sitenin kullan\u0131m\u0131 ve i\u00e7eri\u011fiyle ilgili sorumluluktan muaft\u0131r.<\/p>\n<p><em><strong>Yasal h\u00fck\u00fcmlerin se\u00e7imi: Yarg\u0131 Yetkisi ve Mahkeme Yeri<\/strong><\/em><\/p>\n<p>Sitenin kullan\u0131m\u0131ndan ve sizin taraf\u0131n\u0131zdan i\u00e7eriklerinden kaynaklanan veya bir \u015fekilde ba\u011flant\u0131l\u0131 olan herhangi bir dava, dava veya anla\u015fmazl\u0131k yaln\u0131zca Floransa Mahkemesine (\u0130talya) g\u00f6nderilecektir. Siteyi ziyaret ederek, Floransa Mahkemesinin m\u00fcnhas\u0131r yarg\u0131 yetkisini kabul etmi\u015f ve yarg\u0131 yetkisini ba\u015fka bir yere devretmekten vazge\u00e7mi\u015f ve BUNUN TEMEL B\u0130R KO\u015eUL OLDU\u011eUNU KABUL ED\u0130YORSUNUZ. KABUL ETM\u0130YORSANIZ, S\u0130TEY\u0130 Z\u0130YARET ETMEK VE \u0130\u00c7ER\u0130\u011e\u0130N\u0130 KULLANMAK \u0130\u00c7\u0130N EXPO ITALIA ONAYINIZ YOKTUR.<\/p>\n<p>[\/et_pb_text][\/et_pb_column][\/et_pb_row][\/et_pb_section][et_pb_section fb_built=&#8221;1&#8243; admin_label=&#8221;footer eng&#8221; _builder_version=&#8221;4.4.1&#8243; background_color=&#8221;#3088b3&#8243; custom_padding=&#8221;0px||0px|||&#8221; da_disable_devices=&#8221;off|off|off&#8221; global_module=&#8221;80&#8243; locked=&#8221;off&#8221; da_is_popup=&#8221;off&#8221; da_exit_intent=&#8221;off&#8221; da_has_close=&#8221;on&#8221; da_alt_close=&#8221;off&#8221; da_dark_close=&#8221;off&#8221; da_not_modal=&#8221;on&#8221; da_is_singular=&#8221;off&#8221; da_with_loader=&#8221;off&#8221; da_has_shadow=&#8221;on&#8221;][et_pb_row column_structure=&#8221;1_4,1_4,1_4,1_4&#8243; _builder_version=&#8221;4.0.6&#8243; locked=&#8221;off&#8221;][et_pb_column type=&#8221;1_4&#8243; _builder_version=&#8221;4.0.6&#8243;][et_pb_image src=&#8221;https:\/\/www2.biodermogenesi.com\/uk\/wp-content\/uploads\/sites\/15\/2020\/06\/logo.png&#8221; _builder_version=&#8221;4.0.6&#8243;][\/et_pb_image][et_pb_text _builder_version=&#8221;4.6.1&#8243; text_font=&#8221;|700|||||||&#8221; text_text_color=&#8221;#ffffff&#8221; text_font_size=&#8221;10px&#8221; link_font=&#8221;||||||||&#8221; link_text_color=&#8221;#ffffff&#8221;]<a href=\"https:\/\/www.biodermogenesi.com\/tr\/legal-information\/\">\u00d6NEMLI\u0307 YASAL BI\u0307LGI\u0307LER<\/a><br \/>\n<a href=\"https:\/\/www.biodermogenesi.com\/tr\/privacy-policy\/\">G\u0130ZL\u0130L\u0130K POL\u0130T\u0130KASI<\/a>[\/et_pb_text][\/et_pb_column][et_pb_column type=&#8221;1_4&#8243; _builder_version=&#8221;4.0.6&#8243;][et_pb_text _builder_version=&#8221;4.6.1&#8243; text_text_color=&#8221;#ffffff&#8221; text_line_height=&#8221;1.3em&#8221; header_6_text_color=&#8221;#83bdd9&#8243; header_6_font_size=&#8221;16px&#8221;]<\/p>\n<h6>Bilgi<\/h6>\n<p><strong>BIODERMOGENESI\u00ae<\/strong> <strong>EXPO ITALIA s.r.l.<\/strong>&#8216;nin tescilli ticari markas\u0131d\u0131r.<\/p>\n<p>Floransa (\u0130TALYA)<\/p>\n<p>[\/et_pb_text][\/et_pb_column][et_pb_column type=&#8221;1_4&#8243; _builder_version=&#8221;4.0.6&#8243;][et_pb_text _builder_version=&#8221;4.6.1&#8243; text_text_color=&#8221;#ffffff&#8221; header_6_text_color=&#8221;#83bdd9&#8243; header_6_font_size=&#8221;16px&#8221; custom_margin=&#8221;||17px|||&#8221;]<\/p>\n<h6>\u0130leti\u015fim bilgileri<\/h6>\n<p>E-posta infotr@biodermogenesi.com<\/p>\n<p>VAT 04697040485<\/p>\n<p>[\/et_pb_text][et_pb_image src=&#8221;https:\/\/www2.biodermogenesi.com\/uk\/wp-content\/uploads\/sites\/15\/2020\/06\/88&#215;31.png&#8221; _builder_version=&#8221;4.0.6&#8243;][\/et_pb_image][\/et_pb_column][et_pb_column type=&#8221;1_4&#8243; _builder_version=&#8221;4.0.6&#8243;][et_pb_text _builder_version=&#8221;4.6.1&#8243; text_text_color=&#8221;#ffffff&#8221; header_6_text_color=&#8221;#83bdd9&#8243; header_6_font_size=&#8221;16px&#8221; custom_margin=&#8221;||17px|||&#8221;]<\/p>\n<h6>Bizi takip edin<\/h6>\n<p>[\/et_pb_text][et_pb_text _builder_version=&#8221;4.6.1&#8243; text_text_color=&#8221;#ffffff&#8221;]<\/p>\n<div><a href=\"https:\/\/www.facebook.com\/Biodermogenesi-United-Kingdom-104182014404976\" target=\"_blank\" rel=\"noopener noreferrer\"><img loading=\"lazy\" decoding=\"async\" style=\"margin: 5px;\" src=\"https:\/\/www2.biodermogenesi.com\/wp-content\/uploads\/2020\/06\/social-facebook.png\" alt=\"Facebook\" width=\"30\" height=\"30\" \/><\/a><a href=\"https:\/\/www.youtube.com\/channel\/UCFSORtLN0rT3Wh17jYS0lhQ\" target=\"_blank\" rel=\"noopener noreferrer\"><img loading=\"lazy\" decoding=\"async\" style=\"margin: 5px;\" src=\"https:\/\/www2.biodermogenesi.com\/wp-content\/uploads\/2020\/06\/youtube-social.png\" alt=\"Facebook\" width=\"30\" height=\"30\" \/><\/a><a href=\"https:\/\/www.instagram.com\/biodermogenesiofficial\/?hl=it\" target=\"_blank\" rel=\"noopener noreferrer\"><img loading=\"lazy\" decoding=\"async\" style=\"margin: 5px;\" src=\"https:\/\/www2.biodermogenesi.com\/wp-content\/uploads\/2020\/06\/social-instagram.png\" alt=\"Youtube\" width=\"30\" height=\"30\" \/><\/a><\/div>\n<p>[\/et_pb_text][\/et_pb_column][\/et_pb_row][\/et_pb_section]<\/p>\n","protected":false},"excerpt":{"rendered":"<p>BIODERMOGENESI\u00ae &#8211; \u00d6nemli Yasal Bilgiler &nbsp; Yasal bildirim, Kullan\u0131m Ko\u015fullar\u0131, Gizlilik Politikas\u0131 ve Sorumluluk Hari\u00e7 Tutma BU WEB S\u0130TES\u0130N\u0130 Z\u0130YARET ETMEDEN \u00d6NCE A\u015eA\u011eIDAK\u0130 KULLANIM \u015eARTLARINI D\u0130KKATL\u0130CE OKUMANIZ GEREK\u0130R. Bu yasal uyar\u0131lar ve kullan\u0131m ko\u015fullar\u0131, Expo Italia Srl veya resmi distrib\u00fct\u00f6rleri taraf\u0131ndan y\u00f6netilen ve y\u00f6netilen \u00e7e\u015fitli web siteleri ve Sosyal profiller (bundan b\u00f6yle &#8220;Site&#8221; olarak an\u0131lacakt\u0131r) [&hellip;]<\/p>\n","protected":false},"author":1,"featured_media":0,"parent":0,"menu_order":0,"comment_status":"closed","ping_status":"closed","template":"","meta":{"_et_pb_use_builder":"on","_et_pb_old_content":"","_et_gb_content_width":"","footnotes":""},"class_list":["post-82","page","type-page","status-publish","hentry"],"_links":{"self":[{"href":"https:\/\/www.biodermogenesi.com\/tr\/wp-json\/wp\/v2\/pages\/82","targetHints":{"allow":["GET"]}}],"collection":[{"href":"https:\/\/www.biodermogenesi.com\/tr\/wp-json\/wp\/v2\/pages"}],"about":[{"href":"https:\/\/www.biodermogenesi.com\/tr\/wp-json\/wp\/v2\/types\/page"}],"author":[{"embeddable":true,"href":"https:\/\/www.biodermogenesi.com\/tr\/wp-json\/wp\/v2\/users\/1"}],"replies":[{"embeddable":true,"href":"https:\/\/www.biodermogenesi.com\/tr\/wp-json\/wp\/v2\/comments?post=82"}],"version-history":[{"count":7,"href":"https:\/\/www.biodermogenesi.com\/tr\/wp-json\/wp\/v2\/pages\/82\/revisions"}],"predecessor-version":[{"id":14909,"href":"https:\/\/www.biodermogenesi.com\/tr\/wp-json\/wp\/v2\/pages\/82\/revisions\/14909"}],"wp:attachment":[{"href":"https:\/\/www.biodermogenesi.com\/tr\/wp-json\/wp\/v2\/media?parent=82"}],"curies":[{"name":"wp","href":"https:\/\/api.w.org\/{rel}","templated":true}]}}