{"id":70,"date":"2020-06-03T11:12:50","date_gmt":"2020-06-03T09:12:50","guid":{"rendered":"https:\/\/www2.biodermogenesi.com\/uk\/?page_id=70"},"modified":"2023-03-22T15:46:47","modified_gmt":"2023-03-22T14:46:47","slug":"privacy-policy","status":"publish","type":"page","link":"https:\/\/www.biodermogenesi.com\/tr\/privacy-policy\/","title":{"rendered":"Gizlilik Politikas\u0131"},"content":{"rendered":"<p>[et_pb_section fb_built=&#8221;1&#8243; _builder_version=&#8221;3.22&#8243; da_is_popup=&#8221;off&#8221; da_exit_intent=&#8221;off&#8221; da_has_close=&#8221;on&#8221; da_alt_close=&#8221;off&#8221; da_dark_close=&#8221;off&#8221; da_not_modal=&#8221;on&#8221; da_is_singular=&#8221;off&#8221; da_with_loader=&#8221;off&#8221; da_has_shadow=&#8221;on&#8221; da_disable_devices=&#8221;off|off|off&#8221;][et_pb_row _builder_version=&#8221;3.25&#8243; background_size=&#8221;initial&#8221; background_position=&#8221;top_left&#8221; background_repeat=&#8221;repeat&#8221;][et_pb_column type=&#8221;4_4&#8243; _builder_version=&#8221;3.25&#8243; custom_padding=&#8221;|||&#8221; custom_padding__hover=&#8221;|||&#8221;][et_pb_text _builder_version=&#8221;4.6.1&#8243; background_size=&#8221;initial&#8221; background_position=&#8221;top_left&#8221; background_repeat=&#8221;repeat&#8221; hover_enabled=&#8221;0&#8243; sticky_enabled=&#8221;0&#8243;]<\/p>\n<h3>Gizlilik Politikas\u0131<br \/> (web sitesi &#8211; 7 Nisan 2016 tarihli 6698 say\u0131l\u0131 kanun)<\/h3>\n<p>Talep edilen veriler merkezi Floransa&#8217;da bulunan Expo Italia Srl taraf\u0131ndan Segantini n.34, (Vergi Kodu KDV 0469704048 &#8211; sertifikal\u0131 e-posta adresi: expoitalia@pec.biodermogenesi.it, ileti\u015fim numaras\u0131: 0557875341, e-posta adresi: info @ biodermogenesi.com), Ki\u015fisel Veri Sahibi.<\/p>\n<p>Biodermogenesi\u00ae terap\u00f6tik programlar\u0131 hakk\u0131nda bilgi ve tavsiye sa\u011flamak amac\u0131yla, y\u00fcr\u00fcrl\u00fckteki mevzuat (7 Nisan 2016 tarihli 6698 say\u0131l\u0131 kanun) uyar\u0131nca ki\u015fisel verilerin i\u015flenmesi, dijital ileti\u015fim g\u00f6ndermek (veya ileti\u015fim bilgileri belirtilmi\u015fse ka\u011f\u0131t tabanl\u0131 ve \/ veya telefonculuk) ve s\u00f6zle\u015fme ve yasal y\u00fck\u00fcml\u00fcl\u00fcklere uymak (i\u015flemenin amac\u0131).<\/p>\n<p>Expo Italia Srl yukar\u0131da belirtilen ama\u00e7lar do\u011frultusunda kimlik verilerini i\u015fleyecektir; bu nedenle, bilgilerin a\u00e7\u0131klanmas\u0131 ve talep edilen hizmetin olas\u0131 teslimat\u0131 ile devam etmek i\u00e7in veriler gereklidir. \u0130\u015flemenin yasal dayana\u011f\u0131, s\u00f6zle\u015fme \u00f6ncesi tedbirlerin ve bunlardan kaynaklanan yasal y\u00fck\u00fcml\u00fcl\u00fcklerin yerine getirilmesi ile sonu\u00e7lanan herhangi bir s\u00f6zle\u015fme ili\u015fkisinin yerine getirilmesidir. Bu ili\u015fkiyle ilgili anla\u015fmazl\u0131klarda yasal dayanak, Veri Sahibinin savunma hakk\u0131 i\u00e7in me\u015fru menfaatidir.<\/p>\n<p>Ki\u015fisel verilerin i\u015flenmesi, toplama, kay\u0131t, organizasyon, yap\u0131land\u0131rma, depolama, i\u015fleme, adaptasyon veya modifikasyon, \u00e7\u0131karma, se\u00e7im, dan\u0131\u015fma, kullan\u0131m, iletim yoluyla ileti\u015fim veya di\u011fer sa\u011flama t\u00fcrlerini, kar\u015f\u0131la\u015ft\u0131rma veya araba\u011flant\u0131, s\u0131n\u0131rlama, iptal i\u015flemlerini i\u00e7erecektir. ya da bunlar\u0131n yok edilmesi. Veri i\u015fleme, y\u00fcr\u00fcrl\u00fckteki mevzuat h\u00fck\u00fcmlerine uygun olarak gizlili\u011fini garanti alt\u0131na almaya uygun elektronik, bilgisayar ve telematik ara\u00e7lar\u0131n yard\u0131m\u0131yla ger\u00e7ekle\u015ftirilecektir.<\/p>\n<p>Veriler taraf\u0131m\u0131zdan ka\u011f\u0131t, manyetik ve telematik formatta i\u015flenerek g\u00fcvenli\u011fini sa\u011flamaya uygun ara\u00e7lar yard\u0131m\u0131yla i\u015flenecek ve Ki\u015fisel Veri Tutucunun veri taban\u0131nda saklanacakt\u0131r.<\/p>\n<p>Ki\u015fisel bilgilerin sa\u011flanmas\u0131 yasal bir y\u00fck\u00fcml\u00fcl\u00fck olu\u015fturmaz, bu t\u00fcr bilgilerin verilmesinin reddedilmesi durumunda Expo Italia Srl talep edilen bilgi ve tavsiyeyi sa\u011flayamaz.<\/p>\n<p>Ki\u015fisel veriler yaln\u0131zca Ki\u015fisel Veri Sahibi taraf\u0131ndan atanan \u00f6zel olarak e\u011fitilmi\u015f ki\u015filer taraf\u0131ndan i\u015flenir.<\/p>\n<p>Ki\u015fisel veriler, eri\u015fim hakk\u0131n\u0131n y\u00fcr\u00fcrl\u00fckteki mevzuat taraf\u0131ndan tan\u0131nd\u0131\u011f\u0131 t\u00fcm ki\u015filere (al\u0131c\u0131lara) ve yasal y\u00fck\u00fcml\u00fcl\u00fcklerle (\u00f6rne\u011fin Garant\u00f6r, Kamu Otoriteleri) ilgili ama\u00e7larla ve ayr\u0131ca toplumumuz taraf\u0131ndan i\u015fleme atanan \u00e7al\u0131\u015fanlara iletilebilir. Ayr\u0131ca, 7 Nisan 2016 tarihli 6698 say\u0131l\u0131 kanun uyar\u0131nca Veri \u0130\u015flemcisi olarak atanacak olan web sitesini ve i\u015fletimi i\u00e7in gerekli hizmetleri y\u00f6netmekle g\u00f6revli BT uzmanlar\u0131na ve konular\u0131na da iletilebilirler. Veri \u0130\u015flemcilerin listesi Expo Italia Srl merkez ofisinde bulunabilir. Ki\u015fisel veriler a\u00e7\u0131klanmayacakt\u0131r.<\/p>\n<p>Ki\u015fisel veriler \u0130talya&#8217;da ve her durumda Avrupa Birli\u011fi i\u00e7inde bulunan sunucularda saklan\u0131r. Her neyse, a\u015fa\u011f\u0131da imzas\u0131 bulunan Veri Sahibinin gerekirse sunucular\u0131 AB d\u0131\u015f\u0131na ta\u015f\u0131ma hakk\u0131na sahip olaca\u011f\u0131 anla\u015f\u0131lmaktad\u0131r. Bu durumda, bundan sonra AB \u00fcyesi olmayan verilerin aktar\u0131m\u0131n\u0131n y\u00fcr\u00fcrl\u00fckteki yasal h\u00fck\u00fcmlere ve AB 2016\/679 Y\u00f6netmeli\u011fi&#8217;nin 44. ve sonraki h\u00fck\u00fcmlerine uygun olarak ger\u00e7ekle\u015fmesini sa\u011flamaktad\u0131r.<\/p>\n<p>7 Nisan 2016 tarihli 6698 say\u0131l\u0131 kanun uyar\u0131nca, ilgili bir Taraf olarak a\u015fa\u011f\u0131daki haklar\u0131 kullanabilirsiniz:<br \/>a) Veri Sahibinden ki\u015fisel verilerinizin i\u015flendi\u011fine veya i\u015flenmedi\u011fine dair onay alma ve e\u011fer \u00f6yleyse ki\u015fisel verilere ve bilgilere eri\u015fim hakk\u0131 (\u00f6rne\u011fin, i\u015flemin ama\u00e7lar\u0131, s\u00f6z konusu ki\u015fisel veri kategorileri, ki\u015fisel verilerin aktar\u0131ld\u0131\u011f\u0131 veya iletilece\u011fi al\u0131c\u0131lar veya al\u0131c\u0131 kategorileri, saklama s\u00fcresine, haklar\u0131na, \u0130lgili Taraftan toplanmad\u0131\u011f\u0131 takdirde verilerin otomatik bir karar verme s\u00fcrecinin varl\u0131\u011f\u0131na, vb.) <br \/>b) Hatal\u0131 oldu\u011fu durumlarda, ki\u015fisel verilerinizin d\u00fczeltilmesini ve ayn\u0131 zamanda i\u015flemenin ama\u00e7lar\u0131yla ilgili olarak her zaman eksik oldu\u011fu kabul edilen verilerin entegrasyonunu elde etme hakk\u0131; Madde 7<br \/>c) Veri silme hakk\u0131 (&#8220;unutulma hakk\u0131&#8221;);<br \/>d) Maddede \u00f6ng\u00f6r\u00fclen hallerde i\u015flemi s\u0131n\u0131rlama hakk\u0131;<br \/>e) Madde uyar\u0131nca veri ta\u015f\u0131nabilirli\u011fi hakk\u0131; <br \/>f) \u0130\u015flemi reddetme hakk\u0131;<br \/>g) i\u015flemenin yasal dayana\u011f\u0131n\u0131n r\u0131za edildi\u011fi durumlarda, iptal i\u015fleminden \u00f6nce verilen r\u0131zaya dayal\u0131 olarak i\u015flemenin yasall\u0131\u011f\u0131na halel getirmeksizin herhangi bir zamanda r\u0131zay\u0131 geri \u00e7ekme hakk\u0131.<\/p>\n<p>Veri Sahibi otomatik olarak karar alma s\u00fcre\u00e7lerini benimser; 7 Nisan 2016 tarihli 6698 say\u0131l\u0131 kanun, ilgili Taraf i\u00e7in ge\u00e7erlidir.<\/p>\n<p>\u0130lgili Taraf ayr\u0131ca, m\u00fcmk\u00fcnse, Veri Sahibinin verileri \u00dc\u00e7\u00fcnc\u00fc Bir \u00dclkeye veya Uluslararas\u0131 bir kurulu\u015fa aktarma niyetinden ve Komisyon taraf\u0131ndan bir yeterlilik karar\u0131n\u0131n varl\u0131\u011f\u0131ndan ya da yoklu\u011fundan haberdar olma hakk\u0131na sahiptir. Sanat uyar\u0131nca transfer olay\u0131 uygun garantilere yap\u0131lan referans ve bu t\u00fcr verilerin bir kopyas\u0131n\u0131 veya bunlar\u0131n sunuldu\u011fu yeri elde etme yollar\u0131n\u0131 ifade eder.<\/p>\n<p>Yukar\u0131da belirtilen t\u00fcm haklar, Veri Sahibine gayri resmi bir istek g\u00f6nderilerek kullan\u0131labilir (\u00f6rne\u011fin, e-posta veya telefon yoluyla bizimle ileti\u015fime ge\u00e7erek).<\/p>\n<p>Sonu\u00e7 olarak, ilgili bir Taraf olarak, bir denetim makam\u0131na \u015fikayette bulunma hakk\u0131na sahipsiniz (7 Nisan 2016 tarihli 6698 say\u0131l\u0131 kanun).<\/p>\n<p>Ki\u015fisel veriler, yaln\u0131zca yukar\u0131da belirtilen ama\u00e7lar\u0131n yerine getirilmesi ve yasalar\u0131n getirdi\u011fi y\u00fck\u00fcml\u00fcl\u00fcklerin yerine getirilmesi i\u00e7in kesinlikle gerekli olan s\u00fcre boyunca saklanmal\u0131d\u0131r (\u00f6rne\u011fin, bir ili\u015fki kurulmas\u0131 durumunda, ili\u015fki size verilinceye kadar basit bilgilerle s\u0131n\u0131rl\u0131ysa) s\u00f6zle\u015fmeye dayal\u0131 ili\u015fki depolamas\u0131, s\u00f6zle\u015fmenin y\u00fcr\u00fct\u00fclmesi ile ilgili s\u00fcre ve ilgili idari, mali ve muhasebe y\u00fck\u00fcml\u00fcl\u00fckleri ile s\u0131n\u0131rl\u0131d\u0131r). Yukar\u0131da belirtilen saklama s\u00fcresini uzatabilecek anla\u015fmazl\u0131klar bundan etkilenmez.<br \/>Daha sonra, kesinlikle gerekli s\u00fcre ge\u00e7tikten sonra, ki\u015fisel veriler silinecek veya anonim bir forma d\u00f6n\u00fc\u015ft\u00fcr\u00fclecek ve sadece istatistiksel ama\u00e7lar i\u00e7in kullan\u0131lacakt\u0131r.<\/p>\n<p>Expo Italia Srl<\/p>\n<p>&nbsp;<\/p>\n<h3>\u00c7EREZ KULLANIMI<\/h3>\n<h3>\u00c7erez nedir?<\/h3>\n<p>\u00c7erezler, bir siteyi ziyaret etti\u011finizde bilgisayar\u0131n\u0131za (veya \u0130nternet taramas\u0131 i\u00e7in etkinle\u015ftirilen di\u011fer cihazlar, \u00f6rne\u011fin ak\u0131ll\u0131 telefonlar veya tabletler) kaydedilebilecek bilgisayar dosyalar\u0131 veya k\u0131smi verilerdir. Genellikle bir \u00e7erez, \u00e7erezin kendisinden geldi\u011fi web sitesinin ad\u0131n\u0131, \u00e7erezin &#8220;\u00f6mr\u00fcn\u00fc&#8221; (yani cihaz\u0131n\u0131zda ne kadar kalaca\u011f\u0131n\u0131) ve genellikle rastgele olu\u015fturulan benzersiz bir say\u0131 olan bir de\u011feri i\u00e7erir.<\/p>\n<p><strong>\u00c7erezleri ne i\u00e7in kullan\u0131yoruz?<\/strong><br \/>Web sitemizin kullan\u0131m\u0131n\u0131 daha kolay ve daha kullan\u0131\u015fl\u0131 hale getirmek i\u00e7in \u00e7erezleri kullan\u0131yoruz. \u00c7erezler, gelecekteki web sitesi ziyaretlerinizi h\u0131zland\u0131rmam\u0131za yard\u0131mc\u0131 olmak i\u00e7in de kullan\u0131labilir. Ayr\u0131ca \u00e7erezleri toplu anonim istatistikleri derlemek, trafik ve herhangi bir kullan\u0131c\u0131 tan\u0131ma olmadan ziyaret edilen sayfalar hakk\u0131nda bilgi almak i\u00e7in kullan\u0131r\u0131z.<\/p>\n<p><strong>Ne t\u00fcr \u00e7erezler kullan\u0131yoruz?<br \/> <\/strong><br \/>GEREKL\u0130 <br \/>Bu \u00e7erezler sitemizin d\u00fczg\u00fcn \u00e7al\u0131\u015fmas\u0131 i\u00e7in gereklidir, kullan\u0131c\u0131lar\u0131n web sitemize g\u00f6z atmalar\u0131na ve ayn\u0131 oturum s\u0131ras\u0131nda bir sayfaya geri d\u00f6nerken \u00f6nceki eylemleri (eklenen metinleri) saklama gibi \u00f6zelliklerinden yararlanmalar\u0131n\u0131 sa\u011flar. Bu \u00e7erezler sizi bir birey olarak tan\u0131mlamaz. Bu \u00e7erezleri kabul etmezseniz, web sitesinin veya b\u00f6l\u00fcmlerinin g\u00f6r\u00fcnt\u00fclenmesi etkilenebilir.<\/p>\n<p>VER\u0130M <br \/>Bu \u00e7erezler, ziyaret edilen b\u00f6l\u00fcmler, sitede ge\u00e7irilen s\u00fcre ve ortaya \u00e7\u0131kan herhangi bir sorun, \u00f6rne\u011fin bir hata mesaj\u0131 gibi bilgileri bize sa\u011flayarak kullan\u0131c\u0131lar\u0131n web sitemizle nas\u0131l etkile\u015fime girdi\u011fini anlamam\u0131za yard\u0131mc\u0131 olur. Bu, web sitemizin performans\u0131n\u0131 art\u0131rmam\u0131za yard\u0131mc\u0131 olur. Bu \u00e7erezler sizi bir birey olarak tan\u0131mlamaz. T\u00fcm veriler anonim olarak toplan\u0131r ve toplan\u0131r.<\/p>\n<p>\u0130\u015eLEVSELL\u0130\u011e\u0130<br \/>Size daha ki\u015fiselle\u015ftirilmi\u015f bir \u00e7evrimi\u00e7i deneyim sunmak i\u00e7in, bu \u00e7erezler web sitemizin yapt\u0131\u011f\u0131n\u0131z se\u00e7imleri hat\u0131rlamas\u0131na izin verir (\u00f6rne\u011fin se\u00e7ilen dil veya bulundu\u011funuz b\u00f6lge). Ayr\u0131ca kullan\u0131c\u0131lar\u0131n videolar\u0131 g\u00f6r\u00fcnt\u00fclemelerine ve bloglar, sohbet odalar\u0131 ve forumlar gibi sosyal ara\u00e7larla etkile\u015fimde bulunmalar\u0131na olanak tan\u0131r. Bu \u00e7erezler taraf\u0131ndan toplanan bilgiler, sa\u011flad\u0131\u011f\u0131n\u0131z ki\u015fisel olarak tan\u0131mlanabilir bilgileri i\u00e7erebilir. Hangi bilgileri toplad\u0131\u011f\u0131m\u0131z, kulland\u0131\u011f\u0131m\u0131z kullan\u0131m ve kimlerle payla\u015ft\u0131\u011f\u0131m\u0131z konusunda size her zaman \u015feffaf olaca\u011f\u0131z. Bu \u00e7erezleri kabul etmezseniz, web sitesinin performans\u0131 ve i\u015flevselli\u011fi etkilenebilir ve sitenin i\u00e7eri\u011fine eri\u015fim s\u0131n\u0131rl\u0131 olabilir.<\/p>\n<p>HANG\u0130 \u00c7EREZLER KULLANILIR<br \/>Web sitemizi ziyaret etti\u011finizde, sa\u011flad\u0131klar\u0131 hizmetleri sunmalar\u0131na izin vermek i\u00e7in bizim ad\u0131m\u0131za cihaz\u0131n\u0131za \u00e7erezler yerle\u015ftirebilecek \u00e7e\u015fitli tedarik\u00e7ilerden yararlan\u0131yoruz. Bu \u00e7erezlerle ilgili daha fazla bilgi edinmek ve bu \u00e7erezleri almamaktan ka\u00e7\u0131nmak i\u00e7in l\u00fctfen uygun tabloya bak\u0131n.<br \/>Sitemizi ziyaret etti\u011finizde \u00dc\u00e7\u00fcnc\u00fc Taraf web sitelerinden veya alan adlar\u0131ndan \u00e7erezler alabilirsiniz. Kabul etmek isteyip istemedi\u011finize karar verebilmeniz i\u00e7in bu \u00e7erezleri kullan\u0131lmadan \u00f6nce tan\u0131mlamaya \u00e7al\u0131\u015f\u0131yoruz. Bu \u00e7erezlerle ilgili daha fazla bilgi, s\u00f6z konusu \u00dc\u00e7\u00fcnc\u00fc Taraf\u0131n web sitesinde bulunabilir.<\/p>\n<p><strong>\u00c7erezleri nas\u0131l kontrol edebilir veya silebilirim?<\/strong><\/p>\n<p>\u00c7o\u011fu internet taray\u0131c\u0131s\u0131 ba\u015flang\u0131\u00e7ta \u00e7erezleri otomatik olarak kabul edecek \u015fekilde ayarlanm\u0131\u015ft\u0131r. \u00c7erezleri engellemek veya cihaz\u0131n\u0131za \u00e7erez g\u00f6nderilmesi konusunda sizi uyarmak i\u00e7in bu ayarlar\u0131 de\u011fi\u015ftirebilirsiniz. \u00c7erezleri y\u00f6netmenin birka\u00e7 yolu vard\u0131r; taray\u0131c\u0131n\u0131z\u0131n ayarlar\u0131n\u0131 nas\u0131l de\u011fi\u015ftirece\u011finizi veya de\u011fi\u015ftirece\u011finizi \u00f6\u011frenmek i\u00e7in l\u00fctfen taray\u0131c\u0131n\u0131z\u0131n kullan\u0131m k\u0131lavuzuna veya yard\u0131m ekran\u0131na bak\u0131n.<br \/>Kulland\u0131\u011f\u0131m\u0131z \u00e7erezleri devre d\u0131\u015f\u0131 b\u0131rak\u0131rsan\u0131z, sitemizdeyken deneyiminizi etkileyebilir, \u00f6rne\u011fin web sitemizi ziyaret etti\u011finizde belirli b\u00f6l\u00fcmleri ziyaret edemeyebilir veya ki\u015fiselle\u015ftirilmi\u015f bilgiler alamayabilirsiniz.<br \/>\u0130nternet sitelerini (\u00f6rne\u011fin, bilgisayarlar, ak\u0131ll\u0131 telefonlar, tabletler, vb.) G\u00f6r\u00fcnt\u00fclemek ve bunlara eri\u015fmek i\u00e7in farkl\u0131 cihazlar kullan\u0131rsan\u0131z, her cihazdaki her taray\u0131c\u0131n\u0131n \u00e7erez tercihlerinizi yans\u0131tacak \u015fekilde ayarland\u0131\u011f\u0131ndan emin olman\u0131z gerekir.<\/p>\n<p><strong>Ek spesifik bilgiler<\/strong><\/p>\n<p>Oturum \/ Ge\u00e7ici &#8211; Web sitesinden ayr\u0131ld\u0131\u011f\u0131n\u0131zda bu \u00e7erezler cihaz\u0131n\u0131zdan silinir.<br \/>Kal\u0131c\u0131 \/ Kal\u0131c\u0131 &#8211; Web sitesinden ayr\u0131ld\u0131\u011f\u0131n\u0131zda bu \u00e7erezler cihaz\u0131n\u0131zdan silinmez. Cihaz\u0131n\u0131zda daha uzun s\u00fcre kal\u0131rlar.<br \/>Analitik \/ \u0130zleme &#8211; Nereye gitti\u011finiz ve web sitemizde ve di\u011fer web sitelerinde ne yapt\u0131\u011f\u0131n\u0131z hakk\u0131nda anonim \/ toplu bilgiler sa\u011flar.<\/p>\n<p>Google Analytics<br \/><a href=\"https:\/\/marketingplatform.google.com\/about\/analytics\/\" target=\"_blank\" rel=\"noopener noreferrer\">Google Analytics hakk\u0131nda bilgi i\u00e7in buray\u0131 t\u0131klay\u0131n<\/a><\/p>\n<hr \/>\n<p><strong>Taray\u0131c\u0131y\u0131 yap\u0131land\u0131rarak \u00e7erezleri devre d\u0131\u015f\u0131 b\u0131rakma<\/strong><br \/><a href=\"https:\/\/support.mozilla.org\/it\/kb\/Attivare%20e%20disattivare%20i%20cookie\">Firefox&#8217;ta \u00e7erezleri devre d\u0131\u015f\u0131 b\u0131rakma<\/a><br \/><a href=\"http:\/\/www.google.com\/policies\/technologies\/managing\/\">Chrome&#8217;da \u00e7erezleri devre d\u0131\u015f\u0131 b\u0131rakma<\/a><br \/><a href=\"http:\/\/windows.microsoft.com\/it-it\/internet-explorer\/delete-manage-cookies#ie=ie-11\">Internet Explorer&#8217;da \u00e7erezleri devre d\u0131\u015f\u0131 b\u0131rakma<\/a><br \/><a href=\"http:\/\/support.apple.com\/kb\/HT1677?viewlocale=it_IT&amp;locale=it_IT\">Safari&#8217;de \u00e7erezleri devre d\u0131\u015f\u0131 b\u0131rakma<\/a><br \/><a href=\"http:\/\/help.opera.com\/Mac\/12.10\/it\/cookies.html\">Opera&#8217;da \u00e7erezleri devre d\u0131\u015f\u0131 b\u0131rakma<\/a><\/p>\n<hr \/>\n<p><strong>Belirli \u00dc\u00e7\u00fcnc\u00fc Taraf hizmetlerinden gelen \u00e7erezleri devre d\u0131\u015f\u0131 b\u0131rakma<\/strong><br \/>Google hizmetleri <br \/>Facebook <br \/>Twitter<br \/>\u00dc\u00e7\u00fcnc\u00fc Taraf \u00e7erezlerinin genel y\u00f6netimi<br \/> <a href=\"https:\/\/www.youronlinechoices.com\/tr\/\">http:\/\/www.youronlinechoices.com\/tr\/<\/a><\/p>\n<p>[\/et_pb_text][\/et_pb_column][\/et_pb_row][\/et_pb_section][et_pb_section fb_built=&#8221;1&#8243; admin_label=&#8221;footer eng&#8221; _builder_version=&#8221;4.4.1&#8243; background_color=&#8221;#3088b3&#8243; custom_padding=&#8221;0px||0px|||&#8221; da_disable_devices=&#8221;off|off|off&#8221; global_module=&#8221;80&#8243; saved_tabs=&#8221;all&#8221; locked=&#8221;off&#8221; da_is_popup=&#8221;off&#8221; da_exit_intent=&#8221;off&#8221; da_has_close=&#8221;on&#8221; da_alt_close=&#8221;off&#8221; da_dark_close=&#8221;off&#8221; da_not_modal=&#8221;on&#8221; da_is_singular=&#8221;off&#8221; da_with_loader=&#8221;off&#8221; da_has_shadow=&#8221;on&#8221;][et_pb_row column_structure=&#8221;1_4,1_4,1_4,1_4&#8243; _builder_version=&#8221;4.0.6&#8243; locked=&#8221;off&#8221;][et_pb_column type=&#8221;1_4&#8243; _builder_version=&#8221;4.0.6&#8243;][et_pb_image src=&#8221;https:\/\/www2.biodermogenesi.com\/uk\/wp-content\/uploads\/sites\/15\/2020\/06\/logo.png&#8221; _builder_version=&#8221;4.0.6&#8243;][\/et_pb_image][et_pb_text _builder_version=&#8221;4.6.1&#8243; text_font=&#8221;|700|||||||&#8221; text_text_color=&#8221;#ffffff&#8221; text_font_size=&#8221;10px&#8221; link_font=&#8221;||||||||&#8221; link_text_color=&#8221;#ffffff&#8221;]<a href=\"https:\/\/www.biodermogenesi.com\/tr\/legal-information\/\">\u00d6NEMLI\u0307 YASAL BI\u0307LGI\u0307LER<\/a><br \/>\n<a href=\"https:\/\/www.biodermogenesi.com\/tr\/privacy-policy\/\">G\u0130ZL\u0130L\u0130K POL\u0130T\u0130KASI<\/a>[\/et_pb_text][\/et_pb_column][et_pb_column type=&#8221;1_4&#8243; _builder_version=&#8221;4.0.6&#8243;][et_pb_text _builder_version=&#8221;4.6.1&#8243; text_text_color=&#8221;#ffffff&#8221; text_line_height=&#8221;1.3em&#8221; header_6_text_color=&#8221;#83bdd9&#8243; header_6_font_size=&#8221;16px&#8221;]<\/p>\n<h6>Bilgi<\/h6>\n<p><strong>BIODERMOGENESI\u00ae<\/strong> <strong>EXPO ITALIA s.r.l.<\/strong>&#8216;nin tescilli ticari markas\u0131d\u0131r.<\/p>\n<p>Floransa (\u0130TALYA)<\/p>\n<p>[\/et_pb_text][\/et_pb_column][et_pb_column type=&#8221;1_4&#8243; _builder_version=&#8221;4.0.6&#8243;][et_pb_text _builder_version=&#8221;4.6.1&#8243; text_text_color=&#8221;#ffffff&#8221; header_6_text_color=&#8221;#83bdd9&#8243; header_6_font_size=&#8221;16px&#8221; custom_margin=&#8221;||17px|||&#8221;]<\/p>\n<h6>\u0130leti\u015fim bilgileri<\/h6>\n<p>E-posta infotr@biodermogenesi.com<\/p>\n<p>VAT 04697040485<\/p>\n<p>[\/et_pb_text][et_pb_image src=&#8221;https:\/\/www2.biodermogenesi.com\/uk\/wp-content\/uploads\/sites\/15\/2020\/06\/88&#215;31.png&#8221; _builder_version=&#8221;4.0.6&#8243;][\/et_pb_image][\/et_pb_column][et_pb_column type=&#8221;1_4&#8243; _builder_version=&#8221;4.0.6&#8243;][et_pb_text _builder_version=&#8221;4.6.1&#8243; text_text_color=&#8221;#ffffff&#8221; header_6_text_color=&#8221;#83bdd9&#8243; header_6_font_size=&#8221;16px&#8221; custom_margin=&#8221;||17px|||&#8221;]<\/p>\n<h6>Bizi takip edin<\/h6>\n<p>[\/et_pb_text][et_pb_text _builder_version=&#8221;4.6.1&#8243; text_text_color=&#8221;#ffffff&#8221;]<\/p>\n<div><a href=\"https:\/\/www.facebook.com\/Biodermogenesi-United-Kingdom-104182014404976\" target=\"_blank\" rel=\"noopener noreferrer\"><img loading=\"lazy\" decoding=\"async\" style=\"margin: 5px;\" src=\"https:\/\/www2.biodermogenesi.com\/wp-content\/uploads\/2020\/06\/social-facebook.png\" alt=\"Facebook\" width=\"30\" height=\"30\" \/><\/a><a href=\"https:\/\/www.youtube.com\/channel\/UCFSORtLN0rT3Wh17jYS0lhQ\" target=\"_blank\" rel=\"noopener noreferrer\"><img loading=\"lazy\" decoding=\"async\" style=\"margin: 5px;\" src=\"https:\/\/www2.biodermogenesi.com\/wp-content\/uploads\/2020\/06\/youtube-social.png\" alt=\"Facebook\" width=\"30\" height=\"30\" \/><\/a><a href=\"https:\/\/www.instagram.com\/biodermogenesiofficial\/?hl=it\" target=\"_blank\" rel=\"noopener noreferrer\"><img loading=\"lazy\" decoding=\"async\" style=\"margin: 5px;\" src=\"https:\/\/www2.biodermogenesi.com\/wp-content\/uploads\/2020\/06\/social-instagram.png\" alt=\"Youtube\" width=\"30\" height=\"30\" \/><\/a><\/div>\n<p>[\/et_pb_text][\/et_pb_column][\/et_pb_row][\/et_pb_section]<\/p>\n","protected":false},"excerpt":{"rendered":"<p>Gizlilik Politikas\u0131 (web sitesi &#8211; 7 Nisan 2016 tarihli 6698 say\u0131l\u0131 kanun) Talep edilen veriler merkezi Floransa&#8217;da bulunan Expo Italia Srl taraf\u0131ndan Segantini n.34, (Vergi Kodu KDV 0469704048 &#8211; sertifikal\u0131 e-posta adresi: expoitalia@pec.biodermogenesi.it, ileti\u015fim numaras\u0131: 0557875341, e-posta adresi: info @ biodermogenesi.com), Ki\u015fisel Veri Sahibi. Biodermogenesi\u00ae terap\u00f6tik programlar\u0131 hakk\u0131nda bilgi ve tavsiye sa\u011flamak amac\u0131yla, y\u00fcr\u00fcrl\u00fckteki mevzuat [&hellip;]<\/p>\n","protected":false},"author":1,"featured_media":0,"parent":0,"menu_order":0,"comment_status":"closed","ping_status":"closed","template":"","meta":{"_et_pb_use_builder":"on","_et_pb_old_content":"","_et_gb_content_width":"","footnotes":""},"class_list":["post-70","page","type-page","status-publish","hentry"],"_links":{"self":[{"href":"https:\/\/www.biodermogenesi.com\/tr\/wp-json\/wp\/v2\/pages\/70","targetHints":{"allow":["GET"]}}],"collection":[{"href":"https:\/\/www.biodermogenesi.com\/tr\/wp-json\/wp\/v2\/pages"}],"about":[{"href":"https:\/\/www.biodermogenesi.com\/tr\/wp-json\/wp\/v2\/types\/page"}],"author":[{"embeddable":true,"href":"https:\/\/www.biodermogenesi.com\/tr\/wp-json\/wp\/v2\/users\/1"}],"replies":[{"embeddable":true,"href":"https:\/\/www.biodermogenesi.com\/tr\/wp-json\/wp\/v2\/comments?post=70"}],"version-history":[{"count":8,"href":"https:\/\/www.biodermogenesi.com\/tr\/wp-json\/wp\/v2\/pages\/70\/revisions"}],"predecessor-version":[{"id":14999,"href":"https:\/\/www.biodermogenesi.com\/tr\/wp-json\/wp\/v2\/pages\/70\/revisions\/14999"}],"wp:attachment":[{"href":"https:\/\/www.biodermogenesi.com\/tr\/wp-json\/wp\/v2\/media?parent=70"}],"curies":[{"name":"wp","href":"https:\/\/api.w.org\/{rel}","templated":true}]}}