{"id":14651,"date":"2022-10-06T10:39:47","date_gmt":"2022-10-06T08:39:47","guid":{"rendered":"https:\/\/www.biodermogenesi.com\/tr\/?page_id=14651"},"modified":"2023-01-23T11:14:04","modified_gmt":"2023-01-23T10:14:04","slug":"faq","status":"publish","type":"page","link":"https:\/\/www.biodermogenesi.com\/tr\/faq\/","title":{"rendered":"faq"},"content":{"rendered":"<p>[et_pb_section fb_built=&#8221;1&#8243; disabled_on=&#8221;on|on|off&#8221; admin_label=&#8221;Intestazione&#8221; _builder_version=&#8221;4.6.1&#8243; _module_preset=&#8221;default&#8221; background_color=&#8221;#ffffff&#8221; use_background_color_gradient=&#8221;on&#8221; background_color_gradient_start=&#8221;rgba(218,228,232,0)&#8221; background_color_gradient_end=&#8221;#D6EBEF&#8221; background_color_gradient_type=&#8221;radial&#8221; background_color_gradient_direction_radial=&#8221;right&#8221; background_image=&#8221;https:\/\/www.biodermogenesi.com\/tr\/wp-content\/uploads\/sites\/15\/2022\/10\/vita-nuova-pelle.png&#8221; background_size=&#8221;initial&#8221; background_position=&#8221;center_left&#8221; min_height=&#8221;464px&#8221; custom_margin=&#8221;|20px||20px|false|true&#8221; custom_padding=&#8221;7px||0px|||&#8221; da_disable_devices=&#8221;off|off|off&#8221; da_is_popup=&#8221;off&#8221; da_exit_intent=&#8221;off&#8221; da_has_close=&#8221;on&#8221; da_alt_close=&#8221;off&#8221; da_dark_close=&#8221;off&#8221; da_not_modal=&#8221;on&#8221; da_is_singular=&#8221;off&#8221; da_with_loader=&#8221;off&#8221; da_has_shadow=&#8221;on&#8221;][et_pb_row column_structure=&#8221;1_2,1_2&#8243; _builder_version=&#8221;4.6.1&#8243; _module_preset=&#8221;default&#8221; custom_padding=&#8221;27px|||||&#8221;][et_pb_column type=&#8221;1_2&#8243; _builder_version=&#8221;4.6.1&#8243; _module_preset=&#8221;default&#8221;][\/et_pb_column][et_pb_column type=&#8221;1_2&#8243; _builder_version=&#8221;4.6.1&#8243; _module_preset=&#8221;default&#8221;][et_pb_text _builder_version=&#8221;4.6.1&#8243; _module_preset=&#8221;default&#8221; header_font=&#8221;Exo 2|600||on|||||&#8221; header_text_color=&#8221;#575756&#8243; header_font_size=&#8221;56px&#8221; header_letter_spacing=&#8221;2px&#8221; header_line_height=&#8221;1.1em&#8221;]<\/p>\n<h1>SSS<\/h1>\n<p>[\/et_pb_text][et_pb_text _builder_version=&#8221;4.6.1&#8243; _module_preset=&#8221;default&#8221; header_font=&#8221;Exo 2|600||on|||||&#8221; header_text_color=&#8221;#575756&#8243; header_font_size=&#8221;46px&#8221; header_3_font=&#8221;Exo 2|300||on|||||&#8221; header_3_text_align=&#8221;left&#8221; header_3_text_color=&#8221;#575756&#8243; header_3_font_size=&#8221;20px&#8221; header_3_letter_spacing=&#8221;2px&#8221; header_3_line_height=&#8221;1.4em&#8221;]<\/p>\n<h3>Etkinli\u011fi ve g\u00fcvenli\u011fi \u00fcniversite \u00e7al\u0131\u015fmalar\u0131 ile onaylanm\u0131\u015f tek \u00e7atlak tedavisi.<\/h3>\n<p>[\/et_pb_text][et_pb_button button_url=&#8221;http:\/\/promo.biodermogenesi.com\/tr\/&#8221; url_new_window=&#8221;on&#8221; button_text=&#8221;\u00dcCRETSIZ DANI\u015eMANLIK ALIN&#8221; button_alignment=&#8221;left&#8221; _builder_version=&#8221;4.6.1&#8243; _module_preset=&#8221;default&#8221; custom_button=&#8221;on&#8221; button_font=&#8221;|600|||||||&#8221; custom_padding=&#8221;8px|46px|8px|46px|true|true&#8221; hover_enabled=&#8221;0&#8243; locked=&#8221;off&#8221; sticky_enabled=&#8221;0&#8243; disabled_on=&#8221;on|on|on&#8221; disabled=&#8221;on&#8221;][\/et_pb_button][\/et_pb_column][\/et_pb_row][\/et_pb_section][et_pb_section fb_built=&#8221;1&#8243; disabled_on=&#8221;off|off|on&#8221; admin_label=&#8221;Intestazione&#8221; _builder_version=&#8221;4.6.1&#8243; _module_preset=&#8221;default&#8221; background_color=&#8221;#ffffff&#8221; use_background_color_gradient=&#8221;on&#8221; background_color_gradient_start=&#8221;rgba(218,228,232,0)&#8221; background_color_gradient_end=&#8221;#D6EBEF&#8221; background_color_gradient_direction=&#8221;1deg&#8221; background_enable_image=&#8221;off&#8221; background_size=&#8221;initial&#8221; background_position=&#8221;center_left&#8221; min_height=&#8221;464px&#8221; custom_margin=&#8221;|0px||0px|false|true&#8221; custom_padding=&#8221;7px||0px|||&#8221; da_disable_devices=&#8221;off|off|off&#8221; da_is_popup=&#8221;off&#8221; da_exit_intent=&#8221;off&#8221; da_has_close=&#8221;on&#8221; da_alt_close=&#8221;off&#8221; da_dark_close=&#8221;off&#8221; da_not_modal=&#8221;on&#8221; da_is_singular=&#8221;off&#8221; da_with_loader=&#8221;off&#8221; da_has_shadow=&#8221;on&#8221;][et_pb_row _builder_version=&#8221;4.6.1&#8243; _module_preset=&#8221;default&#8221; width=&#8221;100%&#8221; custom_padding=&#8221;27px|||||&#8221;][et_pb_column type=&#8221;4_4&#8243; _builder_version=&#8221;4.6.1&#8243; _module_preset=&#8221;default&#8221;][et_pb_text _builder_version=&#8221;4.6.1&#8243; _module_preset=&#8221;default&#8221; header_font=&#8221;Exo 2|600||on|||||&#8221; header_text_align=&#8221;left&#8221; header_text_color=&#8221;#575756&#8243; header_font_size=&#8221;37px&#8221; header_letter_spacing=&#8221;2px&#8221; header_line_height=&#8221;1.1em&#8221; custom_padding=&#8221;|||32px|false|false&#8221;]<\/p>\n<h1>sss<\/h1>\n<p>[\/et_pb_text][et_pb_text _builder_version=&#8221;4.6.1&#8243; _module_preset=&#8221;default&#8221; header_font=&#8221;Exo 2|600||on|||||&#8221; header_text_color=&#8221;#575756&#8243; header_font_size=&#8221;46px&#8221; header_3_font=&#8221;Exo 2|300||on|||||&#8221; header_3_text_align=&#8221;left&#8221; header_3_text_color=&#8221;#575756&#8243; header_3_font_size=&#8221;17px&#8221; header_3_letter_spacing=&#8221;2px&#8221; header_3_line_height=&#8221;1.4em&#8221; custom_padding=&#8221;|36px||36px|false|true&#8221;]<\/p>\n<h3>Etkinli\u011fi ve g\u00fcvenli\u011fi \u00fcniversite \u00e7al\u0131\u015fmalar\u0131 ile onaylanm\u0131\u015f tek \u00e7atlak tedavisi.<\/h3>\n<p>[\/et_pb_text][et_pb_image src=&#8221;https:\/\/www.biodermogenesi.com\/tr\/wp-content\/uploads\/sites\/15\/2022\/10\/vita-nuova-pelle.png&#8221; title_text=&#8221;vita-nuova-pelle&#8221; align=&#8221;center&#8221; force_fullwidth=&#8221;on&#8221; _builder_version=&#8221;4.6.1&#8243; _module_preset=&#8221;default&#8221;][\/et_pb_image][et_pb_button button_url=&#8221;http:\/\/promo.biodermogenesi.com\/tr\/&#8221; url_new_window=&#8221;on&#8221; button_text=&#8221;\u00dcCRETSIZ DANI\u015eMANLIK ALIN&#8221; button_alignment=&#8221;center&#8221; _builder_version=&#8221;4.6.1&#8243; _module_preset=&#8221;default&#8221; custom_button=&#8221;on&#8221; button_font=&#8221;|600|||||||&#8221; custom_padding=&#8221;8px|46px|8px|46px|true|true&#8221; locked=&#8221;off&#8221; disabled_on=&#8221;on|on|on&#8221; disabled=&#8221;on&#8221;][\/et_pb_button][\/et_pb_column][\/et_pb_row][\/et_pb_section][et_pb_section fb_built=&#8221;1&#8243; admin_label=&#8221;Intestazione&#8221; _builder_version=&#8221;4.6.1&#8243; _module_preset=&#8221;default&#8221; background_color=&#8221;#ffffff&#8221; custom_margin=&#8221;|20px||20px|false|true&#8221; custom_padding=&#8221;7px||5px|||&#8221; da_disable_devices=&#8221;off|off|off&#8221; da_is_popup=&#8221;off&#8221; da_exit_intent=&#8221;off&#8221; da_has_close=&#8221;on&#8221; da_alt_close=&#8221;off&#8221; da_dark_close=&#8221;off&#8221; da_not_modal=&#8221;on&#8221; da_is_singular=&#8221;off&#8221; da_with_loader=&#8221;off&#8221; da_has_shadow=&#8221;on&#8221;][et_pb_row _builder_version=&#8221;4.6.1&#8243; _module_preset=&#8221;default&#8221;][et_pb_column type=&#8221;4_4&#8243; _builder_version=&#8221;4.6.1&#8243; _module_preset=&#8221;default&#8221;][et_pb_text _builder_version=&#8221;4.6.1&#8243; _module_preset=&#8221;default&#8221; header_font=&#8221;|||on|||||&#8221; header_text_align=&#8221;center&#8221; header_text_color=&#8221;#575756&#8243; header_font_size=&#8221;32px&#8221; custom_margin=&#8221;||15px|||&#8221;]<\/p>\n<h1>Frequently Asked Questions<\/h1>\n<p>[\/et_pb_text][et_pb_divider color=&#8221;#3088B3&#8243; divider_weight=&#8221;6px&#8221; _builder_version=&#8221;4.6.1&#8243; _module_preset=&#8221;default&#8221; width=&#8221;100px&#8221; module_alignment=&#8221;center&#8221; custom_margin=&#8221;||0px||false|false&#8221; custom_padding=&#8221;||0px||false|false&#8221;][\/et_pb_divider][\/et_pb_column][\/et_pb_row][et_pb_row use_custom_gutter=&#8221;on&#8221; _builder_version=&#8221;4.6.1&#8243; _module_preset=&#8221;default&#8221; width=&#8221;70%&#8221; width_tablet=&#8221;90%&#8221; width_phone=&#8221;90%&#8221; width_last_edited=&#8221;on|desktop&#8221; max_width=&#8221;70%&#8221; max_width_tablet=&#8221;90%&#8221; max_width_phone=&#8221;&#8221; max_width_last_edited=&#8221;on|tablet&#8221; custom_margin=&#8221;|auto|8px|auto|false|false&#8221; custom_padding=&#8221;||29px||false|false&#8221;][et_pb_column type=&#8221;4_4&#8243; _builder_version=&#8221;4.6.1&#8243; _module_preset=&#8221;default&#8221;][et_pb_accordion open_toggle_text_color=&#8221;#3088B3&#8243; icon_color=&#8221;#3088B3&#8243; _builder_version=&#8221;4.6.1&#8243; _module_preset=&#8221;default&#8221; toggle_font=&#8221;|700||on|||||&#8221; custom_margin=&#8221;||||false|false&#8221; custom_padding=&#8221;||||false|false&#8221; custom_css_toggle=&#8221;margin-bottom: 5px !important;&#8221;][et_pb_accordion_item title=&#8221;BIODERMOGENESI\u00ae&#8217;NI\u0307N ETKI\u0307NLI\u0307\u011eI\u0307NI\u0307 KI\u0307MLER KANITLAMI\u015eTIR?&#8221; open=&#8221;on&#8221; _builder_version=&#8221;4.6.1&#8243; _module_preset=&#8221;default&#8221;]<\/p>\n<p>Biodermogenesi\u00ae&#8217;nin etkinli\u011fi, bir k\u0131sm\u0131 Pisa, Pavia ve Verona \u00dcniversitelerinin i\u015fbirli\u011fiyle y\u00fcr\u00fct\u00fclen 1.250&#8217;den fazla hasta \u00fczerinde yap\u0131lan bilimsel \u00e7al\u0131\u015fmalarla kan\u0131tlanm\u0131\u015ft\u0131r.<\/p>\n<p>[\/et_pb_accordion_item][et_pb_accordion_item title=&#8221;BILIMSEL \u00c7ALI\u015eMALARDA TEDAVI EDILEN HASTALARIN KA\u00c7INDA IYILE\u015eME G\u00d6R\u00dcLD\u00dc?&#8221; _builder_version=&#8221;4.6.1&#8243; _module_preset=&#8221;default&#8221; open=&#8221;off&#8221;]<\/p>\n<p>Tedavi edilen t\u00fcm hastalar, \u00e7ok az\u0131 marjinal \u00f6l\u00e7\u00fcde olmak \u00fczere iyile\u015fme g\u00f6sterirken, %83&#8217;\u00fc \u00e7ok veya a\u015f\u0131r\u0131 derecede memnun olduklar\u0131n\u0131 belirtmi\u015ftir.<\/p>\n<p>[\/et_pb_accordion_item][et_pb_accordion_item title=&#8221;BI\u0307ODERMOGENESI\u0307\u00ae TEDAVI\u0307SI\u0307NI\u0307N BI\u0307R SONUCU OLARAK KAR\u015eILA\u015eABI\u0307LECE\u011eI\u0307NI\u0307Z RI\u0307SKLER VE YAN ETKI\u0307LER NELERDI\u0307R?&#8221; _builder_version=&#8221;4.6.1&#8243; _module_preset=&#8221;default&#8221; open=&#8221;off&#8221;]<\/p>\n<p>T\u00fcm bilimsel \u00e7al\u0131\u015fmalar ve \u0130talya&#8217;da ve yurtd\u0131\u015f\u0131nda Biodermogenesi\u00ae kullanan y\u00fczlerce doktorun g\u00fcnl\u00fck uygulamalar\u0131, tedavilerle ilgili hi\u00e7bir yan etki riski olmad\u0131\u011f\u0131n\u0131 g\u00f6stermektedir.<\/p>\n<p>[\/et_pb_accordion_item][et_pb_accordion_item title=&#8221;BIODERMOGENESI\u00ae \u00c7ATLAKLARIN TEDAVI\u0307SI\u0307NDE NE KADAR ETKI\u0307LI\u0307DI\u0307R?&#8221; _builder_version=&#8221;4.6.1&#8243; _module_preset=&#8221;default&#8221; open=&#8221;off&#8221;]<\/p>\n<p>Biodermogenesi\u00ae&#8217;nin her t\u00fcr, tarih, konum ve alaka d\u00fczeyindeki \u00e7atlaklar\u0131 yenileyebildi\u011fi g\u00f6sterilmi\u015ftir. \u00c7atlaklar dolgunla\u015f\u0131r ve \u00e7evredeki sa\u011fl\u0131kl\u0131 cilt gibi bronzla\u015f\u0131r.<\/p>\n<p>[\/et_pb_accordion_item][et_pb_accordion_item title=&#8221;BEYAZ VE ESKI\u0307 \u00c7ATLAKLAR \u00dcZERI\u0307NDE ETKI\u0307LI\u0307 MI\u0307DI\u0307R?&#8221; _builder_version=&#8221;4.6.1&#8243; _module_preset=&#8221;default&#8221; open=&#8221;off&#8221;]<\/p>\n<p>Kesinlikle evet, k\u0131rm\u0131z\u0131 \u00e7atlaklara g\u00f6re daha fazla seans gerekecektir, ancak 30 ya\u015f\u0131ndan b\u00fcy\u00fck \u00e7atlaklarda bile rejenerasyon sa\u011flan\u0131r.<\/p>\n<p>[\/et_pb_accordion_item][et_pb_accordion_item title=&#8221;BIODERMOGENESI\u00ae I\u0307LE TEDAVI\u0307 EDI\u0307LEN \u00c7ATLAKLAR NE KADAR DOLMAKTADIR?&#8221; _builder_version=&#8221;4.6.1&#8243; _module_preset=&#8221;default&#8221; open=&#8221;off&#8221;]<\/p>\n<p>Pisa \u00dcniversitesi Dermatoloji Fak\u00fcltesi taraf\u0131ndan yap\u0131lan bir ara\u015ft\u0131rma, yeni kolajen ve elastik liflerin \u00e7o\u011falmas\u0131 sayesinde beyaz \u00e7atlaklar\u0131n ortalama %82 oran\u0131nda doldu\u011funu g\u00f6stermi\u015ftir.<\/p>\n<p>[\/et_pb_accordion_item][et_pb_accordion_item title=&#8221;BIODERMOGENESI\u00ae I\u0307LE TEDAVI\u0307 EDI\u0307LEN \u00c7ATLAKLAR NEDEN BRONZLA\u015eIR?&#8221; _builder_version=&#8221;4.6.1&#8243; _module_preset=&#8221;default&#8221; open=&#8221;off&#8221;]<\/p>\n<p>Biodermogenesi\u00ae&#8217;yi desteklemek i\u00e7in al\u0131nan d\u00fczinelerce biyopsi, cilt katmanlar\u0131n\u0131n yeniden d\u00fczenlendi\u011fini ve bu yeniden yap\u0131lanman\u0131n bir par\u00e7as\u0131 olarak melanositlerin do\u011fru aktivitesinin geri kazan\u0131ld\u0131\u011f\u0131n\u0131 g\u00f6stermektedir; g\u00fcne\u015fe maruz kalma, bronzla\u015fmay\u0131 sa\u011flayan melanin \u00fcretimini destekler. Biodermogenesi\u00ae \u00e7atlaklar i\u00e7in melanositlerin varl\u0131\u011f\u0131n\u0131 g\u00f6steren biyopsiler \u00fcreten tek tedavidir.<\/p>\n<p>[\/et_pb_accordion_item][et_pb_accordion_item title=&#8221;\u00c7ATLAKLAR NASIL BRONZLA\u015eIR?&#8221; _builder_version=&#8221;4.6.1&#8243; _module_preset=&#8221;default&#8221; open=&#8221;off&#8221;]<\/p>\n<p>Biodermogenesi\u00ae ile tedavi edilen \u00e7atlaklar, do\u011fal veya yapay ultraviyole \u0131\u015f\u0131nlar\u0131na maruz kald\u0131\u011f\u0131nda melanin \u00fcretimi ile reaksiyona girerek \u00e7atlaklar\u0131n bronzla\u015fmas\u0131na neden olur. Biodermogenesi\u00ae tedavilerinden sonra, \u00e7atlaklar ilk g\u00fcne\u015fe maruz kalan bir bebe\u011fin cildi gibidir, bu nedenle yeterli korumaya ihtiya\u00e7 duyar ve \u00e7evre dokuya g\u00f6re daha yava\u015f tepki verir. \u0130lk bronzluk kayb\u0131ndan sonra ve sonraki maruz kalma ile \u00e7atlaklar biti\u015fik cilde benzer \u015fekilde bronzla\u015facakt\u0131r. Bu andan itibaren, sa\u011fl\u0131kl\u0131 cilt ve \u00e7atlak benzer bir renge sahip olacakt\u0131r.<\/p>\n<p>[\/et_pb_accordion_item][et_pb_accordion_item title=&#8221;\u00c7ATLAK TEDAVI\u0307SI\u0307 I\u0307\u00c7I\u0307N KA\u00c7 SEANS GEREKLI\u0307DI\u0307R VE NE SIKLIKTA YAPILMALIDIR?&#8221; _builder_version=&#8221;4.6.1&#8243; _module_preset=&#8221;default&#8221; open=&#8221;off&#8221;]<\/p>\n<p>\u00c7atlaklar\u0131n yenilenmesi i\u00e7in 6 ila 9 seans, karma\u015f\u0131k \u00e7atlaklar veya daha \u00f6nce Biodermogenesi\u00ae d\u0131\u015f\u0131nda tedaviler uygulanm\u0131\u015f \u00e7atlaklar i\u00e7in nadiren 12 seans gerekir. Tedaviler en az 48 saat arayla haftada bir veya iki kez ger\u00e7ekle\u015ftirilir.<\/p>\n<p>[\/et_pb_accordion_item][et_pb_accordion_item title=&#8221;BIODERMOGENESI\u00ae HER T\u00dcRL\u00dc YARA I\u0307ZI\u0307 VE KELOI\u0307D \u00dcZERI\u0307NDE I\u0307\u015eE YARAR MI?&#8221; _builder_version=&#8221;4.6.1&#8243; _module_preset=&#8221;default&#8221; open=&#8221;off&#8221;]<\/p>\n<p>Terapi, hipotrofik ve hipertrofik yara izlerinde ve \u015fiddetli olmayan keloidlerde \u00f6nemli estetik sonu\u00e7lar elde edilmesini sa\u011flar. Sonu\u00e7lar, ameliyat sonras\u0131, s\u0131yr\u0131klar, akne sonras\u0131, travma, yan\u0131klar ve kimyasal yan\u0131klar gibi fiziksel nedenlerden ba\u011f\u0131ms\u0131z olarak elde edilir.<\/p>\n<p>[\/et_pb_accordion_item][et_pb_accordion_item title=&#8221;YARA I\u0307ZLERI\u0307NI\u0307N TEDAVI\u0307SI\u0307NDE NE GI\u0307BI\u0307 ESTETI\u0307K SONU\u00c7LAR ELDE EDI\u0307LEBI\u0307LI\u0307R?&#8221; _builder_version=&#8221;4.6.1&#8243; _module_preset=&#8221;default&#8221; open=&#8221;off&#8221;]<\/p>\n<p>Biodermogenesi\u00ae ile yap\u0131lan terapilerden sonra, yara izleri \u00e7evredeki sa\u011fl\u0131kl\u0131 cilt ile ayn\u0131 seviyeye gelme, esneklik ve hidrasyonu geri kazanma ile renk fark\u0131n\u0131 azaltma e\u011filimindedir.<\/p>\n<p>[\/et_pb_accordion_item][et_pb_accordion_item title=&#8221;SIVILCE IZLERINDE I\u015eE YARAR MI?&#8221; _builder_version=&#8221;4.6.1&#8243; _module_preset=&#8221;default&#8221; open=&#8221;off&#8221;]<\/p>\n<p>Biodermogenesi\u00ae ayr\u0131ca hem y\u00fczdeki, hem s\u0131rttaki hem de v\u00fccudun di\u011fer b\u00f6lgelerindeki akne izlerinin yenilenmesini sa\u011flar.<\/p>\n<p>[\/et_pb_accordion_item][et_pb_accordion_item title=&#8221;BIODERMOGENESI\u00ae YARA I\u0307ZLERI\u0307 \u00dcZERI\u0307NDE YAPISAL A\u00c7IDAN DA I\u0307\u015eE YARIYOR MU?&#8221; _builder_version=&#8221;4.6.1&#8243; _module_preset=&#8221;default&#8221; open=&#8221;off&#8221;]<\/p>\n<p>\u00c7al\u0131\u015fmalar, Biodermogenesi\u00ae&#8217;nin geri \u00e7ekilen yara izlerinde daha iyi hareketlilik ve uzama sa\u011flamaya yard\u0131mc\u0131 olabilece\u011fini, belirgin fibrozis ve buna ba\u011fl\u0131 a\u011fr\u0131 ile karakterize yara izlerinde ise a\u011fr\u0131n\u0131n hafiflemesiyle birlikte fibrozisin azalmas\u0131n\u0131 sa\u011flad\u0131\u011f\u0131n\u0131 g\u00f6stermi\u015ftir.<\/p>\n<p>[\/et_pb_accordion_item][et_pb_accordion_item title=&#8221;YARA I\u0307ZI\u0307 TEDAVI\u0307SI\u0307 I\u0307\u00c7I\u0307N KA\u00c7 SEANSA I\u0307HTI\u0307YACINIZ VAR?&#8221; _builder_version=&#8221;4.6.1&#8243; _module_preset=&#8221;default&#8221; open=&#8221;off&#8221;]<\/p>\n<p>Her yara izinin kendine \u00f6zg\u00fc \u00f6zellikleri vard\u0131r; bu nedenle belirli bir tedavi program\u0131 \u00f6ng\u00f6rmek zordur. Elde edilen deneyimler, tedavi edilen t\u00fcm hastalar\u0131n 4 ila 10 seans aras\u0131nda de\u011fi\u015febilen bir tedavi program\u0131 sayesinde yara izlerinde estetik ve i\u015flevsel bir iyile\u015fme oldu\u011funu g\u00f6stermi\u015ftir. Her durumda, yara izi tedavisi i\u00e7in doktor, ilk t\u0131bbi ge\u00e7mi\u015f ziyaretine ve ilk seans\u0131n sonucuna dayanarak tedavi yolunu de\u011ferlendirecektir.<\/p>\n<p>[\/et_pb_accordion_item][et_pb_accordion_item title=&#8221;BIODERMOGENESI\u00ae YA\u015eLANMA KAR\u015eITI TEDAVI\u0307 I\u0307LE HANGI\u0307 SONU\u00c7LARI ELDE EDI\u0307YORSUNUZ?&#8221; _builder_version=&#8221;4.6.1&#8243; _module_preset=&#8221;default&#8221; open=&#8221;off&#8221;]<\/p>\n<p>Bu durumda da ger\u00e7ek bir cilt yenilenmesi elde edilir, k\u0131r\u0131\u015f\u0131kl\u0131klar azal\u0131r, cilt nemlenir ve daha parlak ve canl\u0131 hale gelir, y\u00fcz hatlar\u0131 gerilir.<\/p>\n<p>[\/et_pb_accordion_item][et_pb_accordion_item title=&#8221;TEDAVILER I\u00c7IN YA\u015e SINIRI VAR MI?&#8221; _builder_version=&#8221;4.6.1&#8243; _module_preset=&#8221;default&#8221; open=&#8221;off&#8221;]<\/p>\n<p>Hay\u0131r, seksen ya\u015f \u00fcst\u00fc hastalarda da cildin iyile\u015fmesi ve k\u0131r\u0131\u015f\u0131kl\u0131klar\u0131n azalmas\u0131 sa\u011flanm\u0131\u015ft\u0131r.<\/p>\n<p>[\/et_pb_accordion_item][et_pb_accordion_item title=&#8221;BOYUNDA DA I\u015eE YARIYOR MU?&#8221; _builder_version=&#8221;4.6.1&#8243; _module_preset=&#8221;default&#8221; open=&#8221;off&#8221;]<\/p>\n<p>Kesinlikle evet, boyun daha kompakt vedaha s\u0131k\u0131 hale gelir, k\u0131r\u0131\u015f\u0131kl\u0131klar azal\u0131r.<\/p>\n<p>[\/et_pb_accordion_item][et_pb_accordion_item title=&#8221;BIODERMOGENESI\u00ae&#8217;NI\u0307N YA\u015eLANMA KAR\u015eITI TEDAVI\u0307DE ETKI\u0307NLI\u0307\u011eI\u0307NI\u0307 G\u00d6STEREN KLI\u0307NI\u0307K \u00c7ALI\u015eMALAR VAR MI?&#8221; _builder_version=&#8221;4.6.1&#8243; _module_preset=&#8221;default&#8221; open=&#8221;off&#8221;]<\/p>\n<p>Ya\u015flar\u0131 40 ila 81 aras\u0131nda de\u011fi\u015fen kad\u0131n ve erkek 217 hasta \u00fczerinde yap\u0131lan bir \u00e7al\u0131\u015fma, hastalar\u0131n cildinde \u00f6nemli bir estetik iyile\u015fme oldu\u011funu g\u00f6stermi\u015ftir. Ayr\u0131ca, hastalar elde edilen sonu\u00e7lardan son derece memnun olduklar\u0131n\u0131 belirtmi\u015flerdir. Enstr\u00fcmantal analiz, cilt hidrasyonunda %35&#8217;lik bir art\u0131\u015f ile sebum ve pH&#8217;\u0131n normalle\u015fti\u011fini g\u00f6stermi\u015ftir.<\/p>\n<p>[\/et_pb_accordion_item][et_pb_accordion_item title=&#8221;Y\u00dcZ VE BOYUN YA\u015eLANMA KAR\u015eITI TEDAVI\u0307 I\u0307\u00c7I\u0307N KA\u00c7 SEANSA I\u0307HTI\u0307YACINIZ VAR?&#8221; _builder_version=&#8221;4.6.1&#8243; _module_preset=&#8221;default&#8221; open=&#8221;off&#8221;]<\/p>\n<p>Y\u00fcz ve boyun derisi \u00fczerinde \u00f6nemli bir gen\u00e7le\u015ftirici etki elde etmek i\u00e7in haftada 4 ila 6 seans gereklidir.<\/p>\n<p>[\/et_pb_accordion_item][\/et_pb_accordion][\/et_pb_column][\/et_pb_row][\/et_pb_section][et_pb_section fb_built=&#8221;1&#8243; admin_label=&#8221;footer eng&#8221; _builder_version=&#8221;4.4.1&#8243; background_color=&#8221;#3088b3&#8243; custom_padding=&#8221;0px||0px|||&#8221; da_disable_devices=&#8221;off|off|off&#8221; global_module=&#8221;80&#8243; locked=&#8221;off&#8221; da_is_popup=&#8221;off&#8221; da_exit_intent=&#8221;off&#8221; da_has_close=&#8221;on&#8221; da_alt_close=&#8221;off&#8221; da_dark_close=&#8221;off&#8221; da_not_modal=&#8221;on&#8221; da_is_singular=&#8221;off&#8221; da_with_loader=&#8221;off&#8221; da_has_shadow=&#8221;on&#8221;][et_pb_row column_structure=&#8221;1_4,1_4,1_4,1_4&#8243; _builder_version=&#8221;4.0.6&#8243; locked=&#8221;off&#8221;][et_pb_column type=&#8221;1_4&#8243; _builder_version=&#8221;4.0.6&#8243;][et_pb_image src=&#8221;https:\/\/www2.biodermogenesi.com\/uk\/wp-content\/uploads\/sites\/15\/2020\/06\/logo.png&#8221; _builder_version=&#8221;4.0.6&#8243;][\/et_pb_image][et_pb_text _builder_version=&#8221;4.6.1&#8243; text_font=&#8221;|700|||||||&#8221; text_text_color=&#8221;#ffffff&#8221; text_font_size=&#8221;10px&#8221; link_font=&#8221;||||||||&#8221; link_text_color=&#8221;#ffffff&#8221;]<a href=\"https:\/\/www.biodermogenesi.com\/tr\/legal-information\/\">\u00d6NEMLI\u0307 YASAL BI\u0307LGI\u0307LER<\/a><br \/>\n<a href=\"https:\/\/www.biodermogenesi.com\/tr\/privacy-policy\/\">G\u0130ZL\u0130L\u0130K POL\u0130T\u0130KASI<\/a>[\/et_pb_text][\/et_pb_column][et_pb_column type=&#8221;1_4&#8243; _builder_version=&#8221;4.0.6&#8243;][et_pb_text _builder_version=&#8221;4.6.1&#8243; text_text_color=&#8221;#ffffff&#8221; text_line_height=&#8221;1.3em&#8221; header_6_text_color=&#8221;#83bdd9&#8243; header_6_font_size=&#8221;16px&#8221;]<\/p>\n<h6>Bilgi<\/h6>\n<p><strong>BIODERMOGENESI\u00ae<\/strong> <strong>EXPO ITALIA s.r.l.<\/strong>&#8216;nin tescilli ticari markas\u0131d\u0131r.<\/p>\n<p>Floransa (\u0130TALYA)<\/p>\n<p>[\/et_pb_text][\/et_pb_column][et_pb_column type=&#8221;1_4&#8243; _builder_version=&#8221;4.0.6&#8243;][et_pb_text _builder_version=&#8221;4.6.1&#8243; text_text_color=&#8221;#ffffff&#8221; header_6_text_color=&#8221;#83bdd9&#8243; header_6_font_size=&#8221;16px&#8221; custom_margin=&#8221;||17px|||&#8221;]<\/p>\n<h6>\u0130leti\u015fim bilgileri<\/h6>\n<p>E-posta infotr@biodermogenesi.com<\/p>\n<p>VAT 04697040485<\/p>\n<p>[\/et_pb_text][et_pb_image src=&#8221;https:\/\/www2.biodermogenesi.com\/uk\/wp-content\/uploads\/sites\/15\/2020\/06\/88&#215;31.png&#8221; _builder_version=&#8221;4.0.6&#8243;][\/et_pb_image][\/et_pb_column][et_pb_column type=&#8221;1_4&#8243; _builder_version=&#8221;4.0.6&#8243;][et_pb_text _builder_version=&#8221;4.6.1&#8243; text_text_color=&#8221;#ffffff&#8221; header_6_text_color=&#8221;#83bdd9&#8243; header_6_font_size=&#8221;16px&#8221; custom_margin=&#8221;||17px|||&#8221;]<\/p>\n<h6>Bizi takip edin<\/h6>\n<p>[\/et_pb_text][et_pb_text _builder_version=&#8221;4.6.1&#8243; text_text_color=&#8221;#ffffff&#8221;]<\/p>\n<div><a href=\"https:\/\/www.facebook.com\/Biodermogenesi-United-Kingdom-104182014404976\" target=\"_blank\" rel=\"noopener noreferrer\"><img loading=\"lazy\" decoding=\"async\" style=\"margin: 5px;\" src=\"https:\/\/www2.biodermogenesi.com\/wp-content\/uploads\/2020\/06\/social-facebook.png\" alt=\"Facebook\" width=\"30\" height=\"30\" \/><\/a><a href=\"https:\/\/www.youtube.com\/channel\/UCFSORtLN0rT3Wh17jYS0lhQ\" target=\"_blank\" rel=\"noopener noreferrer\"><img loading=\"lazy\" decoding=\"async\" style=\"margin: 5px;\" src=\"https:\/\/www2.biodermogenesi.com\/wp-content\/uploads\/2020\/06\/youtube-social.png\" alt=\"Facebook\" width=\"30\" height=\"30\" \/><\/a><a href=\"https:\/\/www.instagram.com\/biodermogenesiofficial\/?hl=it\" target=\"_blank\" rel=\"noopener noreferrer\"><img loading=\"lazy\" decoding=\"async\" style=\"margin: 5px;\" src=\"https:\/\/www2.biodermogenesi.com\/wp-content\/uploads\/2020\/06\/social-instagram.png\" alt=\"Youtube\" width=\"30\" height=\"30\" \/><\/a><\/div>\n<p>[\/et_pb_text][\/et_pb_column][\/et_pb_row][\/et_pb_section]<\/p>\n","protected":false},"excerpt":{"rendered":"<p>SSSEtkinli\u011fi ve g\u00fcvenli\u011fi \u00fcniversite \u00e7al\u0131\u015fmalar\u0131 ile onaylanm\u0131\u015f tek \u00e7atlak tedavisi.sssEtkinli\u011fi ve g\u00fcvenli\u011fi \u00fcniversite \u00e7al\u0131\u015fmalar\u0131 ile onaylanm\u0131\u015f tek \u00e7atlak tedavisi.Frequently Asked QuestionsBiodermogenesi\u00ae&#8217;nin etkinli\u011fi, bir k\u0131sm\u0131 Pisa, Pavia ve Verona \u00dcniversitelerinin i\u015fbirli\u011fiyle y\u00fcr\u00fct\u00fclen 1.250&#8217;den fazla hasta \u00fczerinde yap\u0131lan bilimsel \u00e7al\u0131\u015fmalarla kan\u0131tlanm\u0131\u015ft\u0131r.Tedavi edilen t\u00fcm hastalar, \u00e7ok az\u0131 marjinal \u00f6l\u00e7\u00fcde olmak \u00fczere iyile\u015fme g\u00f6sterirken, %83&#8217;\u00fc \u00e7ok veya a\u015f\u0131r\u0131 derecede [&hellip;]<\/p>\n","protected":false},"author":1,"featured_media":0,"parent":0,"menu_order":0,"comment_status":"closed","ping_status":"closed","template":"","meta":{"_et_pb_use_builder":"on","_et_pb_old_content":"","_et_gb_content_width":"","footnotes":""},"class_list":["post-14651","page","type-page","status-publish","hentry"],"_links":{"self":[{"href":"https:\/\/www.biodermogenesi.com\/tr\/wp-json\/wp\/v2\/pages\/14651","targetHints":{"allow":["GET"]}}],"collection":[{"href":"https:\/\/www.biodermogenesi.com\/tr\/wp-json\/wp\/v2\/pages"}],"about":[{"href":"https:\/\/www.biodermogenesi.com\/tr\/wp-json\/wp\/v2\/types\/page"}],"author":[{"embeddable":true,"href":"https:\/\/www.biodermogenesi.com\/tr\/wp-json\/wp\/v2\/users\/1"}],"replies":[{"embeddable":true,"href":"https:\/\/www.biodermogenesi.com\/tr\/wp-json\/wp\/v2\/comments?post=14651"}],"version-history":[{"count":11,"href":"https:\/\/www.biodermogenesi.com\/tr\/wp-json\/wp\/v2\/pages\/14651\/revisions"}],"predecessor-version":[{"id":14967,"href":"https:\/\/www.biodermogenesi.com\/tr\/wp-json\/wp\/v2\/pages\/14651\/revisions\/14967"}],"wp:attachment":[{"href":"https:\/\/www.biodermogenesi.com\/tr\/wp-json\/wp\/v2\/media?parent=14651"}],"curies":[{"name":"wp","href":"https:\/\/api.w.org\/{rel}","templated":true}]}}