{"id":14640,"date":"2022-10-06T10:29:58","date_gmt":"2022-10-06T08:29:58","guid":{"rendered":"https:\/\/www.biodermogenesi.com\/tr\/?page_id=14640"},"modified":"2023-06-15T15:04:14","modified_gmt":"2023-06-15T13:04:14","slug":"scientific-research","status":"publish","type":"page","link":"https:\/\/www.biodermogenesi.com\/tr\/scientific-research\/","title":{"rendered":"Scientific Research"},"content":{"rendered":"<p>[et_pb_section fb_built=&#8221;1&#8243; disabled_on=&#8221;on|on|off&#8221; admin_label=&#8221;Intestazione&#8221; _builder_version=&#8221;4.16&#8243; _module_preset=&#8221;default&#8221; background_color=&#8221;#FAF0E2&#8243; background_image=&#8221;https:\/\/www.biodermogenesi.com\/tr\/wp-content\/uploads\/sites\/15\/2022\/10\/Medical-research-1.png&#8221; background_size=&#8221;initial&#8221; background_position=&#8221;center_right&#8221; min_height=&#8221;445px&#8221; custom_margin=&#8221;|20px|20px|20px|false|true&#8221; custom_padding=&#8221;7px||5px|||&#8221; da_disable_devices=&#8221;off|off|off&#8221; global_colors_info=&#8221;{}&#8221; da_is_popup=&#8221;off&#8221; da_exit_intent=&#8221;off&#8221; da_has_close=&#8221;on&#8221; da_alt_close=&#8221;off&#8221; da_dark_close=&#8221;off&#8221; da_not_modal=&#8221;on&#8221; da_is_singular=&#8221;off&#8221; da_with_loader=&#8221;off&#8221; da_has_shadow=&#8221;on&#8221;][et_pb_row column_structure=&#8221;1_2,1_2&#8243; _builder_version=&#8221;4.16&#8243; _module_preset=&#8221;default&#8221; custom_padding=&#8221;72px|||||&#8221; global_colors_info=&#8221;{}&#8221;][et_pb_column type=&#8221;1_2&#8243; _builder_version=&#8221;4.16&#8243; _module_preset=&#8221;default&#8221; global_colors_info=&#8221;{}&#8221;][et_pb_text _builder_version=&#8221;4.16&#8243; _module_preset=&#8221;default&#8221; header_font=&#8221;Exo 2|600||on|||||&#8221; header_text_color=&#8221;#575756&#8243; header_font_size=&#8221;46px&#8221; global_colors_info=&#8221;{}&#8221;]<\/p>\n<h1>Yeni bir terap\u00f6tik<br \/>yakla\u015f\u0131m<\/h1>\n<p>[\/et_pb_text][et_pb_text _builder_version=&#8221;4.16&#8243; _module_preset=&#8221;default&#8221; header_font=&#8221;Exo 2|600||on|||||&#8221; header_text_color=&#8221;#575756&#8243; header_font_size=&#8221;46px&#8221; header_3_font=&#8221;Exo 2|300||on|||||&#8221; header_3_text_align=&#8221;left&#8221; header_3_text_color=&#8221;#575756&#8243; header_3_font_size=&#8221;20px&#8221; header_3_letter_spacing=&#8221;2px&#8221; header_3_line_height=&#8221;1.4em&#8221; global_colors_info=&#8221;{}&#8221;]<\/p>\n<h3>Biodermogenesi\u00ae \u00e7atlaklar\u0131n, yara izlerinin tedavisinde ve ya\u015flanma kar\u015f\u0131t\u0131 tedavide etkinli\u011fi ve g\u00fcvenilirli\u011fi onlarca \u00e7al\u0131\u015fma ve bilimsel yay\u0131nla belgelenmi\u015f bir rejeneratif terapidir.<\/h3>\n<p>[\/et_pb_text][\/et_pb_column][et_pb_column type=&#8221;1_2&#8243; _builder_version=&#8221;4.16&#8243; _module_preset=&#8221;default&#8221; global_colors_info=&#8221;{}&#8221;][\/et_pb_column][\/et_pb_row][et_pb_row column_structure=&#8221;1_4,1_4,1_4,1_4&#8243; use_custom_gutter=&#8221;on&#8221; gutter_width=&#8221;1&#8243; make_equal=&#8221;on&#8221; _builder_version=&#8221;4.16&#8243; _module_preset=&#8221;default&#8221; custom_padding=&#8221;||47px|||&#8221; global_colors_info=&#8221;{}&#8221;][et_pb_column type=&#8221;1_4&#8243; _builder_version=&#8221;4.16&#8243; _module_preset=&#8221;default&#8221; custom_padding=&#8221;||||false|false&#8221; global_colors_info=&#8221;{}&#8221;][et_pb_button button_url=&#8221;https:\/\/www.biodermogenesi.com\/tr\/therapeutic-approach\/&#8221; button_text=&#8221;Daha fazla bilgi edinin&#8221; button_alignment=&#8221;left&#8221; disabled_on=&#8221;off|off|off&#8221; _builder_version=&#8221;4.16&#8243; _module_preset=&#8221;default&#8221; custom_button=&#8221;on&#8221; button_font=&#8221;|600|||||||&#8221; custom_padding=&#8221;8px|46px|8px|46px|true|true&#8221; global_colors_info=&#8221;{}&#8221;][\/et_pb_button][\/et_pb_column][et_pb_column type=&#8221;1_4&#8243; _builder_version=&#8221;4.16&#8243; _module_preset=&#8221;default&#8221; global_colors_info=&#8221;{}&#8221;][\/et_pb_column][et_pb_column type=&#8221;1_4&#8243; _builder_version=&#8221;4.16&#8243; _module_preset=&#8221;default&#8221; global_colors_info=&#8221;{}&#8221;][\/et_pb_column][et_pb_column type=&#8221;1_4&#8243; _builder_version=&#8221;4.16&#8243; _module_preset=&#8221;default&#8221; global_colors_info=&#8221;{}&#8221;][\/et_pb_column][\/et_pb_row][\/et_pb_section][et_pb_section fb_built=&#8221;1&#8243; disabled_on=&#8221;off|off|on&#8221; admin_label=&#8221;Intestazione&#8221; _builder_version=&#8221;4.16&#8243; _module_preset=&#8221;default&#8221; background_color=&#8221;#ffffff&#8221; use_background_color_gradient=&#8221;on&#8221; background_color_gradient_stops=&#8221;#FAF0E2 0%|rgba(250,240,226,0) 100%&#8221; background_color_gradient_start=&#8221;#FAF0E2&#8243; background_color_gradient_end=&#8221;rgba(250,240,226,0)&#8221; background_enable_image=&#8221;off&#8221; background_size=&#8221;initial&#8221; background_position=&#8221;center_right&#8221; min_height=&#8221;445px&#8221; custom_margin=&#8221;|0px|20px|0px|false|true&#8221; custom_padding=&#8221;7px||5px|||&#8221; da_disable_devices=&#8221;off|off|off&#8221; global_colors_info=&#8221;{}&#8221; da_is_popup=&#8221;off&#8221; da_exit_intent=&#8221;off&#8221; da_has_close=&#8221;on&#8221; da_alt_close=&#8221;off&#8221; da_dark_close=&#8221;off&#8221; da_not_modal=&#8221;on&#8221; da_is_singular=&#8221;off&#8221; da_with_loader=&#8221;off&#8221; da_has_shadow=&#8221;on&#8221;][et_pb_row _builder_version=&#8221;4.16&#8243; _module_preset=&#8221;default&#8221; width=&#8221;100%&#8221; custom_padding=&#8221;23px|||||&#8221; global_colors_info=&#8221;{}&#8221;][et_pb_column type=&#8221;4_4&#8243; _builder_version=&#8221;4.16&#8243; _module_preset=&#8221;default&#8221; global_colors_info=&#8221;{}&#8221;][et_pb_text _builder_version=&#8221;4.16&#8243; _module_preset=&#8221;default&#8221; header_font=&#8221;Exo 2|600||on|||||&#8221; header_text_color=&#8221;#575756&#8243; header_font_size=&#8221;36px&#8221; header_line_height=&#8221;1.2em&#8221; custom_padding=&#8221;|23px||23px|false|true&#8221; global_colors_info=&#8221;{}&#8221;]<\/p>\n<h1>Yeni bir terap\u00f6tik yakla\u015f\u0131m<\/h1>\n<p>[\/et_pb_text][et_pb_text _builder_version=&#8221;4.16&#8243; _module_preset=&#8221;default&#8221; header_font=&#8221;Exo 2|600||on|||||&#8221; header_text_color=&#8221;#575756&#8243; header_font_size=&#8221;46px&#8221; header_3_font=&#8221;Exo 2|300||on|||||&#8221; header_3_text_align=&#8221;left&#8221; header_3_text_color=&#8221;#575756&#8243; header_3_font_size=&#8221;17px&#8221; header_3_letter_spacing=&#8221;2px&#8221; header_3_line_height=&#8221;1.4em&#8221; custom_padding=&#8221;|23px||23px|false|true&#8221; global_colors_info=&#8221;{}&#8221;]<\/p>\n<h3>Biodermogenesi\u00ae \u00e7atlaklar\u0131n, yara izlerinin tedavisinde ve ya\u015flanma kar\u015f\u0131t\u0131 tedavide etkinli\u011fi ve g\u00fcvenilirli\u011fi onlarca \u00e7al\u0131\u015fma ve bilimsel yay\u0131nla belgelenmi\u015f bir rejeneratif terapidir.<\/h3>\n<p>[\/et_pb_text][et_pb_image src=&#8221;https:\/\/www.biodermogenesi.com\/tr\/wp-content\/uploads\/sites\/15\/2022\/10\/Medical-research-1.jpg&#8221; title_text=&#8221;Medical-research 1&#8243; align=&#8221;center&#8221; force_fullwidth=&#8221;on&#8221; _builder_version=&#8221;4.16&#8243; _module_preset=&#8221;default&#8221; global_colors_info=&#8221;{}&#8221;][\/et_pb_image][\/et_pb_column][\/et_pb_row][et_pb_row use_custom_gutter=&#8221;on&#8221; gutter_width=&#8221;1&#8243; make_equal=&#8221;on&#8221; _builder_version=&#8221;4.16&#8243; _module_preset=&#8221;default&#8221; custom_padding=&#8221;||47px|||&#8221; global_colors_info=&#8221;{}&#8221;][et_pb_column type=&#8221;4_4&#8243; _builder_version=&#8221;4.16&#8243; _module_preset=&#8221;default&#8221; custom_padding=&#8221;||||false|false&#8221; global_colors_info=&#8221;{}&#8221;][et_pb_button button_url=&#8221;https:\/\/www.biodermogenesi.com\/tr\/therapeutic-approach\/&#8221; button_text=&#8221;Daha fazla bilgi edinin&#8221; button_alignment=&#8221;center&#8221; disabled_on=&#8221;off|off|off&#8221; _builder_version=&#8221;4.16&#8243; _module_preset=&#8221;default&#8221; custom_button=&#8221;on&#8221; button_font=&#8221;|600|||||||&#8221; custom_padding=&#8221;8px|46px|8px|46px|true|true&#8221; global_colors_info=&#8221;{}&#8221;][\/et_pb_button][\/et_pb_column][\/et_pb_row][\/et_pb_section][et_pb_section fb_built=&#8221;1&#8243; admin_label=&#8221;Intestazione&#8221; _builder_version=&#8221;4.16&#8243; _module_preset=&#8221;default&#8221; background_color=&#8221;#ffffff&#8221; custom_margin=&#8221;|20px||20px|false|true&#8221; custom_padding=&#8221;7px||5px|||&#8221; da_disable_devices=&#8221;off|off|off&#8221; global_colors_info=&#8221;{}&#8221; da_is_popup=&#8221;off&#8221; da_exit_intent=&#8221;off&#8221; da_has_close=&#8221;on&#8221; da_alt_close=&#8221;off&#8221; da_dark_close=&#8221;off&#8221; da_not_modal=&#8221;on&#8221; da_is_singular=&#8221;off&#8221; da_with_loader=&#8221;off&#8221; da_has_shadow=&#8221;on&#8221;][et_pb_row _builder_version=&#8221;4.16&#8243; _module_preset=&#8221;default&#8221; global_colors_info=&#8221;{}&#8221;][et_pb_column type=&#8221;4_4&#8243; _builder_version=&#8221;4.16&#8243; _module_preset=&#8221;default&#8221; global_colors_info=&#8221;{}&#8221;][et_pb_text _builder_version=&#8221;4.16&#8243; _module_preset=&#8221;default&#8221; text_font_size=&#8221;17px&#8221; text_line_height=&#8221;1.8em&#8221; header_font=&#8221;|||on|||||&#8221; header_text_align=&#8221;center&#8221; header_text_color=&#8221;#575756&#8243; header_font_size=&#8221;32px&#8221; text_orientation=&#8221;justified&#8221; custom_margin=&#8221;||15px|||&#8221; text_orientation_tablet=&#8221;&#8221; text_orientation_phone=&#8221;center&#8221; text_orientation_last_edited=&#8221;on|phone&#8221; global_colors_info=&#8221;{}&#8221;]<\/p>\n<p>Biodermogenesi\u00ae&#8217;nin etkinli\u011fi ve g\u00fcvenli\u011fi, Pisa \u00dcniversitesi Dermatoloji Fak\u00fcltesi, Pavia \u00dcniversitesi Plastik Cerrahi K\u00fcrs\u00fcs\u00fc, Sinir Bilimleri, Biyot\u0131p ve Hareket Bilimleri B\u00f6l\u00fcm\u00fc ve Verona \u00dcniversitesi \u0130nsan Anatomisi ve Histolojisi Enstit\u00fcs\u00fc taraf\u0131ndan y\u00fcr\u00fct\u00fclen resmi \u00e7al\u0131\u015fmalarla desteklenmektedir.<br \/>Pisa, Pavia, Verona, Palermo, Chieti-Pescara, Napoli Vanivitelli, Roma Marconi ve Barselona \u00dcniversitelerindeki profes\u00f6rler, e\u011fitmenler ve ara\u015ft\u0131rmac\u0131lar, yay\u0131nlanan di\u011fer \u00e7al\u0131\u015fmalar\u0131n ger\u00e7ekle\u015ftirilmesine katk\u0131da bulunmu\u015flard\u0131r.<br \/>\u00c7e\u015fitli klinik \u00e7al\u0131\u015fmalarla belgelenen 1.250&#8217;den fazla hastan\u0131n tamam\u0131nda yan etkilerin tamamen yok oldu\u011fu bir iyile\u015fme g\u00f6r\u00fclm\u00fc\u015ft\u00fcr. <strong>Biodermogenesi\u00ae teknolojisi tamamen \u0130talya&#8217;da geli\u015ftirilmi\u015f ve \u00fcretilmi\u015ftir ve onu benzersiz ve taklit edilemez k\u0131lan Uluslararas\u0131 patentlerle korunmaktad\u0131r.<\/strong><\/p>\n<p>Biodermogenesi\u00ae ihtiya\u00e7lar\u0131n\u0131za uygun, etkili, konforlu ve g\u00fcvenli bir rejeneratif terapidir.<\/p>\n<p>[\/et_pb_text][et_pb_divider color=&#8221;#3088B3&#8243; divider_weight=&#8221;6px&#8221; _builder_version=&#8221;4.16&#8243; _module_preset=&#8221;default&#8221; width=&#8221;100px&#8221; module_alignment=&#8221;center&#8221; custom_margin=&#8221;||0px||false|false&#8221; custom_padding=&#8221;||0px||false|false&#8221; global_colors_info=&#8221;{}&#8221;][\/et_pb_divider][\/et_pb_column][\/et_pb_row][et_pb_row column_structure=&#8221;1_3,1_3,1_3&#8243; use_custom_gutter=&#8221;on&#8221; _builder_version=&#8221;4.16&#8243; _module_preset=&#8221;default&#8221; width=&#8221;100%&#8221; max_width=&#8221;100%&#8221; custom_margin=&#8221;|auto|8px|auto|false|false&#8221; custom_padding=&#8221;||75px||false|false&#8221; global_colors_info=&#8221;{}&#8221;][et_pb_column type=&#8221;1_3&#8243; _builder_version=&#8221;4.16&#8243; _module_preset=&#8221;default&#8221; global_colors_info=&#8221;{}&#8221;][et_pb_blurb image=&#8221;https:\/\/www.biodermogenesi.com\/tr\/wp-content\/uploads\/sites\/15\/2023\/06\/logo-pisa.png&#8221; content_max_width=&#8221;286px&#8221; _builder_version=&#8221;4.20.0&#8243; _module_preset=&#8221;default&#8221; header_font=&#8221;Work Sans|700||on|||||&#8221; header_text_align=&#8221;center&#8221; header_font_size=&#8221;14px&#8221; body_text_align=&#8221;center&#8221; body_line_height=&#8221;2em&#8221; hover_enabled=&#8221;0&#8243; border_radii_image=&#8221;on|0%|0%|0%|0%&#8221; border_color_all_image=&#8221;#3088B3&#8243; global_colors_info=&#8221;{}&#8221; title_text=&#8221;logo-pisa&#8221; sticky_enabled=&#8221;0&#8243;][\/et_pb_blurb][\/et_pb_column][et_pb_column type=&#8221;1_3&#8243; _builder_version=&#8221;4.16&#8243; _module_preset=&#8221;default&#8221; global_colors_info=&#8221;{}&#8221;][et_pb_blurb image=&#8221;https:\/\/www.biodermogenesi.com\/tr\/wp-content\/uploads\/sites\/15\/2023\/06\/logo-pavia.png&#8221; content_max_width=&#8221;286px&#8221; _builder_version=&#8221;4.20.0&#8243; _module_preset=&#8221;default&#8221; header_font=&#8221;Work Sans|700||on|||||&#8221; header_text_align=&#8221;center&#8221; header_font_size=&#8221;14px&#8221; body_text_align=&#8221;center&#8221; body_line_height=&#8221;2em&#8221; hover_enabled=&#8221;0&#8243; border_radii_image=&#8221;on|0%|0%|0%|0%&#8221; border_color_all_image=&#8221;#3088B3&#8243; global_colors_info=&#8221;{}&#8221; title_text=&#8221;logo-pavia&#8221; sticky_enabled=&#8221;0&#8243;][\/et_pb_blurb][\/et_pb_column][et_pb_column type=&#8221;1_3&#8243; _builder_version=&#8221;4.16&#8243; _module_preset=&#8221;default&#8221; global_colors_info=&#8221;{}&#8221;][et_pb_blurb image=&#8221;https:\/\/www.biodermogenesi.com\/tr\/wp-content\/uploads\/sites\/15\/2022\/10\/logo-uni-verona.png&#8221; content_max_width=&#8221;286px&#8221; _builder_version=&#8221;4.16&#8243; _module_preset=&#8221;default&#8221; header_font=&#8221;Work Sans|700||on|||||&#8221; header_text_align=&#8221;center&#8221; header_font_size=&#8221;14px&#8221; body_text_align=&#8221;center&#8221; body_line_height=&#8221;2em&#8221; border_radii_image=&#8221;on|0%|0%|0%|0%&#8221; border_color_all_image=&#8221;#3088B3&#8243; global_colors_info=&#8221;{}&#8221;][\/et_pb_blurb][\/et_pb_column][\/et_pb_row][\/et_pb_section][et_pb_section fb_built=&#8221;1&#8243; admin_label=&#8221;footer eng&#8221; _builder_version=&#8221;4.4.1&#8243; background_color=&#8221;#3088b3&#8243; custom_padding=&#8221;0px||0px|||&#8221; da_disable_devices=&#8221;off|off|off&#8221; global_module=&#8221;80&#8243; locked=&#8221;off&#8221; global_colors_info=&#8221;{}&#8221; da_is_popup=&#8221;off&#8221; da_exit_intent=&#8221;off&#8221; da_has_close=&#8221;on&#8221; da_alt_close=&#8221;off&#8221; da_dark_close=&#8221;off&#8221; da_not_modal=&#8221;on&#8221; da_is_singular=&#8221;off&#8221; da_with_loader=&#8221;off&#8221; da_has_shadow=&#8221;on&#8221;][et_pb_row column_structure=&#8221;1_4,1_4,1_4,1_4&#8243; _builder_version=&#8221;4.16&#8243; locked=&#8221;off&#8221; global_colors_info=&#8221;{}&#8221;][et_pb_column type=&#8221;1_4&#8243; _builder_version=&#8221;4.16&#8243; global_colors_info=&#8221;{}&#8221;][et_pb_image src=&#8221;https:\/\/www2.biodermogenesi.com\/uk\/wp-content\/uploads\/sites\/15\/2020\/06\/logo.png&#8221; _builder_version=&#8221;4.16&#8243; global_colors_info=&#8221;{}&#8221;][\/et_pb_image][et_pb_text _builder_version=&#8221;4.16&#8243; text_font=&#8221;|700|||||||&#8221; text_text_color=&#8221;#ffffff&#8221; text_font_size=&#8221;10px&#8221; link_font=&#8221;||||||||&#8221; link_text_color=&#8221;#ffffff&#8221; global_colors_info=&#8221;{}&#8221;]<a href=\"https:\/\/www.biodermogenesi.com\/tr\/legal-information\/\">\u00d6NEMLI\u0307 YASAL BI\u0307LGI\u0307LER<\/a><br \/>\n<a href=\"https:\/\/www.biodermogenesi.com\/tr\/privacy-policy\/\">G\u0130ZL\u0130L\u0130K POL\u0130T\u0130KASI<\/a>[\/et_pb_text][\/et_pb_column][et_pb_column type=&#8221;1_4&#8243; _builder_version=&#8221;4.16&#8243; global_colors_info=&#8221;{}&#8221;][et_pb_text _builder_version=&#8221;4.16&#8243; text_text_color=&#8221;#ffffff&#8221; text_line_height=&#8221;1.3em&#8221; header_6_text_color=&#8221;#83bdd9&#8243; header_6_font_size=&#8221;16px&#8221; global_colors_info=&#8221;{}&#8221;]<\/p>\n<h6>Bilgi<\/h6>\n<p><strong>BIODERMOGENESI\u00ae<\/strong> <strong>EXPO ITALIA s.r.l.<\/strong>&#8216;nin tescilli ticari markas\u0131d\u0131r.<\/p>\n<p>Floransa (\u0130TALYA)<\/p>\n<p>[\/et_pb_text][\/et_pb_column][et_pb_column type=&#8221;1_4&#8243; _builder_version=&#8221;4.16&#8243; global_colors_info=&#8221;{}&#8221;][et_pb_text _builder_version=&#8221;4.16&#8243; text_text_color=&#8221;#ffffff&#8221; header_6_text_color=&#8221;#83bdd9&#8243; header_6_font_size=&#8221;16px&#8221; custom_margin=&#8221;||17px|||&#8221; global_colors_info=&#8221;{}&#8221;]<\/p>\n<h6>\u0130leti\u015fim bilgileri<\/h6>\n<p>E-posta infotr@biodermogenesi.com<\/p>\n<p>VAT 04697040485<\/p>\n<p>[\/et_pb_text][et_pb_image src=&#8221;https:\/\/www2.biodermogenesi.com\/uk\/wp-content\/uploads\/sites\/15\/2020\/06\/88&#215;31.png&#8221; _builder_version=&#8221;4.16&#8243; global_colors_info=&#8221;{}&#8221;][\/et_pb_image][\/et_pb_column][et_pb_column type=&#8221;1_4&#8243; _builder_version=&#8221;4.16&#8243; global_colors_info=&#8221;{}&#8221;][et_pb_text _builder_version=&#8221;4.16&#8243; text_text_color=&#8221;#ffffff&#8221; header_6_text_color=&#8221;#83bdd9&#8243; header_6_font_size=&#8221;16px&#8221; custom_margin=&#8221;||17px|||&#8221; global_colors_info=&#8221;{}&#8221;]<\/p>\n<h6>Bizi takip edin<\/h6>\n<p>[\/et_pb_text][et_pb_text _builder_version=&#8221;4.16&#8243; text_text_color=&#8221;#ffffff&#8221; global_colors_info=&#8221;{}&#8221;]<\/p>\n<div><a href=\"https:\/\/www.facebook.com\/Biodermogenesi-United-Kingdom-104182014404976\" target=\"_blank\" rel=\"noopener noreferrer\"><img loading=\"lazy\" decoding=\"async\" style=\"margin: 5px;\" src=\"https:\/\/www2.biodermogenesi.com\/wp-content\/uploads\/2020\/06\/social-facebook.png\" alt=\"Facebook\" width=\"30\" height=\"30\" \/><\/a><a href=\"https:\/\/www.youtube.com\/channel\/UCFSORtLN0rT3Wh17jYS0lhQ\" target=\"_blank\" rel=\"noopener noreferrer\"><img loading=\"lazy\" decoding=\"async\" style=\"margin: 5px;\" src=\"https:\/\/www2.biodermogenesi.com\/wp-content\/uploads\/2020\/06\/youtube-social.png\" alt=\"Facebook\" width=\"30\" height=\"30\" \/><\/a><a href=\"https:\/\/www.instagram.com\/biodermogenesiofficial\/?hl=it\" target=\"_blank\" rel=\"noopener noreferrer\"><img loading=\"lazy\" decoding=\"async\" style=\"margin: 5px;\" src=\"https:\/\/www2.biodermogenesi.com\/wp-content\/uploads\/2020\/06\/social-instagram.png\" alt=\"Youtube\" width=\"30\" height=\"30\" \/><\/a><\/div>\n<p>[\/et_pb_text][\/et_pb_column][\/et_pb_row][\/et_pb_section]<\/p>\n","protected":false},"excerpt":{"rendered":"<p>Yeni bir terap\u00f6tikyakla\u015f\u0131mBiodermogenesi\u00ae \u00e7atlaklar\u0131n, yara izlerinin tedavisinde ve ya\u015flanma kar\u015f\u0131t\u0131 tedavide etkinli\u011fi ve g\u00fcvenilirli\u011fi onlarca \u00e7al\u0131\u015fma ve bilimsel yay\u0131nla belgelenmi\u015f bir rejeneratif terapidir.Yeni bir terap\u00f6tik yakla\u015f\u0131mBiodermogenesi\u00ae \u00e7atlaklar\u0131n, yara izlerinin tedavisinde ve ya\u015flanma kar\u015f\u0131t\u0131 tedavide etkinli\u011fi ve g\u00fcvenilirli\u011fi onlarca \u00e7al\u0131\u015fma ve bilimsel yay\u0131nla belgelenmi\u015f bir rejeneratif terapidir.Biodermogenesi\u00ae&#8217;nin etkinli\u011fi ve g\u00fcvenli\u011fi, Pisa \u00dcniversitesi Dermatoloji Fak\u00fcltesi, Pavia \u00dcniversitesi [&hellip;]<\/p>\n","protected":false},"author":1,"featured_media":0,"parent":0,"menu_order":0,"comment_status":"closed","ping_status":"closed","template":"","meta":{"_et_pb_use_builder":"on","_et_pb_old_content":"","_et_gb_content_width":"","footnotes":""},"class_list":["post-14640","page","type-page","status-publish","hentry"],"_links":{"self":[{"href":"https:\/\/www.biodermogenesi.com\/tr\/wp-json\/wp\/v2\/pages\/14640","targetHints":{"allow":["GET"]}}],"collection":[{"href":"https:\/\/www.biodermogenesi.com\/tr\/wp-json\/wp\/v2\/pages"}],"about":[{"href":"https:\/\/www.biodermogenesi.com\/tr\/wp-json\/wp\/v2\/types\/page"}],"author":[{"embeddable":true,"href":"https:\/\/www.biodermogenesi.com\/tr\/wp-json\/wp\/v2\/users\/1"}],"replies":[{"embeddable":true,"href":"https:\/\/www.biodermogenesi.com\/tr\/wp-json\/wp\/v2\/comments?post=14640"}],"version-history":[{"count":8,"href":"https:\/\/www.biodermogenesi.com\/tr\/wp-json\/wp\/v2\/pages\/14640\/revisions"}],"predecessor-version":[{"id":15009,"href":"https:\/\/www.biodermogenesi.com\/tr\/wp-json\/wp\/v2\/pages\/14640\/revisions\/15009"}],"wp:attachment":[{"href":"https:\/\/www.biodermogenesi.com\/tr\/wp-json\/wp\/v2\/media?parent=14640"}],"curies":[{"name":"wp","href":"https:\/\/api.w.org\/{rel}","templated":true}]}}