{"id":82,"date":"2020-06-03T11:16:31","date_gmt":"2020-06-03T09:16:31","guid":{"rendered":"https:\/\/www2.biodermogenesi.com\/uk\/?page_id=82"},"modified":"2025-05-15T11:14:40","modified_gmt":"2025-05-15T09:14:40","slug":"legal-information","status":"publish","type":"page","link":"https:\/\/www.biodermogenesi.com\/pl\/legal-information\/","title":{"rendered":"Legal Information"},"content":{"rendered":"<p>[et_pb_section fb_built=&#8221;1&#8243; _builder_version=&#8221;4.16&#8243; da_disable_devices=&#8221;off|off|off&#8221; global_colors_info=&#8221;{}&#8221; da_is_popup=&#8221;off&#8221; da_exit_intent=&#8221;off&#8221; da_has_close=&#8221;on&#8221; da_alt_close=&#8221;off&#8221; da_dark_close=&#8221;off&#8221; da_not_modal=&#8221;on&#8221; da_is_singular=&#8221;off&#8221; da_with_loader=&#8221;off&#8221; da_has_shadow=&#8221;on&#8221;][et_pb_row _builder_version=&#8221;4.16&#8243; global_colors_info=&#8221;{}&#8221;][et_pb_column type=&#8221;4_4&#8243; _builder_version=&#8221;4.16&#8243; global_colors_info=&#8221;{}&#8221;][et_pb_text _builder_version=&#8221;4.27.4&#8243; hover_enabled=&#8221;0&#8243; global_colors_info=&#8221;{}&#8221; sticky_enabled=&#8221;0&#8243;]<\/p>\n<h2>BIODERMOGENESI\u00ae &#8211; WA\u017bNE INFORMACJE PRAWNE<\/h2>\n<p>&nbsp;<\/p>\n<p><strong><em>O\u015bwiadczenie prawne, Warunki u\u017cytkowania, Polityka prywatno\u015bci i Wy\u0142\u0105czenie odpowiedzialno\u015bci<\/em><\/strong><\/p>\n<p>PRZED ODWIEDZENIEM TEJ STRONY INTERNETOWEJ U\u017bYTKOWNIK JEST PROSZONY O UWA\u017bNE PRZECZYTANIE PONI\u017bSZYCH WARUNK\u00d3W U\u017bYTKOWANIA.<\/p>\n<p>Niniejsze informacje prawne i warunki u\u017cytkowania maj\u0105 zastosowanie do r\u00f3\u017cnych stron internetowych i profili spo\u0142eczno\u015bciowych (zwanych dalej r\u00f3wnie\u017c \u201eStron\u0105\u201d) zarz\u0105dzanych i administrowanych przez Expo Italia Srl lub jej oficjalnych dystrybutor\u00f3w.<\/p>\n<p>Dost\u0119p do Witryny i korzystanie z jej zawarto\u015bci jest uzale\u017cnione od pe\u0142nej akceptacji i przestrzegania warunk\u00f3w u\u017cytkowania wymienionych poni\u017cej. Uzyskuj\u0105c dost\u0119p i\/lub odwiedzaj\u0105c niniejsz\u0105 Witryn\u0119, u\u017cytkownik w spos\u00f3b dorozumiany o\u015bwiadcza, \u017ce przeczyta\u0142, zrozumia\u0142 i zaakceptowa\u0142 ograniczenia wynikaj\u0105ce z niniejszych warunk\u00f3w, odnosz\u0105cych si\u0119 do bie\u017c\u0105cych lub przysz\u0142ych zmian, naszej polityki prywatno\u015bci i polityki praw autorskich, kt\u00f3re obecnie obowi\u0105zuj\u0105.<\/p>\n<p><strong><em>Prawa autorskie, prawa i korzystanie z tre\u015bci Witryny<\/em><\/strong><\/p>\n<p>Na naszej stronie internetowej tekst, pliki graficzne i multimedialne, znaki towarowe i prawa w\u0142asno\u015bci chronione prawem autorskim: prawo to jest wa\u017cne i gwarantowane we wszystkich formach i na wszystkich przesz\u0142ych, obecnych i przysz\u0142ych no\u015bnikach. W zwi\u0105zku z tym zezwalamy na przegl\u0105danie, pobieranie i powielanie materia\u0142\u00f3w znajduj\u0105cych si\u0119 na Stronie wy\u0142\u0105cznie w celu gromadzenia danych osobowych (nie biznesowych), pod warunkiem, \u017ce zawarto\u015b\u0107 nie zostanie zmieniona, zredagowana lub naruszona, znaki towarowe nie zostan\u0105 usuni\u0119te lub sfa\u0142szowane, a nast\u0119puj\u0105ce sformu\u0142owanie b\u0119dzie widoczne i czytelne: &#8220;Copyright\u00a9 Expo Italia Srl &#8211; Biodermogenesi\u00ae. Wszelkie prawa zastrze\u017cone.&#8221;<\/p>\n<p><em><strong>Prawa w\u0142asno\u015bci intelektualnej<\/strong><\/em><\/p>\n<p>Nale\u017cy pami\u0119ta\u0107, \u017ce ka\u017cdy produkt i znak towarowy obecny na tej stronie s\u0105 wy\u0142\u0105czn\u0105 w\u0142asno\u015bci\u0105 Expo Italia Srl, kt\u00f3ra wyra\u017anie o\u015bwiadcza, \u017ce nie udziela licencji na ich u\u017cywanie lub licencjonowanie w \u017cadnych okoliczno\u015bciach, niezale\u017cnie od tego, czy s\u0105 one zarejestrowane, czy nie. Przegl\u0105daj\u0105c witryn\u0119, u\u017cytkownik o\u015bwiadcza, \u017ce nigdy nie b\u0119dzie u\u017cywa\u0142 znak\u00f3w towarowych nale\u017c\u0105cych do Expo Italia Srl lub, w jakimkolwiek przypadku, obecnych na samej witrynie.<\/p>\n<p><em><strong>Zachowanie u\u017cytkownika<\/strong><\/em><\/p>\n<p>Dost\u0119p do witryny i jej przegl\u0105danie podlega wszystkim przepisom obowi\u0105zuj\u0105cym we W\u0142oszech i w krajach, w kt\u00f3rych jest odwiedzana. U\u017cytkownicy przyjmuj\u0105 do wiadomo\u015bci, \u017ce zasady i przepisy wymienione w niniejszym dokumencie musz\u0105 by\u0107 przestrzegane. Nieprzestrzeganie ich (zgodnie z nasz\u0105 niekwestionowan\u0105 ocen\u0105) mo\u017ce prowadzi\u0107 do utraty dost\u0119pu do strony oraz do odpowiedzialno\u015bci cywilnej i\/lub karnej.<\/p>\n<p>W zwi\u0105zku z tym, r\u00f3wnie\u017c poprzez sam dost\u0119p do Witryny u\u017cytkownik zgadza si\u0119 nie wykonywa\u0107 nast\u0119puj\u0105cych dzia\u0142a\u0144, zar\u00f3wno samodzielnie, jak i za po\u015brednictwem os\u00f3b dzia\u0142aj\u0105cych w jego imieniu:<\/p>\n<p>&#8211; narusza\u0107 jedno lub wi\u0119cej postanowie\u0144 i\/lub warunk\u00f3w prawa i\/lub ustawodawstwa;<br \/>&#8211; korzysta\u0107 z witryny w celach biznesowych lub innych ni\u017c osobiste;<br \/>&#8211; zak\u0142\u00f3ca\u0107 lub utrudnia\u0107 dzia\u0142ania witryny lub jej serwer\u00f3w;<br \/>&#8211; ujawni\u0107, edytowa\u0107 (cho\u0107 cz\u0119\u015bciowo) zawarto\u015b\u0107 strony.<\/p>\n<p><em><strong>Witryna nie jest przeznaczona dla nieletnich<\/strong><\/em><\/p>\n<p>Niniejsza witryna nie jest przeznaczona ani zaprojektowana dla os\u00f3b niepe\u0142noletnich. Nie zbieramy danych osobowych od os\u00f3b, o kt\u00f3rych wiemy, \u017ce maj\u0105 mniej ni\u017c 18 lat. Je\u015bli u\u017cytkownik jest niepe\u0142noletni, zach\u0119camy go do niepodawania na stronie informacji umo\u017cliwiaj\u0105cych jego identyfikacj\u0119, lecz do poproszenia rodzic\u00f3w lub opiekuna o niezw\u0142oczny kontakt z nami pod adresem customercare@biodermogenesi.com w celu umo\u017cliwienia nam usuni\u0119cia informacji na jego temat z naszych plik\u00f3w.<\/p>\n<p><em><strong>Ta strona nie zawiera porad ani wskaza\u0144 terapeutycznych<\/strong><\/em><\/p>\n<p>Niniejsza strona i jej zawarto\u015b\u0107 zosta\u0142y stworzone wy\u0142\u0105cznie w celach informacyjnych. Tre\u015bci zawarte na tej stronie nie s\u0105 i nie powinny by\u0107 traktowane jako pr\u00f3ba diagnozy ani konsultacji medycznej, kt\u00f3re pozostaj\u0105 w kompetencji lekarza.<\/p>\n<p><em><strong>Polityka prywatno\u015bci<\/strong><\/em><\/p>\n<p>Szanujemy polityk\u0119 prywatno\u015bci u\u017cytkownik\u00f3w naszej Witryny zgodnie z obowi\u0105zuj\u0105cymi przepisami. Nasza polityka prywatno\u015bci jest dost\u0119pna na naszej stronie internetowej (<a href=\"https:\/\/www.biodermogenesi.com\/pl\/privacy-policy\/\">kliknij tutaj<\/a>).<\/p>\n<p><em><strong>Linki do stron internetowych os\u00f3b trzecich<\/strong><\/em><\/p>\n<p>Ta strona mo\u017ce zawiera\u0107 linki do stron internetowych lub sieci spo\u0142eczno\u015bciowych obs\u0142ugiwanych przez nas, nasze podmioty stowarzyszone lub niepowi\u0105zane strony trzecie. Propozycje te nie s\u0105 i nie powinny by\u0107 traktowane jako nasza zgoda na te strony lub ich zawarto\u015b\u0107.<\/p>\n<p><em><strong>Wysy\u0142anie informacji do nas<\/strong><\/em><\/p>\n<p>Aby uzyska\u0107 informacje na temat naszej polityki prywatno\u015bci, zapoznaj si\u0119 z nasz\u0105 Polityk\u0105 prywatno\u015bci. Nie chcemy otrzymywa\u0107 danych osobowych, chyba \u017ce u\u017cytkownicy wyra\u017anie wyra\u017c\u0105 zgod\u0119 na pozyskiwanie i wykorzystywanie danych w zakresie, w jakim s\u0105 one udost\u0119pniane, a u\u017cytkownik wyrazi na to zgod\u0119.<\/p>\n<p><em><strong>U\u017cytkownicy mi\u0119dzynarodowi<\/strong><\/em><\/p>\n<p>Witryna jest tworzona, nadzorowana, zarz\u0105dzana i administrowana przez Expo Italia Srl, sp\u00f3\u0142k\u0119 z siedzib\u0105 we W\u0142oszech, kt\u00f3rej serwery znajduj\u0105 si\u0119 w UE. Zawarto\u015b\u0107 witryny jest zgodna z obowi\u0105zuj\u0105cym prawodawstwem wsp\u00f3lnotowym. Je\u015bli u\u017cytkownik uzyskuje dost\u0119p z kraj\u00f3w spoza UE, jest zobowi\u0105zany do przestrzegania lokalnych przepis\u00f3w, a Expo Italia Srl jest zwolniona z odpowiedzialno\u015bci za korzystanie z witryny i jej zawarto\u015b\u0107.<\/p>\n<p><em><strong>Wyb\u00f3r przepis\u00f3w prawnych: Jurysdykcja i w\u0142a\u015bciwo\u015b\u0107 miejscowa s\u0105du<\/strong><\/em><\/p>\n<p>Wszelkie sprawy s\u0105dowe, pow\u00f3dztwa lub spory wynikaj\u0105ce z lub w jaki\u015b spos\u00f3b zwi\u0105zane z korzystaniem z Witryny i jej zawarto\u015bci przez u\u017cytkownika b\u0119d\u0105 kierowane wy\u0142\u0105cznie do s\u0105du we Florencji (W\u0142ochy). Odwiedzaj\u0105c witryn\u0119, u\u017cytkownik akceptuje wy\u0142\u0105czn\u0105 jurysdykcj\u0119 s\u0105du we Florencji i zrzeka si\u0119 przeniesienia jurysdykcji w inne miejsce oraz PRZYJMUJE DO WIADOMO\u015aCI, \u017bE JEST TO WARUNEK ZASADNICZY. JE\u015aLI U\u017bYTKOWNIK GO NIE ZAAKCEPTUJE, NIE B\u0118DZIE MIA\u0141 ZGODY EXPO ITALIA NA ODWIEDZANIE STRONY I KORZYSTANIE Z JEJ ZAWARTO\u015aCI.<\/p>\n<p>[\/et_pb_text][\/et_pb_column][\/et_pb_row][\/et_pb_section]<\/p>\n","protected":false},"excerpt":{"rendered":"<p>BIODERMOGENESI\u00ae &#8211; WA\u017bNE INFORMACJE PRAWNE &nbsp; O\u015bwiadczenie prawne, Warunki u\u017cytkowania, Polityka prywatno\u015bci i Wy\u0142\u0105czenie odpowiedzialno\u015bci PRZED ODWIEDZENIEM TEJ STRONY INTERNETOWEJ U\u017bYTKOWNIK JEST PROSZONY O UWA\u017bNE PRZECZYTANIE PONI\u017bSZYCH WARUNK\u00d3W U\u017bYTKOWANIA. Niniejsze informacje prawne i warunki u\u017cytkowania maj\u0105 zastosowanie do r\u00f3\u017cnych stron internetowych i profili spo\u0142eczno\u015bciowych (zwanych dalej r\u00f3wnie\u017c \u201eStron\u0105\u201d) zarz\u0105dzanych i administrowanych przez Expo Italia Srl [&hellip;]<\/p>\n","protected":false},"author":1,"featured_media":0,"parent":0,"menu_order":0,"comment_status":"closed","ping_status":"closed","template":"","meta":{"_et_pb_use_builder":"on","_et_pb_old_content":"","_et_gb_content_width":"","footnotes":""},"dipi_cpt_category":[],"class_list":["post-82","page","type-page","status-publish","hentry"],"_links":{"self":[{"href":"https:\/\/www.biodermogenesi.com\/pl\/wp-json\/wp\/v2\/pages\/82","targetHints":{"allow":["GET"]}}],"collection":[{"href":"https:\/\/www.biodermogenesi.com\/pl\/wp-json\/wp\/v2\/pages"}],"about":[{"href":"https:\/\/www.biodermogenesi.com\/pl\/wp-json\/wp\/v2\/types\/page"}],"author":[{"embeddable":true,"href":"https:\/\/www.biodermogenesi.com\/pl\/wp-json\/wp\/v2\/users\/1"}],"replies":[{"embeddable":true,"href":"https:\/\/www.biodermogenesi.com\/pl\/wp-json\/wp\/v2\/comments?post=82"}],"version-history":[{"count":8,"href":"https:\/\/www.biodermogenesi.com\/pl\/wp-json\/wp\/v2\/pages\/82\/revisions"}],"predecessor-version":[{"id":25990661,"href":"https:\/\/www.biodermogenesi.com\/pl\/wp-json\/wp\/v2\/pages\/82\/revisions\/25990661"}],"wp:attachment":[{"href":"https:\/\/www.biodermogenesi.com\/pl\/wp-json\/wp\/v2\/media?parent=82"}],"wp:term":[{"taxonomy":"dipi_cpt_category","embeddable":true,"href":"https:\/\/www.biodermogenesi.com\/pl\/wp-json\/wp\/v2\/dipi_cpt_category?post=82"}],"curies":[{"name":"wp","href":"https:\/\/api.w.org\/{rel}","templated":true}]}}