{"id":70,"date":"2020-06-03T11:12:50","date_gmt":"2020-06-03T09:12:50","guid":{"rendered":"https:\/\/www2.biodermogenesi.com\/uk\/?page_id=70"},"modified":"2025-05-14T10:00:56","modified_gmt":"2025-05-14T08:00:56","slug":"privacy-policy","status":"publish","type":"page","link":"https:\/\/www.biodermogenesi.com\/pl\/privacy-policy\/","title":{"rendered":"Privacy Policy"},"content":{"rendered":"<p>[et_pb_section fb_built=&#8221;1&#8243; _builder_version=&#8221;4.16&#8243; da_disable_devices=&#8221;off|off|off&#8221; global_colors_info=&#8221;{}&#8221; da_is_popup=&#8221;off&#8221; da_exit_intent=&#8221;off&#8221; da_has_close=&#8221;on&#8221; da_alt_close=&#8221;off&#8221; da_dark_close=&#8221;off&#8221; da_not_modal=&#8221;on&#8221; da_is_singular=&#8221;off&#8221; da_with_loader=&#8221;off&#8221; da_has_shadow=&#8221;on&#8221;][et_pb_row _builder_version=&#8221;4.16&#8243; background_size=&#8221;initial&#8221; background_position=&#8221;top_left&#8221; background_repeat=&#8221;repeat&#8221; global_colors_info=&#8221;{}&#8221;][et_pb_column type=&#8221;4_4&#8243; _builder_version=&#8221;4.16&#8243; custom_padding=&#8221;|||&#8221; global_colors_info=&#8221;{}&#8221; custom_padding__hover=&#8221;|||&#8221;][et_pb_text _builder_version=&#8221;4.27.4&#8243; background_size=&#8221;initial&#8221; background_position=&#8221;top_left&#8221; background_repeat=&#8221;repeat&#8221; hover_enabled=&#8221;0&#8243; global_colors_info=&#8221;{}&#8221; sticky_enabled=&#8221;0&#8243;]<\/p>\n<h3>POLITYKA PRYWATNO\u015aCI<br \/>(strona internetowa ex art. 13 rozporz\u0105dzenia UE 2016\/679).<\/h3>\n<p>Wymagane dane s\u0105 przetwarzane przez Expo Italia Srl, z siedzib\u0105 we Florencji, via Segantini n.34, (NIP 0469704048 &#8211; certyfikowany adres e-mail: expoitalia@pec.biodermogenesi.it, numer kontaktowy: 0557875341, adres e-mail: info@biodermogenesi.com), Administratora Danych Osobowych.<\/p>\n<p>Przetwarzanie danych osobowych, zgodnie z obowi\u0105zuj\u0105cymi przepisami (dekret ustawodawczy nr 196 z dnia 30 czerwca 2003 r. i rozporz\u0105dzenie UE 2016\/679), odbywa si\u0119 w celu dostarczania informacji i porad dotycz\u0105cych program\u00f3w terapeutycznych Biodermogenesi\u00ae, wysy\u0142ania komunikat\u00f3w cyfrowych (lub papierowych i\/lub telefonicznych, je\u015bli wskazano dane kontaktowe) oraz wype\u0142niania zobowi\u0105za\u0144 umownych i prawnych (Cel przetwarzania).<\/p>\n<p>Expo Italia Srl przetwarza dane identyfikacyjne w wy\u017cej wymienionych celach; w zwi\u0105zku z tym dane s\u0105 niezb\u0119dne do ujawnienia informacji i ewentualnego dostarczenia \u017c\u0105danej us\u0142ugi. Podstaw\u0105 prawn\u0105 przetwarzania danych jest realizacja \u015brodk\u00f3w przedumownych i wszelkich stosunk\u00f3w umownych, kt\u00f3re skutkuj\u0105 wype\u0142nieniem wynikaj\u0105cych z nich zobowi\u0105za\u0144 prawnych. W przypadku spor\u00f3w dotycz\u0105cych tego stosunku podstaw\u0105 prawn\u0105 jest uzasadniony interes posiadacza danych w zakresie prawa do obrony.<\/p>\n<p>Przetwarzanie danych osobowych obejmuje gromadzenie, rejestracj\u0119, organizacj\u0119, strukturyzacj\u0119, przechowywanie, przetwarzanie, adaptacj\u0119 lub modyfikacj\u0119, ekstrakcj\u0119, selekcj\u0119, konsultacj\u0119, wykorzystanie, komunikacj\u0119 poprzez transmisj\u0119 lub inne formy udost\u0119pniania, por\u00f3wnanie lub wzajemne po\u0142\u0105czenie, ograniczenie, anulowanie lub zniszczenie tych samych danych. Przetwarzanie danych odbywa si\u0119 za pomoc\u0105 narz\u0119dzi elektronicznych, komputerowych i telematycznych odpowiednich do zagwarantowania ich poufno\u015bci, zgodnie z przepisami obowi\u0105zuj\u0105cego prawa.<\/p>\n<p>Dane b\u0119d\u0105 przetwarzane przez nas w formie papierowej, magnetycznej i telematycznej za pomoc\u0105 narz\u0119dzi odpowiednich do zagwarantowania ich bezpiecze\u0144stwa i b\u0119d\u0105 przechowywane w bazie danych Administratora Danych Osobowych.<\/p>\n<p>Podanie danych osobowych nie stanowi obowi\u0105zku prawnego, w przypadku odmowy podania takich informacji Expo Italia Srl nie b\u0119dzie w stanie udzieli\u0107 \u017c\u0105danych informacji i porad.<\/p>\n<p>Dane osobowe s\u0105 przetwarzane wy\u0142\u0105cznie przez specjalnie przeszkolone osoby wyznaczone przez Administratora Danych Osobowych.<\/p>\n<p>Dane osobowe mog\u0105 by\u0107 przekazywane wszystkim podmiotom (odbiorcom), do kt\u00f3rych prawo dost\u0119pu jest uznawane przez obowi\u0105zuj\u0105ce przepisy oraz w celach zwi\u0105zanych z obowi\u0105zkami prawnymi (np. Gwarant, organy publiczne), a tak\u017ce pracownikom wyznaczonym do przetwarzania przez nasze stowarzyszenie. Mog\u0105 by\u0107 one r\u00f3wnie\u017c przekazywane ekspertom IT i podmiotom odpowiedzialnym za zarz\u0105dzanie stron\u0105 internetow\u0105 i us\u0142ugami niezb\u0119dnymi do jej dzia\u0142ania, kt\u00f3rzy zostan\u0105 wyznaczeni jako podmioty przetwarzaj\u0105ce dane zgodnie z art. 28 rozporz\u0105dzenia UE 2016\/679. Lista podmiot\u00f3w przetwarzaj\u0105cych dane jest dost\u0119pna w siedzibie Expo Italia Srl. Dane osobowe nie b\u0119d\u0105 ujawniane.<\/p>\n<p>Dane osobowe s\u0105 przechowywane na serwerach zlokalizowanych we W\u0142oszech, a w ka\u017cdym razie na terenie Unii Europejskiej. W ka\u017cdym razie przyjmuje si\u0119, \u017ce ni\u017cej podpisany posiadacz danych, w razie potrzeby, b\u0119dzie mia\u0142 prawo przenie\u015b\u0107 serwery nawet poza UE. W takim przypadku zapewnia on, \u017ce przekazywanie danych spoza UE b\u0119dzie odbywa\u0107 si\u0119 zgodnie z obowi\u0105zuj\u0105cymi przepisami prawa oraz postanowieniami art. 44 i nast\u0119pnych rozporz\u0105dzenia UE 2016\/679.<\/p>\n<p>Zgodnie z Rozporz\u0105dzeniem UE 2016\/679, jako osoba zainteresowana mo\u017cesz skorzysta\u0107 z nast\u0119puj\u0105cych praw: <br \/>a) prawo do uzyskania od Administratora danych potwierdzenia, \u017ce Twoje dane osobowe s\u0105 lub nie s\u0105 przetwarzane, a je\u015bli tak, do uzyskania dost\u0119pu do danych osobowych i informacji zgodnie z art. 15 RODO (np. informacji dotycz\u0105cych cel\u00f3w przetwarzania, kategorii danych osobowych, odbiorc\u00f3w lub kategorii odbiorc\u00f3w, kt\u00f3rym dane osobowe zosta\u0142y lub zostan\u0105 przekazane). 15 (np. informacje dotycz\u0105ce cel\u00f3w przetwarzania, kategorii przedmiotowych danych osobowych, odbiorc\u00f3w lub kategorii odbiorc\u00f3w, kt\u00f3rym dane osobowe zosta\u0142y lub zostan\u0105 przekazane, okresu przechowywania, ich praw, pochodzenia danych, je\u015bli nie zosta\u0142y zebrane od zainteresowanej strony, istnienia zautomatyzowanego procesu podejmowania decyzji itp&#8230;);<br \/>b) prawo do \u017c\u0105dania sprostowania danych osobowych, je\u015bli s\u0105 one nieprawid\u0142owe, a tak\u017ce ich uzupe\u0142nienia, je\u015bli zostan\u0105 uznane za niekompletne, zawsze w zwi\u0105zku z celami przetwarzania (art. 16);<br \/>c) prawo do usuni\u0119cia danych (\u201eprawo do bycia zapomnianym\u201d), je\u017celi zachodzi jeden z przypadk\u00f3w, o kt\u00f3rych mowa w art. 17<br \/>d) prawo do ograniczenia przetwarzania, w przypadkach przewidzianych w art. 18.<br \/>e) prawo do przenoszenia danych zgodnie z Art. 20;<br \/>f) prawo do odmowy przetwarzania danych zgodnie z art. 21;<br \/>g) w przypadku gdy podstaw\u0105 prawn\u0105 przetwarzania jest zgoda, prawo do cofni\u0119cia zgody w dowolnym momencie bez wp\u0142ywu na zgodno\u015b\u0107 z prawem przetwarzania, kt\u00f3rego dokonano na podstawie zgody udzielonej przed jej cofni\u0119ciem.<\/p>\n<p>Je\u017celi posiadacz danych stosuje zautomatyzowane procesy decyzyjne, prawa, o kt\u00f3rych mowa w art. 22 rozporz\u0105dzenia UE 2016\/679, maj\u0105 zastosowanie do zainteresowanej strony. 22 rozporz\u0105dzenia UE 2016\/679 maj\u0105 zastosowanie do zainteresowanej strony.<\/p>\n<p>Zainteresowana Strona ma r\u00f3wnie\u017c prawo do uzyskania informacji, w miar\u0119 mo\u017cliwo\u015bci, o zamiarze przekazania danych przez Posiadacza Danych do pa\u0144stwa trzeciego lub organizacji mi\u0119dzynarodowej oraz o istnieniu lub braku decyzji Komisji stwierdzaj\u0105cej odpowiedni stopie\u0144 ochrony lub, w przypadku przekazania danych zgodnie z art. 46, 47 i 49 lit. c) RODO, o odpowiednich gwarancjach i sposobach uzyskania kopii takich danych lub miejsca ich udost\u0119pnienia. 46, 47 i 49 c. 2, odniesienie do odpowiednich gwarancji i sposob\u00f3w uzyskania kopii takich danych lub miejsca, w kt\u00f3rym zosta\u0142y one udost\u0119pnione.<\/p>\n<p>Wszystkie wy\u017cej wymienione prawa mo\u017cna zrealizowa\u0107 poprzez wys\u0142anie nieformalnego \u017c\u0105dania do Podmiotu Danych (np. kontaktuj\u0105c si\u0119 z nami za po\u015brednictwem poczty elektronicznej lub telefonicznie).<\/p>\n<p>Ostatecznie, jako zainteresowana Strona, masz prawo wnie\u015b\u0107 skarg\u0119 do organu nadzorczego (art. 77 Rozporz\u0105dzenia UE 2016\/679 \u2013 art. 140 bis i nast\u0119pne Dekretu Ustawodawczego 196\/2003).<\/p>\n<p>Dane osobowe b\u0119d\u0105 przechowywane wy\u0142\u0105cznie przez czas \u015bci\u015ble niezb\u0119dny do realizacji cel\u00f3w opisanych powy\u017cej i wype\u0142nienia obowi\u0105zk\u00f3w ustanowionych przez prawo (np. je\u015bli relacja ogranicza si\u0119 do prostych informacji do momentu ich przekazania Tobie, w przypadku nawi\u0105zania relacji umownej przechowywanie jest ograniczone do czasu zwi\u0105zanego z wykonaniem umowy i powi\u0105zanymi obowi\u0105zkami administracyjnymi, podatkowymi i ksi\u0119gowymi). Wszelkie spory, kt\u00f3re mog\u0105 wyd\u0142u\u017cy\u0107 okres przechowywania wskazany powy\u017cej, pozostaj\u0105 nienaruszone. Nast\u0119pnie, po up\u0142ywie \u015bci\u015ble niezb\u0119dnego czasu, dane osobowe zostan\u0105 usuni\u0119te lub przekszta\u0142cone w form\u0119 anonimow\u0105 i wykorzystane wy\u0142\u0105cznie do cel\u00f3w statystycznych.<\/p>\n<p><strong>Dane osobowe s\u0105 gromadzone w nast\u0119puj\u0105cych celach i przy u\u017cyciu nast\u0119puj\u0105cych us\u0142ug:<\/strong><\/p>\n<p><strong>Kontakt telefoniczny<\/strong><\/p>\n<p>U\u017cytkownicy, kt\u00f3rzy podali sw\u00f3j numer telefonu, mog\u0105 by\u0107 kontaktowani w celach komercyjnych lub promocyjnych zwi\u0105zanych z t\u0105 aplikacj\u0105, a tak\u017ce w celu otrzymania wsparcia, kt\u00f3rego mog\u0105 potrzebowa\u0107. Przetwarzane dane osobowe: numer telefonu<\/p>\n<p><strong>Lista mailingowa lub newsletter<\/strong><\/p>\n<p>Po zarejestrowaniu si\u0119 na li\u015bcie mailingowej lub w newsletterze adres e-mail u\u017cytkownika jest automatycznie dodawany do listy kontakt\u00f3w, na kt\u00f3r\u0105 mog\u0105 by\u0107 wysy\u0142ane e-maile informacyjne, w tym informacje handlowe i promocyjne, dotycz\u0105ce tej aplikacji. Adres e-mail u\u017cytkownika mo\u017ce r\u00f3wnie\u017c zosta\u0107 dodany do tej listy w wyniku zarejestrowania si\u0119 w tej aplikacji lub po dokonaniu zakupu. Przetwarzane dane osobowe: miasto, nazwisko, adres e-mail, adres fizyczny, obywatelstwo, imi\u0119, numer telefonu, wojew\u00f3dztwo.<\/p>\n<p><strong>Formularz kontaktowy<\/strong><\/p>\n<p>Wype\u0142niaj\u0105c formularz kontaktowy swoimi danymi, u\u017cytkownik wyra\u017ca zgod\u0119 na ich wykorzystanie w celu odpowiedzi na pro\u015bby o informacje, oferty lub wszelkie inne dyspozycje wskazane w nag\u0142\u00f3wku formularza. Przetwarzane dane osobowe: miasto, nazwisko, e-mail, adres fizyczny, nar\u00f3d, imi\u0119, numer telefonu, wojew\u00f3dztwo.<\/p>\n<p><strong>Zarz\u0105dzanie kontaktami, wysy\u0142anie wiadomo\u015bci i zarz\u0105dzanie baz\u0105 danych u\u017cytkownik\u00f3w<\/strong><\/p>\n<p>Us\u0142uga tego typu pozwala na zarz\u0105dzanie baz\u0105 danych kontakt\u00f3w e-mail, kontakt\u00f3w telefonicznych lub innego rodzaju kontakt\u00f3w wykorzystywanych do komunikacji z u\u017cytkownikiem.<\/p>\n<p>Us\u0142ugi te mog\u0105 r\u00f3wnie\u017c umo\u017cliwia\u0107 zbieranie danych dotycz\u0105cych daty i godziny wy\u015bwietlenia wiadomo\u015bci przez u\u017cytkownika oraz interakcji u\u017cytkownika z nimi, takich jak informacje o klikni\u0119ciach link\u00f3w osadzonych w wiadomo\u015bciach.<\/p>\n<p>Tego typu us\u0142ugi pozwalaj\u0105 w\u0142a\u015bcicielowi na tworzenie profili u\u017cytkownik\u00f3w na podstawie adresu e-mail, nazwy lub innych informacji, kt\u00f3re u\u017cytkownik podaje dla tej aplikacji, a tak\u017ce \u015bledzenie aktywno\u015bci u\u017cytkownika za pomoc\u0105 funkcji statystycznych. Te dane osobowe mog\u0105 by\u0107 r\u00f3wnie\u017c por\u00f3wnywane z publicznie dost\u0119pnymi informacjami o u\u017cytkowniku (takimi jak profile w sieciach spo\u0142eczno\u015bciowych) i wykorzystywane do tworzenia prywatnych profili, kt\u00f3re w\u0142a\u015bciciel mo\u017ce przegl\u0105da\u0107 i wykorzystywa\u0107 do ulepszania tej aplikacji. Niekt\u00f3re z tych us\u0142ug mog\u0105 r\u00f3wnie\u017c umo\u017cliwia\u0107 wysy\u0142anie zaplanowanych wiadomo\u015bci do u\u017cytkownika, takich jak wiadomo\u015bci e-mail w oparciu o okre\u015blone dzia\u0142ania wykonane w tej aplikacji. ActiveCampaign Text Message and SMS Marketing (ActiveCampaign, Inc.)<\/p>\n<p>ActiveCampaign Text Message and SMS Marketing to us\u0142uga zarz\u0105dzania adresami i przesy\u0142ania wiadomo\u015bci e-mail \u015bwiadczona przez ActiveCampaign, Inc. Przetwarzane dane osobowe: adres e-mail, imi\u0119 i nazwisko, numer telefonu. Miejsce przetwarzania: Stany Zjednoczone \u2013 \u2013\u00a0Polityka prywatno\u015bci.<\/p>\n<p>Expo Italia Srl<\/p>\n<p>&nbsp;<\/p>\n<p>[\/et_pb_text][\/et_pb_column][\/et_pb_row][\/et_pb_section]<\/p>\n","protected":false},"excerpt":{"rendered":"<p>POLITYKA PRYWATNO\u015aCI(strona internetowa ex art. 13 rozporz\u0105dzenia UE 2016\/679). Wymagane dane s\u0105 przetwarzane przez Expo Italia Srl, z siedzib\u0105 we Florencji, via Segantini n.34, (NIP 0469704048 &#8211; certyfikowany adres e-mail: expoitalia@pec.biodermogenesi.it, numer kontaktowy: 0557875341, adres e-mail: info@biodermogenesi.com), Administratora Danych Osobowych. Przetwarzanie danych osobowych, zgodnie z obowi\u0105zuj\u0105cymi przepisami (dekret ustawodawczy nr 196 z dnia 30 czerwca [&hellip;]<\/p>\n","protected":false},"author":1,"featured_media":0,"parent":0,"menu_order":0,"comment_status":"closed","ping_status":"closed","template":"","meta":{"_et_pb_use_builder":"on","_et_pb_old_content":"","_et_gb_content_width":"","footnotes":""},"dipi_cpt_category":[],"class_list":["post-70","page","type-page","status-publish","hentry"],"_links":{"self":[{"href":"https:\/\/www.biodermogenesi.com\/pl\/wp-json\/wp\/v2\/pages\/70","targetHints":{"allow":["GET"]}}],"collection":[{"href":"https:\/\/www.biodermogenesi.com\/pl\/wp-json\/wp\/v2\/pages"}],"about":[{"href":"https:\/\/www.biodermogenesi.com\/pl\/wp-json\/wp\/v2\/types\/page"}],"author":[{"embeddable":true,"href":"https:\/\/www.biodermogenesi.com\/pl\/wp-json\/wp\/v2\/users\/1"}],"replies":[{"embeddable":true,"href":"https:\/\/www.biodermogenesi.com\/pl\/wp-json\/wp\/v2\/comments?post=70"}],"version-history":[{"count":8,"href":"https:\/\/www.biodermogenesi.com\/pl\/wp-json\/wp\/v2\/pages\/70\/revisions"}],"predecessor-version":[{"id":25990634,"href":"https:\/\/www.biodermogenesi.com\/pl\/wp-json\/wp\/v2\/pages\/70\/revisions\/25990634"}],"wp:attachment":[{"href":"https:\/\/www.biodermogenesi.com\/pl\/wp-json\/wp\/v2\/media?parent=70"}],"wp:term":[{"taxonomy":"dipi_cpt_category","embeddable":true,"href":"https:\/\/www.biodermogenesi.com\/pl\/wp-json\/wp\/v2\/dipi_cpt_category?post=70"}],"curies":[{"name":"wp","href":"https:\/\/api.w.org\/{rel}","templated":true}]}}