{"id":14973,"date":"2025-05-09T10:42:33","date_gmt":"2025-05-09T08:42:33","guid":{"rendered":"https:\/\/www.biodermogenesi.com\/pl\/?page_id=14973"},"modified":"2025-05-20T10:58:09","modified_gmt":"2025-05-20T08:58:09","slug":"blog","status":"publish","type":"page","link":"https:\/\/www.biodermogenesi.com\/pl\/blog\/","title":{"rendered":"Blog"},"content":{"rendered":"<p>[et_pb_section fb_built=&#8221;1&#8243; admin_label=&#8221;Section&#8221; module_id=&#8221;smagliature&#8221; _builder_version=&#8221;4.27.3&#8243; _module_preset=&#8221;default&#8221; background_color=&#8221;gcid-85742a8f-36a1-4778-8ec6-8ca9b2f67c12&#8243; custom_padding=&#8221;21px||0px|||&#8221; da_disable_devices=&#8221;off|off|off&#8221; box_shadow_style=&#8221;preset3&#8243; box_shadow_blur=&#8221;37px&#8221; box_shadow_spread=&#8221;-15px&#8221; box_shadow_color=&#8221;rgba(0,0,0,0.09)&#8221; locked=&#8221;off&#8221; global_colors_info=&#8221;{%22#22577a%22:%91%22background_color%22%93,%22gcid-85742a8f-36a1-4778-8ec6-8ca9b2f67c12%22:%91%22background_color%22%93}&#8221; da_is_popup=&#8221;off&#8221; da_exit_intent=&#8221;off&#8221; da_has_close=&#8221;on&#8221; da_alt_close=&#8221;off&#8221; da_dark_close=&#8221;off&#8221; da_not_modal=&#8221;on&#8221; da_is_singular=&#8221;off&#8221; da_with_loader=&#8221;off&#8221; da_has_shadow=&#8221;on&#8221;][et_pb_row column_structure=&#8221;1_2,1_2&#8243; make_equal=&#8221;on&#8221; _builder_version=&#8221;4.27.3&#8243; _module_preset=&#8221;default&#8221; custom_padding=&#8221;||0px||false|false&#8221; global_colors_info=&#8221;{}&#8221;][et_pb_column type=&#8221;1_2&#8243; _builder_version=&#8221;4.27.3&#8243; _module_preset=&#8221;default&#8221; custom_padding=&#8221;7%||||false|false&#8221; global_colors_info=&#8221;{}&#8221;][et_pb_heading title=&#8221;Blog&#8221; _builder_version=&#8221;4.27.4&#8243; _module_preset=&#8221;c33f07d9-41e0-421a-8799-5799df695cce&#8221; title_level=&#8221;h2&#8243; title_font=&#8221;&#8211;et_global_heading_font|600|||||||&#8221; title_text_color=&#8221;#111111&#8243; title_font_size=&#8221;50px&#8221; title_line_height=&#8221;1.2em&#8221; custom_margin=&#8221;||10px||false|false&#8221; title_font_size_tablet=&#8221;28px&#8221; title_font_size_phone=&#8221;20px&#8221; title_font_size_last_edited=&#8221;on|phone&#8221; locked=&#8221;off&#8221; global_colors_info=&#8221;{%22#0e0c19%22:%91%22title_text_color%22,%22title_text_color%22%93}&#8221;][\/et_pb_heading][et_pb_text _builder_version=&#8221;4.27.4&#8243; _module_preset=&#8221;default&#8221; header_2_font=&#8221;&#8211;et_global_heading_font|300|||||||&#8221; header_2_text_color=&#8221;#3088B3&#8243; header_2_line_height=&#8221;1.2em&#8221; hover_enabled=&#8221;0&#8243; global_colors_info=&#8221;{}&#8221; sticky_enabled=&#8221;0&#8243;]<\/p>\n<h2>Biodermogenesi\u00ae, zabieg, kt\u00f3ry regeneruje sk\u00f3r\u0119 bezinwazyjnie, bez igie\u0142, bez skalpela! Po prostu skuteczny, przyjemny i relaksuj\u0105cy zabieg bez \u017cadnych skutk\u00f3w ubocznych.<\/h2>\n<p>[\/et_pb_text][\/et_pb_column][et_pb_column type=&#8221;1_2&#8243; _builder_version=&#8221;4.27.3&#8243; _module_preset=&#8221;default&#8221; global_colors_info=&#8221;{}&#8221;][dipi_carousel columns=&#8221;1&#8243; space_between=&#8221;12&#8243; speed=&#8221;301&#8243; loop_wide=&#8221;on&#8221; autoplay_wide=&#8221;on&#8221; show_lightbox=&#8221;off&#8221; _builder_version=&#8221;4.27.4&#8243; _module_preset=&#8221;default&#8221; locked=&#8221;off&#8221; global_colors_info=&#8221;{}&#8221;][dipi_carousel_child img_src=&#8221;https:\/\/www.biodermogenesi.it\/wp-content\/uploads\/2025\/01\/gruppo-blog-02.webp&#8221; _builder_version=&#8221;4.27.4&#8243; _module_preset=&#8221;default&#8221; global_colors_info=&#8221;{}&#8221;][\/dipi_carousel_child][dipi_carousel_child img_src=&#8221;https:\/\/www.biodermogenesi.it\/wp-content\/uploads\/2025\/01\/gruppo-blog-01.webp&#8221; _builder_version=&#8221;4.27.4&#8243; _module_preset=&#8221;default&#8221; global_colors_info=&#8221;{}&#8221;][\/dipi_carousel_child][dipi_carousel_child img_src=&#8221;https:\/\/www.biodermogenesi.it\/wp-content\/uploads\/2025\/01\/gruppo-blog-03.webp&#8221; _builder_version=&#8221;4.27.4&#8243; _module_preset=&#8221;default&#8221; global_colors_info=&#8221;{}&#8221;][\/dipi_carousel_child][\/dipi_carousel][\/et_pb_column][\/et_pb_row][\/et_pb_section][et_pb_section fb_built=&#8221;1&#8243; _builder_version=&#8221;4.27.4&#8243; custom_padding=&#8221;29px||28px|||&#8221; da_disable_devices=&#8221;off|off|off&#8221; box_shadow_style=&#8221;preset3&#8243; box_shadow_color=&#8221;rgba(0,0,0,0.05)&#8221; global_colors_info=&#8221;{}&#8221; da_is_popup=&#8221;off&#8221; da_exit_intent=&#8221;off&#8221; da_has_close=&#8221;on&#8221; da_alt_close=&#8221;off&#8221; da_dark_close=&#8221;off&#8221; da_not_modal=&#8221;on&#8221; da_is_singular=&#8221;off&#8221; da_with_loader=&#8221;off&#8221; da_has_shadow=&#8221;on&#8221;][et_pb_row _builder_version=&#8221;4.27.3&#8243; _module_preset=&#8221;default&#8221; custom_margin=&#8221;44px||||false|false&#8221; locked=&#8221;off&#8221; global_colors_info=&#8221;{}&#8221;][et_pb_column type=&#8221;4_4&#8243; _builder_version=&#8221;4.16&#8243; _module_preset=&#8221;default&#8221; global_colors_info=&#8221;{}&#8221;][dipi_dual_heading first_heading=&#8221;Dowiedz si\u0119 wi\u0119cej o metodzie Biodermogenesi\u00ae&#8221; heading_tag=&#8221;h4&#8243; use_background_text=&#8221;on&#8221; background_text=&#8221;Blog&#8221; sh_padding=&#8221;0px|0px|0px|10px|false|false&#8221; bt_position_vertical=&#8221;18%&#8221; sh_padding_tablet=&#8221;&#8221; sh_padding_phone=&#8221;&#8221; sh_padding_last_edited=&#8221;on|phone&#8221; _builder_version=&#8221;4.27.4&#8243; _module_preset=&#8221;default&#8221; first_heading_font=&#8221;||||||||&#8221; first_heading_text_color=&#8221;#3088B3&#8243; first_heading_font_size=&#8221;27px&#8221; second_heading_font=&#8221;Montserrat|800|||||||&#8221; second_heading_text_color=&#8221;#440099&#8243; second_heading_font_size=&#8221;60px&#8221; background_text_font=&#8221;|800|||||||&#8221; background_text_text_align=&#8221;center&#8221; background_text_text_color=&#8221;rgba(48,136,179,0.07)&#8221; background_text_font_size=&#8221;130px&#8221; background_text_letter_spacing=&#8221;6px&#8221; custom_margin=&#8221;||23px||false|false&#8221; custom_padding=&#8221;||||false|false&#8221; first_heading_font_size_tablet=&#8221;24px&#8221; first_heading_font_size_phone=&#8221;18px&#8221; first_heading_font_size_last_edited=&#8221;on|tablet&#8221; second_heading_font_size_tablet=&#8221;&#8221; second_heading_font_size_phone=&#8221;35px&#8221; second_heading_font_size_last_edited=&#8221;on|phone&#8221; background_text_font_size_tablet=&#8221;76px&#8221; background_text_font_size_phone=&#8221;33px&#8221; background_text_font_size_last_edited=&#8221;on|phone&#8221; border_color_all_bt_border=&#8221;#3088B3&#8243; global_colors_info=&#8221;{}&#8221; overlay_bg_color_gradient_type_tablet=&#8221;linear&#8221; overlay_bg_color_gradient_type_phone=&#8221;linear&#8221; overlay_bg_color_gradient_type__hover=&#8221;linear&#8221; image_bg_color_gradient_type__hover=&#8221;linear&#8221;][\/dipi_dual_heading][\/et_pb_column][\/et_pb_row][et_pb_row use_custom_gutter=&#8221;on&#8221; gutter_width=&#8221;2&#8243; _builder_version=&#8221;4.16&#8243; width=&#8221;95%&#8221; global_colors_info=&#8221;{}&#8221;][et_pb_column type=&#8221;4_4&#8243; _builder_version=&#8221;4.16&#8243; global_colors_info=&#8221;{}&#8221;][dipi_filterable_grid select_custom_tax=&#8221;category&#8221; include_term_ids_of_category=&#8221;11,13,12&#8243; pagination_type=&#8221;load_more&#8221; posts_per_page=&#8221;17&#8243; load_more_text=&#8221;More..&#8221; filter_tab_alignment=&#8221;center&#8221; grid_layout=&#8221;grid&#8221; columns=&#8221;3&#8243; gutter=&#8221;24&#8243; fix_lazy=&#8221;on&#8221; show_post_title=&#8221;on&#8221; read_more=&#8221;on&#8221; read_more_text=&#8221;Czytaj wi\u0119cej &#8230;&#8221; use_post_link=&#8221;on&#8221; post_link_target=&#8221;_self&#8221; use_overlay=&#8221;off&#8221; load_more_bg_color=&#8221;#3088B3&#8243; filter_bar_background_color=&#8221;#FFFFFF&#8221; overlay_padding=&#8221;30px|30px|30px|30px|false|false&#8221; grid_item_date_padding=&#8221;0px|15px|0px|15px|false|true&#8221; grid_item_title_margin=&#8221;18px|10px|10px|10px|false|false&#8221; grid_item_title_padding=&#8221;0px|15px|0px|15px|false|true&#8221; columns_tablet=&#8221;2&#8243; columns_phone=&#8221;1&#8243; columns_last_edited=&#8221;on|phone&#8221; _builder_version=&#8221;4.27.4&#8243; _module_preset=&#8221;default&#8221; link_text_color=&#8221;#FFFFFF&#8221; link_font_size=&#8221;8px&#8221; meta_text_color=&#8221;#3088B3&#8243; meta_font_size=&#8221;19px&#8221; meta_author_text_color=&#8221;#3088B3&#8243; meta_author_font_size=&#8221;16px&#8221; meta_date_font=&#8221;&#8211;et_global_body_font||||||||&#8221; meta_date_text_color=&#8221;#3088B3&#8243; meta_date_font_size=&#8221;16px&#8221; load_more_text_color=&#8221;#FFFFFF&#8221; load_more_font_size=&#8221;16px&#8221; grid_item_title_font=&#8221;|700|||||||&#8221; grid_item_title_text_align=&#8221;left&#8221; grid_item_title_text_color=&#8221;#3088B3&#8243; grid_item_title_font_size=&#8221;20px&#8221; grid_item_title_line_height=&#8221;1.2em&#8221; custom_read_more=&#8221;on&#8221; read_more_text_size=&#8221;10px&#8221; read_more_custom_margin=&#8221;||20px|25px|false|false&#8221; custom_css_filter_bar=&#8221;display: none;&#8221; border_radii_grid_item=&#8221;on|10px|10px|10px|10px&#8221; border_color_all_grid_item=&#8221;#3088B3&#8243; box_shadow_style_images=&#8221;preset3&#8243; box_shadow_color_images=&#8221;rgba(0,0,0,0.25)&#8221; locked=&#8221;off&#8221; global_colors_info=&#8221;{}&#8221;][\/dipi_filterable_grid][\/et_pb_column][\/et_pb_row][\/et_pb_section][et_pb_section fb_built=&#8221;1&#8243; admin_label=&#8221;Gallery&#8221; module_id=&#8221;contatti&#8221; _builder_version=&#8221;4.27.3&#8243; _module_preset=&#8221;default&#8221; background_color=&#8221;gcid-85742a8f-36a1-4778-8ec6-8ca9b2f67c12&#8243; custom_padding=&#8221;||38px|||&#8221; da_disable_devices=&#8221;off|off|off&#8221; saved_tabs=&#8221;all&#8221; locked=&#8221;off&#8221; collapsed=&#8221;on&#8221; global_colors_info=&#8221;{%22gcid-85742a8f-36a1-4778-8ec6-8ca9b2f67c12%22:%91%22background_color%22%93}&#8221; da_is_popup=&#8221;off&#8221; da_exit_intent=&#8221;off&#8221; da_has_close=&#8221;on&#8221; da_alt_close=&#8221;off&#8221; da_dark_close=&#8221;off&#8221; da_not_modal=&#8221;on&#8221; da_is_singular=&#8221;off&#8221; da_with_loader=&#8221;off&#8221; da_has_shadow=&#8221;on&#8221;][et_pb_row admin_label=&#8221;nelle cliniche&#8221; _builder_version=&#8221;4.27.4&#8243; _module_preset=&#8221;5138c454-be54-4233-bd3b-f8e6a8747976&#8243; global_module=&#8221;25990540&#8243; saved_tabs=&#8221;all&#8221; locked=&#8221;off&#8221; global_colors_info=&#8221;{}&#8221;][et_pb_column type=&#8221;4_4&#8243; _builder_version=&#8221;4.17.4&#8243; _module_preset=&#8221;73121f80-a3ef-4484-8763-c3f18e3c56d2&#8243; global_colors_info=&#8221;{}&#8221;][et_pb_image src=&#8221;https:\/\/www.biodermogenesi.com\/pl\/wp-content\/uploads\/sites\/27\/2025\/05\/logo-CTE-2025.png&#8221; title_text=&#8221;logo-CTE-2025&#8243; url=&#8221;@ET-DC@eyJkeW5hbWljIjp0cnVlLCJjb250ZW50IjoicG9zdF9saW5rX3VybF9wYWdlIiwic2V0dGluZ3MiOnsicG9zdF9pZCI6IjE1MTA5In19@&#8221; align=&#8221;center&#8221; _builder_version=&#8221;4.27.4&#8243; _dynamic_attributes=&#8221;url&#8221; _module_preset=&#8221;default&#8221; custom_margin=&#8221;||20px|||&#8221; global_colors_info=&#8221;{}&#8221;][\/et_pb_image][et_pb_heading title=&#8221;Dost\u0119pne tylko w wyspecjalizowanych klinikach&#8221; _builder_version=&#8221;4.27.4&#8243; _module_preset=&#8221;c33f07d9-41e0-421a-8799-5799df695cce&#8221; title_level=&#8221;h2&#8243; title_font=&#8221;&#8211;et_global_heading_font|600|||||||&#8221; title_text_align=&#8221;center&#8221; title_text_color=&#8221;#111111&#8243; title_font_size=&#8221;50px&#8221; title_line_height=&#8221;1.2em&#8221; custom_margin=&#8221;20px||25px||false|false&#8221; title_font_size_tablet=&#8221;28px&#8221; title_font_size_phone=&#8221;20px&#8221; title_font_size_last_edited=&#8221;on|phone&#8221; global_colors_info=&#8221;{}&#8221;][\/et_pb_heading][et_pb_text quote_border_color=&#8221;#FFFFFF&#8221; _builder_version=&#8221;4.27.4&#8243; _module_preset=&#8221;0504de1e-f5ff-4281-ba60-cbbe4edf98bc&#8221; text_font=&#8221;&#8211;et_global_body_font|300|||||||&#8221; text_text_color=&#8221;#000000&#8243; text_font_size=&#8221;18px&#8221; text_line_height=&#8221;1.75em&#8221; link_font=&#8221;||||on||||&#8221; link_text_color=&#8221;#FFFFFF&#8221; quote_font=&#8221;Cormorant Garamond|Cormorant Garamond_weight|||||||&#8221; quote_text_color=&#8221;#FFFFFF&#8221; header_font=&#8221;Cormorant Garamond|Cormorant Garamond_weight|||||||&#8221; header_text_color=&#8221;#FFFFFF&#8221; header_font_size=&#8221;72px&#8221; header_line_height=&#8221;1.15em&#8221; header_2_font=&#8221;Cormorant Garamond|Cormorant Garamond_weight|||||||&#8221; header_2_text_color=&#8221;#FFFFFF&#8221; header_2_font_size=&#8221;50px&#8221; header_2_line_height=&#8221;1.2em&#8221; header_3_font=&#8221;Cormorant Garamond|Cormorant Garamond_weight|||||||&#8221; header_3_text_color=&#8221;#FFFFFF&#8221; header_3_font_size=&#8221;32px&#8221; header_3_line_height=&#8221;1.3em&#8221; header_4_font=&#8221;Cormorant Garamond|Cormorant Garamond_weight|||||||&#8221; header_4_text_color=&#8221;#FFFFFF&#8221; header_4_font_size=&#8221;24px&#8221; header_4_line_height=&#8221;1.4em&#8221; header_5_font=&#8221;Cormorant Garamond|Cormorant Garamond_weight|||||||&#8221; header_5_text_color=&#8221;#FFFFFF&#8221; header_5_font_size=&#8221;18px&#8221; header_5_line_height=&#8221;1.4em&#8221; header_6_font=&#8221;Cormorant Garamond|Cormorant Garamond_weight|||||||&#8221; header_6_text_color=&#8221;#FFFFFF&#8221; header_6_line_height=&#8221;1.5em&#8221; text_orientation=&#8221;center&#8221; custom_margin=&#8221;||||false|false&#8221; text_font_size_tablet=&#8221;15px&#8221; text_font_size_phone=&#8221;14px&#8221; text_font_size_last_edited=&#8221;on|phone&#8221; header_font_size_tablet=&#8221;40px&#8221; header_font_size_phone=&#8221;24px&#8221; header_font_size_last_edited=&#8221;on|desktop&#8221; header_2_font_size_tablet=&#8221;28px&#8221; header_2_font_size_phone=&#8221;20px&#8221; header_2_font_size_last_edited=&#8221;on|phone&#8221; header_3_font_size_tablet=&#8221;22px&#8221; header_3_font_size_phone=&#8221;17px&#8221; header_3_font_size_last_edited=&#8221;on|phone&#8221; header_4_font_size_tablet=&#8221;18px&#8221; header_4_font_size_phone=&#8221;15px&#8221; header_4_font_size_last_edited=&#8221;on|tablet&#8221; header_5_font_size_tablet=&#8221;15px&#8221; header_5_font_size_phone=&#8221;14px&#8221; header_5_font_size_last_edited=&#8221;on|desktop&#8221; header_6_font_size_tablet=&#8221;13px&#8221; header_6_font_size_phone=&#8221;13px&#8221; header_6_font_size_last_edited=&#8221;on|desktop&#8221; locked=&#8221;off&#8221; global_colors_info=&#8221;{%22gcid-36fd78a7-34bc-404d-873c-dafa34efaae5%22:%91%22icon_color%22,%22icon_color%22,%22icon_color%22,%22icon_color%22,%22icon_color%22,%22icon_color%22,%22icon_color%22,%22icon_color%22%93}&#8221;]<\/p>\n<p>Metoda leczenia Biodermogenesi\u00ae jest dost\u0119pna tylko w niekt\u00f3rych najlepszych klinikach lekarzy medycyny estetycznej i dermatolog\u00f3w.<\/p>\n<p>[\/et_pb_text][et_pb_button button_url=&#8221;http:\/\/promo.biodermogenesi.com\/uk\/&#8221; button_text=&#8221;ZNAJD\u0179 NAJBLI\u017bSZ\u0104 KLINIK\u0118&#8221; button_alignment=&#8221;center&#8221; _builder_version=&#8221;4.27.4&#8243; _module_preset=&#8221;934ebe8c-b0e2-43bc-a6ba-06e296845b23&#8243; custom_button=&#8221;on&#8221; button_text_size=&#8221;16px&#8221; button_text_color=&#8221;#FFFFFF&#8221; button_bg_color=&#8221;#3088B3&#8243; button_border_width=&#8221;0px&#8221; button_border_radius=&#8221;6px&#8221; button_font=&#8221;&#8211;et_global_heading_font||||||||&#8221; button_icon=&#8221;&#x45;||divi||400&#8243; background_layout=&#8221;dark&#8221; custom_margin=&#8221;0px||31px||false|false&#8221; custom_margin_tablet=&#8221;0px||31px||false|false&#8221; custom_margin_phone=&#8221;2px||||false|false&#8221; custom_margin_last_edited=&#8221;on|phone&#8221; custom_padding=&#8221;12px|20px|12px|20px|true|true&#8221; custom_padding_tablet=&#8221;&#8221; custom_padding_phone=&#8221;10px|5px|10px|5px|true|true&#8221; custom_padding_last_edited=&#8221;on|desktop&#8221; button_text_size_tablet=&#8221;18px&#8221; button_text_size_phone=&#8221;12px&#8221; button_text_size_last_edited=&#8221;on|phone&#8221; button_text_color_tablet=&#8221;&#8221; button_text_color_phone=&#8221;#FFFFFF&#8221; button_text_color_last_edited=&#8221;on|phone&#8221; button_bg_color_tablet=&#8221;&#8221; button_bg_color_phone=&#8221;#3088B3&#8243; button_bg_color_last_edited=&#8221;on|phone&#8221; locked=&#8221;off&#8221; global_colors_info=&#8221;{}&#8221; custom_padding__hover_enabled=&#8221;off|hover&#8221;][\/et_pb_button][\/et_pb_column][\/et_pb_row][\/et_pb_section]<\/p>\n","protected":false},"excerpt":{"rendered":"<p>Biodermogenesi\u00ae, zabieg, kt\u00f3ry regeneruje sk\u00f3r\u0119 bezinwazyjnie, bez igie\u0142, bez skalpela! Po prostu skuteczny, przyjemny i relaksuj\u0105cy zabieg bez \u017cadnych skutk\u00f3w ubocznych.<div class=\"et_pb_module dipi_carousel dipi_carousel_0\">\n\t\t\t\t\n\t\t\t\t\n\t\t\t\t\n\t\t\t\t\n\t\t\t\t\n\t\t\t\t\n\t\t\t\t<div class=\"et_pb_module_inner\">\n\t\t\t\t\t\n            <div class=\"dipi-carousel-main dipi_loading hide_lightbox hide_lightbox_tablet hide_lightbox_phone\" data-columnsdesktop='1' data-columnstablet='1' data-columnsphone='1' data-spacebetween='12' data-spacebetween_tablet='12' data-spacebetween_phone='12' data-speed='301|301|301' data-navigation='off' data-navigation_t='off' data-navigation_m='off' data-pagination='off' data-pagination_t='off' data-pagination_m='off' data-autoplay_settigns='{\"loop_wide\":\"on\",\"autoplay_wide\":\"on\",\"continues_wide\":\"off\",\"autoplay_reverse_wide\":\"off\",\"pause_on_hover_wide\":\"off\",\"autoplay_speed_wide\":\"5000\",\"loop_mid\":\"off\",\"autoplay_mid\":\"off\",\"continues_mid\":\"off\",\"autoplay_reverse_mid\":\"off\",\"pause_on_hover_mid\":\"off\",\"autoplay_speed_mid\":\"5000\",\"loop_small\":\"off\",\"autoplay_small\":\"off\",\"continues_small\":\"off\",\"autoplay_reverse_small\":\"off\",\"pause_on_hover_small\":\"off\",\"autoplay_speed_small\":\"5000\"}' data-effect='slide' data-rotate='50' data-dynamicbullets='on' data-ordernumber='0' data-centered='off' data-allow_touch_move='on' data-shadow='on' data-continues='off' style=\"display:none;\">\n                <div class=\"swiper-container\">\n                    <div class=\"dipi-carousel-wrapper\">\n                        <div class=\"et_pb_module dipi_carousel_child dipi_carousel_child_0\">\n\t\t\t\t\n\t\t\t\t\n\t\t\t\t\n\t\t\t\t\n\t\t\t\t\n\t\t\t\t\n\t\t\t\t<div class=\"et_pb_module_inner\">\n\t\t\t\t\t\n            <div class=\"dipi-carousel-child-wrapper\">\n                \n                <div class=\"dipi-image-wrap\"><span class=\"dipi-carousel-image  \"   >\n                        <img decoding=\"async\" src=\"https:\/\/www.biodermogenesi.it\/wp-content\/uploads\/2025\/01\/gruppo-blog-02.webp\" alt=\"\" class=\" dipi-c-img\" \/>\n                        \n                    <\/span><\/div>\n                \n                \n                    \n                    \n                    \n                    \n                    \n                \n            <\/div>\n\t\t\t\t<\/div>\n\t\t\t<\/div><div class=\"et_pb_module dipi_carousel_child dipi_carousel_child_1\">\n\t\t\t\t\n\t\t\t\t\n\t\t\t\t\n\t\t\t\t\n\t\t\t\t\n\t\t\t\t\n\t\t\t\t<div class=\"et_pb_module_inner\">\n\t\t\t\t\t\n            <div class=\"dipi-carousel-child-wrapper\">\n                \n                <div class=\"dipi-image-wrap\"><span class=\"dipi-carousel-image  \"   >\n                        <img decoding=\"async\" src=\"https:\/\/www.biodermogenesi.it\/wp-content\/uploads\/2025\/01\/gruppo-blog-01.webp\" alt=\"\" class=\" dipi-c-img\" \/>\n                        \n                    <\/span><\/div>\n                \n                \n                    \n                    \n                    \n                    \n                    \n                \n            <\/div>\n\t\t\t\t<\/div>\n\t\t\t<\/div><div class=\"et_pb_module dipi_carousel_child dipi_carousel_child_2\">\n\t\t\t\t\n\t\t\t\t\n\t\t\t\t\n\t\t\t\t\n\t\t\t\t\n\t\t\t\t\n\t\t\t\t<div class=\"et_pb_module_inner\">\n\t\t\t\t\t\n            <div class=\"dipi-carousel-child-wrapper\">\n                \n                <div class=\"dipi-image-wrap\"><span class=\"dipi-carousel-image  \"   >\n                        <img decoding=\"async\" src=\"https:\/\/www.biodermogenesi.it\/wp-content\/uploads\/2025\/01\/gruppo-blog-03.webp\" alt=\"\" class=\" dipi-c-img\" \/>\n                        \n                    <\/span><\/div>\n                \n                \n                    \n                    \n                    \n                    \n                    \n                \n            <\/div>\n\t\t\t\t<\/div>\n\t\t\t<\/div>\n                    <\/div>\n                <\/div>\n                <div class=\"swiper-button-next swiper-arrow-button dipi-sbn0 \" data-icon=\"9\"><\/div>\n                <div class=\"swiper-button-prev swiper-arrow-button dipi-sbp0 \" data-icon=\"8\"><\/div>\n                \n                <div class=\"swiper-container-horizontal\">\n                    <div class=\"swiper-pagination dipi-sp0\"><\/div>\n                <\/div>\n            <\/div>\n\t\t\t\t<\/div>\n\t\t\t<\/div><div class=\"et_pb_module dipi_dual_heading dipi_dual_heading_0\">\n\t\t\t\t\n\t\t\t\t\n\t\t\t\t\n\t\t\t\t\n\t\t\t\t\n\t\t\t\t\n\t\t\t\t<div class=\"et_pb_module_inner\">\n\t\t\t\t\t\n                <div class=\"dipi-dual-heading \">\n                    <&#8221;h4&#8243; class=\"dipi-dh-main\">\n                        <span class=\"dipi-dh-first-heading\">\n                            <span class=\"dipi-dh-animation-container\">\n                                <span class=\"dipi-dh-bg-container\">\n                                    &#8221;Dowiedz\n                                <\/span>\n                            <\/span>\n                        <\/span>\n                        <span class=\"dipi-dh-second-heading\">\n                            <span class=\"dipi-dh-animation-container\">\n                                <span class=\"dipi-dh-bg-container\">\n                                    \n                                <\/span>\n                            <\/span>\n                        <\/span>\n                    <\/&#8221;h4&#8243;>\n                <\/div>\n\t\t\t\t<\/div>\n\t\t\t<\/div><\/p>\n","protected":false},"author":1,"featured_media":0,"parent":0,"menu_order":0,"comment_status":"closed","ping_status":"closed","template":"","meta":{"_et_pb_use_builder":"on","_et_pb_old_content":"","_et_gb_content_width":"","footnotes":""},"dipi_cpt_category":[],"class_list":["post-14973","page","type-page","status-publish","hentry"],"_links":{"self":[{"href":"https:\/\/www.biodermogenesi.com\/pl\/wp-json\/wp\/v2\/pages\/14973","targetHints":{"allow":["GET"]}}],"collection":[{"href":"https:\/\/www.biodermogenesi.com\/pl\/wp-json\/wp\/v2\/pages"}],"about":[{"href":"https:\/\/www.biodermogenesi.com\/pl\/wp-json\/wp\/v2\/types\/page"}],"author":[{"embeddable":true,"href":"https:\/\/www.biodermogenesi.com\/pl\/wp-json\/wp\/v2\/users\/1"}],"replies":[{"embeddable":true,"href":"https:\/\/www.biodermogenesi.com\/pl\/wp-json\/wp\/v2\/comments?post=14973"}],"version-history":[{"count":11,"href":"https:\/\/www.biodermogenesi.com\/pl\/wp-json\/wp\/v2\/pages\/14973\/revisions"}],"predecessor-version":[{"id":25990770,"href":"https:\/\/www.biodermogenesi.com\/pl\/wp-json\/wp\/v2\/pages\/14973\/revisions\/25990770"}],"wp:attachment":[{"href":"https:\/\/www.biodermogenesi.com\/pl\/wp-json\/wp\/v2\/media?parent=14973"}],"wp:term":[{"taxonomy":"dipi_cpt_category","embeddable":true,"href":"https:\/\/www.biodermogenesi.com\/pl\/wp-json\/wp\/v2\/dipi_cpt_category?post=14973"}],"curies":[{"name":"wp","href":"https:\/\/api.w.org\/{rel}","templated":true}]}}