{"id":14651,"date":"2022-10-06T10:39:47","date_gmt":"2022-10-06T08:39:47","guid":{"rendered":"https:\/\/www.biodermogenesi.com\/nl\/?page_id=14651"},"modified":"2023-01-23T11:17:34","modified_gmt":"2023-01-23T10:17:34","slug":"faq","status":"publish","type":"page","link":"https:\/\/www.biodermogenesi.com\/nl\/faq\/","title":{"rendered":"faq"},"content":{"rendered":"<p>[et_pb_section fb_built=&#8221;1&#8243; disabled_on=&#8221;on|on|off&#8221; admin_label=&#8221;Intestazione&#8221; _builder_version=&#8221;4.6.1&#8243; _module_preset=&#8221;default&#8221; background_color=&#8221;#ffffff&#8221; use_background_color_gradient=&#8221;on&#8221; background_color_gradient_start=&#8221;rgba(218,228,232,0)&#8221; background_color_gradient_end=&#8221;#D6EBEF&#8221; background_color_gradient_type=&#8221;radial&#8221; background_color_gradient_direction_radial=&#8221;right&#8221; background_image=&#8221;https:\/\/www.biodermogenesi.com\/nl\/wp-content\/uploads\/sites\/18\/2022\/10\/vita-nuova-pelle.png&#8221; background_size=&#8221;initial&#8221; background_position=&#8221;center_left&#8221; min_height=&#8221;464px&#8221; custom_margin=&#8221;|20px||20px|false|true&#8221; custom_padding=&#8221;7px||0px|||&#8221; da_disable_devices=&#8221;off|off|off&#8221; da_is_popup=&#8221;off&#8221; da_exit_intent=&#8221;off&#8221; da_has_close=&#8221;on&#8221; da_alt_close=&#8221;off&#8221; da_dark_close=&#8221;off&#8221; da_not_modal=&#8221;on&#8221; da_is_singular=&#8221;off&#8221; da_with_loader=&#8221;off&#8221; da_has_shadow=&#8221;on&#8221;][et_pb_row column_structure=&#8221;1_2,1_2&#8243; _builder_version=&#8221;4.6.1&#8243; _module_preset=&#8221;default&#8221; custom_padding=&#8221;27px|||||&#8221;][et_pb_column type=&#8221;1_2&#8243; _builder_version=&#8221;4.6.1&#8243; _module_preset=&#8221;default&#8221;][\/et_pb_column][et_pb_column type=&#8221;1_2&#8243; _builder_version=&#8221;4.6.1&#8243; _module_preset=&#8221;default&#8221;][et_pb_text _builder_version=&#8221;4.6.1&#8243; _module_preset=&#8221;default&#8221; header_font=&#8221;Exo 2|600||on|||||&#8221; header_text_color=&#8221;#575756&#8243; header_font_size=&#8221;56px&#8221; header_letter_spacing=&#8221;2px&#8221; header_line_height=&#8221;1.1em&#8221;]<\/p>\n<h1>FAq<\/h1>\n<p>[\/et_pb_text][et_pb_text _builder_version=&#8221;4.6.1&#8243; _module_preset=&#8221;default&#8221; header_font=&#8221;Exo 2|600||on|||||&#8221; header_text_color=&#8221;#575756&#8243; header_font_size=&#8221;46px&#8221; header_3_font=&#8221;Exo 2|300||on|||||&#8221; header_3_text_align=&#8221;left&#8221; header_3_text_color=&#8221;#575756&#8243; header_3_font_size=&#8221;20px&#8221; header_3_letter_spacing=&#8221;2px&#8221; header_3_line_height=&#8221;1.4em&#8221;]<\/p>\n<h3>De enige striae-therapie met door <strong>universitaire studies<\/strong> gevalideerde doeltreffendheid en veiligheid.<\/h3>\n<p>[\/et_pb_text][et_pb_button button_url=&#8221;http:\/\/promo.biodermogenesi.com\/uk\/&#8221; button_text=&#8221;BOEK EEN GRATIS CONSULTATIE&#8221; button_alignment=&#8221;left&#8221; _builder_version=&#8221;4.6.1&#8243; _module_preset=&#8221;default&#8221; custom_button=&#8221;on&#8221; button_font=&#8221;|600|||||||&#8221; custom_padding=&#8221;8px|46px|8px|46px|true|true&#8221; locked=&#8221;off&#8221; disabled_on=&#8221;on|on|on&#8221; disabled=&#8221;on&#8221;][\/et_pb_button][\/et_pb_column][\/et_pb_row][\/et_pb_section][et_pb_section fb_built=&#8221;1&#8243; disabled_on=&#8221;off|off|on&#8221; admin_label=&#8221;Intestazione&#8221; _builder_version=&#8221;4.6.1&#8243; _module_preset=&#8221;default&#8221; background_color=&#8221;#ffffff&#8221; use_background_color_gradient=&#8221;on&#8221; background_color_gradient_start=&#8221;rgba(218,228,232,0)&#8221; background_color_gradient_end=&#8221;#D6EBEF&#8221; background_color_gradient_direction=&#8221;1deg&#8221; background_enable_image=&#8221;off&#8221; background_size=&#8221;initial&#8221; background_position=&#8221;center_left&#8221; min_height=&#8221;464px&#8221; custom_margin=&#8221;|0px||0px|false|true&#8221; custom_padding=&#8221;7px||0px|||&#8221; da_disable_devices=&#8221;off|off|off&#8221; da_is_popup=&#8221;off&#8221; da_exit_intent=&#8221;off&#8221; da_has_close=&#8221;on&#8221; da_alt_close=&#8221;off&#8221; da_dark_close=&#8221;off&#8221; da_not_modal=&#8221;on&#8221; da_is_singular=&#8221;off&#8221; da_with_loader=&#8221;off&#8221; da_has_shadow=&#8221;on&#8221;][et_pb_row _builder_version=&#8221;4.6.1&#8243; _module_preset=&#8221;default&#8221; width=&#8221;100%&#8221; custom_padding=&#8221;27px|||||&#8221;][et_pb_column type=&#8221;4_4&#8243; _builder_version=&#8221;4.6.1&#8243; _module_preset=&#8221;default&#8221;][et_pb_text _builder_version=&#8221;4.6.1&#8243; _module_preset=&#8221;default&#8221; header_font=&#8221;Exo 2|600||on|||||&#8221; header_text_align=&#8221;left&#8221; header_text_color=&#8221;#575756&#8243; header_font_size=&#8221;37px&#8221; header_letter_spacing=&#8221;2px&#8221; header_line_height=&#8221;1.1em&#8221; custom_padding=&#8221;|||32px|false|false&#8221;]<\/p>\n<h1>faq<\/h1>\n<p>[\/et_pb_text][et_pb_text _builder_version=&#8221;4.6.1&#8243; _module_preset=&#8221;default&#8221; header_font=&#8221;Exo 2|600||on|||||&#8221; header_text_color=&#8221;#575756&#8243; header_font_size=&#8221;46px&#8221; header_3_font=&#8221;Exo 2|300||on|||||&#8221; header_3_text_align=&#8221;left&#8221; header_3_text_color=&#8221;#575756&#8243; header_3_font_size=&#8221;17px&#8221; header_3_letter_spacing=&#8221;2px&#8221; header_3_line_height=&#8221;1.4em&#8221; custom_padding=&#8221;|36px||36px|false|true&#8221;]<\/p>\n<h3>De enige striae-therapie met door <strong>universitaire studies<\/strong> gevalideerde doeltreffendheid en veiligheid.<\/h3>\n<p>[\/et_pb_text][et_pb_image src=&#8221;https:\/\/www.biodermogenesi.com\/nl\/wp-content\/uploads\/sites\/18\/2022\/10\/vita-nuova-pelle.png&#8221; title_text=&#8221;vita-nuova-pelle&#8221; align=&#8221;center&#8221; force_fullwidth=&#8221;on&#8221; _builder_version=&#8221;4.6.1&#8243; _module_preset=&#8221;default&#8221;][\/et_pb_image][et_pb_button button_text=&#8221;BOEK EEN GRATIS CONSULTATIE&#8221; button_alignment=&#8221;center&#8221; _builder_version=&#8221;4.6.1&#8243; _module_preset=&#8221;default&#8221; custom_button=&#8221;on&#8221; button_font=&#8221;|600|||||||&#8221; custom_padding=&#8221;8px|46px|8px|46px|true|true&#8221; locked=&#8221;off&#8221; disabled_on=&#8221;on|on|on&#8221; disabled=&#8221;on&#8221;][\/et_pb_button][\/et_pb_column][\/et_pb_row][\/et_pb_section][et_pb_section fb_built=&#8221;1&#8243; admin_label=&#8221;Intestazione&#8221; _builder_version=&#8221;4.6.1&#8243; _module_preset=&#8221;default&#8221; background_color=&#8221;#ffffff&#8221; custom_margin=&#8221;|20px||20px|false|true&#8221; custom_padding=&#8221;7px||5px|||&#8221; da_disable_devices=&#8221;off|off|off&#8221; da_is_popup=&#8221;off&#8221; da_exit_intent=&#8221;off&#8221; da_has_close=&#8221;on&#8221; da_alt_close=&#8221;off&#8221; da_dark_close=&#8221;off&#8221; da_not_modal=&#8221;on&#8221; da_is_singular=&#8221;off&#8221; da_with_loader=&#8221;off&#8221; da_has_shadow=&#8221;on&#8221;][et_pb_row _builder_version=&#8221;4.6.1&#8243; _module_preset=&#8221;default&#8221;][et_pb_column type=&#8221;4_4&#8243; _builder_version=&#8221;4.6.1&#8243; _module_preset=&#8221;default&#8221;][et_pb_text _builder_version=&#8221;4.6.1&#8243; _module_preset=&#8221;default&#8221; header_font=&#8221;|||on|||||&#8221; header_text_align=&#8221;center&#8221; header_text_color=&#8221;#575756&#8243; header_font_size=&#8221;32px&#8221; custom_margin=&#8221;||15px|||&#8221;]<\/p>\n<h1>Frequently Asked Questions<\/h1>\n<p>[\/et_pb_text][et_pb_divider color=&#8221;#3088B3&#8243; divider_weight=&#8221;6px&#8221; _builder_version=&#8221;4.6.1&#8243; _module_preset=&#8221;default&#8221; width=&#8221;100px&#8221; module_alignment=&#8221;center&#8221; custom_margin=&#8221;||0px||false|false&#8221; custom_padding=&#8221;||0px||false|false&#8221;][\/et_pb_divider][\/et_pb_column][\/et_pb_row][et_pb_row use_custom_gutter=&#8221;on&#8221; _builder_version=&#8221;4.6.1&#8243; _module_preset=&#8221;default&#8221; width=&#8221;70%&#8221; width_tablet=&#8221;90%&#8221; width_phone=&#8221;90%&#8221; width_last_edited=&#8221;on|desktop&#8221; max_width=&#8221;70%&#8221; max_width_tablet=&#8221;90%&#8221; max_width_phone=&#8221;&#8221; max_width_last_edited=&#8221;on|tablet&#8221; custom_margin=&#8221;|auto|8px|auto|false|false&#8221; custom_padding=&#8221;||29px||false|false&#8221;][et_pb_column type=&#8221;4_4&#8243; _builder_version=&#8221;4.6.1&#8243; _module_preset=&#8221;default&#8221;][et_pb_accordion open_toggle_text_color=&#8221;#3088B3&#8243; icon_color=&#8221;#3088B3&#8243; _builder_version=&#8221;4.6.1&#8243; _module_preset=&#8221;default&#8221; toggle_font=&#8221;|700||on|||||&#8221; custom_margin=&#8221;||||false|false&#8221; custom_padding=&#8221;||||false|false&#8221; custom_css_toggle=&#8221;margin-bottom: 5px !important;&#8221;][et_pb_accordion_item title=&#8221;WIE HEEFT DE EFFECTIVITEIT VAN BIODERMOGENESI\u00ae AANGETOOND?&#8221; open=&#8221;on&#8221; _builder_version=&#8221;4.6.1&#8243; _module_preset=&#8221;default&#8221;]<\/p>\n<p>De doeltreffendheid van Biodermogenesi\u00ae wordt aangetoond door wetenschappelijke studies uitgevoerd op meer dan 1.250 pati\u00ebnten, waarvan sommige met medewerking van de universiteiten van Pisa, Pavia en Verona.<\/p>\n<p>[\/et_pb_accordion_item][et_pb_accordion_item title=&#8221;HOEVEEL VAN DE BEHANDELDE PATI\u00cbNTEN IN DE WETENSCHAPPELIJKE STUDIES HEBBEN EEN VERBETERING GEHAD?&#8221; _builder_version=&#8221;4.6.1&#8243; _module_preset=&#8221;default&#8221; open=&#8221;off&#8221;]<\/p>\n<p>Alle behandelde pati\u00ebnten vertoonden een verbetering, enkele in marginale mate, terwijl 83% zei zeer of zeer tevreden te zijn.<\/p>\n<p>[\/et_pb_accordion_item][et_pb_accordion_item title=&#8221;WAT ZIJN DE RISICO&#8217;S EN BIJWERKINGEN VAN EEN BIODERMOGENESI\u00ae BEHANDELING?&#8221; _builder_version=&#8221;4.6.1&#8243; _module_preset=&#8221;default&#8221; open=&#8221;off&#8221;]<\/p>\n<p>Alle wetenschappelijke studies en de dagelijkse praktijk van honderden artsen die Biodermogenesi\u00ae in Itali\u00eb en in het buitenland gebruiken, tonen aan dat er geen risico&#8217;s van bijwerkingen verbonden zijn aan de behandelingen.<\/p>\n<p>[\/et_pb_accordion_item][et_pb_accordion_item title=&#8221;HOE DOELTREFFEND IS BIODERMOGENESI\u00ae BIJ DE BEHANDELING VAN STRIAE?&#8221; _builder_version=&#8221;4.6.1&#8243; _module_preset=&#8221;default&#8221; open=&#8221;off&#8221;]<\/p>\n<p>Biodermogenesi\u00ae is in staat gebleken om striae van elke soort, datum, plaats en relevantie te regenereren. De striae vullen zich op en worden bruin zoals de omringende gezonde huid.<\/p>\n<p>[\/et_pb_accordion_item][et_pb_accordion_item title=&#8221;IS HET EFFECTIEF OP WITTE EN OUDE STRIAE?&#8221; _builder_version=&#8221;4.6.1&#8243; _module_preset=&#8221;default&#8221; open=&#8221;off&#8221;]<\/p>\n<p>Absoluut ja, er zullen meer sessies nodig zijn dan bij rode striae, maar zelfs bij striae van meer dan 30 jaar wordt nog regeneratie bereikt.<\/p>\n<p>[\/et_pb_accordion_item][et_pb_accordion_item title=&#8221;HOEVEEL VULLEN STRIAE DIE MET BIODERMOGENESI\u00ae ZIJN BEHANDELD?&#8221; _builder_version=&#8221;4.6.1&#8243; _module_preset=&#8221;default&#8221; open=&#8221;off&#8221;]<\/p>\n<p>Uit een studie van de School voor Dermatologie van de Universiteit van Pisa is gebleken dat witte striemen gemiddeld 82% opvullen dankzij de vermenigvuldiging van nieuw collageen en elastische vezels.<\/p>\n<p>[\/et_pb_accordion_item][et_pb_accordion_item title=&#8221;WAAROM BRUINEN DE MET BIODERMOGENESI\u00ae BEHANDELDE STRIAE?&#8221; _builder_version=&#8221;4.6.1&#8243; _module_preset=&#8221;default&#8221; open=&#8221;off&#8221;]<\/p>\n<p>De tientallen biopten die zijn genomen ter ondersteuning van Biodermogenesi\u00ae tonen aan dat de huidlagen worden gereorganiseerd en als onderdeel van deze herstructurering wordt de juiste activiteit van de melanocyten hersteld; blootstelling aan de zon bevordert de productie van melanine waardoor bruin worden mogelijk wordt. Biodermogenesi\u00ae is de enige therapie voor striae die biopten heeft opgeleverd die de aanwezigheid van melanocyten aantonen.<\/p>\n<p>[\/et_pb_accordion_item][et_pb_accordion_item title=&#8221;HOE WORDEN STRIAE BRUIN?&#8221; _builder_version=&#8221;4.6.1&#8243; _module_preset=&#8221;default&#8221; open=&#8221;off&#8221;]<\/p>\n<p>Striae behandeld met Biodermogenesi\u00ae reageren op blootstelling aan ultraviolet, natuurlijk of kunstmatig, met de productie van melanine die de bruining van de striae veroorzaakt. Na de Biodermogenesi\u00ae behandelingen zijn de striae als een babyhuidje bij de eerste blootstelling aan de zon, dus heeft het voldoende bescherming nodig en zal het langzamer reageren dan het omliggende weefsel. Na het verlies van de eerste bruining en bij de daaropvolgende blootstelling zullen de striae op dezelfde manier bruinen als de aangrenzende huid. Vanaf dat moment zullen de gezonde huid en de striae een vergelijkbare kleur hebben.<\/p>\n<p>[\/et_pb_accordion_item][et_pb_accordion_item title=&#8221;HOEVEEL SESSIES ZIJN NODIG VOOR DE BEHANDELING VAN STRIAE EN HOE VAAK MOETEN ZE WORDEN UITGEVOERD?&#8221; _builder_version=&#8221;4.6.1&#8243; _module_preset=&#8221;default&#8221; open=&#8221;off&#8221;]<\/p>\n<p>Voor de regeneratie van striae zijn 6 tot 9 sessies nodig, zelden 12 voor complexe striae of striae waarop eerder andere therapie\u00ebn dan Biodermogenesi\u00ae zijn toegepast. De behandelingen worden \u00e9\u00e9n of twee keer per week uitgevoerd, met een minimale tussenpoos van 48 uur.<\/p>\n<p>[\/et_pb_accordion_item][et_pb_accordion_item title=&#8221;WERKT BIODERMOGENESI\u00ae BIJ ALLE SOORTEN LITTEKENS EN KELO\u00cfDEN?&#8221; _builder_version=&#8221;4.6.1&#8243; _module_preset=&#8221;default&#8221; open=&#8221;off&#8221;]<\/p>\n<p>De therapie maakt belangrijke esthetische resultaten mogelijk bij hypotrofische en hypertrofische littekens en bij niet-ernstige kelo\u00efden. De resultaten worden verkregen ongeacht de oorzaak, die te wijten kan zijn aan fysieke nasleep van chirurgie, schaafwonden, nawerkingen van acne, trauma, brandwonden en chemische brandwonden.<\/p>\n<p>[\/et_pb_accordion_item][et_pb_accordion_item title=&#8221;WELKE ESTHETISCHE RESULTATEN KUNNEN WORDEN VERKREGEN BIJ DE BEHANDELING VAN LITTEKENS?&#8221; _builder_version=&#8221;4.6.1&#8243; _module_preset=&#8221;default&#8221; open=&#8221;off&#8221;]<\/p>\n<p>Na de behandelingen met Biodermogenesi\u00ae hebben de littekens de neiging zich te nivelleren met de omringende gezonde huid, de elasticiteit en hydratatie te herstellen en het kleurverschil af te zwakken.<\/p>\n<p>[\/et_pb_accordion_item][et_pb_accordion_item title=&#8221;WERKT HET BIJ ACNE LITTEKENS?&#8221; _builder_version=&#8221;4.6.1&#8243; _module_preset=&#8221;default&#8221; open=&#8221;off&#8221;]<\/p>\n<p>Biodermogenesi\u00ae maakt ook de regeneratie van acnelittekens mogelijk, zowel in het gezicht als op de rug en op andere delen van het lichaam.<\/p>\n<p>[\/et_pb_accordion_item][et_pb_accordion_item title=&#8221;WERKT BIODERMOGENESI\u00ae OOK STRUCTUREEL OP LITTEKENS?&#8221; _builder_version=&#8221;4.6.1&#8243; _module_preset=&#8221;default&#8221; open=&#8221;off&#8221;]<\/p>\n<p>Studies hebben aangetoond dat Biodermogenesi\u00ae kan bijdragen tot een betere motiliteit en extensie bij terugtrekkende littekens, terwijl het bij littekens met aanzienlijke fibrose en daaruit voortvloeiende pijn een vermindering van de fibrose met verzachting van de pijn mogelijk maakt.<\/p>\n<p>[\/et_pb_accordion_item][et_pb_accordion_item title=&#8221;HOEVEEL SESSIES HEEFT U NODIG VOOR EEN LITTEKENBEHANDELING?&#8221; _builder_version=&#8221;4.6.1&#8243; _module_preset=&#8221;default&#8221; open=&#8221;off&#8221;]<\/p>\n<p>Elk litteken is uniek in zijn kenmerken; daarom is het moeilijk een bepaald behandelingsprogramma te voorspellen. Uit de opgedane ervaring blijkt dat alle behandelde pati\u00ebnten een esthetische en functionele verbetering van de littekens kennen dankzij een behandelingsprogramma dat kan vari\u00ebren van 4 tot 10 sessies. In ieder geval zal de arts voor de behandeling van littekens het therapeutische traject evalueren op basis van het eerste bezoek aan de medische voorgeschiedenis en het resultaat van de eerste sessie.<\/p>\n<p>[\/et_pb_accordion_item][et_pb_accordion_item title=&#8221;WELKE RESULTATEN BEREIK JE MET DE BIODERMOGENESI\u00ae ANTI-AGING BEHANDELING?&#8221; _builder_version=&#8221;4.6.1&#8243; _module_preset=&#8221;default&#8221; open=&#8221;off&#8221;]<\/p>\n<p>Ook in dit geval wordt een echte huidregeneratie verkregen, rimpels worden verzacht, de huid wordt gehydrateerd en krijgt meer glans en turgescentie, de gelaatstrekken worden gelift.<\/p>\n<p>[\/et_pb_accordion_item][et_pb_accordion_item title=&#8221;ZIJN ER LEEFTIJDSGRENZEN VOOR DE BEHANDELINGEN?&#8221; _builder_version=&#8221;4.6.1&#8243; _module_preset=&#8221;default&#8221; open=&#8221;off&#8221;]<\/p>\n<p>Nee, de verbetering van de huid en de vermindering van rimpels is ook bereikt bij pati\u00ebnten boven de tachtig.<\/p>\n<p>[\/et_pb_accordion_item][et_pb_accordion_item title=&#8221;WERKT HET OOK OP DE NEK?&#8221; _builder_version=&#8221;4.6.1&#8243; _module_preset=&#8221;default&#8221; open=&#8221;off&#8221;]<\/p>\n<p>Absoluut ja, de hals wordt compacter en steviger, en rimpels verminderen.<\/p>\n<p>[\/et_pb_accordion_item][et_pb_accordion_item title=&#8221;ZIJN ER KLINISCHE STUDIES DIE DE EFFECTIVITEIT VAN BIODERMOGENESI\u00ae BIJ ANTI-AGING BEHANDELING AANTONEN?&#8221; _builder_version=&#8221;4.6.1&#8243; _module_preset=&#8221;default&#8221; open=&#8221;off&#8221;]<\/p>\n<p>Een studie uitgevoerd op 217 pati\u00ebnten tussen 40 en 81 jaar, vrouwen en mannen, heeft een belangrijke esthetische verbetering van de huid van de pati\u00ebnten aangetoond. Bovendien verklaarden de pati\u00ebnten uiterst tevreden te zijn over de verkregen resultaten. Uit de instrumentele analyse is gebleken dat de hydratatie van de huid met 35% is toegenomen en dat de talg- en pH-waarde zijn genormaliseerd.<\/p>\n<p>[\/et_pb_accordion_item][et_pb_accordion_item title=&#8221;HOEVEEL SESSIES HEEFT U NODIG VOOR EEN ANTI-AGING BEHANDELING VAN GEZICHT EN HALS?&#8221; _builder_version=&#8221;4.6.1&#8243; _module_preset=&#8221;default&#8221; open=&#8221;off&#8221;]<\/p>\n<p>Er zijn 4 tot 6 sessies per week nodig om een belangrijke verjongende werking op de huid van gezicht en hals te verkrijgen.<\/p>\n<p>[\/et_pb_accordion_item][\/et_pb_accordion][\/et_pb_column][\/et_pb_row][\/et_pb_section][et_pb_section fb_built=&#8221;1&#8243; admin_label=&#8221;footer eng&#8221; _builder_version=&#8221;4.4.1&#8243; background_color=&#8221;#3088b3&#8243; custom_padding=&#8221;0px||0px|||&#8221; da_disable_devices=&#8221;off|off|off&#8221; global_module=&#8221;80&#8243; locked=&#8221;off&#8221; da_is_popup=&#8221;off&#8221; da_exit_intent=&#8221;off&#8221; da_has_close=&#8221;on&#8221; da_alt_close=&#8221;off&#8221; da_dark_close=&#8221;off&#8221; da_not_modal=&#8221;on&#8221; da_is_singular=&#8221;off&#8221; da_with_loader=&#8221;off&#8221; da_has_shadow=&#8221;on&#8221;][et_pb_row column_structure=&#8221;1_4,1_4,1_4,1_4&#8243; _builder_version=&#8221;4.0.6&#8243; locked=&#8221;off&#8221;][et_pb_column type=&#8221;1_4&#8243; _builder_version=&#8221;4.0.6&#8243;][et_pb_image src=&#8221;https:\/\/www2.biodermogenesi.com\/uk\/wp-content\/uploads\/sites\/18\/2020\/06\/logo.png&#8221; _builder_version=&#8221;4.0.6&#8243;][\/et_pb_image][et_pb_text _builder_version=&#8221;4.6.1&#8243; text_font=&#8221;|700|||||||&#8221; text_text_color=&#8221;#ffffff&#8221; text_font_size=&#8221;10px&#8221; link_font=&#8221;||||||||&#8221; link_text_color=&#8221;#ffffff&#8221;]<\/p>\n<p><a href=\"https:\/\/www.biodermogenesi.com\/nl\/legal-information\/\">BELANGRIJKE WETTELIJKE INFORMATIE<\/a><br \/> <a href=\"https:\/\/www.biodermogenesi.com\/nl\/privacy-policy\/\">PRIVACYBELEID<\/a><\/p>\n<p>[\/et_pb_text][\/et_pb_column][et_pb_column type=&#8221;1_4&#8243; _builder_version=&#8221;4.0.6&#8243;][et_pb_text _builder_version=&#8221;4.6.1&#8243; text_text_color=&#8221;#ffffff&#8221; text_line_height=&#8221;1.3em&#8221; header_6_text_color=&#8221;#83bdd9&#8243; header_6_font_size=&#8221;16px&#8221;]<\/p>\n<h6>info<\/h6>\n<p><strong>BIODERMOGENESI\u00ae<\/strong> is een geregistreerd handelsmerk of eigendom van <strong>EXPO ITALIA s.r.l.<\/strong><\/p>\n<p>Firenze (ITALI\u00cb)<\/p>\n<p>[\/et_pb_text][\/et_pb_column][et_pb_column type=&#8221;1_4&#8243; _builder_version=&#8221;4.0.6&#8243;][et_pb_text _builder_version=&#8221;4.6.1&#8243; text_text_color=&#8221;#ffffff&#8221; header_6_text_color=&#8221;#83bdd9&#8243; header_6_font_size=&#8221;16px&#8221; custom_margin=&#8221;||17px|||&#8221;]<\/p>\n<h6>Contacts<\/h6>\n<p>E-mail infonl@biodermogenesi.com<\/p>\n<p>BTW 04697040485<\/p>\n<p>[\/et_pb_text][et_pb_image src=&#8221;https:\/\/www2.biodermogenesi.com\/uk\/wp-content\/uploads\/sites\/18\/2020\/06\/88&#215;31.png&#8221; _builder_version=&#8221;4.0.6&#8243;][\/et_pb_image][\/et_pb_column][et_pb_column type=&#8221;1_4&#8243; _builder_version=&#8221;4.0.6&#8243;][et_pb_text _builder_version=&#8221;4.6.1&#8243; text_text_color=&#8221;#ffffff&#8221; header_6_text_color=&#8221;#83bdd9&#8243; header_6_font_size=&#8221;16px&#8221; custom_margin=&#8221;||17px|||&#8221;]<\/p>\n<h6>Volg ons<\/h6>\n<p>[\/et_pb_text][et_pb_text _builder_version=&#8221;4.6.1&#8243; text_text_color=&#8221;#ffffff&#8221;]<\/p>\n<div><a href=\"https:\/\/www.facebook.com\/Biodermogenesi-United-Kingdom-104182014404976\" target=\"_blank\" rel=\"noopener noreferrer\"><img loading=\"lazy\" decoding=\"async\" style=\"margin: 5px;\" src=\"https:\/\/www2.biodermogenesi.com\/wp-content\/uploads\/2020\/06\/social-facebook.png\" alt=\"Facebook\" width=\"30\" height=\"30\" \/><\/a><a href=\"https:\/\/www.youtube.com\/channel\/UCFSORtLN0rT3Wh17jYS0lhQ\" target=\"_blank\" rel=\"noopener noreferrer\"><img loading=\"lazy\" decoding=\"async\" style=\"margin: 5px;\" src=\"https:\/\/www2.biodermogenesi.com\/wp-content\/uploads\/2020\/06\/youtube-social.png\" alt=\"Facebook\" width=\"30\" height=\"30\" \/><\/a><a href=\"https:\/\/www.instagram.com\/biodermogenesiofficial\/?hl=it\" target=\"_blank\" rel=\"noopener noreferrer\"><img loading=\"lazy\" decoding=\"async\" style=\"margin: 5px;\" src=\"https:\/\/www2.biodermogenesi.com\/wp-content\/uploads\/2020\/06\/social-instagram.png\" alt=\"Youtube\" width=\"30\" height=\"30\" \/><\/a><\/div>\n<p>[\/et_pb_text][\/et_pb_column][\/et_pb_row][\/et_pb_section]<\/p>\n","protected":false},"excerpt":{"rendered":"<p>FAqDe enige striae-therapie met door universitaire studies gevalideerde doeltreffendheid en veiligheid.faqDe enige striae-therapie met door universitaire studies gevalideerde doeltreffendheid en veiligheid.Frequently Asked QuestionsDe doeltreffendheid van Biodermogenesi\u00ae wordt aangetoond door wetenschappelijke studies uitgevoerd op meer dan 1.250 pati\u00ebnten, waarvan sommige met medewerking van de universiteiten van Pisa, Pavia en Verona.Alle behandelde pati\u00ebnten vertoonden een verbetering, enkele [&hellip;]<\/p>\n","protected":false},"author":1,"featured_media":0,"parent":0,"menu_order":0,"comment_status":"closed","ping_status":"closed","template":"","meta":{"_et_pb_use_builder":"on","_et_pb_old_content":"","_et_gb_content_width":"","footnotes":""},"class_list":["post-14651","page","type-page","status-publish","hentry"],"_links":{"self":[{"href":"https:\/\/www.biodermogenesi.com\/nl\/wp-json\/wp\/v2\/pages\/14651","targetHints":{"allow":["GET"]}}],"collection":[{"href":"https:\/\/www.biodermogenesi.com\/nl\/wp-json\/wp\/v2\/pages"}],"about":[{"href":"https:\/\/www.biodermogenesi.com\/nl\/wp-json\/wp\/v2\/types\/page"}],"author":[{"embeddable":true,"href":"https:\/\/www.biodermogenesi.com\/nl\/wp-json\/wp\/v2\/users\/1"}],"replies":[{"embeddable":true,"href":"https:\/\/www.biodermogenesi.com\/nl\/wp-json\/wp\/v2\/comments?post=14651"}],"version-history":[{"count":10,"href":"https:\/\/www.biodermogenesi.com\/nl\/wp-json\/wp\/v2\/pages\/14651\/revisions"}],"predecessor-version":[{"id":14928,"href":"https:\/\/www.biodermogenesi.com\/nl\/wp-json\/wp\/v2\/pages\/14651\/revisions\/14928"}],"wp:attachment":[{"href":"https:\/\/www.biodermogenesi.com\/nl\/wp-json\/wp\/v2\/media?parent=14651"}],"curies":[{"name":"wp","href":"https:\/\/api.w.org\/{rel}","templated":true}]}}