{"id":15287,"date":"2022-05-05T09:43:43","date_gmt":"2022-05-05T07:43:43","guid":{"rendered":"https:\/\/www.biodermogenesi.com\/ita\/?page_id=15287"},"modified":"2025-03-12T15:52:54","modified_gmt":"2025-03-12T14:52:54","slug":"faq","status":"publish","type":"page","link":"https:\/\/www.biodermogenesi.com\/ita\/faq\/","title":{"rendered":"FAQ"},"content":{"rendered":"<p>[et_pb_section fb_built=&#8221;1&#8243; disabled_on=&#8221;on|on|off&#8221; admin_label=&#8221;Intestazione&#8221; _builder_version=&#8221;4.16&#8243; _module_preset=&#8221;default&#8221; background_color=&#8221;#ffffff&#8221; use_background_color_gradient=&#8221;on&#8221; background_color_gradient_type=&#8221;circular&#8221; background_color_gradient_direction_radial=&#8221;right&#8221; background_color_gradient_stops=&#8221;rgba(218,228,232,0) 0%|#D6EBEF 100%&#8221; background_color_gradient_start=&#8221;rgba(218,228,232,0)&#8221; background_color_gradient_end=&#8221;#D6EBEF&#8221; background_image=&#8221;https:\/\/www.biodermogenesi.com\/ita\/wp-content\/uploads\/sites\/23\/2022\/05\/vita-nuova-pelle.png&#8221; background_size=&#8221;initial&#8221; background_position=&#8221;center_left&#8221; min_height=&#8221;464px&#8221; custom_margin=&#8221;|20px||20px|false|true&#8221; custom_padding=&#8221;7px||0px|||&#8221; da_disable_devices=&#8221;off|off|off&#8221; global_colors_info=&#8221;{}&#8221; da_is_popup=&#8221;off&#8221; da_exit_intent=&#8221;off&#8221; da_has_close=&#8221;on&#8221; da_alt_close=&#8221;off&#8221; da_dark_close=&#8221;off&#8221; da_not_modal=&#8221;on&#8221; da_is_singular=&#8221;off&#8221; da_with_loader=&#8221;off&#8221; da_has_shadow=&#8221;on&#8221;][et_pb_row column_structure=&#8221;1_2,1_2&#8243; _builder_version=&#8221;4.16&#8243; _module_preset=&#8221;default&#8221; custom_padding=&#8221;27px|||||&#8221; global_colors_info=&#8221;{}&#8221;][et_pb_column type=&#8221;1_2&#8243; _builder_version=&#8221;4.16&#8243; _module_preset=&#8221;default&#8221; global_colors_info=&#8221;{}&#8221;][\/et_pb_column][et_pb_column type=&#8221;1_2&#8243; _builder_version=&#8221;4.16&#8243; _module_preset=&#8221;default&#8221; global_colors_info=&#8221;{}&#8221;][et_pb_text _builder_version=&#8221;4.16&#8243; _module_preset=&#8221;default&#8221; header_font=&#8221;Exo 2|600||on|||||&#8221; header_text_color=&#8221;#575756&#8243; header_font_size=&#8221;56px&#8221; header_letter_spacing=&#8221;2px&#8221; header_line_height=&#8221;1.1em&#8221; global_colors_info=&#8221;{}&#8221;]<\/p>\n<h1>FAq<\/h1>\n<p>[\/et_pb_text][et_pb_text _builder_version=&#8221;4.16&#8243; _module_preset=&#8221;default&#8221; header_font=&#8221;Exo 2|600||on|||||&#8221; header_text_color=&#8221;#575756&#8243; header_font_size=&#8221;46px&#8221; header_3_font=&#8221;Exo 2|300||on|||||&#8221; header_3_text_align=&#8221;left&#8221; header_3_text_color=&#8221;#575756&#8243; header_3_font_size=&#8221;20px&#8221; header_3_letter_spacing=&#8221;2px&#8221; header_3_line_height=&#8221;1.4em&#8221; global_colors_info=&#8221;{}&#8221;]<\/p>\n<h3>L\u2019UNICA TERAPIA DELLA SMAGLIATURA CON EFFICACIA E SICUREZZA VALIDATA DA <strong>STUDI UNIVERSITARI<\/strong>.<\/h3>\n<p>[\/et_pb_text][et_pb_button button_url=&#8221;http:\/\/promozioni.biodermogenesi.com\/&#8221; button_text=&#8221;TROVA IL CENTRO A TE PI\u00f9 VICINO&#8221; button_alignment=&#8221;left&#8221; _builder_version=&#8221;4.16&#8243; _module_preset=&#8221;default&#8221; custom_button=&#8221;on&#8221; button_font=&#8221;|600|||||||&#8221; custom_padding=&#8221;8px|46px|8px|46px|true|true&#8221; locked=&#8221;off&#8221; global_colors_info=&#8221;{}&#8221;][\/et_pb_button][\/et_pb_column][\/et_pb_row][\/et_pb_section][et_pb_section fb_built=&#8221;1&#8243; disabled_on=&#8221;off|off|on&#8221; admin_label=&#8221;Intestazione&#8221; _builder_version=&#8221;4.16&#8243; _module_preset=&#8221;default&#8221; background_color=&#8221;#ffffff&#8221; use_background_color_gradient=&#8221;on&#8221; background_color_gradient_direction=&#8221;1deg&#8221; background_color_gradient_stops=&#8221;rgba(218,228,232,0) 0%|#D6EBEF 100%&#8221; background_color_gradient_start=&#8221;rgba(218,228,232,0)&#8221; background_color_gradient_end=&#8221;#D6EBEF&#8221; background_enable_image=&#8221;off&#8221; background_size=&#8221;initial&#8221; background_position=&#8221;center_left&#8221; min_height=&#8221;464px&#8221; custom_margin=&#8221;|0px||0px|false|true&#8221; custom_padding=&#8221;7px||0px|||&#8221; da_disable_devices=&#8221;off|off|off&#8221; global_colors_info=&#8221;{}&#8221; da_is_popup=&#8221;off&#8221; da_exit_intent=&#8221;off&#8221; da_has_close=&#8221;on&#8221; da_alt_close=&#8221;off&#8221; da_dark_close=&#8221;off&#8221; da_not_modal=&#8221;on&#8221; da_is_singular=&#8221;off&#8221; da_with_loader=&#8221;off&#8221; da_has_shadow=&#8221;on&#8221;][et_pb_row _builder_version=&#8221;4.16&#8243; _module_preset=&#8221;default&#8221; width=&#8221;100%&#8221; custom_padding=&#8221;27px|||||&#8221; global_colors_info=&#8221;{}&#8221;][et_pb_column type=&#8221;4_4&#8243; _builder_version=&#8221;4.16&#8243; _module_preset=&#8221;default&#8221; global_colors_info=&#8221;{}&#8221;][et_pb_text _builder_version=&#8221;4.16&#8243; _module_preset=&#8221;default&#8221; header_font=&#8221;Exo 2|600||on|||||&#8221; header_text_align=&#8221;left&#8221; header_text_color=&#8221;#575756&#8243; header_font_size=&#8221;37px&#8221; header_letter_spacing=&#8221;2px&#8221; header_line_height=&#8221;1.1em&#8221; custom_padding=&#8221;|||32px|false|false&#8221; global_colors_info=&#8221;{}&#8221;]<\/p>\n<h1>faq<\/h1>\n<p>[\/et_pb_text][et_pb_text _builder_version=&#8221;4.16&#8243; _module_preset=&#8221;default&#8221; header_font=&#8221;Exo 2|600||on|||||&#8221; header_text_color=&#8221;#575756&#8243; header_font_size=&#8221;46px&#8221; header_3_font=&#8221;Exo 2|300||on|||||&#8221; header_3_text_align=&#8221;left&#8221; header_3_text_color=&#8221;#575756&#8243; header_3_font_size=&#8221;17px&#8221; header_3_letter_spacing=&#8221;2px&#8221; header_3_line_height=&#8221;1.4em&#8221; custom_padding=&#8221;|36px||36px|false|true&#8221; global_colors_info=&#8221;{}&#8221;]<\/p>\n<h3>L\u2019UNICA TERAPIA DELLA SMAGLIATURA CON EFFICACIA E SICUREZZA VALIDATA DA STUDI UNIVERSITARI.<\/h3>\n<p>[\/et_pb_text][et_pb_image src=&#8221;https:\/\/www.biodermogenesi.com\/ita\/wp-content\/uploads\/sites\/23\/2022\/05\/vita-nuova-pelle.png&#8221; title_text=&#8221;vita-nuova-pelle&#8221; align=&#8221;center&#8221; force_fullwidth=&#8221;on&#8221; _builder_version=&#8221;4.16&#8243; _module_preset=&#8221;default&#8221; global_colors_info=&#8221;{}&#8221;][\/et_pb_image][et_pb_button button_url=&#8221;http:\/\/promozioni.biodermogenesi.com\/&#8221; button_text=&#8221;TROVA IL CENTRO A TE PI\u00f9 VICINO&#8221; button_alignment=&#8221;center&#8221; _builder_version=&#8221;4.16&#8243; _module_preset=&#8221;default&#8221; custom_button=&#8221;on&#8221; button_font=&#8221;|600|||||||&#8221; custom_padding=&#8221;8px|46px|8px|46px|true|true&#8221; locked=&#8221;off&#8221; global_colors_info=&#8221;{}&#8221;][\/et_pb_button][\/et_pb_column][\/et_pb_row][\/et_pb_section][et_pb_section fb_built=&#8221;1&#8243; admin_label=&#8221;Intestazione&#8221; _builder_version=&#8221;4.16&#8243; _module_preset=&#8221;default&#8221; background_color=&#8221;#ffffff&#8221; custom_margin=&#8221;|20px||20px|false|true&#8221; custom_padding=&#8221;7px||5px|||&#8221; da_disable_devices=&#8221;off|off|off&#8221; global_colors_info=&#8221;{}&#8221; da_is_popup=&#8221;off&#8221; da_exit_intent=&#8221;off&#8221; da_has_close=&#8221;on&#8221; da_alt_close=&#8221;off&#8221; da_dark_close=&#8221;off&#8221; da_not_modal=&#8221;on&#8221; da_is_singular=&#8221;off&#8221; da_with_loader=&#8221;off&#8221; da_has_shadow=&#8221;on&#8221;][et_pb_row _builder_version=&#8221;4.16&#8243; _module_preset=&#8221;default&#8221; global_colors_info=&#8221;{}&#8221;][et_pb_column type=&#8221;4_4&#8243; _builder_version=&#8221;4.16&#8243; _module_preset=&#8221;default&#8221; global_colors_info=&#8221;{}&#8221;][et_pb_text _builder_version=&#8221;4.16&#8243; _module_preset=&#8221;default&#8221; header_font=&#8221;|||on|||||&#8221; header_text_align=&#8221;center&#8221; header_text_color=&#8221;#575756&#8243; header_font_size=&#8221;32px&#8221; custom_margin=&#8221;||15px|||&#8221; global_colors_info=&#8221;{}&#8221;]<\/p>\n<h1>Frequently Asked Questions<\/h1>\n<p>[\/et_pb_text][et_pb_divider color=&#8221;#3088B3&#8243; divider_weight=&#8221;6px&#8221; _builder_version=&#8221;4.16&#8243; _module_preset=&#8221;default&#8221; width=&#8221;100px&#8221; module_alignment=&#8221;center&#8221; custom_margin=&#8221;||0px||false|false&#8221; custom_padding=&#8221;||0px||false|false&#8221; global_colors_info=&#8221;{}&#8221;][\/et_pb_divider][\/et_pb_column][\/et_pb_row][et_pb_row use_custom_gutter=&#8221;on&#8221; _builder_version=&#8221;4.16&#8243; _module_preset=&#8221;default&#8221; width=&#8221;70%&#8221; width_tablet=&#8221;90%&#8221; width_phone=&#8221;90%&#8221; width_last_edited=&#8221;on|desktop&#8221; max_width=&#8221;70%&#8221; max_width_tablet=&#8221;90%&#8221; max_width_phone=&#8221;&#8221; max_width_last_edited=&#8221;on|tablet&#8221; custom_margin=&#8221;|auto|8px|auto|false|false&#8221; custom_padding=&#8221;||29px||false|false&#8221; global_colors_info=&#8221;{}&#8221;][et_pb_column type=&#8221;4_4&#8243; _builder_version=&#8221;4.16&#8243; _module_preset=&#8221;default&#8221; global_colors_info=&#8221;{}&#8221;][et_pb_accordion open_toggle_text_color=&#8221;#3088B3&#8243; icon_color=&#8221;#3088B3&#8243; _builder_version=&#8221;4.16&#8243; _module_preset=&#8221;default&#8221; toggle_font=&#8221;|700||on|||||&#8221; custom_margin=&#8221;||||false|false&#8221; custom_padding=&#8221;||||false|false&#8221; custom_css_toggle=&#8221;margin-bottom: 5px !important;&#8221; global_colors_info=&#8221;{}&#8221;][et_pb_accordion_item title=&#8221;Chi ha dimostrato l\u2019efficacia di Biodermogenesi\u00ae?&#8221; open=&#8221;on&#8221; _builder_version=&#8221;4.16&#8243; _module_preset=&#8221;default&#8221; global_colors_info=&#8221;{}&#8221;]<\/p>\n<p>L\u2019efficacia di Biodermogenesi\u00ae \u00e8 dimostrata da studi scientifici condotti sul oltre 1.250 pazienti, alcuni dei quali condotti con il coinvolgimento delle Universit\u00e0 di Pisa, di Pavia e di Verona.<\/p>\n<p>Quanti dei pazienti trattati nel corso degli studi scientifici hanno avuto un miglioramento?<br \/>Tutti i pazienti trattati hanno evidenziato un miglioramento, pochi in misura marginale, mentre l\u201983% si dichiara molto od estremamente soddisfatto.<\/p>\n<p>[\/et_pb_accordion_item][et_pb_accordion_item title=&#8221;Quali sono i rischi e gli effetti collaterali che posso avere di conseguenza ai trattamenti di Biodermogenesi\u00ae&#8221; _builder_version=&#8221;4.16&#8243; _module_preset=&#8221;default&#8221; global_colors_info=&#8221;{}&#8221; open=&#8221;off&#8221;]<\/p>\n<p>Tutti gli studi scientifici e la pratica quotidiana di centinaia di medici che utilizzano Biodermogenesi\u00ae in Italia ed all\u2019estero dimostrano che non esistono rischi di effetti collaterali legati ai trattamenti.<\/p>\n<p>[\/et_pb_accordion_item][et_pb_accordion_item title=&#8221;Quanto \u00e8 efficace Biodermogenesi\u00ae nel trattamento delle smagliature?&#8221; _builder_version=&#8221;4.16&#8243; _module_preset=&#8221;default&#8221; global_colors_info=&#8221;{}&#8221; open=&#8221;off&#8221;]<\/p>\n<p>Biodermogenesi\u00ae ha dimostrato di poter rigenerare smagliature di qualsiasi genere, datazione, localizzazione e rilevanza. Le strie si riempiono e tornano ad abbronzarsi come la pelle sana circostante.<\/p>\n<p>[\/et_pb_accordion_item][et_pb_accordion_item title=&#8221;Si hanno risultati anche sulle smagliature bianche e vecchie?&#8221; _builder_version=&#8221;4.16&#8243; _module_preset=&#8221;default&#8221; global_colors_info=&#8221;{}&#8221; open=&#8221;off&#8221;]<\/p>\n<p>Assolutamente s\u00ec, saranno necessarie pi\u00f9 sedute rispetto alle strie rosse ma si ottiene comunque la rigenerazione anche su strie vecchie pi\u00f9 di 30 anni.<\/p>\n<p>[\/et_pb_accordion_item][et_pb_accordion_item title=&#8221;Di quanto si riempiono le smagliature trattate con Biodermogenesi\u00ae?&#8221; _builder_version=&#8221;4.16&#8243; _module_preset=&#8221;default&#8221; global_colors_info=&#8221;{}&#8221; open=&#8221;off&#8221;]<\/p>\n<p>Uno studio della Scuola di Dermatologia dell\u2019Universit\u00e0 di Pisa ha dimostrato che le smagliature bianche si riempiono mediamente dell\u201982% grazie alla moltiplicazione di nuovo collagene e fibre elastiche.<\/p>\n<p>[\/et_pb_accordion_item][et_pb_accordion_item title=&#8221;Perch\u00e9 le strie trattate con Biodermogenesi\u00ae si abbronzano?&#8221; _builder_version=&#8221;4.16&#8243; _module_preset=&#8221;default&#8221; global_colors_info=&#8221;{}&#8221; open=&#8221;off&#8221;]<\/p>\n<p>Le decine di biopsie prodotte a supporto di Biodermogenesi\u00ae dimostrano che si riorganizzano gli strati cutanei e nell\u2019ambito di questa ristrutturazione si recupera la corretta attivit\u00e0 dei melanociti, che semplice esposizione solare favoriscono la produzione di melanina con la conseguente abbronzatura. Biodermogenesi\u00ae \u00e8 l\u2019unica terapia per le smagliature che ha prodotto biopsie che dimostrano la presenza di melanociti.<\/p>\n<p>[\/et_pb_accordion_item][et_pb_accordion_item title=&#8221;Come avviene l\u2019abbronzatura delle smagliature?&#8221; _builder_version=&#8221;4.16&#8243; _module_preset=&#8221;default&#8221; global_colors_info=&#8221;{}&#8221; open=&#8221;off&#8221;]<\/p>\n<p>Le smagliature trattate con Biodermogenesi\u00ae reagiscono all\u2019esposizione agli ultravioletti, naturali od artificiali, con la produzione di melanina che determina l\u2019abbronzatura delle strie. Dopo i trattamenti con Biodermogenesi\u00ae la smagliatura \u00e8 come la pelle del bambino alla prima esposizione solare, quindi vuole un\u2019adeguata protezione e reagir\u00e0 pi\u00f9 lentamente del tessuto circostante. Dopo la perdita della prima abbronzatura e con la successiva esposizione la stria raggiunger\u00e0 un livello di abbronzatura analogo a quello della pelle adiacente. Da questo momento la pelle sana e la smagliatura avranno un colore analogo.<\/p>\n<p>[\/et_pb_accordion_item][et_pb_accordion_item title=&#8221;Quante sedute servono per la terapia delle smagliature e ogni quanti giorni si devono eseguire?&#8221; _builder_version=&#8221;4.16&#8243; _module_preset=&#8221;default&#8221; global_colors_info=&#8221;{}&#8221; open=&#8221;off&#8221;]<\/p>\n<p>Per la rigenerazione delle smagliature servono da 6 a 9 sedute, raramente si arriva a 12 per strie complesse o sulle quali sono state eseguite gi\u00e0 altre terapie diverse da Biodermogenesi\u00ae. Le terapie si eseguono una o due volte a settimana, con un intervallo minimo di 48 ore.<\/p>\n<p>[\/et_pb_accordion_item][et_pb_accordion_item title=&#8221;Biodermogenesi\u00ae agisce su qualsiasi forma di cicatrice e cheloide?&#8221; _builder_version=&#8221;4.16&#8243; _module_preset=&#8221;default&#8221; global_colors_info=&#8221;{}&#8221; open=&#8221;off&#8221;]<\/p>\n<p>La terapia permette di ottenere risultati estetici importanti su cicatrici ipotrofiche ed ipertrofiche e su cheloidi non gravi. I risultati si ottengono a prescindere dalla causa, che potr\u00e0 essere dovuta a postumi di interventi chirurgici, ad abrasioni, a postumi da acne, a traumi, ad ustioni ed ustioni chimiche.<\/p>\n<p>[\/et_pb_accordion_item][et_pb_accordion_item title=&#8221;Che tipo di risultato estetico si pu\u00f2 ottenere nella terapia delle cicatrici?&#8221; _builder_version=&#8221;4.16&#8243; _module_preset=&#8221;default&#8221; global_colors_info=&#8221;{}&#8221; open=&#8221;off&#8221;]<\/p>\n<p>Dopo le terapie con Biodermogenesi\u00ae le cicatrici tendono a livellarsi con la pelle sana circostante, a recuperare elasticit\u00e0 ed idratazione e ad attenuare la differenza cromatica.<\/p>\n<p>[\/et_pb_accordion_item][et_pb_accordion_item title=&#8221;Funziona sulle cicatrici da acne?&#8221; _builder_version=&#8221;4.16&#8243; _module_preset=&#8221;default&#8221; global_colors_info=&#8221;{}&#8221; open=&#8221;off&#8221;]<\/p>\n<p>Biodermogenesi\u00ae permette una rigenerazione anche delle cicatrici da acne, sia sul volto che sulla schiena e su altre parti del corpo.<\/p>\n<p>[\/et_pb_accordion_item][et_pb_accordion_item title=&#8221;Biodermogenesi\u00ae agisce sulle cicatrici anche dal punto di vista strutturale?&#8221; _builder_version=&#8221;4.16&#8243; _module_preset=&#8221;default&#8221; global_colors_info=&#8221;{}&#8221; open=&#8221;off&#8221;]<\/p>\n<p>Gli studi condotti hanno evidenziato che Biodermogenesi\u00ae pu\u00f2 aiutare a recuperare migliore motilit\u00e0 ed estensione in caso di cicatrici retraenti mentre sulle cicatrici caratterizzate da rilevante fibrosi con conseguente dolore ha permesso una riduzione dello stato fibrotico con attenuazione della sintomatologia dolorosa.<\/p>\n<p>[\/et_pb_accordion_item][et_pb_accordion_item title=&#8221;Quante sedute servono per la terapia delle cicatrici?&#8221; _builder_version=&#8221;4.16&#8243; _module_preset=&#8221;default&#8221; global_colors_info=&#8221;{}&#8221; open=&#8221;off&#8221;]<\/p>\n<p>Ogni cicatrice \u00e8 unica per le sue caratteristiche e pertanto \u00e8 difficile prevedere un percorso terapeutico certo. Le esperienze maturate hanno dimostrato che tutti i pazienti trattati hanno avuto un miglioramento estetico e funzionale delle cicatrici grazie ad un percorso che pu\u00f2 variare da 4 a 10 sedute. In ogni caso per la terapia delle cicatrici sar\u00e0 il medico a valutare il percorso terapeutico in base alla visita di anamnesi iniziale ed all\u2019esito della prima seduta.<\/p>\n<p>[\/et_pb_accordion_item][et_pb_accordion_item title=&#8221;Cosa si ottiene con Biodermogenesi\u00ae nella terapia anti-aging?&#8221; _builder_version=&#8221;4.16&#8243; _module_preset=&#8221;default&#8221; global_colors_info=&#8221;{}&#8221; open=&#8221;off&#8221;]<\/p>\n<p>Anche in questo caso si ottiene una vera e propria rigenerazione cutanea, le rughe si attenuano, la pelle si idrata e diventa pi\u00f9 luminosa e turgida, i lineamenti si sollevano.<\/p>\n<p>[\/et_pb_accordion_item][et_pb_accordion_item title=&#8221;Ci sono limiti di et\u00e0 per eseguire i trattamenti?&#8221; _builder_version=&#8221;4.16&#8243; _module_preset=&#8221;default&#8221; global_colors_info=&#8221;{}&#8221; open=&#8221;off&#8221;]<\/p>\n<p>No, il miglioramento della pelle e l\u2019attenuazione delle rughe si \u00e8 ottenuto anche su pazienti ultraottantenni.<\/p>\n<p>[\/et_pb_accordion_item][et_pb_accordion_item title=&#8221;Funziona anche sul collo?&#8221; _builder_version=&#8221;4.16&#8243; _module_preset=&#8221;default&#8221; global_colors_info=&#8221;{}&#8221; open=&#8221;off&#8221;]<\/p>\n<p>Assolutamente s\u00ec, il collo diventa pi\u00f9 compatto e sodo e le rughe si attenuano.<\/p>\n<p>[\/et_pb_accordion_item][et_pb_accordion_item title=&#8221;Ci sono studi clinici che dimostrano l\u2019efficacia di Biodermogenesi\u00ae nella terapia anti-aging?&#8221; _builder_version=&#8221;4.16&#8243; _module_preset=&#8221;default&#8221; global_colors_info=&#8221;{}&#8221; open=&#8221;off&#8221;]<\/p>\n<p>Uno studio condotto su 217 pazienti di et\u00e0 compresa tra 40 e 81 anni, donne ed uomini, ha dimostrato un importante miglioramento estetico della pelle dei pazienti, che si sono mostrati estremamente soddisfatti dei risultati ottenuti. L\u2019analisi strumentale ha evidenziato un aumento del 35% dell\u2019idratazione cutanea e una normalizzazione di sebo e pH.<\/p>\n<p>[\/et_pb_accordion_item][et_pb_accordion_item title=&#8221;Quante sedute servono per la terapia anti-aging di volto e collo?&#8221; _builder_version=&#8221;4.16&#8243; _module_preset=&#8221;default&#8221; global_colors_info=&#8221;{}&#8221; open=&#8221;off&#8221;]<\/p>\n<p>Per ottenere una importante azione ringiovanente della pelle del volto e del collo si prevedono tra 4 e 6 sedute a cadenza settimanale.<\/p>\n<p>[\/et_pb_accordion_item][\/et_pb_accordion][\/et_pb_column][\/et_pb_row][\/et_pb_section][et_pb_section fb_built=&#8221;1&#8243; admin_label=&#8221;footer ita&#8221; _builder_version=&#8221;4.3.2&#8243; background_color=&#8221;#3088b3&#8243; custom_padding=&#8221;0px||0px|||&#8221; da_disable_devices=&#8221;off|off|off&#8221; global_module=&#8221;13528&#8243; locked=&#8221;off&#8221; global_colors_info=&#8221;{}&#8221; da_is_popup=&#8221;off&#8221; da_exit_intent=&#8221;off&#8221; da_has_close=&#8221;on&#8221; da_alt_close=&#8221;off&#8221; da_dark_close=&#8221;off&#8221; da_not_modal=&#8221;on&#8221; da_is_singular=&#8221;off&#8221; da_with_loader=&#8221;off&#8221; da_has_shadow=&#8221;on&#8221;][et_pb_row column_structure=&#8221;1_4,1_4,1_4,1_4&#8243; _builder_version=&#8221;4.16&#8243; locked=&#8221;off&#8221; global_colors_info=&#8221;{}&#8221;][et_pb_column type=&#8221;1_4&#8243; _builder_version=&#8221;4.16&#8243; global_colors_info=&#8221;{}&#8221;][et_pb_image src=&#8221;https:\/\/www2.biodermogenesi.com\/it\/wp-content\/uploads\/sites\/23\/2019\/11\/logo.png&#8221; _builder_version=&#8221;4.16&#8243; global_colors_info=&#8221;{}&#8221;][\/et_pb_image][et_pb_text _builder_version=&#8221;4.16&#8243; text_font=&#8221;|700|||||||&#8221; text_text_color=&#8221;#ffffff&#8221; text_font_size=&#8221;10px&#8221; link_font=&#8221;||||||||&#8221; link_text_color=&#8221;#ffffff&#8221; global_colors_info=&#8221;{}&#8221;]<\/p>\n<p><a href=\"https:\/\/www.biodermogenesi.com\/ita\/informazioni-legali\/\">INFORMAZIONI LEGALI IMPORTANTI<\/a><br \/><a href=\"https:\/\/www.biodermogenesi.com\/ita\/privacy-policy\/\">PRIVACY POLICY<\/a><\/p>\n<p>[\/et_pb_text][\/et_pb_column][et_pb_column type=&#8221;1_4&#8243; _builder_version=&#8221;4.16&#8243; global_colors_info=&#8221;{}&#8221;][et_pb_text _builder_version=&#8221;4.16&#8243; text_text_color=&#8221;#ffffff&#8221; text_line_height=&#8221;1.3em&#8221; header_6_text_color=&#8221;#83bdd9&#8243; header_6_font_size=&#8221;16px&#8221; global_colors_info=&#8221;{}&#8221;]<\/p>\n<h6>info<\/h6>\n<p><strong>BIODERMOGENESI\u00ae\u00a0<\/strong>\u00e8 un marchio registrato di\u00a0<strong style=\"font-size: 14px;\">EXPO ITALIA s.r.l.<\/strong><\/p>\n<p>Firenze (ITALY)<\/p>\n<p>[\/et_pb_text][\/et_pb_column][et_pb_column type=&#8221;1_4&#8243; _builder_version=&#8221;4.16&#8243; global_colors_info=&#8221;{}&#8221;][et_pb_text _builder_version=&#8221;4.16&#8243; text_text_color=&#8221;#ffffff&#8221; header_6_text_color=&#8221;#83bdd9&#8243; header_6_font_size=&#8221;16px&#8221; custom_margin=&#8221;||17px|||&#8221; global_colors_info=&#8221;{}&#8221;]<\/p>\n<h6>Contatti<\/h6>\n<p>E-mail info@biodermogenesi.com<\/p>\n<p>P.iva 04697040485<\/p>\n<p>[\/et_pb_text][et_pb_image src=&#8221;https:\/\/www2.biodermogenesi.com\/it\/wp-content\/uploads\/sites\/23\/2019\/11\/88&#215;31.png&#8221; _builder_version=&#8221;4.16&#8243; global_colors_info=&#8221;{}&#8221;][\/et_pb_image][\/et_pb_column][et_pb_column type=&#8221;1_4&#8243; _builder_version=&#8221;4.16&#8243; global_colors_info=&#8221;{}&#8221;][et_pb_text _builder_version=&#8221;4.16&#8243; text_text_color=&#8221;#ffffff&#8221; header_6_text_color=&#8221;#83bdd9&#8243; header_6_font_size=&#8221;16px&#8221; custom_margin=&#8221;||17px|||&#8221; global_colors_info=&#8221;{}&#8221;]<\/p>\n<h6>Seguici<\/h6>\n<p>[\/et_pb_text][et_pb_text _builder_version=&#8221;4.16&#8243; text_text_color=&#8221;#ffffff&#8221; global_colors_info=&#8221;{}&#8221;]<\/p>\n<div><a href=\"https:\/\/www.facebook.com\/Biodermogenesi-204248829606157\/\" target=\"_blank\" rel=\"noopener noreferrer\"><img loading=\"lazy\" decoding=\"async\" style=\"margin: 5px;\" src=\"https:\/\/www2.biodermogenesi.com\/wp-content\/uploads\/2020\/06\/social-facebook.png\" alt=\"Facebook\" width=\"30\" height=\"30\" \/><\/a><a href=\"https:\/\/www.youtube.com\/channel\/UCFSORtLN0rT3Wh17jYS0lhQ\" target=\"_blank\" rel=\"noopener noreferrer\"><img loading=\"lazy\" decoding=\"async\" style=\"margin: 5px;\" src=\"https:\/\/www2.biodermogenesi.com\/wp-content\/uploads\/2020\/06\/youtube-social.png\" alt=\"Facebook\" width=\"30\" height=\"30\" \/><\/a><a href=\"https:\/\/www.instagram.com\/biodermogenesiofficial\/?hl=it\" target=\"_blank\" rel=\"noopener noreferrer\"><img loading=\"lazy\" decoding=\"async\" style=\"margin: 5px;\" src=\"https:\/\/www2.biodermogenesi.com\/wp-content\/uploads\/2020\/06\/social-instagram.png\" alt=\"Youtube\" width=\"30\" height=\"30\" \/><\/a><\/div>\n<p>[\/et_pb_text][\/et_pb_column][\/et_pb_row][\/et_pb_section]<\/p>\n","protected":false},"excerpt":{"rendered":"<p>FAqL\u2019UNICA TERAPIA DELLA SMAGLIATURA CON EFFICACIA E SICUREZZA VALIDATA DA STUDI UNIVERSITARI.faqL\u2019UNICA TERAPIA DELLA SMAGLIATURA CON EFFICACIA E SICUREZZA VALIDATA DA STUDI UNIVERSITARI.Frequently Asked QuestionsL\u2019efficacia di Biodermogenesi\u00ae \u00e8 dimostrata da studi scientifici condotti sul oltre 1.250 pazienti, alcuni dei quali condotti con il coinvolgimento delle Universit\u00e0 di Pisa, di Pavia e di Verona. Quanti dei [&hellip;]<\/p>\n","protected":false},"author":1,"featured_media":0,"parent":0,"menu_order":0,"comment_status":"closed","ping_status":"closed","template":"","meta":{"_et_pb_use_builder":"on","_et_pb_old_content":"","_et_gb_content_width":"","pmpro_default_level":0,"footnotes":""},"class_list":["post-15287","page","type-page","status-publish","hentry","pmpro-has-access"],"_links":{"self":[{"href":"https:\/\/www.biodermogenesi.com\/ita\/wp-json\/wp\/v2\/pages\/15287","targetHints":{"allow":["GET"]}}],"collection":[{"href":"https:\/\/www.biodermogenesi.com\/ita\/wp-json\/wp\/v2\/pages"}],"about":[{"href":"https:\/\/www.biodermogenesi.com\/ita\/wp-json\/wp\/v2\/types\/page"}],"author":[{"embeddable":true,"href":"https:\/\/www.biodermogenesi.com\/ita\/wp-json\/wp\/v2\/users\/1"}],"replies":[{"embeddable":true,"href":"https:\/\/www.biodermogenesi.com\/ita\/wp-json\/wp\/v2\/comments?post=15287"}],"version-history":[{"count":6,"href":"https:\/\/www.biodermogenesi.com\/ita\/wp-json\/wp\/v2\/pages\/15287\/revisions"}],"predecessor-version":[{"id":15686,"href":"https:\/\/www.biodermogenesi.com\/ita\/wp-json\/wp\/v2\/pages\/15287\/revisions\/15686"}],"wp:attachment":[{"href":"https:\/\/www.biodermogenesi.com\/ita\/wp-json\/wp\/v2\/media?parent=15287"}],"curies":[{"name":"wp","href":"https:\/\/api.w.org\/{rel}","templated":true}]}}