{"id":13544,"date":"2020-06-03T11:05:02","date_gmt":"2020-06-03T09:05:02","guid":{"rendered":"https:\/\/www2.biodermogenesi.com\/it\/?page_id=13544"},"modified":"2025-03-12T15:53:17","modified_gmt":"2025-03-12T14:53:17","slug":"informazioni-legali","status":"publish","type":"page","link":"https:\/\/www.biodermogenesi.com\/ita\/informazioni-legali\/","title":{"rendered":"Informazioni Legali"},"content":{"rendered":"<p>[et_pb_section fb_built=&#8221;1&#8243; _builder_version=&#8221;4.4.7&#8243;][et_pb_row _builder_version=&#8221;4.4.7&#8243;][et_pb_column type=&#8221;4_4&#8243; _builder_version=&#8221;4.4.7&#8243;][et_pb_text _builder_version=&#8221;4.4.8&#8243; hover_enabled=&#8221;0&#8243;]<\/p>\n<h2>BIODERMOGENESI\u00ae &#8211; INFORMAZIONI LEGALI IMPORTANTI<\/h2>\n<p>&nbsp;<\/p>\n<p><strong><em>Dichiarazione legale, Termini d\u2019uso, Dichiarazione sulla privacy ed Esclusione di responsabilit\u00e0<\/em><\/strong><\/p>\n<p>PRIMA DI CONSULTARE QUESTO SITO WEB, SIETE PREGATI DI LEGGERE ATTENTAMENTE I PRESENTI TERMINI E CONDIZIONI D\u2019USO.<\/p>\n<p>I presenti avvisi legali e termini d&#8217;uso si applicano a vari siti web e profili social (di seguito denominati &#8220;Sito&#8221;) gestiti e amministrati da Expo Italia Srl, o dai suoi distributori ufficiali.<\/p>\n<p>L\u2019accesso al Sito ed il conseguente uso dei suoi materiali, dipende dalla vostra completa accettazione e osservanza dei termini e condizioni d\u2019uso di seguito indicati. Nel momento in cui effettuate l\u2019accesso a questo Sito e\/o lo usate, riconoscete e dichiarate di aver letto, compreso e accettato di essere vincolati dai presenti termini e dai relativi emendamenti presenti o futuri, dalla nostra politica sulla privacy e dalla corrente norma sul Copyright.<\/p>\n<p><strong><em>Copyright, diritti ed utilizzo dei contenuti del Sito<\/em><\/strong><\/p>\n<p>Il nostro Sito contiene file di testo, grafici e multimediali, marchi commerciali e diritti di propriet\u00e0 protetti da copyright, tale diritto \u00e8 quindi valido e tutelato in tutte le forme e su tutti i supporti passati, presenti e futuri. Autorizziamo quindi la visualizzazione, il download e la riproduzione del materiale presente sul sito esclusivamente per l\u2019acquisizione di informazioni personali e non commerciali a condizione che i contenuti non siano alterati, modificati o manomessi ed i marchi commerciali presenti non siano rimossi od oscurati, fermo restando l\u2019obbligo di riportare evidente e leggibile la seguente dizione: \u201cCopyright \u00a9 Expo Italia Srl \u2013 Biodermogenesi\u00ae. Tutti diritti sono riservati.\u201d<\/p>\n<p><em><strong>Altri Diritti di propriet\u00e0 intellettuale.<\/strong><\/em><\/p>\n<p>Vi ricordiamo che qualsiasi prodotto e marchio presente nei materiali di questo Sito sono di esclusiva propriet\u00e0 di Expo Italia Srl, che dichiara esplicitamente di non concederli in uso od in licenza per alcun motivo, siano essi registrati o non registrati. Con l\u2019uso del Sito dichiarate che non farete alcun uso dei marchi di propriet\u00e0 di Expo Italia Srl o comunque presenti sul sito stesso.<\/p>\n<p><em><strong>Condotta sul Sito.<\/strong><\/em><\/p>\n<p>L\u2019accesso e l\u2019uso del Sito \u00e8 soggetto a tutte le leggi e normative applicabili in Italia e nei Paesi dove questo viene consultato, i visitatori del Sito sanno che dovranno integralmente rispettare tali leggi e norme, nonch\u00e9 le disposizioni elencate nel presente documento; il mancato rispetto delle disposizioni specificate nel presente documento (come da noi insindacabilmente valutato) potrebbe comportare la cessazione del vostro accesso al Sito e potrebbe anche esporvi a responsabilit\u00e0 civili e\/o penali.<\/p>\n<p>Ci\u00f2 premesso, con il semplice accesso al sito accettate di non svolgere le seguenti azioni, sia autonomamente sia tramite altri che agiscono a vostro nome:<br \/>\u2022 Infrangere una o pi\u00f9 disposizioni e\/o termini di legge o normativi;<br \/>\u2022 Usare il Sito per finalit\u00e0 commerciali o comunque non personali;<br \/>\u2022 Interferire o intralciare il funzionamento del Sito o dei server che lo ospitano;<br \/>\u2022 Divulgare modificare, seppur parzialmente, i contenuti del presente Sito.<\/p>\n<p><em><strong>Il Sito non \u00e8 destinato a minorenni<\/strong><\/em><\/p>\n<p>Questo sito non \u00e8 destinato o progettato per minorenni. Non raccogliamo informazioni di identificazione personale da qualsiasi persona che sappiamo avere meno di 18 anni. Se sei minorenne, sei pregato di non fornire informazioni di identificazione personale attraverso il Sito. Se minorenne ed hai gi\u00e0 fornito informazioni di identificazione personale attraverso il Sito, sei pregato di chiedere al tuo genitore o tutore di contattarci immediatamente utilizzando i dati riportati di seguito (customercare@biodermogenesi.com), per consentirci di rimuovere tali informazioni dai nostri file.<\/p>\n<p><em><strong>Questo Sito non fornisce consigli n\u00e9 indicazioni terapeutiche<\/strong><\/em><\/p>\n<p>Questo Sito e tutti i suoi contenuti \u00e8 realizzato esclusivamente a fini informativi e didattici. I contenuti del presente Sito non costituiscono e non devono essere interpretati come un tentativo di diagnosi o di pratica medica, procedure queste riservate esclusivamente al Medico.<\/p>\n<p><em><strong>Politica sulla privacy.<\/strong><\/em><\/p>\n<p>Noi rispettiamo la privacy degli utenti del Sito, come previsto dalle vigenti normative; la nostra Politica sulla Privacy \u00e8 disponibile all\u2019interno del presente Sito (<a href=\"https:\/\/www.biodermogenesi.com\/ita\/privacy-policy\/\">cliccare qui<\/a>).<\/p>\n<p><em><strong>Link a siti web di terzi.<\/strong><\/em><\/p>\n<p>Il Sito pu\u00f2 ospitare al suo interno link ad altri siti web o social gestiti da noi e dalle nostre entit\u00e0 affiliate, e potremmo anche fornire link a siti web di terzi non affiliati; tali proposte non costituiscono e non devono essere interpretate come nostra approvazione di tali siti o dei contenuti pubblicati su tali siti.<\/p>\n<p><em><strong>Invio di informazioni a noi<\/strong><\/em><\/p>\n<p>Vi preghiamo di consultare la nostra Politica sulla privacy per ottenere le informazioni relative alla nostra politica sulla privacy. Non vogliamo ricevere informazioni riservate dei visitatori del Sito a meno che i visitatori stessi non approvino esplicitamente l\u2019autorizzazione all\u2019acquisizione ed all\u2019uso di tali informazioni, nell\u2019ambito delle applicazioni per le quali sono state fornite e per le quali il visitatore medesimo ha espresso la sua palese approvazione.<\/p>\n<p><em><strong>Utenti internazionali<\/strong><\/em><\/p>\n<p>Il Sito \u00e8 stato creato ed \u00e8 controllato, gestito e amministrato da Expo Italia Srl, una societ\u00e0 con sede in Italia, che utilizza server posti all\u2019interno dell\u2019Unione Europea. I contenuti del Sito rispettano le vigenti norme Comunitarie, se siete visitatori provenienti da Paesi non facenti parte dell\u2019Unione Europea avete quindi l\u2019obbligo di conformarvi alle vostre norme locali, con esplicita esenzione da parte di Expo Italia Srl di qualsiasi responsabilit\u00e0 in merito ai contenuti ed all\u2019uso del Sito.<\/p>\n<p><em><strong>Scelta della disposizione legale; Giurisdizione e Sede.<\/strong><\/em><\/p>\n<p>Qualsiasi causa legale o altra azione o contenzioso che sorga dal vostro uso, o che sia in qualche modo connessa al vostro uso, del Sito o comunque relativa al Sito ed ai suoi contenuti, potr\u00e0 essere presentata soltanto nel tribunale di Firenze, Italia. Con l\u2019uso del Sito accettate quindi la giurisdizione esclusiva del Tribunale di Firenze e rinunciate a qualsiasi azione per il trasferimento della giurisdizione e RICONOSCETE CHE QUESTO TERMINE COSTITUISCE CONDIZIONE ESSENZIALE, SENZA L\u2019ACCETTAZIONE DEL QUALE NON AVETE L\u2019AUTORIZZAZIONE DA PARTE DI EXPO ITALIA SRL A VISITARE ED A FARE USO DEI CONTENUTI DEL SITO.<\/p>\n<p>[\/et_pb_text][\/et_pb_column][\/et_pb_row][\/et_pb_section][et_pb_section fb_built=&#8221;1&#8243; admin_label=&#8221;footer ita&#8221; _builder_version=&#8221;4.3.2&#8243; background_color=&#8221;#3088b3&#8243; custom_padding=&#8221;0px||0px|||&#8221; global_module=&#8221;13528&#8243; locked=&#8221;off&#8221;][et_pb_row column_structure=&#8221;1_4,1_4,1_4,1_4&#8243; _builder_version=&#8221;4.0.6&#8243; locked=&#8221;off&#8221;][et_pb_column type=&#8221;1_4&#8243; _builder_version=&#8221;4.0.6&#8243;][et_pb_image src=&#8221;https:\/\/www2.biodermogenesi.com\/it\/wp-content\/uploads\/sites\/23\/2019\/11\/logo.png&#8221; _builder_version=&#8221;4.0.6&#8243;][\/et_pb_image][et_pb_text _builder_version=&#8221;4.4.8&#8243; text_font=&#8221;|700|||||||&#8221; text_text_color=&#8221;#ffffff&#8221; text_font_size=&#8221;10px&#8221; link_font=&#8221;||||||||&#8221; link_text_color=&#8221;#ffffff&#8221;]<\/p>\n<p><a href=\"https:\/\/www.biodermogenesi.com\/ita\/informazioni-legali\/\">INFORMAZIONI LEGALI IMPORTANTI<\/a><br \/><a href=\"https:\/\/www.biodermogenesi.com\/ita\/privacy-policy\/\">PRIVACY POLICY<\/a><\/p>\n<p>[\/et_pb_text][\/et_pb_column][et_pb_column type=&#8221;1_4&#8243; _builder_version=&#8221;4.0.6&#8243;][et_pb_text _builder_version=&#8221;4.4.8&#8243; text_text_color=&#8221;#ffffff&#8221; text_line_height=&#8221;1.3em&#8221; header_6_text_color=&#8221;#83bdd9&#8243; header_6_font_size=&#8221;16px&#8221;]<\/p>\n<h6>info<\/h6>\n<p><strong>BIODERMOGENESI\u00ae\u00a0<\/strong>\u00e8 un marchio registrato di\u00a0<strong style=\"font-size: 14px;\">EXPO ITALIA s.r.l.<\/strong><\/p>\n<p>Firenze (ITALY)<\/p>\n<p>[\/et_pb_text][\/et_pb_column][et_pb_column type=&#8221;1_4&#8243; _builder_version=&#8221;4.0.6&#8243;][et_pb_text _builder_version=&#8221;4.4.8&#8243; text_text_color=&#8221;#ffffff&#8221; header_6_text_color=&#8221;#83bdd9&#8243; header_6_font_size=&#8221;16px&#8221; custom_margin=&#8221;||17px|||&#8221;]<\/p>\n<h6>Contatti<\/h6>\n<p>E-mail info@biodermogenesi.com<\/p>\n<p>P.iva 04697040485<\/p>\n<p>[\/et_pb_text][et_pb_image src=&#8221;https:\/\/www2.biodermogenesi.com\/it\/wp-content\/uploads\/sites\/23\/2019\/11\/88&#215;31.png&#8221; _builder_version=&#8221;4.0.6&#8243;][\/et_pb_image][\/et_pb_column][et_pb_column type=&#8221;1_4&#8243; _builder_version=&#8221;4.0.6&#8243;][et_pb_text _builder_version=&#8221;4.3.2&#8243; text_text_color=&#8221;#ffffff&#8221; header_6_text_color=&#8221;#83bdd9&#8243; header_6_font_size=&#8221;16px&#8221; custom_margin=&#8221;||17px|||&#8221;]<\/p>\n<h6>Seguici<\/h6>\n<p>[\/et_pb_text][et_pb_text _builder_version=&#8221;4.4.7&#8243; text_text_color=&#8221;#ffffff&#8221;]<\/p>\n<div><a href=\"https:\/\/www.facebook.com\/Biodermogenesi-204248829606157\/\"><img loading=\"lazy\" decoding=\"async\" style=\"margin: 5px;\" src=\"https:\/\/www2.biodermogenesi.com\/it\/wp-content\/uploads\/sites\/23\/2020\/06\/social-facebook.png\" alt=\"Facebook\" width=\"30\" height=\"30\" \/><\/a><a href=\"#\"><img loading=\"lazy\" decoding=\"async\" style=\"margin: 5px;\" src=\"https:\/\/www2.biodermogenesi.com\/it\/wp-content\/uploads\/sites\/23\/2020\/06\/youtube-social.png\" alt=\"Facebook\" width=\"30\" height=\"30\" \/><\/a><a href=\"#\"><img loading=\"lazy\" decoding=\"async\" style=\"margin: 5px;\" src=\"https:\/\/www2.biodermogenesi.com\/it\/wp-content\/uploads\/sites\/23\/2020\/06\/social-instagram.png\" alt=\"Youtube\" width=\"30\" height=\"30\" \/><\/a><\/div>\n<p>[\/et_pb_text][\/et_pb_column][\/et_pb_row][\/et_pb_section]<\/p>\n","protected":false},"excerpt":{"rendered":"<p>BIODERMOGENESI\u00ae &#8211; INFORMAZIONI LEGALI IMPORTANTI &nbsp; Dichiarazione legale, Termini d\u2019uso, Dichiarazione sulla privacy ed Esclusione di responsabilit\u00e0 PRIMA DI CONSULTARE QUESTO SITO WEB, SIETE PREGATI DI LEGGERE ATTENTAMENTE I PRESENTI TERMINI E CONDIZIONI D\u2019USO. I presenti avvisi legali e termini d&#8217;uso si applicano a vari siti web e profili social (di seguito denominati &#8220;Sito&#8221;) gestiti [&hellip;]<\/p>\n","protected":false},"author":1,"featured_media":0,"parent":0,"menu_order":0,"comment_status":"closed","ping_status":"closed","template":"","meta":{"_et_pb_use_builder":"on","_et_pb_old_content":"","_et_gb_content_width":"","pmpro_default_level":0,"footnotes":""},"class_list":["post-13544","page","type-page","status-publish","hentry","pmpro-has-access"],"_links":{"self":[{"href":"https:\/\/www.biodermogenesi.com\/ita\/wp-json\/wp\/v2\/pages\/13544","targetHints":{"allow":["GET"]}}],"collection":[{"href":"https:\/\/www.biodermogenesi.com\/ita\/wp-json\/wp\/v2\/pages"}],"about":[{"href":"https:\/\/www.biodermogenesi.com\/ita\/wp-json\/wp\/v2\/types\/page"}],"author":[{"embeddable":true,"href":"https:\/\/www.biodermogenesi.com\/ita\/wp-json\/wp\/v2\/users\/1"}],"replies":[{"embeddable":true,"href":"https:\/\/www.biodermogenesi.com\/ita\/wp-json\/wp\/v2\/comments?post=13544"}],"version-history":[{"count":3,"href":"https:\/\/www.biodermogenesi.com\/ita\/wp-json\/wp\/v2\/pages\/13544\/revisions"}],"predecessor-version":[{"id":14275,"href":"https:\/\/www.biodermogenesi.com\/ita\/wp-json\/wp\/v2\/pages\/13544\/revisions\/14275"}],"wp:attachment":[{"href":"https:\/\/www.biodermogenesi.com\/ita\/wp-json\/wp\/v2\/media?parent=13544"}],"curies":[{"name":"wp","href":"https:\/\/api.w.org\/{rel}","templated":true}]}}