{"id":13524,"date":"2020-06-03T10:50:44","date_gmt":"2020-06-03T08:50:44","guid":{"rendered":"https:\/\/www2.biodermogenesi.com\/it\/?page_id=13524"},"modified":"2025-03-12T15:53:40","modified_gmt":"2025-03-12T14:53:40","slug":"privacy-policy","status":"publish","type":"page","link":"https:\/\/www.biodermogenesi.com\/ita\/privacy-policy\/","title":{"rendered":"Privacy Policy"},"content":{"rendered":"<p>[et_pb_section fb_built=&#8221;1&#8243; _builder_version=&#8221;4.16&#8243; da_disable_devices=&#8221;off|off|off&#8221; global_colors_info=&#8221;{}&#8221; da_is_popup=&#8221;off&#8221; da_exit_intent=&#8221;off&#8221; da_has_close=&#8221;on&#8221; da_alt_close=&#8221;off&#8221; da_dark_close=&#8221;off&#8221; da_not_modal=&#8221;on&#8221; da_is_singular=&#8221;off&#8221; da_with_loader=&#8221;off&#8221; da_has_shadow=&#8221;on&#8221;][et_pb_row _builder_version=&#8221;4.16&#8243; global_colors_info=&#8221;{}&#8221;][et_pb_column type=&#8221;4_4&#8243; _builder_version=&#8221;4.16&#8243; global_colors_info=&#8221;{}&#8221;][et_pb_text _builder_version=&#8221;4.20.0&#8243; hover_enabled=&#8221;0&#8243; global_colors_info=&#8221;{}&#8221; sticky_enabled=&#8221;0&#8243;]<\/p>\n<h3>TRATTAMENTO DEI DATI PERSONALI<br \/>(Tutela della privacy \u2013 informativa sito internet ex art 13 Regolamento UE 679\/16.)<\/h3>\n<p>I dati che Le vengono richiesti sono trattati da Expo Italia Srl con sede in Firenze, Via Segantini n.34 (P.Iva 0469704048 &#8211; indirizzo pec: expoitalia@pec.biodermogenesi.it,\u00a0 \u00a0Tel.\u00a0 0557875341,\u00a0 mail:info@biodermogenesi.com), <strong>Titolare del trattamento<\/strong><\/p>\n<p>Il trattamento dei dati personali, effettuato nel pieno rispetto della normativa vigente (D.lgs n.196 del 30 Giugno 2003 e Regolamento UE 679\/16), viene eseguito per fornire informazioni o prestare consulenza in ordine ai programmi terapeutici Biodermogenesi, per eseguire comunicazioni con mezzi informatici (o per via cartacea e\/o telefonica ove vengano lasciati i relativi recapiti), dunque per la soddisfazione di eventuali obblighi contrattuali e di legge (<strong>Finalit\u00e0 del trattamento<\/strong>).<\/p>\n<p>Expo Italia Srl tratter\u00e0 dunque i dati identificativi forniti, per le finalit\u00e0 sopra indicate, tali dati sono necessari per la fornitura stessa delle informazioni richieste e per l\u2019eventuale prestazione del servizio commerciale. <strong>Base giuridica<\/strong> del trattamento relativo \u00e8 dunque l\u2019esecuzione di misure precontrattuali e dell\u2019eventuale rapporto contrattuale, dunque l\u2019adempimento dei connessi obblighi di natura legale. In ipotesi di contestazioni inerenti tale rapporto, base giuridica \u00e8 il legittimo interesse del Titolare per diritto di difesa.<\/p>\n<p>Il trattamento dei dati personali consister\u00e0 nella raccolta, registrazione, organizzazione, strutturazione, conservazione, elaborazione, adattamento o modifica, estrazione, selezione, consultazione, uso, comunicazione mediante trasmissione o altra forma di messa a disposizione, il raffronto o l&#8217;interconnessione, la limitazione, la cancellazione o la distruzione dei medesimi. Il trattamento dei dati sar\u00e0 effettuato con l\u2019ausilio di strumenti elettronici, informatici e telematici idonei a garantire la riservatezza degli stessi, in conformit\u00e0 a quanto previsto dalla normativa vigente.<\/p>\n<p>I dati personali sono trattati in forma scritta, su supporto cartaceo, magnetico e telematico, con strumenti idonei a garantire la sicurezza degli stessi, ed inseriti nella banca dati del Titolare del trattamento.<\/p>\n<p>Il conferimento dei dati personali non costituisce un obbligo di legge, in ipotesi di rifiuto a fornire tali informazioni Expo Italia Srl non potr\u00e0 fornire le informazioni e la consulenza richiesta<\/p>\n<p>I dati personali sono trattati esclusivamente da soggetti incaricati dal Titolare del trattamento, appositamente formati in materia.<\/p>\n<p>I dati personali possono essere comunicati a tutti i soggetti (<strong>destinatari<\/strong>) cui la facolt\u00e0 di accesso \u00e8 riconosciuta dalla normativa vigente e per finalit\u00e0 connesse agli obblighi di legge (es. Autorit\u00e0 Garante, Pubbliche Autorit\u00e0), nonch\u00e9 a lavoratori dipendenti incaricati al trattamento dalla nostra societ\u00e0. Possono altres\u00ec essere comunicati a esperti informatici e soggetti incaricati della gestione del sito internet e dei servizi necessari al suo funzionamento, i quali potranno essere designati Responsabili del trattamento ex Art 28 del Reg. UE 679\/16. L\u2019elenco dei Responsabili del trattamento \u00e8 disponibile presso la sede legale di Expo Italia Srl.I dati personali non saranno oggetto di diffusione.<\/p>\n<p>I dati personali sono <strong>conservati<\/strong> su server ubicati in Italia, e comunque all\u2019interno dell\u2019Unione Europea. Resta in ogni caso inteso che il sottoscritto Titolare del trattamento, ove si rendesse necessario, avr\u00e0 facolt\u00e0 di spostare i server anche extra-UE. In tal caso, assicura sin d\u2019ora che il trasferimento dei dati extra-UE avverr\u00e0 in conformit\u00e0 alle disposizioni di legge applicabili ed a quanto previsto dagli artt. 44 e ss del Regolamento UE 679\/16.<\/p>\n<p>Ai sensi del Regolamento UE 679\/16, in qualit\u00e0 di Interessato potr\u00e0 esercitare i seguenti <strong>diritti<\/strong>:<\/p>\n<ol>\n<li>\u00a0diritto di ottenere dal Titolare del trattamento la conferma che sia o meno in corso un trattamento di dati personali che La riguardano e, in tal caso, di ottenere l\u2019accesso ai dati personali e alle informazioni previste dall\u2019art. 15 (es. informazioni relative alle finalit\u00e0 del trattamento, alle categorie di dati personali in questione, ai destinatari o categorie di destinatari a cui i dati personali sono stati o saranno comunicati, al periodo di conservazione, ai propri diritti, all\u2019origine dei dati ove non raccolti presso l\u2019interessato, all\u2019esistenza di un processo decisionale automatizzato, etc);<\/li>\n<li>diritto di ottenere, ove inesatti, la rettifica dei dati personali che La riguardano, nonch\u00e9 l\u2019integrazione degli stessi ove ritenuti incompleti sempre in relazione alle finalit\u00e0 del trattamento (art. 16);<\/li>\n<li>diritto di cancellazione dei dati (\u201cdiritto all\u2019oblio\u201d), laddove ricorra una delle fattispecie di cui all\u2019art. 17;<\/li>\n<li>diritto di limitazione del trattamento, nei casi previsti dall\u2019art. 18;<\/li>\n<li>diritto di portabilit\u00e0 dei dati ai sensi dell\u2019art. 20;<\/li>\n<li>diritto di opposizione al trattamento ai sensi dell\u2019art. 21;<\/li>\n<li>ove base giuridica del trattamento sia il consenso, il diritto di revocare il consenso in qualsiasi momento senza pregiudicare la liceit\u00e0 del trattamento basata sul consenso prestato prima della revoca.<\/li>\n<\/ol>\n<p>Il Titolare adotta processi decisionali automatizzati, all\u2019interessato si applicano i diritti di cui all\u2019Art 22 Regolamento UE 679\/16.<\/p>\n<p>Il soggetto interessato ha inoltre diritto ad essere informato, ove applicabile, dell\u2019intenzione del Titolare di trasferire i dati ad un paese terzo o ad una organizzazione internazionale e l\u2019esistenza o l\u2019assenza di una decisione di adeguatezza della Commissione o in ipotesi di trasferimenti ex art 46, 47 e 49 c.2, il riferimento alle garanzie appropriate e opportune e i mezzi per ottenere una copia di tali dati o il luogo dove sono stati resi disponibili.<\/p>\n<p>Tutti i predetti diritti possono essere esercitati con richiesta rivolta senza formalit\u00e0 al Titolare del trattamento (ad es. contattandoci via e-mail o telefonicamente).<\/p>\n<p>In qualit\u00e0 di Interessato ha infine diritto a proporre reclamo a un\u2019autorit\u00e0 di controllo (Art 77 Regolamento UE 679\/16 \u2013 Art 140 bis e ss. D.lgs 196\/2003).<\/p>\n<p>I dati personali verranno <strong>conservati<\/strong> esclusivamente per i tempi strettamente necessari ad espletare le finalit\u00e0 sopra illustrate e per adempiere agli obblighi previsti dalla legge (es. se il rapporto si limita a mere informazioni fino a che le stesse non Le saranno fornite, in ipotesi di instaurazione di un rapporto contrattuale la conservazione \u00e8 limitata ai tempi connessi con l\u2019esecuzione del contratto e relativi adempimenti di natura amministrativa, fiscale e contabile). Restano salve eventuali questioni di natura contenziosa che possano prolungare il periodo di conservazione sopra indicato.\u00a0Successivamente, una volta decorso il tempo strettamente necessario, i dati personali verranno cancellati o trasformati in forma anonima ed utilizzati per sole finalit\u00e0 statistiche.<\/p>\n<p><strong>I Dati Personali sono raccolti per le seguenti finalit\u00e0 ed utilizzando i seguenti servizi:<\/strong><\/p>\n<p><strong>Contatto via telefono<\/strong><br \/>Gli Utenti che hanno fornito il proprio numero di telefono potrebbero essere contattati per finalit\u00e0 commerciali o promozionali collegate a questa Applicazione, cos\u00ec come per soddisfare richieste di supporto.<br \/>Dati Personali trattati: numero di telefono.<\/p>\n<p><strong>Mailing list o newsletter<br \/><\/strong>Con la registrazione alla mailing list o alla newsletter, l\u2019indirizzo email dell\u2019Utente viene automaticamente inserito in una lista di contatti a cui potranno essere trasmessi messaggi email contenenti informazioni, anche di natura commerciale e promozionale, relative a questa Applicazione. L&#8217;indirizzo email dell&#8217;Utente potrebbe anche essere aggiunto a questa lista come risultato della registrazione a questa Applicazione o dopo aver effettuato un acquisto. Dati Personali trattati: citt\u00e0; cognome; email; indirizzo fisico; nazione; nome; numero di telefono; provincia.<\/p>\n<p><strong>Modulo di contatto<\/strong><br \/>L\u2019Utente, compilando con i propri Dati il modulo di contatto, acconsente al loro utilizzo per rispondere alle richieste di informazioni, di preventivo, o di qualunque altra natura indicata dall\u2019intestazione del modulo.<br \/>Dati Personali trattati: citt\u00e0; cognome; email; indirizzo fisico; nazione; nome; numero di telefono; provincia.<\/p>\n<p><strong>Gestione contatti, invio di messaggi e gestione database utenti<br \/><\/strong>Questo tipo di servizi consente di gestire un database di contatti email, contatti telefonici o contatti di qualunque altro tipo, utilizzati per comunicare con l\u2019Utente.<br \/>Questi servizi potrebbero inoltre consentire di raccogliere dati relativi alla data e all\u2019ora di visualizzazione dei messaggi da parte dell\u2019Utente, cos\u00ec come all\u2019interazione dell&#8217;Utente con essi, come le informazioni sui click sui collegamenti inseriti nei messaggi.<br \/>Questo tipo di servizi permettono al Titolare di costruire profili utente partendo da un indirizzo email, il nome o qualunque altra informazione che l&#8217;Utente fornisce a questa Applicazione, cos\u00ec come di tracciare le attivit\u00e0 dell&#8217;Utente tramite funzionalit\u00e0 statistiche. Questi Dati Personali potrebbero inoltre venire incrociati con informazioni sull&#8217;Utente disponibili pubblicamente (come i profili sui social network) ed usati per costruire profili privati che il Titolare pu\u00f2 visualizzare ed utilizzare per migliorare questa Applicazione. Alcuni di questi servizi potrebbero inoltre permettere l&#8217;invio programmato di messaggi all&#8217;Utente, come email basate su azioni specifiche compiute su questa Applicazione.<br \/>ActiveCampaign Text Message and SMS Marketing (ActiveCampaign, Inc.)<br \/>ActiveCampaign Text Message and SMS Marketing \u00e8 un servizio di gestione indirizzi e invio di messaggi email fornito da ActiveCampaign, Inc.<br \/>Dati Personali trattati: email; nome; numero di telefono.<br \/>Luogo del trattamento: Stati Uniti \u2013 <a href=\"https:\/\/www.activecampaign.com\/legal\/privacy-policy\" target=\"_blank\" rel=\"noopener noreferrer\">Privacy Policy<\/a>.<\/p>\n<p>Expo Italia Srl<\/p>\n<p>&nbsp;<\/p>\n<h3><strong>UTILIZZO DI COOKIES<\/strong><\/h3>\n<h3>Cosa sono i cookies?<\/h3>\n<p>I cookie sono file informatici o dati parziali che possono venire salvati sul vostro computer (o altri dispositivi abilitati alla navigazione su internet, per esempio smartphone o tablet) quando visitate un Sito. Di solito un cookie contiene il nome del sito internet dal quale il cookie stesso proviene, la \u201cdurata vitale\u201d del cookie (ovvero per quanto tempo rimarr\u00e0 sul vostro dispositivo), ed un valore, che di regola \u00e8 un numero unico generato in modo casuale.<\/p>\n<p><strong>Per cosa usiamo i cookies?<\/strong><br \/>Utilizziamo i cookie per rendere l\u2019uso del nostro sito pi\u00f9 semplice e fruibile. I cookie possono anche venire usati per aiutarci a velocizzare le vostre future esperienze ed attivit\u00e0. Inoltre usiamo i cookie per compilare statistiche anonime aggregate per ottenere informazioni sul traffico e sulle pagine visitate, senza alcun riconoscimento degli utenti.<\/p>\n<p><strong>Che tipi di cookie usiamo?<\/strong><br \/>NECESSARI<br \/>Questi cookie sono essenziali per il corretto funzionamento del nostro sito, consentono alle persone di navigare suil nostro sito internet e di sfruttarne le caratteristiche come la memorizzazione di azioni precedenti (testi inseriti) quando si ritorna ad una pagina nel corso della medesima sessione.Questi cookie non ti identificano come individuo.<br \/>Se non si accettano questi cookie, la resa del sito internet, o sezioni dello stesso, potrebbe risultare impattate.<\/p>\n<p>PERFORMANCE<br \/>Questi cookie ci aiutano a capire come gli utenti interagiscono con il nostro sito internet fornendoci informazioni relative alle sezioni visitate, il tempo trascorso sul sito, e qualsiasi questione che sia emersa, per esempio un messaggio di errore. Questo ci aiuta a migliorare la resa del nostro sito internet.Questi cookie non ti identificano come individuo. Tutti i dati vengono raccolti e aggregati in forma anonima.<\/p>\n<p>FUNZIONALITA\u2019<br \/>Questi cookie permettono al nostro sito internet di ricordare le scelte che fate (per esempio, la lingua prescelta o la regione in cui vi trovate) per fornirvi un\u2019esperienza online pi\u00f9 personalizzata. Possono anche consentire agli utenti di visualizzare i video e interagire con gli eventuali strumenti social tipo blog, chatroom e forum se sono presenti.<br \/>Le informazioni che vengono raccolte da questi cookie possono includere informazioni personali identificabili che avete fornito. Saremo sempre trasparenti nei vostri confronti in merito a quali informazioni raccogliamo, l\u2018uso che ne facciamo e con chi le condividiamo.<br \/>Se non si accettano questi cookie, la resa e funzionalit\u00e0 del sito internet potrebbe risultare impattate e l\u2019accesso ai contenuti del sito potrebbe venire limitata.<\/p>\n<p>QUALI COOKIE VENGONO UTILIZZATI<\/p>\n<p>Facciamo uso di svariati fornitori che possono altres\u00ec impostare cookie sul vostro dispositivo per nostro conto quando visitate il nostro sito per consentirgli di erogare i servizi che stanno fornendo. Se desiderate avere ulteriori informazioni relative a questi cookie, insieme a informazioni su come evitare la ricezione di questi cookie, vi preghiamo di consultare la tabella apposita.<\/p>\n<p>Quando visitate il nostro sito potreste ricevere cookie da siti internet o domini di terze parti. Noi ci sforziamo per identificare questi cookie prima che vengano utilizzati in modo da permettervi di decidere se desiderate accettarli o meno. Ulteriori informazioni relative a questi cookie potrebbero essere disponibili sul sito internet della terza parte in questione.<\/p>\n<p>UTILIZZO DI Microsoft Clarity<\/p>\n<p>Il nostro sito utilizza <strong>Microsoft Clarity<\/strong>, un servizio di analisi fornito da Microsoft, che ci aiuta a comprendere meglio come gli utenti interagiscono con il nostro sito. Microsoft Clarity pu\u00f2 registrare interazioni come movimenti del mouse, click, scorrimenti e altre azioni dell&#8217;utente per migliorare l\u2019esperienza di navigazione. I dati raccolti sono anonimi e non consentono l&#8217;identificazione personale degli utenti.<\/p>\n<p>Clarity utilizza <strong>cookie<\/strong> e altre tecnologie simili per raccogliere e archiviare informazioni. Per maggiori dettagli sul trattamento dei dati da parte di Microsoft, puoi consultare la <a href=\"https:\/\/privacy.microsoft.com\/privacystatement\" target=\"_new\" rel=\"noopener\">Privacy Policy di Microsoft<\/a>.<\/p>\n<p><strong>Come posso controllare o cancellare i cookies?<\/strong><\/p>\n<p>La maggioranza dei browser internet sono inizialmente impostati per accettare i cookie in modo automatico. Potete modificare queste impostazioni per bloccare i cookie o per avvertirvi che dei cookie vengono mandati al vostro dispositivo. Esistono svariati modi per gestire i cookie. Vi preghiamo di fare riferimento al manuale d\u2019istruzioni o alla schermata di aiuto del vostro browser per scoprire come regolare o modificare le impostazioni del vostro browser.<\/p>\n<p>Se disabilitate i cookie di cui facciamo uso, ci\u00f2 potrebbe influenzare la vostra esperienza mentre vi trovate sul nostro sito, per esempio potreste non essere in grado di visitare certe sezioni o non ricevere informazioni personalizzate quando visitate un nostro Sito.<\/p>\n<p>Se usate dispositivi diversi tra loro per visualizzare e accedere ai Siti Internet (per esempio, computer, smartphone, tablet, ecc.), dovrete assicurarvi che ciascun browser su ciascun dispositivo sia regolato per riflettere le vostre preferenze relative ai cookie.<\/p>\n<p><strong>Ulteriori informazioni specifiche<\/strong><\/p>\n<p>Sessione \/ temporanei Questi cookie vengono cancellati dal vostro dispositivo quando uscite dal sito internet.<\/p>\n<p>Permanenti \/ persistenti Questi cookie non vengono cancellati dal vostro dispositivo quando uscite dal sito internet. Rimangono sul vostro dispositivo per un lasso di tempo maggiore.<\/p>\n<p>Analitico \/ Tracking \u2013 Fornisce informazioni anonime \/ aggregate su dove andate e cosa fate sul nostro sito e su altri siti internet.<\/p>\n<p>Google Analytics<br \/>informazioni su Google Analytics\u00a0<a href=\"https:\/\/marketingplatform.google.com\/about\/analytics\/\" target=\"_blank\" rel=\"noopener noreferrer\">cliccare qui<\/a><\/p>\n<hr \/>\n<p>Come disabilitare i cookie mediante configurazione del browser<br \/>Disabilitazione dei cookie su\u00a0<a href=\"https:\/\/support.mozilla.org\/it\/kb\/Attivare%20e%20disattivare%20i%20cookie\">Firefox<\/a><br \/>Disabilitazione dei cookie su\u00a0<a href=\"http:\/\/www.google.com\/policies\/technologies\/managing\/\">Chrome<\/a><br \/>Disabilitazione dei cookie su\u00a0<a href=\"http:\/\/windows.microsoft.com\/it-it\/internet-explorer\/delete-manage-cookies#ie=ie-11\">Internet Explorer<\/a><br \/>Disabilitazione dei cookie su\u00a0<a href=\"http:\/\/support.apple.com\/kb\/HT1677?viewlocale=it_IT&amp;locale=it_IT\">Safari<\/a><br \/>Disabilitazione dei cookie su\u00a0<a href=\"http:\/\/help.opera.com\/Mac\/12.10\/it\/cookies.html\">Opera<\/a><\/p>\n<hr \/>\n<p><strong>Come disabilitare i cookie di specifici servizi di terzi<\/strong><br \/>Servizi di Google<br \/>Facebook<br \/>Twitter<br \/>Gestione generale cookie di terze parti<br \/>http:\/\/www.youronlinechoices.com\/it\/<\/p>\n<p>[\/et_pb_text][\/et_pb_column][\/et_pb_row][\/et_pb_section][et_pb_section fb_built=&#8221;1&#8243; admin_label=&#8221;footer ita&#8221; _builder_version=&#8221;4.16&#8243; background_color=&#8221;#3088b3&#8243; custom_padding=&#8221;0px||0px|||&#8221; da_disable_devices=&#8221;off|off|off&#8221; global_module=&#8221;13528&#8243; saved_tabs=&#8221;all&#8221; locked=&#8221;off&#8221; global_colors_info=&#8221;{}&#8221; da_is_popup=&#8221;off&#8221; da_exit_intent=&#8221;off&#8221; da_has_close=&#8221;on&#8221; da_alt_close=&#8221;off&#8221; da_dark_close=&#8221;off&#8221; da_not_modal=&#8221;on&#8221; da_is_singular=&#8221;off&#8221; da_with_loader=&#8221;off&#8221; da_has_shadow=&#8221;on&#8221;][et_pb_row column_structure=&#8221;1_4,1_4,1_4,1_4&#8243; use_custom_gutter=&#8221;on&#8221; gutter_width=&#8221;2&#8243; _builder_version=&#8221;4.20.0&#8243; width=&#8221;90%&#8221; custom_padding=&#8221;||14px|||&#8221; locked=&#8221;off&#8221; global_colors_info=&#8221;{}&#8221;][et_pb_column type=&#8221;1_4&#8243; _builder_version=&#8221;4.16&#8243; global_colors_info=&#8221;{}&#8221;][et_pb_image src=&#8221;https:\/\/www2.biodermogenesi.com\/it\/wp-content\/uploads\/sites\/23\/2019\/11\/logo.png&#8221; _builder_version=&#8221;4.16&#8243; global_colors_info=&#8221;{}&#8221;][\/et_pb_image][et_pb_text _builder_version=&#8221;4.16&#8243; text_font=&#8221;|700|||||||&#8221; text_text_color=&#8221;#ffffff&#8221; text_font_size=&#8221;10px&#8221; link_font=&#8221;||||||||&#8221; link_text_color=&#8221;#ffffff&#8221; global_colors_info=&#8221;{}&#8221;]<\/p>\n<p><a href=\"https:\/\/www.biodermogenesi.com\/ita\/informazioni-legali\/\">INFORMAZIONI LEGALI IMPORTANTI<\/a><br \/><a href=\"https:\/\/www.biodermogenesi.com\/ita\/privacy-policy\/\">PRIVACY POLICY<\/a><\/p>\n<p>[\/et_pb_text][\/et_pb_column][et_pb_column type=&#8221;1_4&#8243; _builder_version=&#8221;4.16&#8243; global_colors_info=&#8221;{}&#8221;][et_pb_text _builder_version=&#8221;4.20.0&#8243; text_text_color=&#8221;#ffffff&#8221; text_font_size=&#8221;12px&#8221; header_6_text_color=&#8221;#83bdd9&#8243; header_6_font_size=&#8221;16px&#8221; custom_margin=&#8221;||17px|||&#8221; global_colors_info=&#8221;{}&#8221;]<\/p>\n<h6>Contatti<\/h6>\n<p>E-mail info@biodermogenesi.com<\/p>\n<p>P.iva 04697040485<\/p>\n<p>[\/et_pb_text][\/et_pb_column][et_pb_column type=&#8221;1_4&#8243; _builder_version=&#8221;4.16&#8243; global_colors_info=&#8221;{}&#8221;][et_pb_text _builder_version=&#8221;4.20.0&#8243; text_text_color=&#8221;#ffffff&#8221; text_font_size=&#8221;12px&#8221; header_6_text_color=&#8221;#83bdd9&#8243; header_6_font_size=&#8221;16px&#8221; custom_margin=&#8221;||17px|||&#8221; global_colors_info=&#8221;{}&#8221;]<\/p>\n<h6>Uffici di Rappresentanza<\/h6>\n<p><strong>Dubai (EAU)<\/strong><br \/>48 Burj Gate, 10th Floor, room #1001, Downtown<br \/>Tel.: +971.4.321 62 60<br \/><strong>Abu Dhabi (EAU)<\/strong><br \/>7th Floor &#8211; CI Tower &#8211; khalidiya Area<\/p>\n<p>[\/et_pb_text][\/et_pb_column][et_pb_column type=&#8221;1_4&#8243; _builder_version=&#8221;4.16&#8243; global_colors_info=&#8221;{}&#8221;][et_pb_text _builder_version=&#8221;4.16&#8243; text_text_color=&#8221;#ffffff&#8221; header_6_text_color=&#8221;#83bdd9&#8243; header_6_font_size=&#8221;16px&#8221; custom_margin=&#8221;||17px|||&#8221; global_colors_info=&#8221;{}&#8221;]<\/p>\n<h6>Seguici<\/h6>\n<p>[\/et_pb_text][et_pb_text _builder_version=&#8221;4.16&#8243; text_text_color=&#8221;#ffffff&#8221; global_colors_info=&#8221;{}&#8221;]<\/p>\n<div><a href=\"https:\/\/www.facebook.com\/Biodermogenesi-204248829606157\/\" target=\"_blank\" rel=\"noopener noreferrer\"><img loading=\"lazy\" decoding=\"async\" style=\"margin: 5px;\" src=\"https:\/\/www2.biodermogenesi.com\/wp-content\/uploads\/2020\/06\/social-facebook.png\" alt=\"Facebook\" width=\"30\" height=\"30\" \/><\/a><a href=\"https:\/\/www.youtube.com\/channel\/UCFSORtLN0rT3Wh17jYS0lhQ\" target=\"_blank\" rel=\"noopener noreferrer\"><img loading=\"lazy\" decoding=\"async\" style=\"margin: 5px;\" src=\"https:\/\/www2.biodermogenesi.com\/wp-content\/uploads\/2020\/06\/youtube-social.png\" alt=\"Facebook\" width=\"30\" height=\"30\" \/><\/a><a href=\"https:\/\/www.instagram.com\/biodermogenesiofficial\/?hl=it\" target=\"_blank\" rel=\"noopener noreferrer\"><img loading=\"lazy\" decoding=\"async\" style=\"margin: 5px;\" src=\"https:\/\/www2.biodermogenesi.com\/wp-content\/uploads\/2020\/06\/social-instagram.png\" alt=\"Youtube\" width=\"30\" height=\"30\" \/><\/a><\/div>\n<p>[\/et_pb_text][\/et_pb_column][\/et_pb_row][et_pb_row _builder_version=&#8221;4.20.0&#8243; _module_preset=&#8221;default&#8221; custom_padding=&#8221;5px||10px|||&#8221; global_colors_info=&#8221;{}&#8221;][et_pb_column type=&#8221;4_4&#8243; _builder_version=&#8221;4.20.0&#8243; _module_preset=&#8221;default&#8221; global_colors_info=&#8221;{}&#8221;][et_pb_image src=&#8221;https:\/\/www2.biodermogenesi.com\/it\/wp-content\/uploads\/sites\/23\/2019\/11\/88&#215;31.png&#8221; align=&#8221;center&#8221; _builder_version=&#8221;4.20.0&#8243; global_colors_info=&#8221;{}&#8221;][\/et_pb_image][\/et_pb_column][\/et_pb_row][\/et_pb_section]<\/p>\n","protected":false},"excerpt":{"rendered":"<p>TRATTAMENTO DEI DATI PERSONALI(Tutela della privacy \u2013 informativa sito internet ex art 13 Regolamento UE 679\/16.) I dati che Le vengono richiesti sono trattati da Expo Italia Srl con sede in Firenze, Via Segantini n.34 (P.Iva 0469704048 &#8211; indirizzo pec: expoitalia@pec.biodermogenesi.it,\u00a0 \u00a0Tel.\u00a0 0557875341,\u00a0 mail:info@biodermogenesi.com), Titolare del trattamento Il trattamento dei dati personali, effettuato nel pieno [&hellip;]<\/p>\n","protected":false},"author":1,"featured_media":0,"parent":0,"menu_order":0,"comment_status":"closed","ping_status":"closed","template":"","meta":{"_et_pb_use_builder":"on","_et_pb_old_content":"","_et_gb_content_width":"","pmpro_default_level":0,"footnotes":""},"class_list":["post-13524","page","type-page","status-publish","hentry","pmpro-has-access"],"_links":{"self":[{"href":"https:\/\/www.biodermogenesi.com\/ita\/wp-json\/wp\/v2\/pages\/13524","targetHints":{"allow":["GET"]}}],"collection":[{"href":"https:\/\/www.biodermogenesi.com\/ita\/wp-json\/wp\/v2\/pages"}],"about":[{"href":"https:\/\/www.biodermogenesi.com\/ita\/wp-json\/wp\/v2\/types\/page"}],"author":[{"embeddable":true,"href":"https:\/\/www.biodermogenesi.com\/ita\/wp-json\/wp\/v2\/users\/1"}],"replies":[{"embeddable":true,"href":"https:\/\/www.biodermogenesi.com\/ita\/wp-json\/wp\/v2\/comments?post=13524"}],"version-history":[{"count":9,"href":"https:\/\/www.biodermogenesi.com\/ita\/wp-json\/wp\/v2\/pages\/13524\/revisions"}],"predecessor-version":[{"id":16654,"href":"https:\/\/www.biodermogenesi.com\/ita\/wp-json\/wp\/v2\/pages\/13524\/revisions\/16654"}],"wp:attachment":[{"href":"https:\/\/www.biodermogenesi.com\/ita\/wp-json\/wp\/v2\/media?parent=13524"}],"curies":[{"name":"wp","href":"https:\/\/api.w.org\/{rel}","templated":true}]}}