{"id":14640,"date":"2022-10-06T10:29:58","date_gmt":"2022-10-06T08:29:58","guid":{"rendered":"https:\/\/www.biodermogenesi.com\/fr\/?page_id=14640"},"modified":"2023-06-15T15:09:33","modified_gmt":"2023-06-15T13:09:33","slug":"scientific-research","status":"publish","type":"page","link":"https:\/\/www.biodermogenesi.com\/fr\/scientific-research\/","title":{"rendered":"Scientific Research"},"content":{"rendered":"<p>[et_pb_section fb_built=&#8221;1&#8243; disabled_on=&#8221;on|on|off&#8221; admin_label=&#8221;Intestazione&#8221; _builder_version=&#8221;4.16&#8243; _module_preset=&#8221;default&#8221; background_color=&#8221;#FAF0E2&#8243; background_image=&#8221;https:\/\/www.biodermogenesi.com\/fr\/wp-content\/uploads\/sites\/17\/2022\/10\/Medical-research-1.png&#8221; background_size=&#8221;initial&#8221; background_position=&#8221;center_right&#8221; min_height=&#8221;445px&#8221; custom_margin=&#8221;|20px|20px|20px|false|true&#8221; custom_padding=&#8221;7px||5px|||&#8221; da_disable_devices=&#8221;off|off|off&#8221; locked=&#8221;off&#8221; global_colors_info=&#8221;{}&#8221; da_is_popup=&#8221;off&#8221; da_exit_intent=&#8221;off&#8221; da_has_close=&#8221;on&#8221; da_alt_close=&#8221;off&#8221; da_dark_close=&#8221;off&#8221; da_not_modal=&#8221;on&#8221; da_is_singular=&#8221;off&#8221; da_with_loader=&#8221;off&#8221; da_has_shadow=&#8221;on&#8221;][et_pb_row column_structure=&#8221;1_2,1_2&#8243; _builder_version=&#8221;4.16&#8243; _module_preset=&#8221;default&#8221; custom_padding=&#8221;72px|||||&#8221; global_colors_info=&#8221;{}&#8221;][et_pb_column type=&#8221;1_2&#8243; _builder_version=&#8221;4.16&#8243; _module_preset=&#8221;default&#8221; global_colors_info=&#8221;{}&#8221;][et_pb_text _builder_version=&#8221;4.16&#8243; _module_preset=&#8221;default&#8221; header_font=&#8221;Exo 2|600||on|||||&#8221; header_text_color=&#8221;#575756&#8243; header_font_size=&#8221;46px&#8221; global_colors_info=&#8221;{}&#8221;]<\/p>\n<h1>Une nouvelle approche th\u00e9rapeutique<\/h1>\n<p>[\/et_pb_text][et_pb_text _builder_version=&#8221;4.16&#8243; _module_preset=&#8221;default&#8221; header_font=&#8221;Exo 2|600||on|||||&#8221; header_text_color=&#8221;#575756&#8243; header_font_size=&#8221;46px&#8221; header_3_font=&#8221;Exo 2|300||on|||||&#8221; header_3_text_align=&#8221;left&#8221; header_3_text_color=&#8221;#575756&#8243; header_3_font_size=&#8221;20px&#8221; header_3_letter_spacing=&#8221;2px&#8221; header_3_line_height=&#8221;1.4em&#8221; global_colors_info=&#8221;{}&#8221;]<\/p>\n<h3>L&#8217;efficacit\u00e9 et la s\u00e9curit\u00e9 du Biodermogenesi\u00ae sont d\u00e9montr\u00e9es par des <strong>\u00e9tudes universitaires<\/strong> et des <strong>publications scientifiques<\/strong> avec des centaines de patients document\u00e9s !<\/h3>\n<p>[\/et_pb_text][\/et_pb_column][et_pb_column type=&#8221;1_2&#8243; _builder_version=&#8221;4.16&#8243; _module_preset=&#8221;default&#8221; global_colors_info=&#8221;{}&#8221;][\/et_pb_column][\/et_pb_row][et_pb_row column_structure=&#8221;1_4,1_4,1_4,1_4&#8243; use_custom_gutter=&#8221;on&#8221; gutter_width=&#8221;1&#8243; make_equal=&#8221;on&#8221; _builder_version=&#8221;4.16&#8243; _module_preset=&#8221;default&#8221; custom_padding=&#8221;||47px|||&#8221; global_colors_info=&#8221;{}&#8221;][et_pb_column type=&#8221;1_4&#8243; _builder_version=&#8221;4.16&#8243; _module_preset=&#8221;default&#8221; custom_padding=&#8221;||||false|false&#8221; global_colors_info=&#8221;{}&#8221;][et_pb_button button_url=&#8221;https:\/\/www.biodermogenesi.com\/fr\/therapeutic-approach\/&#8221; button_text=&#8221;Voir plus&#8221; button_alignment=&#8221;left&#8221; _builder_version=&#8221;4.16&#8243; _module_preset=&#8221;default&#8221; custom_button=&#8221;on&#8221; button_font=&#8221;|600|||||||&#8221; custom_padding=&#8221;8px|46px|8px|46px|true|true&#8221; global_colors_info=&#8221;{}&#8221;][\/et_pb_button][\/et_pb_column][et_pb_column type=&#8221;1_4&#8243; _builder_version=&#8221;4.16&#8243; _module_preset=&#8221;default&#8221; global_colors_info=&#8221;{}&#8221;][\/et_pb_column][et_pb_column type=&#8221;1_4&#8243; _builder_version=&#8221;4.16&#8243; _module_preset=&#8221;default&#8221; global_colors_info=&#8221;{}&#8221;][\/et_pb_column][et_pb_column type=&#8221;1_4&#8243; _builder_version=&#8221;4.16&#8243; _module_preset=&#8221;default&#8221; global_colors_info=&#8221;{}&#8221;][\/et_pb_column][\/et_pb_row][\/et_pb_section][et_pb_section fb_built=&#8221;1&#8243; disabled_on=&#8221;off|off|on&#8221; admin_label=&#8221;Intestazione&#8221; _builder_version=&#8221;4.16&#8243; _module_preset=&#8221;default&#8221; background_color=&#8221;#ffffff&#8221; use_background_color_gradient=&#8221;on&#8221; background_color_gradient_stops=&#8221;#FAF0E2 0%|rgba(250,240,226,0) 100%&#8221; background_color_gradient_start=&#8221;#FAF0E2&#8243; background_color_gradient_end=&#8221;rgba(250,240,226,0)&#8221; background_enable_image=&#8221;off&#8221; background_size=&#8221;initial&#8221; background_position=&#8221;center_right&#8221; min_height=&#8221;445px&#8221; custom_margin=&#8221;|0px|20px|0px|false|true&#8221; custom_padding=&#8221;7px||5px|||&#8221; da_disable_devices=&#8221;off|off|off&#8221; locked=&#8221;off&#8221; global_colors_info=&#8221;{}&#8221; da_is_popup=&#8221;off&#8221; da_exit_intent=&#8221;off&#8221; da_has_close=&#8221;on&#8221; da_alt_close=&#8221;off&#8221; da_dark_close=&#8221;off&#8221; da_not_modal=&#8221;on&#8221; da_is_singular=&#8221;off&#8221; da_with_loader=&#8221;off&#8221; da_has_shadow=&#8221;on&#8221;][et_pb_row _builder_version=&#8221;4.16&#8243; _module_preset=&#8221;default&#8221; width=&#8221;100%&#8221; custom_padding=&#8221;23px|||||&#8221; global_colors_info=&#8221;{}&#8221;][et_pb_column type=&#8221;4_4&#8243; _builder_version=&#8221;4.16&#8243; _module_preset=&#8221;default&#8221; global_colors_info=&#8221;{}&#8221;][et_pb_text _builder_version=&#8221;4.16&#8243; _module_preset=&#8221;default&#8221; header_font=&#8221;Exo 2|600||on|||||&#8221; header_text_color=&#8221;#575756&#8243; header_font_size=&#8221;36px&#8221; header_line_height=&#8221;1.2em&#8221; custom_padding=&#8221;|23px||23px|false|true&#8221; global_colors_info=&#8221;{}&#8221;]<\/p>\n<h1>Une nouvelle approche th\u00e9rapeutique<\/h1>\n<p>[\/et_pb_text][et_pb_text _builder_version=&#8221;4.16&#8243; _module_preset=&#8221;default&#8221; header_font=&#8221;Exo 2|600||on|||||&#8221; header_text_color=&#8221;#575756&#8243; header_font_size=&#8221;46px&#8221; header_3_font=&#8221;Exo 2|300||on|||||&#8221; header_3_text_align=&#8221;left&#8221; header_3_text_color=&#8221;#575756&#8243; header_3_font_size=&#8221;17px&#8221; header_3_letter_spacing=&#8221;2px&#8221; header_3_line_height=&#8221;1.4em&#8221; custom_padding=&#8221;|23px||23px|false|true&#8221; global_colors_info=&#8221;{}&#8221;]<\/p>\n<h3>L&#8217;efficacit\u00e9 et la s\u00e9curit\u00e9 du Biodermogenesi\u00ae sont d\u00e9montr\u00e9es par des <strong>\u00e9tudes universitaires<\/strong> et des <strong>publications scientifiques<\/strong> avec des centaines de patients document\u00e9s !<\/h3>\n<p>[\/et_pb_text][et_pb_image src=&#8221;https:\/\/www.biodermogenesi.com\/fr\/wp-content\/uploads\/sites\/17\/2022\/10\/Medical-research-1.jpg&#8221; title_text=&#8221;Medical-research 1&#8243; align=&#8221;center&#8221; force_fullwidth=&#8221;on&#8221; _builder_version=&#8221;4.16&#8243; _module_preset=&#8221;default&#8221; global_colors_info=&#8221;{}&#8221;][\/et_pb_image][\/et_pb_column][\/et_pb_row][et_pb_row use_custom_gutter=&#8221;on&#8221; gutter_width=&#8221;1&#8243; make_equal=&#8221;on&#8221; _builder_version=&#8221;4.16&#8243; _module_preset=&#8221;default&#8221; custom_padding=&#8221;||47px|||&#8221; global_colors_info=&#8221;{}&#8221;][et_pb_column type=&#8221;4_4&#8243; _builder_version=&#8221;4.16&#8243; _module_preset=&#8221;default&#8221; custom_padding=&#8221;||||false|false&#8221; global_colors_info=&#8221;{}&#8221;][et_pb_button button_url=&#8221;https:\/\/www.biodermogenesi.com\/fr\/therapeutic-approach\/&#8221; button_text=&#8221;Voir plus&#8221; button_alignment=&#8221;center&#8221; _builder_version=&#8221;4.16&#8243; _module_preset=&#8221;default&#8221; custom_button=&#8221;on&#8221; button_font=&#8221;|600|||||||&#8221; custom_padding=&#8221;8px|46px|8px|46px|true|true&#8221; global_colors_info=&#8221;{}&#8221;][\/et_pb_button][\/et_pb_column][\/et_pb_row][\/et_pb_section][et_pb_section fb_built=&#8221;1&#8243; admin_label=&#8221;Intestazione&#8221; _builder_version=&#8221;4.16&#8243; _module_preset=&#8221;default&#8221; background_color=&#8221;#ffffff&#8221; custom_margin=&#8221;|20px||20px|false|true&#8221; custom_padding=&#8221;7px||5px|||&#8221; da_disable_devices=&#8221;off|off|off&#8221; global_colors_info=&#8221;{}&#8221; da_is_popup=&#8221;off&#8221; da_exit_intent=&#8221;off&#8221; da_has_close=&#8221;on&#8221; da_alt_close=&#8221;off&#8221; da_dark_close=&#8221;off&#8221; da_not_modal=&#8221;on&#8221; da_is_singular=&#8221;off&#8221; da_with_loader=&#8221;off&#8221; da_has_shadow=&#8221;on&#8221;][et_pb_row _builder_version=&#8221;4.16&#8243; _module_preset=&#8221;default&#8221; global_colors_info=&#8221;{}&#8221;][et_pb_column type=&#8221;4_4&#8243; _builder_version=&#8221;4.16&#8243; _module_preset=&#8221;default&#8221; global_colors_info=&#8221;{}&#8221;][et_pb_text _builder_version=&#8221;4.20.0&#8243; _module_preset=&#8221;default&#8221; text_font_size=&#8221;17px&#8221; text_line_height=&#8221;1.8em&#8221; header_font=&#8221;|||on|||||&#8221; header_text_align=&#8221;center&#8221; header_text_color=&#8221;#575756&#8243; header_font_size=&#8221;32px&#8221; text_orientation=&#8221;justified&#8221; custom_margin=&#8221;||15px|||&#8221; hover_enabled=&#8221;0&#8243; text_orientation_tablet=&#8221;&#8221; text_orientation_phone=&#8221;center&#8221; text_orientation_last_edited=&#8221;on|phone&#8221; global_colors_info=&#8221;{}&#8221; sticky_enabled=&#8221;0&#8243;]<\/p>\n<p>L&#8217;efficacit\u00e9 et la s\u00e9curit\u00e9 du Biodermogenesi\u00ae sont confirm\u00e9es par des \u00e9tudes officielles men\u00e9es par l&#8217;\u00e9cole de dermatologie de l&#8217;universit\u00e9 de Pise, par la chaire de chirurgie plastique de l&#8217;universit\u00e9 de Pavie, par le d\u00e9partement des neurosciences, de la biom\u00e9decine et des sciences du mouvement et par l&#8217;institut d&#8217;anatomie et d&#8217;histologie humaines de l&#8217;universit\u00e9 de V\u00e9rone.<br \/>Des professeurs, enseignants et chercheurs des universit\u00e9s de Pise, Pavie, V\u00e9rone, Palerme, Chieti-Pescara, Naples Vanivitelli, Rome Marconi et Barcelone ont contribu\u00e9 \u00e0 la r\u00e9alisation d&#8217;autres \u00e9tudes publi\u00e9es.<br \/>Tous les plus de 1250 patients document\u00e9s par les diff\u00e9rentes \u00e9tudes cliniques ont vu une am\u00e9lioration dans l&#8217;absence totale d&#8217;effets secondaires. La technologie Biodermogenesi\u00ae est enti\u00e8rement d\u00e9velopp\u00e9e et construite en Italie et est prot\u00e9g\u00e9e par des brevets internationaux qui la rendent unique et inimitable.<\/p>\n<p><strong>Le Biodermogenesi\u00ae est la th\u00e9rapie r\u00e9g\u00e9n\u00e9ratrice efficace, agr\u00e9able et s\u00fbre qui r\u00e9pond \u00e0 vos besoins.<\/strong><\/p>\n<p>[\/et_pb_text][et_pb_divider color=&#8221;#3088B3&#8243; divider_weight=&#8221;6px&#8221; _builder_version=&#8221;4.16&#8243; _module_preset=&#8221;default&#8221; width=&#8221;100px&#8221; module_alignment=&#8221;center&#8221; custom_margin=&#8221;||0px||false|false&#8221; custom_padding=&#8221;||0px||false|false&#8221; global_colors_info=&#8221;{}&#8221;][\/et_pb_divider][\/et_pb_column][\/et_pb_row][et_pb_row column_structure=&#8221;1_3,1_3,1_3&#8243; use_custom_gutter=&#8221;on&#8221; _builder_version=&#8221;4.16&#8243; _module_preset=&#8221;default&#8221; width=&#8221;100%&#8221; max_width=&#8221;100%&#8221; custom_margin=&#8221;|auto|8px|auto|false|false&#8221; custom_padding=&#8221;||75px||false|false&#8221; global_colors_info=&#8221;{}&#8221;][et_pb_column type=&#8221;1_3&#8243; _builder_version=&#8221;4.16&#8243; _module_preset=&#8221;default&#8221; global_colors_info=&#8221;{}&#8221;][et_pb_blurb image=&#8221;https:\/\/www.biodermogenesi.com\/fr\/wp-content\/uploads\/sites\/17\/2023\/06\/logo-pisa.png&#8221; content_max_width=&#8221;286px&#8221; _builder_version=&#8221;4.20.0&#8243; _module_preset=&#8221;default&#8221; header_font=&#8221;Work Sans|700||on|||||&#8221; header_text_align=&#8221;center&#8221; header_font_size=&#8221;14px&#8221; body_text_align=&#8221;center&#8221; body_line_height=&#8221;2em&#8221; hover_enabled=&#8221;0&#8243; border_radii_image=&#8221;on|0%|0%|0%|0%&#8221; border_color_all_image=&#8221;#3088B3&#8243; global_colors_info=&#8221;{}&#8221; title_text=&#8221;logo-pisa&#8221; sticky_enabled=&#8221;0&#8243;][\/et_pb_blurb][\/et_pb_column][et_pb_column type=&#8221;1_3&#8243; _builder_version=&#8221;4.16&#8243; _module_preset=&#8221;default&#8221; global_colors_info=&#8221;{}&#8221;][et_pb_blurb image=&#8221;https:\/\/www.biodermogenesi.com\/fr\/wp-content\/uploads\/sites\/17\/2023\/06\/logo-pavia.png&#8221; content_max_width=&#8221;286px&#8221; _builder_version=&#8221;4.20.0&#8243; _module_preset=&#8221;default&#8221; header_font=&#8221;Work Sans|700||on|||||&#8221; header_text_align=&#8221;center&#8221; header_font_size=&#8221;14px&#8221; body_text_align=&#8221;center&#8221; body_line_height=&#8221;2em&#8221; hover_enabled=&#8221;0&#8243; border_radii_image=&#8221;on|0%|0%|0%|0%&#8221; border_color_all_image=&#8221;#3088B3&#8243; global_colors_info=&#8221;{}&#8221; title_text=&#8221;logo-pavia&#8221; sticky_enabled=&#8221;0&#8243;][\/et_pb_blurb][\/et_pb_column][et_pb_column type=&#8221;1_3&#8243; _builder_version=&#8221;4.16&#8243; _module_preset=&#8221;default&#8221; global_colors_info=&#8221;{}&#8221;][et_pb_blurb image=&#8221;https:\/\/www.biodermogenesi.com\/fr\/wp-content\/uploads\/sites\/17\/2022\/10\/logo-uni-verona.png&#8221; content_max_width=&#8221;286px&#8221; _builder_version=&#8221;4.16&#8243; _module_preset=&#8221;default&#8221; header_font=&#8221;Work Sans|700||on|||||&#8221; header_text_align=&#8221;center&#8221; header_font_size=&#8221;14px&#8221; body_text_align=&#8221;center&#8221; body_line_height=&#8221;2em&#8221; border_radii_image=&#8221;on|0%|0%|0%|0%&#8221; border_color_all_image=&#8221;#3088B3&#8243; global_colors_info=&#8221;{}&#8221;][\/et_pb_blurb][\/et_pb_column][\/et_pb_row][\/et_pb_section][et_pb_section fb_built=&#8221;1&#8243; admin_label=&#8221;footer eng&#8221; _builder_version=&#8221;4.4.1&#8243; background_color=&#8221;#3088b3&#8243; custom_padding=&#8221;0px||0px|||&#8221; da_disable_devices=&#8221;off|off|off&#8221; global_module=&#8221;80&#8243; locked=&#8221;off&#8221; global_colors_info=&#8221;{}&#8221; da_is_popup=&#8221;off&#8221; da_exit_intent=&#8221;off&#8221; da_has_close=&#8221;on&#8221; da_alt_close=&#8221;off&#8221; da_dark_close=&#8221;off&#8221; da_not_modal=&#8221;on&#8221; da_is_singular=&#8221;off&#8221; da_with_loader=&#8221;off&#8221; da_has_shadow=&#8221;on&#8221;][et_pb_row column_structure=&#8221;1_4,1_4,1_4,1_4&#8243; _builder_version=&#8221;4.16&#8243; locked=&#8221;off&#8221; global_colors_info=&#8221;{}&#8221;][et_pb_column type=&#8221;1_4&#8243; _builder_version=&#8221;4.16&#8243; global_colors_info=&#8221;{}&#8221;][et_pb_image src=&#8221;https:\/\/www2.biodermogenesi.com\/uk\/wp-content\/uploads\/sites\/17\/2020\/06\/logo.png&#8221; _builder_version=&#8221;4.16&#8243; global_colors_info=&#8221;{}&#8221;][\/et_pb_image][et_pb_text _builder_version=&#8221;4.16&#8243; text_font=&#8221;|700|||||||&#8221; text_text_color=&#8221;#ffffff&#8221; text_font_size=&#8221;10px&#8221; link_font=&#8221;||||||||&#8221; link_text_color=&#8221;#ffffff&#8221; global_colors_info=&#8221;{}&#8221;]<\/p>\n<p><a href=\"https:\/\/www.biodermogenesi.com\/fr\/legal-information\/\">INFORMATIONS JURIDIQUES IMPORTANTES<\/a><br \/><a href=\"https:\/\/www.biodermogenesi.com\/fr\/privacy-policy\/\">POLITIQUE DE CONFIDENTIALIT\u00c9<\/a><\/p>\n<p>[\/et_pb_text][\/et_pb_column][et_pb_column type=&#8221;1_4&#8243; _builder_version=&#8221;4.16&#8243; global_colors_info=&#8221;{}&#8221;][et_pb_text _builder_version=&#8221;4.16&#8243; text_text_color=&#8221;#ffffff&#8221; text_line_height=&#8221;1.3em&#8221; header_6_text_color=&#8221;#83bdd9&#8243; header_6_font_size=&#8221;16px&#8221; global_colors_info=&#8221;{}&#8221;]<\/p>\n<h6>info<\/h6>\n<p><strong>BIODERMOGENESI\u00ae<\/strong> est une marque d\u00e9pos\u00e9e ou une propri\u00e9t\u00e9 d&#8217;<strong>EXPO ITALIA s.r.l.<\/strong><\/p>\n<p>Florence (ITALIE)<\/p>\n<p>[\/et_pb_text][\/et_pb_column][et_pb_column type=&#8221;1_4&#8243; _builder_version=&#8221;4.16&#8243; global_colors_info=&#8221;{}&#8221;][et_pb_text _builder_version=&#8221;4.16&#8243; text_text_color=&#8221;#ffffff&#8221; header_6_text_color=&#8221;#83bdd9&#8243; header_6_font_size=&#8221;16px&#8221; custom_margin=&#8221;||17px|||&#8221; global_colors_info=&#8221;{}&#8221;]<\/p>\n<h6>Contacts<\/h6>\n<p>E-mail infofr@biodermogenesi.com<\/p>\n<p>TVA 04697040485<\/p>\n<p>[\/et_pb_text][et_pb_image src=&#8221;https:\/\/www2.biodermogenesi.com\/uk\/wp-content\/uploads\/sites\/17\/2020\/06\/88&#215;31.png&#8221; _builder_version=&#8221;4.16&#8243; global_colors_info=&#8221;{}&#8221;][\/et_pb_image][\/et_pb_column][et_pb_column type=&#8221;1_4&#8243; _builder_version=&#8221;4.16&#8243; global_colors_info=&#8221;{}&#8221;][et_pb_text _builder_version=&#8221;4.16&#8243; text_text_color=&#8221;#ffffff&#8221; header_6_text_color=&#8221;#83bdd9&#8243; header_6_font_size=&#8221;16px&#8221; custom_margin=&#8221;||17px|||&#8221; global_colors_info=&#8221;{}&#8221;]<\/p>\n<h6>Suivez-nous<\/h6>\n<p>[\/et_pb_text][et_pb_text _builder_version=&#8221;4.16&#8243; text_text_color=&#8221;#ffffff&#8221; global_colors_info=&#8221;{}&#8221;]<\/p>\n<div><a href=\"https:\/\/www.facebook.com\/Biodermogenesi-United-Kingdom-104182014404976\" target=\"_blank\" rel=\"noopener noreferrer\"><img loading=\"lazy\" decoding=\"async\" style=\"margin: 5px;\" src=\"https:\/\/www2.biodermogenesi.com\/wp-content\/uploads\/2020\/06\/social-facebook.png\" alt=\"Facebook\" width=\"30\" height=\"30\" \/><\/a><a href=\"https:\/\/www.youtube.com\/channel\/UCFSORtLN0rT3Wh17jYS0lhQ\" target=\"_blank\" rel=\"noopener noreferrer\"><img loading=\"lazy\" decoding=\"async\" style=\"margin: 5px;\" src=\"https:\/\/www2.biodermogenesi.com\/wp-content\/uploads\/2020\/06\/youtube-social.png\" alt=\"Facebook\" width=\"30\" height=\"30\" \/><\/a><a href=\"https:\/\/www.instagram.com\/biodermogenesiofficial\/?hl=it\" target=\"_blank\" rel=\"noopener noreferrer\"><img loading=\"lazy\" decoding=\"async\" style=\"margin: 5px;\" src=\"https:\/\/www2.biodermogenesi.com\/wp-content\/uploads\/2020\/06\/social-instagram.png\" alt=\"Youtube\" width=\"30\" height=\"30\" \/><\/a><\/div>\n<p>[\/et_pb_text][\/et_pb_column][\/et_pb_row][\/et_pb_section]<\/p>\n","protected":false},"excerpt":{"rendered":"<p>Une nouvelle approche th\u00e9rapeutiqueL&#8217;efficacit\u00e9 et la s\u00e9curit\u00e9 du Biodermogenesi\u00ae sont d\u00e9montr\u00e9es par des \u00e9tudes universitaires et des publications scientifiques avec des centaines de patients document\u00e9s !Une nouvelle approche th\u00e9rapeutiqueL&#8217;efficacit\u00e9 et la s\u00e9curit\u00e9 du Biodermogenesi\u00ae sont d\u00e9montr\u00e9es par des \u00e9tudes universitaires et des publications scientifiques avec des centaines de patients document\u00e9s !L&#8217;efficacit\u00e9 et la s\u00e9curit\u00e9 du [&hellip;]<\/p>\n","protected":false},"author":1,"featured_media":0,"parent":0,"menu_order":0,"comment_status":"closed","ping_status":"closed","template":"","meta":{"_et_pb_use_builder":"on","_et_pb_old_content":"","_et_gb_content_width":"","footnotes":""},"class_list":["post-14640","page","type-page","status-publish","hentry"],"_links":{"self":[{"href":"https:\/\/www.biodermogenesi.com\/fr\/wp-json\/wp\/v2\/pages\/14640","targetHints":{"allow":["GET"]}}],"collection":[{"href":"https:\/\/www.biodermogenesi.com\/fr\/wp-json\/wp\/v2\/pages"}],"about":[{"href":"https:\/\/www.biodermogenesi.com\/fr\/wp-json\/wp\/v2\/types\/page"}],"author":[{"embeddable":true,"href":"https:\/\/www.biodermogenesi.com\/fr\/wp-json\/wp\/v2\/users\/1"}],"replies":[{"embeddable":true,"href":"https:\/\/www.biodermogenesi.com\/fr\/wp-json\/wp\/v2\/comments?post=14640"}],"version-history":[{"count":9,"href":"https:\/\/www.biodermogenesi.com\/fr\/wp-json\/wp\/v2\/pages\/14640\/revisions"}],"predecessor-version":[{"id":14967,"href":"https:\/\/www.biodermogenesi.com\/fr\/wp-json\/wp\/v2\/pages\/14640\/revisions\/14967"}],"wp:attachment":[{"href":"https:\/\/www.biodermogenesi.com\/fr\/wp-json\/wp\/v2\/media?parent=14640"}],"curies":[{"name":"wp","href":"https:\/\/api.w.org\/{rel}","templated":true}]}}