{"id":6,"date":"2020-05-27T16:05:56","date_gmt":"2020-05-27T14:05:56","guid":{"rendered":"https:\/\/www2.biodermogenesi.com\/uk\/?page_id=6"},"modified":"2025-03-18T10:59:21","modified_gmt":"2025-03-18T09:59:21","slug":"customer-care","status":"publish","type":"page","link":"https:\/\/www.biodermogenesi.com\/br\/customer-care\/","title":{"rendered":"Customer Care"},"content":{"rendered":"<p>[et_pb_section fb_built=&#8221;1&#8243; disabled_on=&#8221;on|on|off&#8221; admin_label=&#8221;Intestazione&#8221; _builder_version=&#8221;4.16&#8243; _module_preset=&#8221;default&#8221; background_color=&#8221;#ffffff&#8221; use_background_color_gradient=&#8221;on&#8221; background_color_gradient_type=&#8221;circular&#8221; background_color_gradient_direction_radial=&#8221;right&#8221; background_color_gradient_stops=&#8221;rgba(218,228,232,0) 0%|#D6EBEF 100%&#8221; background_color_gradient_start=&#8221;rgba(218,228,232,0)&#8221; background_color_gradient_end=&#8221;#D6EBEF&#8221; background_image=&#8221;https:\/\/www.biodermogenesi.com\/br\/wp-content\/uploads\/sites\/16\/2022\/10\/1000_F_355398624_SuhhuIgj1BvNEDHrKbjl6rogaermP57i-1-large.png&#8221; background_size=&#8221;initial&#8221; background_position=&#8221;center_left&#8221; min_height=&#8221;464px&#8221; custom_margin=&#8221;|20px||20px|false|true&#8221; custom_padding=&#8221;7px||0px|||&#8221; da_disable_devices=&#8221;off|off|off&#8221; locked=&#8221;off&#8221; global_colors_info=&#8221;{}&#8221; da_is_popup=&#8221;off&#8221; da_exit_intent=&#8221;off&#8221; da_has_close=&#8221;on&#8221; da_alt_close=&#8221;off&#8221; da_dark_close=&#8221;off&#8221; da_not_modal=&#8221;on&#8221; da_is_singular=&#8221;off&#8221; da_with_loader=&#8221;off&#8221; da_has_shadow=&#8221;on&#8221;][et_pb_row column_structure=&#8221;1_2,1_2&#8243; _builder_version=&#8221;4.16&#8243; _module_preset=&#8221;default&#8221; custom_padding=&#8221;27px|||||&#8221; global_colors_info=&#8221;{}&#8221;][et_pb_column type=&#8221;1_2&#8243; _builder_version=&#8221;4.16&#8243; _module_preset=&#8221;default&#8221; global_colors_info=&#8221;{}&#8221;][\/et_pb_column][et_pb_column type=&#8221;1_2&#8243; _builder_version=&#8221;4.16&#8243; _module_preset=&#8221;default&#8221; global_colors_info=&#8221;{}&#8221;][et_pb_text _builder_version=&#8221;4.16&#8243; _module_preset=&#8221;default&#8221; header_font=&#8221;Exo 2|600||on|||||&#8221; header_text_color=&#8221;#575756&#8243; header_font_size=&#8221;56px&#8221; header_letter_spacing=&#8221;2px&#8221; header_line_height=&#8221;1.1em&#8221; global_colors_info=&#8221;{}&#8221;]<\/p>\n<h1>ATENDIMENTO AO CLIENTE<\/h1>\n<p>[\/et_pb_text][et_pb_image src=&#8221;https:\/\/www.biodermogenesi.com\/test\/wp-content\/uploads\/sites\/14\/2019\/11\/logo-biodermogenesi-e1575543470935.png&#8221; title_text=&#8221;logo-biodermogenesi&#8221; _builder_version=&#8221;4.16&#8243; _module_preset=&#8221;default&#8221; global_colors_info=&#8221;{}&#8221;][\/et_pb_image][\/et_pb_column][\/et_pb_row][\/et_pb_section][et_pb_section fb_built=&#8221;1&#8243; _builder_version=&#8221;4.16&#8243; da_disable_devices=&#8221;off|off|off&#8221; global_colors_info=&#8221;{}&#8221; da_is_popup=&#8221;off&#8221; da_exit_intent=&#8221;off&#8221; da_has_close=&#8221;on&#8221; da_alt_close=&#8221;off&#8221; da_dark_close=&#8221;off&#8221; da_not_modal=&#8221;on&#8221; da_is_singular=&#8221;off&#8221; da_with_loader=&#8221;off&#8221; da_has_shadow=&#8221;on&#8221;][et_pb_row use_custom_gutter=&#8221;on&#8221; gutter_width=&#8221;2&#8243; _builder_version=&#8221;4.16&#8243; global_colors_info=&#8221;{}&#8221;][et_pb_column type=&#8221;4_4&#8243; _builder_version=&#8221;4.16&#8243; global_colors_info=&#8221;{}&#8221;][et_pb_contact_form use_spam_service=&#8221;on&#8221; recaptcha_list=&#8221;biodermogenesi-0&#8243; email=&#8221;infobr@biodermogenesi.com&#8221; custom_message=&#8221;Messaggio da Customer Care Brasile||et_pb_line_break_holder||Chi ti contatta : %%scelta%%||et_pb_line_break_holder||Paese: %%Paese%%||et_pb_line_break_holder||Nome: %%Nome%%||et_pb_line_break_holder||Email: %%email%%||et_pb_line_break_holder||Messaggio: %%Messaggio%%&#8221; use_redirect=&#8221;on&#8221; redirect_url=&#8221;https:\/\/www.biodermogenesi.com\/br\/thankyou\/&#8221; success_message=&#8221; &#8221; _builder_version=&#8221;4.27.4&#8243; _unique_id=&#8221;047e6edc-60f6-455e-82a6-067b46ec1847&#8243; hover_enabled=&#8221;0&#8243; global_colors_info=&#8221;{}&#8221; sticky_enabled=&#8221;0&#8243;][et_pb_contact_field field_id=&#8221;scelta&#8221; field_title=&#8221;Are you&#8221; field_type=&#8221;radio&#8221; radio_options=&#8221;%91{%22value%22:%22Company%22,%22checked%22:0,%22dragID%22:-1},{%22value%22:%22Physician%22,%22checked%22:0,%22dragID%22:0}%93&#8243; _builder_version=&#8221;4.27.4&#8243; hover_enabled=&#8221;0&#8243; global_colors_info=&#8221;{}&#8221; sticky_enabled=&#8221;0&#8243;][\/et_pb_contact_field][et_pb_contact_field _builder_version=&#8221;4.27.4&#8243; _module_preset=&#8221;default&#8221; field_id=&#8221;Paese&#8221; field_title=&#8221;Pa\u00eds&#8221; field_type=&#8221;select&#8221; select_options=&#8221;%91{%22value%22:%22Portugal%22,%22checked%22:0,%22dragID%22:-1},{%22value%22:%22Brasil%22,%22checked%22:0,%22dragID%22:0}%93&#8243; hover_enabled=&#8221;0&#8243; sticky_enabled=&#8221;0&#8243;][\/et_pb_contact_field][et_pb_contact_field field_id=&#8221;Nome&#8221; field_title=&#8221;Name&#8221; required_mark=&#8221;off&#8221; _builder_version=&#8221;4.16&#8243; global_colors_info=&#8221;{}&#8221; button_text_size__hover_enabled=&#8221;off&#8221; button_one_text_size__hover_enabled=&#8221;off&#8221; button_two_text_size__hover_enabled=&#8221;off&#8221; button_text_color__hover_enabled=&#8221;off&#8221; button_one_text_color__hover_enabled=&#8221;off&#8221; button_two_text_color__hover_enabled=&#8221;off&#8221; button_border_width__hover_enabled=&#8221;off&#8221; button_one_border_width__hover_enabled=&#8221;off&#8221; button_two_border_width__hover_enabled=&#8221;off&#8221; button_border_color__hover_enabled=&#8221;off&#8221; button_one_border_color__hover_enabled=&#8221;off&#8221; button_two_border_color__hover_enabled=&#8221;off&#8221; button_border_radius__hover_enabled=&#8221;off&#8221; button_one_border_radius__hover_enabled=&#8221;off&#8221; button_two_border_radius__hover_enabled=&#8221;off&#8221; button_letter_spacing__hover_enabled=&#8221;off&#8221; button_one_letter_spacing__hover_enabled=&#8221;off&#8221; button_two_letter_spacing__hover_enabled=&#8221;off&#8221; button_bg_color__hover_enabled=&#8221;off&#8221; button_one_bg_color__hover_enabled=&#8221;off&#8221; button_two_bg_color__hover_enabled=&#8221;off&#8221;][\/et_pb_contact_field][et_pb_contact_field field_id=&#8221;email&#8221; field_title=&#8221;E-mail&#8221; field_type=&#8221;email&#8221; _builder_version=&#8221;4.16&#8243; global_colors_info=&#8221;{}&#8221;][\/et_pb_contact_field][et_pb_contact_field field_id=&#8221;Messaggio&#8221; field_title=&#8221;Message&#8221; field_type=&#8221;text&#8221; required_mark=&#8221;off&#8221; fullwidth_field=&#8221;on&#8221; _builder_version=&#8221;4.16&#8243; global_colors_info=&#8221;{}&#8221; button_text_size__hover_enabled=&#8221;off&#8221; button_one_text_size__hover_enabled=&#8221;off&#8221; button_two_text_size__hover_enabled=&#8221;off&#8221; button_text_color__hover_enabled=&#8221;off&#8221; button_one_text_color__hover_enabled=&#8221;off&#8221; button_two_text_color__hover_enabled=&#8221;off&#8221; button_border_width__hover_enabled=&#8221;off&#8221; button_one_border_width__hover_enabled=&#8221;off&#8221; button_two_border_width__hover_enabled=&#8221;off&#8221; button_border_color__hover_enabled=&#8221;off&#8221; button_one_border_color__hover_enabled=&#8221;off&#8221; button_two_border_color__hover_enabled=&#8221;off&#8221; button_border_radius__hover_enabled=&#8221;off&#8221; button_one_border_radius__hover_enabled=&#8221;off&#8221; button_two_border_radius__hover_enabled=&#8221;off&#8221; button_letter_spacing__hover_enabled=&#8221;off&#8221; button_one_letter_spacing__hover_enabled=&#8221;off&#8221; button_two_letter_spacing__hover_enabled=&#8221;off&#8221; button_bg_color__hover_enabled=&#8221;off&#8221; button_one_bg_color__hover_enabled=&#8221;off&#8221; button_two_bg_color__hover_enabled=&#8221;off&#8221;][\/et_pb_contact_field][\/et_pb_contact_form][et_pb_text _builder_version=&#8221;4.16&#8243; link_text_color=&#8221;#0c71c3&#8243; custom_padding=&#8221;5%||||false|false&#8221; global_colors_info=&#8221;{}&#8221;]<\/p>\n<p style=\"text-align: center;\">By submitting the form, you accept the privacy policy. Click on the link to view the legislation<br \/><a href=\"https:\/\/www.biodermogenesi.com\/br\/privacy-policy\/\">INFORMATION FOR THE PROCESSING OF PERSONAL DATA<\/a><\/p>\n<p>[\/et_pb_text][\/et_pb_column][\/et_pb_row][\/et_pb_section][et_pb_section fb_built=&#8221;1&#8243; admin_label=&#8221;footer eng&#8221; _builder_version=&#8221;4.4.1&#8243; background_color=&#8221;#3088b3&#8243; custom_padding=&#8221;0px||0px|||&#8221; da_disable_devices=&#8221;off|off|off&#8221; global_module=&#8221;80&#8243; locked=&#8221;off&#8221; global_colors_info=&#8221;{}&#8221; da_is_popup=&#8221;off&#8221; da_exit_intent=&#8221;off&#8221; da_has_close=&#8221;on&#8221; da_alt_close=&#8221;off&#8221; da_dark_close=&#8221;off&#8221; da_not_modal=&#8221;on&#8221; da_is_singular=&#8221;off&#8221; da_with_loader=&#8221;off&#8221; da_has_shadow=&#8221;on&#8221;][et_pb_row column_structure=&#8221;1_4,1_4,1_4,1_4&#8243; _builder_version=&#8221;4.16&#8243; locked=&#8221;off&#8221; global_colors_info=&#8221;{}&#8221;][et_pb_column type=&#8221;1_4&#8243; _builder_version=&#8221;4.16&#8243; global_colors_info=&#8221;{}&#8221;][et_pb_image src=&#8221;https:\/\/www2.biodermogenesi.com\/uk\/wp-content\/uploads\/sites\/16\/2020\/06\/logo.png&#8221; _builder_version=&#8221;4.16&#8243; global_colors_info=&#8221;{}&#8221;][\/et_pb_image][et_pb_text _builder_version=&#8221;4.16&#8243; text_font=&#8221;|700|||||||&#8221; text_text_color=&#8221;#ffffff&#8221; text_font_size=&#8221;10px&#8221; link_font=&#8221;||||||||&#8221; link_text_color=&#8221;#ffffff&#8221; global_colors_info=&#8221;{}&#8221;]<\/p>\n<p><a href=\"https:\/\/www.biodermogenesi.com\/br\/legal-information\/\">INFORMA\u00c7\u00d5ES LEGAIS IMPORTANTES<\/a><br \/><a href=\"https:\/\/www.biodermogenesi.com\/br\/privacy-policy\/\">POL\u00cdTICA DE PRIVACIDADE<\/a><\/p>\n<p>[\/et_pb_text][\/et_pb_column][et_pb_column type=&#8221;1_4&#8243; _builder_version=&#8221;4.16&#8243; global_colors_info=&#8221;{}&#8221;][et_pb_text _builder_version=&#8221;4.16&#8243; text_text_color=&#8221;#ffffff&#8221; text_line_height=&#8221;1.3em&#8221; header_6_text_color=&#8221;#83bdd9&#8243; header_6_font_size=&#8221;16px&#8221; global_colors_info=&#8221;{}&#8221;]<\/p>\n<h6>info<\/h6>\n<p><strong>BIODERMOGENESI\u00ae<\/strong> \u00e9 uma marca registrada de propriedade da <strong>EXPO ITALIA s.r.l.<\/strong><\/p>\n<p>Floren\u00e7a (IT\u00c1LIA)<\/p>\n<p>[\/et_pb_text][\/et_pb_column][et_pb_column type=&#8221;1_4&#8243; _builder_version=&#8221;4.16&#8243; global_colors_info=&#8221;{}&#8221;][et_pb_text _builder_version=&#8221;4.16&#8243; text_text_color=&#8221;#ffffff&#8221; header_6_text_color=&#8221;#83bdd9&#8243; header_6_font_size=&#8221;16px&#8221; custom_margin=&#8221;||17px|||&#8221; global_colors_info=&#8221;{}&#8221;]<\/p>\n<h6>Contatos<\/h6>\n<p>E-mail infobr@biodermogenesi.com<\/p>\n<p>IVA 04697040485<\/p>\n<p>[\/et_pb_text][et_pb_image src=&#8221;https:\/\/www2.biodermogenesi.com\/uk\/wp-content\/uploads\/sites\/16\/2020\/06\/88&#215;31.png&#8221; _builder_version=&#8221;4.16&#8243; global_colors_info=&#8221;{}&#8221;][\/et_pb_image][\/et_pb_column][et_pb_column type=&#8221;1_4&#8243; _builder_version=&#8221;4.16&#8243; global_colors_info=&#8221;{}&#8221;][et_pb_text _builder_version=&#8221;4.16&#8243; text_text_color=&#8221;#ffffff&#8221; header_6_text_color=&#8221;#83bdd9&#8243; header_6_font_size=&#8221;16px&#8221; custom_margin=&#8221;||17px|||&#8221; global_colors_info=&#8221;{}&#8221;]<\/p>\n<h6>Siga-nos<\/h6>\n<p>[\/et_pb_text][et_pb_text _builder_version=&#8221;4.16&#8243; text_text_color=&#8221;#ffffff&#8221; global_colors_info=&#8221;{}&#8221;]<\/p>\n<div><a href=\"https:\/\/www.facebook.com\/Biodermogenesi-United-Kingdom-104182014404976\" target=\"_blank\" rel=\"noopener noreferrer\"><img loading=\"lazy\" decoding=\"async\" style=\"margin: 5px;\" src=\"https:\/\/www2.biodermogenesi.com\/wp-content\/uploads\/2020\/06\/social-facebook.png\" alt=\"Facebook\" width=\"30\" height=\"30\" \/><\/a><a href=\"https:\/\/www.youtube.com\/channel\/UCFSORtLN0rT3Wh17jYS0lhQ\" target=\"_blank\" rel=\"noopener noreferrer\"><img loading=\"lazy\" decoding=\"async\" style=\"margin: 5px;\" src=\"https:\/\/www2.biodermogenesi.com\/wp-content\/uploads\/2020\/06\/youtube-social.png\" alt=\"Facebook\" width=\"30\" height=\"30\" \/><\/a><a href=\"https:\/\/www.instagram.com\/biodermogenesiofficial\/?hl=it\" target=\"_blank\" rel=\"noopener noreferrer\"><img loading=\"lazy\" decoding=\"async\" style=\"margin: 5px;\" src=\"https:\/\/www2.biodermogenesi.com\/wp-content\/uploads\/2020\/06\/social-instagram.png\" alt=\"Youtube\" width=\"30\" height=\"30\" \/><\/a><\/div>\n<p>[\/et_pb_text][\/et_pb_column][\/et_pb_row][\/et_pb_section]<\/p>\n","protected":false},"excerpt":{"rendered":"<p>ATENDIMENTO AO CLIENTEBy submitting the form, you accept the privacy policy. Click on the link to view the legislationINFORMATION FOR THE PROCESSING OF PERSONAL DATAINFORMA\u00c7\u00d5ES LEGAIS IMPORTANTESPOL\u00cdTICA DE PRIVACIDADEinfo BIODERMOGENESI\u00ae \u00e9 uma marca registrada de propriedade da EXPO ITALIA s.r.l. Floren\u00e7a (IT\u00c1LIA)Contatos E-mail infobr@biodermogenesi.com IVA 04697040485Siga-nos<\/p>\n","protected":false},"author":3,"featured_media":0,"parent":0,"menu_order":0,"comment_status":"closed","ping_status":"closed","template":"","meta":{"_et_pb_use_builder":"on","_et_pb_old_content":"","_et_gb_content_width":"","footnotes":""},"class_list":["post-6","page","type-page","status-publish","hentry"],"_links":{"self":[{"href":"https:\/\/www.biodermogenesi.com\/br\/wp-json\/wp\/v2\/pages\/6","targetHints":{"allow":["GET"]}}],"collection":[{"href":"https:\/\/www.biodermogenesi.com\/br\/wp-json\/wp\/v2\/pages"}],"about":[{"href":"https:\/\/www.biodermogenesi.com\/br\/wp-json\/wp\/v2\/types\/page"}],"author":[{"embeddable":true,"href":"https:\/\/www.biodermogenesi.com\/br\/wp-json\/wp\/v2\/users\/3"}],"replies":[{"embeddable":true,"href":"https:\/\/www.biodermogenesi.com\/br\/wp-json\/wp\/v2\/comments?post=6"}],"version-history":[{"count":23,"href":"https:\/\/www.biodermogenesi.com\/br\/wp-json\/wp\/v2\/pages\/6\/revisions"}],"predecessor-version":[{"id":15005,"href":"https:\/\/www.biodermogenesi.com\/br\/wp-json\/wp\/v2\/pages\/6\/revisions\/15005"}],"wp:attachment":[{"href":"https:\/\/www.biodermogenesi.com\/br\/wp-json\/wp\/v2\/media?parent=6"}],"curies":[{"name":"wp","href":"https:\/\/api.w.org\/{rel}","templated":true}]}}