{"id":14651,"date":"2022-10-06T10:39:47","date_gmt":"2022-10-06T08:39:47","guid":{"rendered":"https:\/\/www.biodermogenesi.com\/br\/?page_id=14651"},"modified":"2022-12-07T11:54:10","modified_gmt":"2022-12-07T10:54:10","slug":"faq","status":"publish","type":"page","link":"https:\/\/www.biodermogenesi.com\/br\/faq\/","title":{"rendered":"faq"},"content":{"rendered":"<p>[et_pb_section fb_built=&#8221;1&#8243; disabled_on=&#8221;on|on|off&#8221; admin_label=&#8221;Intestazione&#8221; _builder_version=&#8221;4.6.1&#8243; _module_preset=&#8221;default&#8221; background_color=&#8221;#ffffff&#8221; use_background_color_gradient=&#8221;on&#8221; background_color_gradient_start=&#8221;rgba(218,228,232,0)&#8221; background_color_gradient_end=&#8221;#D6EBEF&#8221; background_color_gradient_type=&#8221;radial&#8221; background_color_gradient_direction_radial=&#8221;right&#8221; background_image=&#8221;https:\/\/www.biodermogenesi.com\/br\/wp-content\/uploads\/sites\/16\/2022\/10\/vita-nuova-pelle.png&#8221; background_size=&#8221;initial&#8221; background_position=&#8221;center_left&#8221; min_height=&#8221;464px&#8221; custom_margin=&#8221;|20px||20px|false|true&#8221; custom_padding=&#8221;7px||0px|||&#8221; da_disable_devices=&#8221;off|off|off&#8221; da_is_popup=&#8221;off&#8221; da_exit_intent=&#8221;off&#8221; da_has_close=&#8221;on&#8221; da_alt_close=&#8221;off&#8221; da_dark_close=&#8221;off&#8221; da_not_modal=&#8221;on&#8221; da_is_singular=&#8221;off&#8221; da_with_loader=&#8221;off&#8221; da_has_shadow=&#8221;on&#8221;][et_pb_row column_structure=&#8221;1_2,1_2&#8243; _builder_version=&#8221;4.6.1&#8243; _module_preset=&#8221;default&#8221; custom_padding=&#8221;27px|||||&#8221;][et_pb_column type=&#8221;1_2&#8243; _builder_version=&#8221;4.6.1&#8243; _module_preset=&#8221;default&#8221;][\/et_pb_column][et_pb_column type=&#8221;1_2&#8243; _builder_version=&#8221;4.6.1&#8243; _module_preset=&#8221;default&#8221;][et_pb_text _builder_version=&#8221;4.6.1&#8243; _module_preset=&#8221;default&#8221; header_font=&#8221;Exo 2|600||on|||||&#8221; header_text_color=&#8221;#575756&#8243; header_font_size=&#8221;56px&#8221; header_letter_spacing=&#8221;2px&#8221; header_line_height=&#8221;1.1em&#8221; hover_enabled=&#8221;0&#8243; sticky_enabled=&#8221;0&#8243;]<\/p>\n<h1>FAQ<\/h1>\n<p>[\/et_pb_text][et_pb_text _builder_version=&#8221;4.6.1&#8243; _module_preset=&#8221;default&#8221; header_font=&#8221;Exo 2|600||on|||||&#8221; header_text_color=&#8221;#575756&#8243; header_font_size=&#8221;46px&#8221; header_3_font=&#8221;Exo 2|300||on|||||&#8221; header_3_text_align=&#8221;left&#8221; header_3_text_color=&#8221;#575756&#8243; header_3_font_size=&#8221;20px&#8221; header_3_letter_spacing=&#8221;2px&#8221; header_3_line_height=&#8221;1.4em&#8221; hover_enabled=&#8221;0&#8243; sticky_enabled=&#8221;0&#8243;]<\/p>\n<h3>O \u00fanico tratamento para estrias com efic\u00e1cia e seguran\u00e7a validadas por <strong>estudos universit\u00e1rios<\/strong>.<\/h3>\n<p>[\/et_pb_text][et_pb_button button_url=&#8221;http:\/\/promo.biodermogenesi.com\/uk\/&#8221; button_text=&#8221;MARQUE UMA CONSULTA GRATU\u00cdTA&#8221; button_alignment=&#8221;left&#8221; _builder_version=&#8221;4.6.1&#8243; _module_preset=&#8221;default&#8221; custom_button=&#8221;on&#8221; button_font=&#8221;|600|||||||&#8221; custom_padding=&#8221;8px|46px|8px|46px|true|true&#8221; hover_enabled=&#8221;0&#8243; locked=&#8221;off&#8221; sticky_enabled=&#8221;0&#8243;][\/et_pb_button][\/et_pb_column][\/et_pb_row][\/et_pb_section][et_pb_section fb_built=&#8221;1&#8243; disabled_on=&#8221;off|off|on&#8221; admin_label=&#8221;Intestazione&#8221; _builder_version=&#8221;4.6.1&#8243; _module_preset=&#8221;default&#8221; background_color=&#8221;#ffffff&#8221; use_background_color_gradient=&#8221;on&#8221; background_color_gradient_start=&#8221;rgba(218,228,232,0)&#8221; background_color_gradient_end=&#8221;#D6EBEF&#8221; background_color_gradient_direction=&#8221;1deg&#8221; background_enable_image=&#8221;off&#8221; background_size=&#8221;initial&#8221; background_position=&#8221;center_left&#8221; min_height=&#8221;464px&#8221; custom_margin=&#8221;|0px||0px|false|true&#8221; custom_padding=&#8221;7px||0px|||&#8221; da_disable_devices=&#8221;off|off|off&#8221; da_is_popup=&#8221;off&#8221; da_exit_intent=&#8221;off&#8221; da_has_close=&#8221;on&#8221; da_alt_close=&#8221;off&#8221; da_dark_close=&#8221;off&#8221; da_not_modal=&#8221;on&#8221; da_is_singular=&#8221;off&#8221; da_with_loader=&#8221;off&#8221; da_has_shadow=&#8221;on&#8221;][et_pb_row _builder_version=&#8221;4.6.1&#8243; _module_preset=&#8221;default&#8221; width=&#8221;100%&#8221; custom_padding=&#8221;27px|||||&#8221;][et_pb_column type=&#8221;4_4&#8243; _builder_version=&#8221;4.6.1&#8243; _module_preset=&#8221;default&#8221;][et_pb_text _builder_version=&#8221;4.6.1&#8243; _module_preset=&#8221;default&#8221; header_font=&#8221;Exo 2|600||on|||||&#8221; header_text_align=&#8221;left&#8221; header_text_color=&#8221;#575756&#8243; header_font_size=&#8221;37px&#8221; header_letter_spacing=&#8221;2px&#8221; header_line_height=&#8221;1.1em&#8221; custom_padding=&#8221;|||32px|false|false&#8221; hover_enabled=&#8221;0&#8243; sticky_enabled=&#8221;0&#8243;]<\/p>\n<h1>FAQ<\/h1>\n<p>[\/et_pb_text][et_pb_text _builder_version=&#8221;4.6.1&#8243; _module_preset=&#8221;default&#8221; header_font=&#8221;Exo 2|600||on|||||&#8221; header_text_color=&#8221;#575756&#8243; header_font_size=&#8221;46px&#8221; header_3_font=&#8221;Exo 2|300||on|||||&#8221; header_3_text_align=&#8221;left&#8221; header_3_text_color=&#8221;#575756&#8243; header_3_font_size=&#8221;17px&#8221; header_3_letter_spacing=&#8221;2px&#8221; header_3_line_height=&#8221;1.4em&#8221; custom_padding=&#8221;|36px||36px|false|true&#8221; hover_enabled=&#8221;0&#8243; sticky_enabled=&#8221;0&#8243;]<\/p>\n<h3>O \u00fanico tratamento para estrias com efic\u00e1cia e seguran\u00e7a validadas por<strong> estudos universit\u00e1rios<\/strong>.<\/h3>\n<p>[\/et_pb_text][et_pb_image src=&#8221;https:\/\/www.biodermogenesi.com\/br\/wp-content\/uploads\/sites\/16\/2022\/10\/vita-nuova-pelle.png&#8221; title_text=&#8221;vita-nuova-pelle&#8221; align=&#8221;center&#8221; force_fullwidth=&#8221;on&#8221; _builder_version=&#8221;4.6.1&#8243; _module_preset=&#8221;default&#8221;][\/et_pb_image][et_pb_button button_text=&#8221;MARQUE UMA CONSULTA GRATU\u00cdTA&#8221; button_alignment=&#8221;center&#8221; _builder_version=&#8221;4.6.1&#8243; _module_preset=&#8221;default&#8221; custom_button=&#8221;on&#8221; button_font=&#8221;|600|||||||&#8221; custom_padding=&#8221;8px|46px|8px|46px|true|true&#8221; hover_enabled=&#8221;0&#8243; locked=&#8221;off&#8221; sticky_enabled=&#8221;0&#8243;][\/et_pb_button][\/et_pb_column][\/et_pb_row][\/et_pb_section][et_pb_section fb_built=&#8221;1&#8243; admin_label=&#8221;Intestazione&#8221; _builder_version=&#8221;4.6.1&#8243; _module_preset=&#8221;default&#8221; background_color=&#8221;#ffffff&#8221; custom_margin=&#8221;|20px||20px|false|true&#8221; custom_padding=&#8221;7px||5px|||&#8221; da_disable_devices=&#8221;off|off|off&#8221; da_is_popup=&#8221;off&#8221; da_exit_intent=&#8221;off&#8221; da_has_close=&#8221;on&#8221; da_alt_close=&#8221;off&#8221; da_dark_close=&#8221;off&#8221; da_not_modal=&#8221;on&#8221; da_is_singular=&#8221;off&#8221; da_with_loader=&#8221;off&#8221; da_has_shadow=&#8221;on&#8221;][et_pb_row _builder_version=&#8221;4.6.1&#8243; _module_preset=&#8221;default&#8221;][et_pb_column type=&#8221;4_4&#8243; _builder_version=&#8221;4.6.1&#8243; _module_preset=&#8221;default&#8221;][et_pb_text _builder_version=&#8221;4.6.1&#8243; _module_preset=&#8221;default&#8221; header_font=&#8221;|||on|||||&#8221; header_text_align=&#8221;center&#8221; header_text_color=&#8221;#575756&#8243; header_font_size=&#8221;32px&#8221; custom_margin=&#8221;||15px|||&#8221;]<\/p>\n<h1>Frequently Asked Questions<\/h1>\n<p>[\/et_pb_text][et_pb_divider color=&#8221;#3088B3&#8243; divider_weight=&#8221;6px&#8221; _builder_version=&#8221;4.6.1&#8243; _module_preset=&#8221;default&#8221; width=&#8221;100px&#8221; module_alignment=&#8221;center&#8221; custom_margin=&#8221;||0px||false|false&#8221; custom_padding=&#8221;||0px||false|false&#8221;][\/et_pb_divider][\/et_pb_column][\/et_pb_row][et_pb_row use_custom_gutter=&#8221;on&#8221; _builder_version=&#8221;4.6.1&#8243; _module_preset=&#8221;default&#8221; width=&#8221;70%&#8221; width_tablet=&#8221;90%&#8221; width_phone=&#8221;90%&#8221; width_last_edited=&#8221;on|desktop&#8221; max_width=&#8221;70%&#8221; max_width_tablet=&#8221;90%&#8221; max_width_phone=&#8221;&#8221; max_width_last_edited=&#8221;on|tablet&#8221; custom_margin=&#8221;|auto|8px|auto|false|false&#8221; custom_padding=&#8221;||29px||false|false&#8221;][et_pb_column type=&#8221;4_4&#8243; _builder_version=&#8221;4.6.1&#8243; _module_preset=&#8221;default&#8221;][et_pb_accordion open_toggle_text_color=&#8221;#3088B3&#8243; icon_color=&#8221;#3088B3&#8243; _builder_version=&#8221;4.6.1&#8243; _module_preset=&#8221;default&#8221; toggle_font=&#8221;|700||on|||||&#8221; custom_margin=&#8221;||||false|false&#8221; custom_padding=&#8221;||||false|false&#8221; hover_enabled=&#8221;0&#8243; custom_css_toggle=&#8221;margin-bottom: 5px !important;&#8221; sticky_enabled=&#8221;0&#8243;][et_pb_accordion_item title=&#8221;QUEM DEMONSTROU A EFIC\u00c1CIA DO BIODERMOGENESI\u00ae?&#8221; open=&#8221;on&#8221; _builder_version=&#8221;4.6.1&#8243; _module_preset=&#8221;default&#8221; hover_enabled=&#8221;0&#8243; sticky_enabled=&#8221;0&#8243;]<\/p>\n<p>A efic\u00e1cia do Biodermogenesi\u00ae \u00e9 demonstrada por estudos cient\u00edficos realizados em mais de 1.250 pacientes, alguns dos quais realizados com a colabora\u00e7\u00e3o das Universidades de Pisa, Pavia e Verona.<\/p>\n<p>[\/et_pb_accordion_item][et_pb_accordion_item title=&#8221;QUANTOS DOS PACIENTES TRATADOS NOS ESTUDOS CIENT\u00cdFICOS TIVERAM MELHORA?&#8221; _builder_version=&#8221;4.6.1&#8243; _module_preset=&#8221;default&#8221; hover_enabled=&#8221;0&#8243; open=&#8221;off&#8221; sticky_enabled=&#8221;0&#8243;]<\/p>\n<p>Todos os pacientes tratados apresentaram uma melhora, poucos de forma marginal, enquanto 83% disseram estar muito ou extremamente satisfeitos.<\/p>\n<p>[\/et_pb_accordion_item][et_pb_accordion_item title=&#8221;QUAIS S\u00c3O OS RISCOS E EFEITOS COLATERAIS QUE VOC\u00ca PODE TER COMO CONSEQU\u00caNCIA DO TRATAMENTO BIODERMOGENESI\u00ae?&#8221; _builder_version=&#8221;4.6.1&#8243; _module_preset=&#8221;default&#8221; hover_enabled=&#8221;0&#8243; open=&#8221;off&#8221; sticky_enabled=&#8221;0&#8243;]<\/p>\n<p>Todos os estudos cient\u00edficos e a pr\u00e1tica di\u00e1ria de centenas de m\u00e9dicos que usam Biodermogenesi\u00ae na It\u00e1lia e no exterior mostram que n\u00e3o h\u00e1 riscos de efeitos colaterais relacionados aos tratamentos.<\/p>\n<p>[\/et_pb_accordion_item][et_pb_accordion_item title=&#8221;QUAL A EFIC\u00c1CIA DO BIODERMOGENESI\u00ae NO TRATAMENTO DE ESTRIAS?&#8221; _builder_version=&#8221;4.6.1&#8243; _module_preset=&#8221;default&#8221; hover_enabled=&#8221;0&#8243; open=&#8221;off&#8221; sticky_enabled=&#8221;0&#8243;]<\/p>\n<p>Biodermogenesi\u00ae demonstrou ser capaz de regenerar estrias de qualquer tipo, idade, parte do corpo e relev\u00e2ncia. As estrias s\u00e3o preenchidas e se bronzeiam como a pele saud\u00e1vel circundante.<\/p>\n<p>[\/et_pb_accordion_item][et_pb_accordion_item title=&#8221;\u00c9 EFICAZ NAS ESTRIAS BRANCAS E ANTIGAS?&#8221; _builder_version=&#8221;4.6.1&#8243; _module_preset=&#8221;default&#8221; hover_enabled=&#8221;0&#8243; open=&#8221;off&#8221; sticky_enabled=&#8221;0&#8243;]<\/p>\n<p>Absolutamente sim, ser\u00e3o necess\u00e1rias mais sess\u00f5es do que com estrias vermelhas, mas a regenera\u00e7\u00e3o ainda \u00e9 alcan\u00e7ada mesmo em estrias com mais de 30 anos.<\/p>\n<p>[\/et_pb_accordion_item][et_pb_accordion_item title=&#8221;QUANTO AS ESTRIAS TRATADAS COM BIODERMOGENESI\u00ae S\u00c3O PREENCHIDAS?&#8221; _builder_version=&#8221;4.6.1&#8243; _module_preset=&#8221;default&#8221; hover_enabled=&#8221;0&#8243; open=&#8221;off&#8221; sticky_enabled=&#8221;0&#8243;]<\/p>\n<p>Um estudo da Escola de Dermatologia da Universidade de Pisa mostrou que as estrias brancas se enchem em m\u00e9dia 82% gra\u00e7as \u00e0 multiplica\u00e7\u00e3o de novas fibras de col\u00e1geno e elastina.<\/p>\n<p>[\/et_pb_accordion_item][et_pb_accordion_item title=&#8221;POR QUE AS ESTRIAS TRATADAS COM BIODERMOGENESI\u00ae SE BRONZEAM?&#8221; _builder_version=&#8221;4.6.1&#8243; _module_preset=&#8221;default&#8221; hover_enabled=&#8221;0&#8243; open=&#8221;off&#8221; sticky_enabled=&#8221;0&#8243;]<\/p>\n<p>As dezenas de bi\u00f3psias realizadas em estudos com o Biodermogenesi\u00ae mostram que as camadas da pele s\u00e3o reorganizadas e como parte dessa reestrutura\u00e7\u00e3o \u00e9 recuperada a atividade correta dos melan\u00f3citos; a exposi\u00e7\u00e3o solar favorece a produ\u00e7\u00e3o de melanina permitindo o bronzeamento. Biodermogenesi\u00ae \u00e9 o \u00fanico tratamento para estrias que produziu bi\u00f3psias que demonstram a presen\u00e7a de melan\u00f3citos.<\/p>\n<p>[\/et_pb_accordion_item][et_pb_accordion_item title=&#8221;COMO AS ESTRIAS SE BRONZEAM?&#8221; _builder_version=&#8221;4.6.1&#8243; _module_preset=&#8221;default&#8221; hover_enabled=&#8221;0&#8243; open=&#8221;off&#8221; sticky_enabled=&#8221;0&#8243;]<\/p>\n<p>As estrias tratadas com Biodermogenesi\u00ae reagem \u00e0 exposi\u00e7\u00e3o ao ultravioleta, natural ou artificial, com a produ\u00e7\u00e3o de melanina que provoca o bronzeamento das estrias. Ap\u00f3s os tratamentos com Biodermogenesi\u00ae, as estrias s\u00e3o como a pele de um beb\u00ea na primeira exposi\u00e7\u00e3o ao sol, por isso precisa de prote\u00e7\u00e3o adequada e reagir\u00e1 mais lentamente do que o tecido circundante. Ap\u00f3s a perda do primeiro bronzeado e com a exposi\u00e7\u00e3o subsequente, as estrias ir\u00e3o bronzear de forma semelhante \u00e0 pele adjacente. A partir deste momento, a pele saud\u00e1vel e as estrias ter\u00e3o uma cor semelhante.<\/p>\n<p>[\/et_pb_accordion_item][et_pb_accordion_item title=&#8221;QUANTAS SESS\u00d5ES S\u00c3O NECESS\u00c1RIAS PARA O TRATAMENTO DE ESTRIAS E COM QUE FREQU\u00caNCIA DEVEM SER REALIZADAS?&#8221; _builder_version=&#8221;4.6.1&#8243; _module_preset=&#8221;default&#8221; hover_enabled=&#8221;0&#8243; open=&#8221;off&#8221; sticky_enabled=&#8221;0&#8243;]<\/p>\n<p>Para a regenera\u00e7\u00e3o de estrias s\u00e3o necess\u00e1rias entre 6 a 9 sess\u00f5es, raramente 12 para estrias complexas ou estrias em que outras terapias diferentes do Biodermogenesi\u00ae foram tentadas anteriormente. Os tratamentos s\u00e3o realizados uma ou duas vezes por semana, com intervalo m\u00ednimo de 72 horas.<\/p>\n<p>[\/et_pb_accordion_item][et_pb_accordion_item title=&#8221;BIODERMOGENESI\u00ae FUNCIONA EM QUALQUER TIPO DE CICATRIZES E QUELOIDES?&#8221; _builder_version=&#8221;4.6.1&#8243; _module_preset=&#8221;default&#8221; hover_enabled=&#8221;0&#8243; open=&#8221;off&#8221; sticky_enabled=&#8221;0&#8243;]<\/p>\n<p>A terapia permite obter resultados est\u00e9ticos importantes em cicatrizes hipotr\u00f3ficas e hipertr\u00f3ficas e em queloides n\u00e3o severos. Os resultados s\u00e3o obtidos independentemente das causas, que podem ser devido a sequelas f\u00edsicas de cirurgias, abras\u00f5es, cicatrizes de acne, traumas, queimaduras e queimaduras qu\u00edmicas.<\/p>\n<p>[\/et_pb_accordion_item][et_pb_accordion_item title=&#8221;QUE RESULTADOS EST\u00c9TICOS PODEM SER OBTIDOS NO TRATAMENTO DE CICATRIZES?&#8221; _builder_version=&#8221;4.6.1&#8243; _module_preset=&#8221;default&#8221; hover_enabled=&#8221;0&#8243; open=&#8221;off&#8221; sticky_enabled=&#8221;0&#8243;]<\/p>\n<p>Ap\u00f3s os tratamentos com o Biodermogenesi\u00ae, as cicatrizes tendem a nivelar-se com a pele saud\u00e1vel circundante, a recuperar a elasticidade e a hidrata\u00e7\u00e3o e ainda atenuar a diferen\u00e7a crom\u00e1tica.<\/p>\n<p>[\/et_pb_accordion_item][et_pb_accordion_item title=&#8221;FUNCIONA EM CICATRIZES DE ACNE?&#8221; _builder_version=&#8221;4.6.1&#8243; _module_preset=&#8221;default&#8221; hover_enabled=&#8221;0&#8243; open=&#8221;off&#8221; sticky_enabled=&#8221;0&#8243;]<\/p>\n<p>Biodermogenesi\u00ae tamb\u00e9m permite a regenera\u00e7\u00e3o de cicatrizes de acne, tanto no rosto, nas costas e em outras partes do corpo.<\/p>\n<p>[\/et_pb_accordion_item][et_pb_accordion_item title=&#8221;O BIODERMOGENESI\u00ae TRABALHA EM CICATRIZES TAMB\u00c9M DO PONTO DE VISTA ESTRUTURAL?&#8221; _builder_version=&#8221;4.6.1&#8243; _module_preset=&#8221;default&#8221; hover_enabled=&#8221;0&#8243; open=&#8221;off&#8221; sticky_enabled=&#8221;0&#8243;]<\/p>\n<p>Estudos demonstraram que o Biodermogenesi\u00ae pode ajudar a recuperar melhor motilidade e extens\u00e3o no caso de cicatrizes retrativas, enquanto em cicatrizes caracterizadas por fibrose significativa, e por consequ\u00eancia dor, permite uma redu\u00e7\u00e3o da fibrose e tamb\u00e9m uma atenua\u00e7\u00e3o da dor.<\/p>\n<p>[\/et_pb_accordion_item][et_pb_accordion_item title=&#8221;QUANTAS SESS\u00d5ES PRECISAM PARA O TRATAMENTO DE CICATRIZES?&#8221; _builder_version=&#8221;4.6.1&#8243; _module_preset=&#8221;default&#8221; hover_enabled=&#8221;0&#8243; open=&#8221;off&#8221; sticky_enabled=&#8221;0&#8243;]<\/p>\n<p>Cada cicatriz \u00e9 \u00fanica em suas caracter\u00edsticas; portanto, \u00e9 dif\u00edcil prever um determinado programa de tratamento. A experi\u00eancia adquirida demonstrou que todos os pacientes tratados obtiveram uma melhora est\u00e9tica e funcional das cicatrizes gra\u00e7as a um programa de tratamento que pode variar de 4 a 10 sess\u00f5es. De qualquer forma, para o tratamento de cicatrizes, o m\u00e9dico avaliar\u00e1 a via terap\u00eautica com base na consulta inicial do hist\u00f3rico m\u00e9dico e no resultado da primeira sess\u00e3o.<\/p>\n<p>[\/et_pb_accordion_item][et_pb_accordion_item title=&#8221;QUE RESULTADOS VOC\u00ca ATINGE COM O TRATAMENTO DE ANTI-AGING BIODERMOGENESI\u00ae?&#8221; _builder_version=&#8221;4.6.1&#8243; _module_preset=&#8221;default&#8221; hover_enabled=&#8221;0&#8243; open=&#8221;off&#8221; sticky_enabled=&#8221;0&#8243;]<\/p>\n<p>Tamb\u00e9m neste caso, obt\u00e9m-se uma verdadeira regenera\u00e7\u00e3o da pele, atenuam-se as rugas, a pele \u00e9 hidratada e torna-se mais brilhante e t\u00fargida, as fei\u00e7\u00f5es s\u00e3o levantadas.<\/p>\n<p>[\/et_pb_accordion_item][et_pb_accordion_item title=&#8221;H\u00c1 LIMITES DE IDADE PARA OS TRATAMENTOS?&#8221; _builder_version=&#8221;4.6.1&#8243; _module_preset=&#8221;default&#8221; hover_enabled=&#8221;0&#8243; open=&#8221;off&#8221; sticky_enabled=&#8221;0&#8243;]<\/p>\n<p>N\u00e3o, a melhora da pele e a atenua\u00e7\u00e3o das rugas tamb\u00e9m foram alcan\u00e7adas em pacientes com mais de oitenta anos.<\/p>\n<p>[\/et_pb_accordion_item][et_pb_accordion_item title=&#8221;TAMB\u00c9M FUNCIONA NO PESCO\u00c7O?&#8221; _builder_version=&#8221;4.6.1&#8243; _module_preset=&#8221;default&#8221; hover_enabled=&#8221;0&#8243; open=&#8221;off&#8221; sticky_enabled=&#8221;0&#8243;]<\/p>\n<p>Absolutamente sim, o pesco\u00e7o fica mais compacto e firme, e as rugas s\u00e3o reduzidas.<\/p>\n<p>[\/et_pb_accordion_item][et_pb_accordion_item title=&#8221;EXISTEM ESTUDOS CL\u00cdNICOS QUE MOSTRAM A EFIC\u00c1CIA DO BIODERMOGENESI\u00ae NO TRATAMENTO DE ANTI-AGING?&#8221; _builder_version=&#8221;4.6.1&#8243; _module_preset=&#8221;default&#8221; hover_enabled=&#8221;0&#8243; open=&#8221;off&#8221; sticky_enabled=&#8221;0&#8243;]<\/p>\n<p>Um estudo realizado em 217 pacientes com idade entre 40 e 81 anos, mulheres e homens, demonstrou importante melhora est\u00e9tica da pele dos pacientes. Al\u00e9m disso, os pacientes afirmaram estar extremamente satisfeitos com os resultados obtidos. A an\u00e1lise instrumental mostrou um aumento de 35% na hidrata\u00e7\u00e3o da pele e uma normaliza\u00e7\u00e3o do sebo e do pH.<\/p>\n<p>[\/et_pb_accordion_item][et_pb_accordion_item title=&#8221;QUANTAS SESS\u00d5ES PRECISAM PARA TRATAMENTO ANTI-AGING NO ROSTO E PESCO\u00c7O?&#8221; _builder_version=&#8221;4.6.1&#8243; _module_preset=&#8221;default&#8221; hover_enabled=&#8221;0&#8243; open=&#8221;off&#8221; sticky_enabled=&#8221;0&#8243;]<\/p>\n<p>S\u00e3o necess\u00e1rias entre 4 e 6 sess\u00f5es para obter uma importante a\u00e7\u00e3o rejuvenescedora da pele do rosto e pesco\u00e7o. As sess\u00f5es devem ser espa\u00e7adas por uma semana cada.<\/p>\n<p>[\/et_pb_accordion_item][\/et_pb_accordion][\/et_pb_column][\/et_pb_row][\/et_pb_section][et_pb_section fb_built=&#8221;1&#8243; admin_label=&#8221;footer eng&#8221; _builder_version=&#8221;4.4.1&#8243; background_color=&#8221;#3088b3&#8243; custom_padding=&#8221;0px||0px|||&#8221; da_disable_devices=&#8221;off|off|off&#8221; global_module=&#8221;80&#8243; locked=&#8221;off&#8221; da_is_popup=&#8221;off&#8221; da_exit_intent=&#8221;off&#8221; da_has_close=&#8221;on&#8221; da_alt_close=&#8221;off&#8221; da_dark_close=&#8221;off&#8221; da_not_modal=&#8221;on&#8221; da_is_singular=&#8221;off&#8221; da_with_loader=&#8221;off&#8221; da_has_shadow=&#8221;on&#8221;][et_pb_row column_structure=&#8221;1_4,1_4,1_4,1_4&#8243; _builder_version=&#8221;4.0.6&#8243; locked=&#8221;off&#8221;][et_pb_column type=&#8221;1_4&#8243; _builder_version=&#8221;4.0.6&#8243;][et_pb_image src=&#8221;https:\/\/www2.biodermogenesi.com\/uk\/wp-content\/uploads\/sites\/16\/2020\/06\/logo.png&#8221; _builder_version=&#8221;4.0.6&#8243;][\/et_pb_image][et_pb_text _builder_version=&#8221;4.6.1&#8243; text_font=&#8221;|700|||||||&#8221; text_text_color=&#8221;#ffffff&#8221; text_font_size=&#8221;10px&#8221; link_font=&#8221;||||||||&#8221; link_text_color=&#8221;#ffffff&#8221;]<\/p>\n<p><a href=\"https:\/\/www.biodermogenesi.com\/br\/legal-information\/\">INFORMA\u00c7\u00d5ES LEGAIS IMPORTANTES<\/a><br \/><a href=\"https:\/\/www.biodermogenesi.com\/br\/privacy-policy\/\">POL\u00cdTICA DE PRIVACIDADE<\/a><\/p>\n<p>[\/et_pb_text][\/et_pb_column][et_pb_column type=&#8221;1_4&#8243; _builder_version=&#8221;4.0.6&#8243;][et_pb_text _builder_version=&#8221;4.6.1&#8243; text_text_color=&#8221;#ffffff&#8221; text_line_height=&#8221;1.3em&#8221; header_6_text_color=&#8221;#83bdd9&#8243; header_6_font_size=&#8221;16px&#8221;]<\/p>\n<h6>info<\/h6>\n<p><strong>BIODERMOGENESI\u00ae<\/strong> \u00e9 uma marca registrada de propriedade da <strong>EXPO ITALIA s.r.l.<\/strong><\/p>\n<p>Floren\u00e7a (IT\u00c1LIA)<\/p>\n<p>[\/et_pb_text][\/et_pb_column][et_pb_column type=&#8221;1_4&#8243; _builder_version=&#8221;4.0.6&#8243;][et_pb_text _builder_version=&#8221;4.6.1&#8243; text_text_color=&#8221;#ffffff&#8221; header_6_text_color=&#8221;#83bdd9&#8243; header_6_font_size=&#8221;16px&#8221; custom_margin=&#8221;||17px|||&#8221;]<\/p>\n<h6>Contatos<\/h6>\n<p>E-mail infobr@biodermogenesi.com<\/p>\n<p>IVA 04697040485<\/p>\n<p>[\/et_pb_text][et_pb_image src=&#8221;https:\/\/www2.biodermogenesi.com\/uk\/wp-content\/uploads\/sites\/16\/2020\/06\/88&#215;31.png&#8221; _builder_version=&#8221;4.0.6&#8243;][\/et_pb_image][\/et_pb_column][et_pb_column type=&#8221;1_4&#8243; _builder_version=&#8221;4.0.6&#8243;][et_pb_text _builder_version=&#8221;4.6.1&#8243; text_text_color=&#8221;#ffffff&#8221; header_6_text_color=&#8221;#83bdd9&#8243; header_6_font_size=&#8221;16px&#8221; custom_margin=&#8221;||17px|||&#8221;]<\/p>\n<h6>Siga-nos<\/h6>\n<p>[\/et_pb_text][et_pb_text _builder_version=&#8221;4.6.1&#8243; text_text_color=&#8221;#ffffff&#8221;]<\/p>\n<div><a href=\"https:\/\/www.facebook.com\/Biodermogenesi-United-Kingdom-104182014404976\" target=\"_blank\" rel=\"noopener noreferrer\"><img loading=\"lazy\" decoding=\"async\" style=\"margin: 5px;\" src=\"https:\/\/www2.biodermogenesi.com\/wp-content\/uploads\/2020\/06\/social-facebook.png\" alt=\"Facebook\" width=\"30\" height=\"30\" \/><\/a><a href=\"https:\/\/www.youtube.com\/channel\/UCFSORtLN0rT3Wh17jYS0lhQ\" target=\"_blank\" rel=\"noopener noreferrer\"><img loading=\"lazy\" decoding=\"async\" style=\"margin: 5px;\" src=\"https:\/\/www2.biodermogenesi.com\/wp-content\/uploads\/2020\/06\/youtube-social.png\" alt=\"Facebook\" width=\"30\" height=\"30\" \/><\/a><a href=\"https:\/\/www.instagram.com\/biodermogenesiofficial\/?hl=it\" target=\"_blank\" rel=\"noopener noreferrer\"><img loading=\"lazy\" decoding=\"async\" style=\"margin: 5px;\" src=\"https:\/\/www2.biodermogenesi.com\/wp-content\/uploads\/2020\/06\/social-instagram.png\" alt=\"Youtube\" width=\"30\" height=\"30\" \/><\/a><\/div>\n<p>[\/et_pb_text][\/et_pb_column][\/et_pb_row][\/et_pb_section]<\/p>\n","protected":false},"excerpt":{"rendered":"<p>FAQ O \u00fanico tratamento para estrias com efic\u00e1cia e seguran\u00e7a validadas por estudos universit\u00e1rios. FAQ O \u00fanico tratamento para estrias com efic\u00e1cia e seguran\u00e7a validadas por estudos universit\u00e1rios. Frequently Asked QuestionsA efic\u00e1cia do Biodermogenesi\u00ae \u00e9 demonstrada por estudos cient\u00edficos realizados em mais de 1.250 pacientes, alguns dos quais realizados com a colabora\u00e7\u00e3o das Universidades de [&hellip;]<\/p>\n","protected":false},"author":1,"featured_media":0,"parent":0,"menu_order":0,"comment_status":"closed","ping_status":"closed","template":"","meta":{"_et_pb_use_builder":"on","_et_pb_old_content":"","_et_gb_content_width":"","footnotes":""},"class_list":["post-14651","page","type-page","status-publish","hentry"],"_links":{"self":[{"href":"https:\/\/www.biodermogenesi.com\/br\/wp-json\/wp\/v2\/pages\/14651","targetHints":{"allow":["GET"]}}],"collection":[{"href":"https:\/\/www.biodermogenesi.com\/br\/wp-json\/wp\/v2\/pages"}],"about":[{"href":"https:\/\/www.biodermogenesi.com\/br\/wp-json\/wp\/v2\/types\/page"}],"author":[{"embeddable":true,"href":"https:\/\/www.biodermogenesi.com\/br\/wp-json\/wp\/v2\/users\/1"}],"replies":[{"embeddable":true,"href":"https:\/\/www.biodermogenesi.com\/br\/wp-json\/wp\/v2\/comments?post=14651"}],"version-history":[{"count":9,"href":"https:\/\/www.biodermogenesi.com\/br\/wp-json\/wp\/v2\/pages\/14651\/revisions"}],"predecessor-version":[{"id":14891,"href":"https:\/\/www.biodermogenesi.com\/br\/wp-json\/wp\/v2\/pages\/14651\/revisions\/14891"}],"wp:attachment":[{"href":"https:\/\/www.biodermogenesi.com\/br\/wp-json\/wp\/v2\/media?parent=14651"}],"curies":[{"name":"wp","href":"https:\/\/api.w.org\/{rel}","templated":true}]}}