{"id":14651,"date":"2022-10-06T10:39:47","date_gmt":"2022-10-06T08:39:47","guid":{"rendered":"https:\/\/www.biodermogenesi.com\/be\/?page_id=14651"},"modified":"2023-01-23T11:15:10","modified_gmt":"2023-01-23T10:15:10","slug":"faq","status":"publish","type":"page","link":"https:\/\/www.biodermogenesi.com\/be\/faq\/","title":{"rendered":"faq"},"content":{"rendered":"<p>[et_pb_section fb_built=&#8221;1&#8243; disabled_on=&#8221;on|on|off&#8221; admin_label=&#8221;Intestazione&#8221; _builder_version=&#8221;4.6.1&#8243; _module_preset=&#8221;default&#8221; background_color=&#8221;#ffffff&#8221; use_background_color_gradient=&#8221;on&#8221; background_color_gradient_start=&#8221;rgba(218,228,232,0)&#8221; background_color_gradient_end=&#8221;#D6EBEF&#8221; background_color_gradient_type=&#8221;radial&#8221; background_color_gradient_direction_radial=&#8221;right&#8221; background_image=&#8221;https:\/\/www.biodermogenesi.com\/be\/wp-content\/uploads\/sites\/20\/2022\/10\/vita-nuova-pelle.png&#8221; background_size=&#8221;initial&#8221; background_position=&#8221;center_left&#8221; min_height=&#8221;464px&#8221; custom_margin=&#8221;|20px||20px|false|true&#8221; custom_padding=&#8221;7px||0px|||&#8221; da_disable_devices=&#8221;off|off|off&#8221; da_is_popup=&#8221;off&#8221; da_exit_intent=&#8221;off&#8221; da_has_close=&#8221;on&#8221; da_alt_close=&#8221;off&#8221; da_dark_close=&#8221;off&#8221; da_not_modal=&#8221;on&#8221; da_is_singular=&#8221;off&#8221; da_with_loader=&#8221;off&#8221; da_has_shadow=&#8221;on&#8221;][et_pb_row column_structure=&#8221;1_2,1_2&#8243; _builder_version=&#8221;4.6.1&#8243; _module_preset=&#8221;default&#8221; custom_padding=&#8221;27px|||||&#8221;][et_pb_column type=&#8221;1_2&#8243; _builder_version=&#8221;4.6.1&#8243; _module_preset=&#8221;default&#8221;][\/et_pb_column][et_pb_column type=&#8221;1_2&#8243; _builder_version=&#8221;4.6.1&#8243; _module_preset=&#8221;default&#8221;][et_pb_text _builder_version=&#8221;4.6.1&#8243; _module_preset=&#8221;default&#8221; header_font=&#8221;Exo 2|600||on|||||&#8221; header_text_color=&#8221;#575756&#8243; header_font_size=&#8221;56px&#8221; header_letter_spacing=&#8221;2px&#8221; header_line_height=&#8221;1.1em&#8221;]<\/p>\n<h1>FAq<\/h1>\n<p>[\/et_pb_text][et_pb_text _builder_version=&#8221;4.6.1&#8243; _module_preset=&#8221;default&#8221; header_font=&#8221;Exo 2|600||on|||||&#8221; header_text_color=&#8221;#575756&#8243; header_font_size=&#8221;46px&#8221; header_3_font=&#8221;Exo 2|300||on|||||&#8221; header_3_text_align=&#8221;left&#8221; header_3_text_color=&#8221;#575756&#8243; header_3_font_size=&#8221;20px&#8221; header_3_letter_spacing=&#8221;2px&#8221; header_3_line_height=&#8221;1.4em&#8221;]<\/p>\n<h3>La seule th\u00e9rapie contre les vergetures dont l&#8217;efficacit\u00e9 et la s\u00e9curit\u00e9 ont \u00e9t\u00e9 valid\u00e9es par des <strong>\u00e9tudes universitaires<\/strong>.<\/h3>\n<p>[\/et_pb_text][et_pb_button button_url=&#8221;http:\/\/promo.biodermogenesi.com\/uk\/&#8221; button_text=&#8221;R\u00c9SERVER UNE CONSULTATION GRATUITE&#8221; button_alignment=&#8221;left&#8221; _builder_version=&#8221;4.6.1&#8243; _module_preset=&#8221;default&#8221; custom_button=&#8221;on&#8221; button_font=&#8221;|600|||||||&#8221; custom_padding=&#8221;8px|46px|8px|46px|true|true&#8221; locked=&#8221;off&#8221; disabled_on=&#8221;on|on|on&#8221; disabled=&#8221;on&#8221;][\/et_pb_button][\/et_pb_column][\/et_pb_row][\/et_pb_section][et_pb_section fb_built=&#8221;1&#8243; disabled_on=&#8221;off|off|on&#8221; admin_label=&#8221;Intestazione&#8221; _builder_version=&#8221;4.6.1&#8243; _module_preset=&#8221;default&#8221; background_color=&#8221;#ffffff&#8221; use_background_color_gradient=&#8221;on&#8221; background_color_gradient_start=&#8221;rgba(218,228,232,0)&#8221; background_color_gradient_end=&#8221;#D6EBEF&#8221; background_color_gradient_direction=&#8221;1deg&#8221; background_enable_image=&#8221;off&#8221; background_size=&#8221;initial&#8221; background_position=&#8221;center_left&#8221; min_height=&#8221;464px&#8221; custom_margin=&#8221;|0px||0px|false|true&#8221; custom_padding=&#8221;7px||0px|||&#8221; da_disable_devices=&#8221;off|off|off&#8221; da_is_popup=&#8221;off&#8221; da_exit_intent=&#8221;off&#8221; da_has_close=&#8221;on&#8221; da_alt_close=&#8221;off&#8221; da_dark_close=&#8221;off&#8221; da_not_modal=&#8221;on&#8221; da_is_singular=&#8221;off&#8221; da_with_loader=&#8221;off&#8221; da_has_shadow=&#8221;on&#8221;][et_pb_row _builder_version=&#8221;4.6.1&#8243; _module_preset=&#8221;default&#8221; width=&#8221;100%&#8221; custom_padding=&#8221;27px|||||&#8221;][et_pb_column type=&#8221;4_4&#8243; _builder_version=&#8221;4.6.1&#8243; _module_preset=&#8221;default&#8221;][et_pb_text _builder_version=&#8221;4.6.1&#8243; _module_preset=&#8221;default&#8221; header_font=&#8221;Exo 2|600||on|||||&#8221; header_text_align=&#8221;left&#8221; header_text_color=&#8221;#575756&#8243; header_font_size=&#8221;37px&#8221; header_letter_spacing=&#8221;2px&#8221; header_line_height=&#8221;1.1em&#8221; custom_padding=&#8221;|||32px|false|false&#8221;]<\/p>\n<h1>faq<\/h1>\n<p>[\/et_pb_text][et_pb_text _builder_version=&#8221;4.6.1&#8243; _module_preset=&#8221;default&#8221; header_font=&#8221;Exo 2|600||on|||||&#8221; header_text_color=&#8221;#575756&#8243; header_font_size=&#8221;46px&#8221; header_3_font=&#8221;Exo 2|300||on|||||&#8221; header_3_text_align=&#8221;left&#8221; header_3_text_color=&#8221;#575756&#8243; header_3_font_size=&#8221;17px&#8221; header_3_letter_spacing=&#8221;2px&#8221; header_3_line_height=&#8221;1.4em&#8221; custom_padding=&#8221;|36px||36px|false|true&#8221;]<\/p>\n<h3>La seule th\u00e9rapie contre les vergetures dont l&#8217;efficacit\u00e9 et la s\u00e9curit\u00e9 ont \u00e9t\u00e9 valid\u00e9es par des <strong>\u00e9tudes universitaires<\/strong>.<\/h3>\n<p>[\/et_pb_text][et_pb_image src=&#8221;https:\/\/www.biodermogenesi.com\/be\/wp-content\/uploads\/sites\/20\/2022\/10\/vita-nuova-pelle.png&#8221; title_text=&#8221;vita-nuova-pelle&#8221; align=&#8221;center&#8221; force_fullwidth=&#8221;on&#8221; _builder_version=&#8221;4.6.1&#8243; _module_preset=&#8221;default&#8221;][\/et_pb_image][et_pb_button button_text=&#8221;R\u00c9SERVER UNE CONSULTATION GRATUITE&#8221; button_alignment=&#8221;center&#8221; _builder_version=&#8221;4.6.1&#8243; _module_preset=&#8221;default&#8221; custom_button=&#8221;on&#8221; button_font=&#8221;|600|||||||&#8221; custom_padding=&#8221;8px|46px|8px|46px|true|true&#8221; locked=&#8221;off&#8221; disabled_on=&#8221;on|on|on&#8221; disabled=&#8221;on&#8221;][\/et_pb_button][\/et_pb_column][\/et_pb_row][\/et_pb_section][et_pb_section fb_built=&#8221;1&#8243; admin_label=&#8221;Intestazione&#8221; _builder_version=&#8221;4.6.1&#8243; _module_preset=&#8221;default&#8221; background_color=&#8221;#ffffff&#8221; custom_margin=&#8221;|20px||20px|false|true&#8221; custom_padding=&#8221;7px||5px|||&#8221; da_disable_devices=&#8221;off|off|off&#8221; da_is_popup=&#8221;off&#8221; da_exit_intent=&#8221;off&#8221; da_has_close=&#8221;on&#8221; da_alt_close=&#8221;off&#8221; da_dark_close=&#8221;off&#8221; da_not_modal=&#8221;on&#8221; da_is_singular=&#8221;off&#8221; da_with_loader=&#8221;off&#8221; da_has_shadow=&#8221;on&#8221;][et_pb_row _builder_version=&#8221;4.6.1&#8243; _module_preset=&#8221;default&#8221;][et_pb_column type=&#8221;4_4&#8243; _builder_version=&#8221;4.6.1&#8243; _module_preset=&#8221;default&#8221;][et_pb_text _builder_version=&#8221;4.6.1&#8243; _module_preset=&#8221;default&#8221; header_font=&#8221;|||on|||||&#8221; header_text_align=&#8221;center&#8221; header_text_color=&#8221;#575756&#8243; header_font_size=&#8221;32px&#8221; custom_margin=&#8221;||15px|||&#8221;]<\/p>\n<h1>Frequently Asked Questions<\/h1>\n<p>[\/et_pb_text][et_pb_divider color=&#8221;#3088B3&#8243; divider_weight=&#8221;6px&#8221; _builder_version=&#8221;4.6.1&#8243; _module_preset=&#8221;default&#8221; width=&#8221;100px&#8221; module_alignment=&#8221;center&#8221; custom_margin=&#8221;||0px||false|false&#8221; custom_padding=&#8221;||0px||false|false&#8221;][\/et_pb_divider][\/et_pb_column][\/et_pb_row][et_pb_row use_custom_gutter=&#8221;on&#8221; _builder_version=&#8221;4.6.1&#8243; _module_preset=&#8221;default&#8221; width=&#8221;70%&#8221; width_tablet=&#8221;90%&#8221; width_phone=&#8221;90%&#8221; width_last_edited=&#8221;on|desktop&#8221; max_width=&#8221;70%&#8221; max_width_tablet=&#8221;90%&#8221; max_width_phone=&#8221;&#8221; max_width_last_edited=&#8221;on|tablet&#8221; custom_margin=&#8221;|auto|8px|auto|false|false&#8221; custom_padding=&#8221;||29px||false|false&#8221;][et_pb_column type=&#8221;4_4&#8243; _builder_version=&#8221;4.6.1&#8243; _module_preset=&#8221;default&#8221;][et_pb_accordion open_toggle_text_color=&#8221;#3088B3&#8243; icon_color=&#8221;#3088B3&#8243; _builder_version=&#8221;4.6.1&#8243; _module_preset=&#8221;default&#8221; toggle_font=&#8221;|700||on|||||&#8221; custom_margin=&#8221;||||false|false&#8221; custom_padding=&#8221;||||false|false&#8221; custom_css_toggle=&#8221;margin-bottom: 5px !important;&#8221;][et_pb_accordion_item title=&#8221;QUI A D\u00c9MONTR\u00c9 L&#8217;EFFICACIT\u00c9 DE BIODERMOGENESI\u00ae ?&#8221; open=&#8221;on&#8221; _builder_version=&#8221;4.6.1&#8243; _module_preset=&#8221;default&#8221;]<\/p>\n<p>L&#8217;efficacit\u00e9 du Biodermogenesi\u00ae est d\u00e9montr\u00e9e par des \u00e9tudes scientifiques men\u00e9es sur plus de 1 250 patients, dont certaines en collaboration avec les universit\u00e9s de Pise, Pavie et V\u00e9rone.<\/p>\n<p>[\/et_pb_accordion_item][et_pb_accordion_item title=&#8221;COMBIEN DE PATIENTS TRAIT\u00c9S DANS LES \u00c9TUDES SCIENTIFIQUES ONT EU UNE AM\u00c9LIORATION ?&#8221; _builder_version=&#8221;4.6.1&#8243; _module_preset=&#8221;default&#8221; open=&#8221;off&#8221;]<\/p>\n<p>Tous les patients trait\u00e9s ont montr\u00e9 une am\u00e9lioration, peu dans une mesure marginale, tandis que 83% se sont d\u00e9clar\u00e9s tr\u00e8s ou extr\u00eamement satisfaits.<\/p>\n<p>[\/et_pb_accordion_item][et_pb_accordion_item title=&#8221;QUELS SONT LES RISQUES ET LES EFFETS SECONDAIRES QUE VOUS POUVEZ AVOIR \u00c0 LA SUITE DU TRAITEMENT AVEC BIODERMOGENESI\u00ae ?&#8221; _builder_version=&#8221;4.6.1&#8243; _module_preset=&#8221;default&#8221; open=&#8221;off&#8221;]<\/p>\n<p>Toutes les \u00e9tudes scientifiques et la pratique quotidienne de centaines de m\u00e9decins qui utilisent le Biodermogenesi\u00ae en Italie et \u00e0 l&#8217;\u00e9tranger montrent qu&#8217;il n&#8217;existe aucun risque d&#8217;effets secondaires li\u00e9s aux traitements.<\/p>\n<p>[\/et_pb_accordion_item][et_pb_accordion_item title=&#8221;QUELLE EST L&#8217;EFFICACIT\u00c9 DU BIODERMOGENESI\u00ae DANS LE TRAITEMENT DES VERGETURES ?&#8221; _builder_version=&#8221;4.6.1&#8243; _module_preset=&#8221;default&#8221; open=&#8221;off&#8221;]<\/p>\n<p>Il a \u00e9t\u00e9 d\u00e9montr\u00e9 que le Biodermogenesi\u00ae est capable de r\u00e9g\u00e9n\u00e9rer les vergetures, quels que soient leur nature, leur date, leur emplacement et leur pertinence. Les vergetures se remplissent et bronzent comme la peau saine environnante.<\/p>\n<p>[\/et_pb_accordion_item][et_pb_accordion_item title=&#8221;EST-IL EFFICACE SUR LES VERGETURES BLANCHES ET ANCIENNES ?&#8221; _builder_version=&#8221;4.6.1&#8243; _module_preset=&#8221;default&#8221; open=&#8221;off&#8221;]<\/p>\n<p>Absolument oui, il faudra plus de s\u00e9ances que pour les vergetures rouges mais la r\u00e9g\u00e9n\u00e9ration est toujours obtenue m\u00eame sur des vergetures de plus de 30 ans.<\/p>\n<p>[\/et_pb_accordion_item][et_pb_accordion_item title=&#8221;DANS QUELLE MESURE LES VERGETURES TRAIT\u00c9ES AVEC LE BIODERMOGENESI\u00ae SE COMBLENT-ELLES ?&#8221; _builder_version=&#8221;4.6.1&#8243; _module_preset=&#8221;default&#8221; open=&#8221;off&#8221;]<\/p>\n<p>Une \u00e9tude de l&#8217;\u00e9cole de dermatologie de l&#8217;universit\u00e9 de Pise a montr\u00e9 que les vergetures blanches se remplissent en moyenne de 82 % gr\u00e2ce \u00e0 la multiplication de nouvelles fibres de collag\u00e8ne et d&#8217;\u00e9lasticit\u00e9.<\/p>\n<p>[\/et_pb_accordion_item][et_pb_accordion_item title=&#8221;POURQUOI LES VERGETURES TRAIT\u00c9ES AVEC BIODERMOGENESI\u00ae BRONZENT-ELLES ?&#8221; _builder_version=&#8221;4.6.1&#8243; _module_preset=&#8221;default&#8221; open=&#8221;off&#8221;]<\/p>\n<p>Les dizaines de biopsies r\u00e9alis\u00e9es \u00e0 l&#8217;appui de Biodermogenesi\u00ae montrent que les couches de la peau sont r\u00e9organis\u00e9es et que, dans le cadre de cette restructuration, l&#8217;activit\u00e9 correcte des m\u00e9lanocytes est r\u00e9cup\u00e9r\u00e9e ; l&#8217;exposition au soleil favorise la production de m\u00e9lanine permettant le bronzage. Biodermogenesi\u00ae est la seule th\u00e9rapie pour les vergetures qui a produit des biopsies qui d\u00e9montrent la pr\u00e9sence de m\u00e9lanocytes.<\/p>\n<p>[\/et_pb_accordion_item][et_pb_accordion_item title=&#8221;COMMENT LES VERGETURES BRONZENT-ELLES ?&#8221; _builder_version=&#8221;4.6.1&#8243; _module_preset=&#8221;default&#8221; open=&#8221;off&#8221;]<\/p>\n<p>Les vergetures trait\u00e9es avec Biodermogenesi\u00ae r\u00e9agissent \u00e0 l&#8217;exposition aux ultraviolets, naturels ou artificiels, avec la production de m\u00e9lanine qui provoque le bronzage des vergetures. Apr\u00e8s les traitements de Biodermogenesi\u00ae, les vergetures sont comme la peau d&#8217;un b\u00e9b\u00e9 lors de la premi\u00e8re exposition au soleil, elle a donc besoin d&#8217;une protection ad\u00e9quate et r\u00e9agira plus lentement que les tissus environnants. Apr\u00e8s la perte du premier bronzage et lors des expositions suivantes, les vergetures vont bronzer de la m\u00eame fa\u00e7on que la peau adjacente. \u00c0 partir de ce moment, la peau saine et la vergeture auront une couleur similaire.<\/p>\n<p>[\/et_pb_accordion_item][et_pb_accordion_item title=&#8221;COMBIEN DE S\u00c9ANCES SONT N\u00c9CESSAIRES POUR LE TRAITEMENT DES VERGETURES ET \u00c0 QUELLE FR\u00c9QUENCE DOIVENT-ELLES \u00caTRE EFFECTU\u00c9ES ?&#8221; _builder_version=&#8221;4.6.1&#8243; _module_preset=&#8221;default&#8221; open=&#8221;off&#8221;]<\/p>\n<p>Pour la r\u00e9g\u00e9n\u00e9ration des vergetures, 6 \u00e0 9 s\u00e9ances sont n\u00e9cessaires, rarement 12 pour les vergetures complexes ou sur lesquelles d&#8217;autres th\u00e9rapies que le Biodermogenesi\u00ae ont \u00e9t\u00e9 faites auparavant. Les traitements sont effectu\u00e9s une ou deux fois par semaine, avec un intervalle minimum de 48 heures.<\/p>\n<p>[\/et_pb_accordion_item][et_pb_accordion_item title=&#8221;LE BIODERMOGENESI\u00ae FONCTIONNE-T-IL SUR TOUS LES TYPES DE CICATRICES ET DE CH\u00c9LO\u00cfDES ?&#8221; _builder_version=&#8221;4.6.1&#8243; _module_preset=&#8221;default&#8221; open=&#8221;off&#8221;]<\/p>\n<p>La th\u00e9rapie permet d&#8217;obtenir des r\u00e9sultats esth\u00e9tiques importants sur les cicatrices hypotrophiques et hypertrophiques et sur les ch\u00e9lo\u00efdes non s\u00e9v\u00e8res. Les r\u00e9sultats sont obtenus quelle qu&#8217;en soit la cause, qui peut \u00eatre due aux s\u00e9quelles physiques d&#8217;une intervention chirurgicale, aux abrasions, aux s\u00e9quelles de l&#8217;acn\u00e9, aux traumatismes, aux br\u00fblures et aux br\u00fblures chimiques.<\/p>\n<p>[\/et_pb_accordion_item][et_pb_accordion_item title=&#8221;QUELS R\u00c9SULTATS ESTH\u00c9TIQUES PEUT-ON OBTENIR DANS LE TRAITEMENT DES CICATRICES ?&#8221; _builder_version=&#8221;4.6.1&#8243; _module_preset=&#8221;default&#8221; open=&#8221;off&#8221;]<\/p>\n<p>Apr\u00e8s les th\u00e9rapies avec Biodermogenesi\u00ae, les cicatrices tendent \u00e0 s&#8217;\u00e9galiser avec la peau saine environnante, \u00e0 retrouver \u00e9lasticit\u00e9 et hydratation, et \u00e0 att\u00e9nuer la diff\u00e9rence chromatique.<\/p>\n<p>[\/et_pb_accordion_item][et_pb_accordion_item title=&#8221;EST-CE QUE \u00c7A MARCHE SUR LES CICATRICES D&#8217;ACN\u00c9 ?&#8221; _builder_version=&#8221;4.6.1&#8243; _module_preset=&#8221;default&#8221; open=&#8221;off&#8221;]<\/p>\n<p>Le Biodermogenesi\u00ae permet \u00e9galement la r\u00e9g\u00e9n\u00e9ration des cicatrices d&#8217;acn\u00e9, tant sur le visage que sur le dos et sur d&#8217;autres parties du corps.<\/p>\n<p>[\/et_pb_accordion_item][et_pb_accordion_item title=&#8221;LE BIODERMOGENESI\u00ae AGIT-IL SUR LES CICATRICES \u00c9GALEMENT DU POINT DE VUE STRUCTUREL ?&#8221; _builder_version=&#8221;4.6.1&#8243; _module_preset=&#8221;default&#8221; open=&#8221;off&#8221;]<\/p>\n<p>Des \u00e9tudes ont montr\u00e9 que le Biodermogenesi\u00ae peut aider \u00e0 r\u00e9cup\u00e9rer une meilleure mobilit\u00e9 et extension dans le cas de cicatrices r\u00e9tractiles, tandis que sur les cicatrices caract\u00e9ris\u00e9es par une fibrose importante et une douleur cons\u00e9quente, il permet une r\u00e9duction de la fibrose avec une att\u00e9nuation de la douleur.<\/p>\n<p>[\/et_pb_accordion_item][et_pb_accordion_item title=&#8221;COMBIEN DE S\u00c9ANCES FAUT-IL POUR LE TRAITEMENT DES CICATRICES ?&#8221; _builder_version=&#8221;4.6.1&#8243; _module_preset=&#8221;default&#8221; open=&#8221;off&#8221;]<\/p>\n<p>Chaque cicatrice est unique dans ses caract\u00e9ristiques ; il est donc difficile de pr\u00e9voir un programme de traitement pr\u00e9cis. L&#8217;exp\u00e9rience acquise a montr\u00e9 que tous les patients trait\u00e9s ont eu une am\u00e9lioration esth\u00e9tique et fonctionnelle des cicatrices gr\u00e2ce \u00e0 un programme de traitement qui peut varier de 4 \u00e0 10 s\u00e9ances. Dans tous les cas, pour le traitement des cicatrices, le m\u00e9decin \u00e9valuera le parcours th\u00e9rapeutique sur la base de la visite initiale des ant\u00e9c\u00e9dents m\u00e9dicaux et du r\u00e9sultat de la premi\u00e8re s\u00e9ance.<\/p>\n<p>[\/et_pb_accordion_item][et_pb_accordion_item title=&#8221;QUELS R\u00c9SULTATS OBTENEZ-VOUS AVEC LE TRAITEMENT ANTI-\u00c2GE BIODERMOGENESI\u00ae ?&#8221; _builder_version=&#8221;4.6.1&#8243; _module_preset=&#8221;default&#8221; open=&#8221;off&#8221;]<\/p>\n<p>Dans ce cas \u00e9galement, on obtient une v\u00e9ritable r\u00e9g\u00e9n\u00e9ration de la peau, les rides sont att\u00e9nu\u00e9es, la peau est hydrat\u00e9e et devient plus \u00e9clatante et repulp\u00e9e, les traits sont lift\u00e9s.<\/p>\n<p>[\/et_pb_accordion_item][et_pb_accordion_item title=&#8221;Y A-T-IL DES LIMITES D&#8217;\u00c2GE POUR LES TRAITEMENTS ?&#8221; _builder_version=&#8221;4.6.1&#8243; _module_preset=&#8221;default&#8221; open=&#8221;off&#8221;]<\/p>\n<p>Non, l&#8217;am\u00e9lioration de la peau et l&#8217;att\u00e9nuation des rides ont \u00e9galement \u00e9t\u00e9 obtenues chez des patients de plus de quatre-vingts ans.<\/p>\n<p>[\/et_pb_accordion_item][et_pb_accordion_item title=&#8221;EST-CE QUE \u00c7A MARCHE AUSSI SUR LE COU ?&#8221; _builder_version=&#8221;4.6.1&#8243; _module_preset=&#8221;default&#8221; open=&#8221;off&#8221;]<\/p>\n<p>Absolument oui, le cou devient plus compact et plus ferme, et les rides sont r\u00e9duites.<\/p>\n<p>[\/et_pb_accordion_item][et_pb_accordion_item title=&#8221;ARE THERE CLINICAL STUDIES THAT SHOW THE EFFECTIVENESS OF BIODERMOGENESI\u00ae IN ANTI-AGING TREATMENT?&#8221; _builder_version=&#8221;4.6.1&#8243; _module_preset=&#8221;default&#8221; open=&#8221;off&#8221;]<\/p>\n<p>Une \u00e9tude men\u00e9e sur 217 patients \u00e2g\u00e9s de 40 \u00e0 81 ans, femmes et hommes, a d\u00e9montr\u00e9 une importante am\u00e9lioration esth\u00e9tique de la peau des patients. De plus, les patients ont affirm\u00e9 \u00eatre extr\u00eamement satisfaits des r\u00e9sultats obtenus. L&#8217;analyse instrumentale a montr\u00e9 une augmentation de 35% de l&#8217;hydratation de la peau et une normalisation du s\u00e9bum et du pH.<\/p>\n<p>[\/et_pb_accordion_item][et_pb_accordion_item title=&#8221;COMBIEN DE S\u00c9ANCES FAUT-IL POUR UN TRAITEMENT ANTI-\u00c2GE SUR LE VISAGE ET LE COU ?&#8221; _builder_version=&#8221;4.6.1&#8243; _module_preset=&#8221;default&#8221; open=&#8221;off&#8221;]<\/p>\n<p>Entre 4 et 6 s\u00e9ances sont n\u00e9cessaires pour obtenir une action rajeunissante importante sur la peau du visage et du cou. Les s\u00e9ances sont \u00e0 prendre \u00e0 une semaine d&#8217;intervalle.<\/p>\n<p>[\/et_pb_accordion_item][\/et_pb_accordion][\/et_pb_column][\/et_pb_row][\/et_pb_section][et_pb_section fb_built=&#8221;1&#8243; admin_label=&#8221;footer eng&#8221; _builder_version=&#8221;4.4.1&#8243; background_color=&#8221;#3088b3&#8243; custom_padding=&#8221;0px||0px|||&#8221; da_disable_devices=&#8221;off|off|off&#8221; global_module=&#8221;80&#8243; locked=&#8221;off&#8221; da_is_popup=&#8221;off&#8221; da_exit_intent=&#8221;off&#8221; da_has_close=&#8221;on&#8221; da_alt_close=&#8221;off&#8221; da_dark_close=&#8221;off&#8221; da_not_modal=&#8221;on&#8221; da_is_singular=&#8221;off&#8221; da_with_loader=&#8221;off&#8221; da_has_shadow=&#8221;on&#8221;][et_pb_row column_structure=&#8221;1_4,1_4,1_4,1_4&#8243; _builder_version=&#8221;4.0.6&#8243; locked=&#8221;off&#8221;][et_pb_column type=&#8221;1_4&#8243; _builder_version=&#8221;4.0.6&#8243;][et_pb_image src=&#8221;https:\/\/www2.biodermogenesi.com\/uk\/wp-content\/uploads\/sites\/20\/2020\/06\/logo.png&#8221; _builder_version=&#8221;4.0.6&#8243;][\/et_pb_image][et_pb_text _builder_version=&#8221;4.6.1&#8243; text_font=&#8221;|700|||||||&#8221; text_text_color=&#8221;#ffffff&#8221; text_font_size=&#8221;10px&#8221; link_font=&#8221;||||||||&#8221; link_text_color=&#8221;#ffffff&#8221;]<\/p>\n<p><a href=\"https:\/\/www.biodermogenesi.com\/be\/legal-information\/\">INFORMATIONS JURIDIQUES IMPORTANTES<\/a><br \/><a href=\"https:\/\/www.biodermogenesi.com\/be\/privacy-policy\/\">POLITIQUE DE CONFIDENTIALIT\u00c9<\/a><\/p>\n<p>[\/et_pb_text][\/et_pb_column][et_pb_column type=&#8221;1_4&#8243; _builder_version=&#8221;4.0.6&#8243;][et_pb_text _builder_version=&#8221;4.6.1&#8243; text_text_color=&#8221;#ffffff&#8221; text_line_height=&#8221;1.3em&#8221; header_6_text_color=&#8221;#83bdd9&#8243; header_6_font_size=&#8221;16px&#8221;]<\/p>\n<h6>info<\/h6>\n<p><strong>BIODERMOGENESI\u00ae<\/strong> est une marque d\u00e9pos\u00e9e ou une propri\u00e9t\u00e9 d&#8217;<strong>EXPO ITALIA s.r.l.<\/strong><\/p>\n<p>Florence (ITALIE)<\/p>\n<p>[\/et_pb_text][\/et_pb_column][et_pb_column type=&#8221;1_4&#8243; _builder_version=&#8221;4.0.6&#8243;][et_pb_text _builder_version=&#8221;4.6.1&#8243; text_text_color=&#8221;#ffffff&#8221; header_6_text_color=&#8221;#83bdd9&#8243; header_6_font_size=&#8221;16px&#8221; custom_margin=&#8221;||17px|||&#8221;]<\/p>\n<h6>Contacts<\/h6>\n<p>E-mail infobe@biodermogenesi.com<\/p>\n<p>TVA 04697040485<\/p>\n<p>[\/et_pb_text][et_pb_image src=&#8221;https:\/\/www2.biodermogenesi.com\/uk\/wp-content\/uploads\/sites\/20\/2020\/06\/88&#215;31.png&#8221; _builder_version=&#8221;4.0.6&#8243;][\/et_pb_image][\/et_pb_column][et_pb_column type=&#8221;1_4&#8243; _builder_version=&#8221;4.0.6&#8243;][et_pb_text _builder_version=&#8221;4.6.1&#8243; text_text_color=&#8221;#ffffff&#8221; header_6_text_color=&#8221;#83bdd9&#8243; header_6_font_size=&#8221;16px&#8221; custom_margin=&#8221;||17px|||&#8221;]<\/p>\n<h6>Suivez-nous<\/h6>\n<p>[\/et_pb_text][et_pb_text _builder_version=&#8221;4.6.1&#8243; text_text_color=&#8221;#ffffff&#8221;]<\/p>\n<div><a href=\"https:\/\/www.facebook.com\/Biodermogenesi-United-Kingdom-104182014404976\" target=\"_blank\" rel=\"noopener noreferrer\"><img loading=\"lazy\" decoding=\"async\" style=\"margin: 5px;\" src=\"https:\/\/www2.biodermogenesi.com\/wp-content\/uploads\/2020\/06\/social-facebook.png\" alt=\"Facebook\" width=\"30\" height=\"30\" \/><\/a><a href=\"https:\/\/www.youtube.com\/channel\/UCFSORtLN0rT3Wh17jYS0lhQ\" target=\"_blank\" rel=\"noopener noreferrer\"><img loading=\"lazy\" decoding=\"async\" style=\"margin: 5px;\" src=\"https:\/\/www2.biodermogenesi.com\/wp-content\/uploads\/2020\/06\/youtube-social.png\" alt=\"Facebook\" width=\"30\" height=\"30\" \/><\/a><a href=\"https:\/\/www.instagram.com\/biodermogenesiofficial\/?hl=it\" target=\"_blank\" rel=\"noopener noreferrer\"><img loading=\"lazy\" decoding=\"async\" style=\"margin: 5px;\" src=\"https:\/\/www2.biodermogenesi.com\/wp-content\/uploads\/2020\/06\/social-instagram.png\" alt=\"Youtube\" width=\"30\" height=\"30\" \/><\/a><\/div>\n<p>[\/et_pb_text][\/et_pb_column][\/et_pb_row][\/et_pb_section]<\/p>\n","protected":false},"excerpt":{"rendered":"<p>FAqLa seule th\u00e9rapie contre les vergetures dont l&#8217;efficacit\u00e9 et la s\u00e9curit\u00e9 ont \u00e9t\u00e9 valid\u00e9es par des \u00e9tudes universitaires.faqLa seule th\u00e9rapie contre les vergetures dont l&#8217;efficacit\u00e9 et la s\u00e9curit\u00e9 ont \u00e9t\u00e9 valid\u00e9es par des \u00e9tudes universitaires.Frequently Asked QuestionsL&#8217;efficacit\u00e9 du Biodermogenesi\u00ae est d\u00e9montr\u00e9e par des \u00e9tudes scientifiques men\u00e9es sur plus de 1 250 patients, dont certaines en [&hellip;]<\/p>\n","protected":false},"author":1,"featured_media":0,"parent":0,"menu_order":0,"comment_status":"closed","ping_status":"closed","template":"","meta":{"_et_pb_use_builder":"on","_et_pb_old_content":"","_et_gb_content_width":"","footnotes":""},"class_list":["post-14651","page","type-page","status-publish","hentry"],"_links":{"self":[{"href":"https:\/\/www.biodermogenesi.com\/be\/wp-json\/wp\/v2\/pages\/14651","targetHints":{"allow":["GET"]}}],"collection":[{"href":"https:\/\/www.biodermogenesi.com\/be\/wp-json\/wp\/v2\/pages"}],"about":[{"href":"https:\/\/www.biodermogenesi.com\/be\/wp-json\/wp\/v2\/types\/page"}],"author":[{"embeddable":true,"href":"https:\/\/www.biodermogenesi.com\/be\/wp-json\/wp\/v2\/users\/1"}],"replies":[{"embeddable":true,"href":"https:\/\/www.biodermogenesi.com\/be\/wp-json\/wp\/v2\/comments?post=14651"}],"version-history":[{"count":10,"href":"https:\/\/www.biodermogenesi.com\/be\/wp-json\/wp\/v2\/pages\/14651\/revisions"}],"predecessor-version":[{"id":14954,"href":"https:\/\/www.biodermogenesi.com\/be\/wp-json\/wp\/v2\/pages\/14651\/revisions\/14954"}],"wp:attachment":[{"href":"https:\/\/www.biodermogenesi.com\/be\/wp-json\/wp\/v2\/media?parent=14651"}],"curies":[{"name":"wp","href":"https:\/\/api.w.org\/{rel}","templated":true}]}}